{"id":95,"date":"2017-04-06T14:29:19","date_gmt":"2017-04-06T14:29:19","guid":{"rendered":"https:\/\/firmalan.com\/sv\/?page_id=95"},"modified":"2025-02-14T09:59:51","modified_gmt":"2025-02-14T08:59:51","slug":"firmabil","status":"publish","type":"page","link":"https:\/\/firmalan.com\/sv\/finansieringsformer\/firmabil\/","title":{"rendered":"Firmabil &#8211; leasing eller bill\u00e5n"},"content":{"rendered":"<p>Resor och transport \u00e4r naturliga delar i m\u00e5nga verksamheter, men behovet av firmabil ser v\u00e4ldigt olika ut beroende p\u00e5 inom vilken bransch man befinner sig. F\u00f6r transportbolag utg\u00f6r firmabilen sj\u00e4lva k\u00e4rnan medan sm\u00e5bolag inom andra branscher kanske endast beh\u00f6ver en f\u00f6retagsbil vid n\u00e5gra speciella tillf\u00e4llen. De flesta st\u00f6rre f\u00f6retag anv\u00e4nder firmabilar i den dagliga verksamheten och tj\u00e4nstebilar \u00e4r en vanlig personalf\u00f6rm\u00e5n.<\/p>\n<h3>K\u00f6pa f\u00f6retagsbil<\/h3>\n<p>Om tillr\u00e4ckligt kapital finns tillg\u00e4ngligt inom bolaget blir det oftast billigast att k\u00f6pa f\u00f6retagsbilen kontant, d\u00e5 slipper du betala r\u00e4nta och eventuella uppl\u00e4ggningsavgifter. Nackdelen \u00e4r att likvida tillg\u00e5ngar som potentiellt skulle kunna anv\u00e4ndas till annat binds upp i fordonet, t\u00e4nk \u00e4ven p\u00e5 att v\u00e4rdeminskningen f\u00f6r nya bilar \u00e4r kraftig speciellt under de f\u00f6rsta \u00e5ren, f\u00f6r att begr\u00e4nsa v\u00e4rdeminskningen b\u00f6r du \u00f6verv\u00e4ga att investera i en begagnad f\u00f6retagsbil ist\u00e4llet.<\/p>\n<p>Det finns i huvudsak tv\u00e5 finansieringsalternativ f\u00f6r bilar som anv\u00e4nds av f\u00f6retag; bill\u00e5n eller leasing.<\/p>\n<h3>Bill\u00e5n till f\u00f6retag<\/h3>\n<p>Att l\u00e5na pengar till bil som skall anv\u00e4ndas inom f\u00f6retag, fungerar i stort p\u00e5 samma vis som om du k\u00f6per ett fordon privat. Fast med den skillnad att firmabilar inte alltid kan anv\u00e4ndas som s\u00e4kerhet vid k\u00f6p.<\/p>\n<p>Det \u00e4r sv\u00e5rare f\u00f6r sm\u00e5f\u00f6retag att f\u00e5 bill\u00e5n \u00e4n st\u00f6rre bolag och generellt kr\u00e4vs borgen f\u00f6r att f\u00e5 l\u00e5na. I de flesta fallen \u00e4r f\u00f6retagare h\u00e4nvisade till att s\u00f6ka f\u00f6retagsl\u00e5n utan s\u00e4kerhet, vilket inneb\u00e4r att r\u00e4ntan och villkoren inte \u00e4r lika f\u00f6rm\u00e5nliga som om fordonet betraktats som s\u00e4kerhet.<\/p>\n<h3>F\u00f6retagsleasing<\/h3>\n<p>M\u00e5nga f\u00f6retag v\u00e4ljer att hyra fordon genom ett leasingf\u00f6retag. F\u00f6rdelen med detta uppl\u00e4gg \u00e4r att man slipper ta l\u00e5n och samtidigt f\u00e5r en modernare bil till en \u00f6verkomlig m\u00e5nadskostnad. Nackdelen \u00e4r att bolaget inte \u00e4ger fordonet och det d\u00e4rmed inte kan r\u00e4knas som en tillg\u00e5ng.<\/p>\n<p><a href=\"https:\/\/firmalan.com\/sv\/sa-fungerar-foretagsleasing\/\"><strong>F\u00f6retagsleasing<\/strong><\/a> kan vara ett l\u00e4mpligt uppl\u00e4gg f\u00f6r en mindre firma som beh\u00f6ver en bil men \u00e4nnu inte kommit ig\u00e5ng p\u00e5 allvar. K\u00f6r man v\u00e4ldigt mycket i tj\u00e4nsten \u00e4r billeasing s\u00e4llan ett bra alternativ, d\u00e5 kostnaderna snabbt riskerar att springa iv\u00e4g.<\/p>\n<h2 data-start=\"2208\" data-end=\"2235\">Bilf\u00f6rs\u00e4kring f\u00f6retag<\/h2>\n<p data-start=\"2236\" data-end=\"2757\">Oavsett om du v\u00e4ljer att k\u00f6pa eller leasa en f\u00f6retagsbil \u00e4r det viktigt att ha en bra f\u00f6rs\u00e4kring som skyddar b\u00e5de bilen och f\u00f6raren. Med <a href=\"https:\/\/www.watercircles.se\/forsakringar\/bilforsakring-for-foretag\/\" target=\"_new\" rel=\"noopener\" data-start=\"2373\" data-end=\"2425\"><strong>bilf\u00f6rs\u00e4kring f\u00f6retag<\/strong><\/a> fr\u00e5n WaterCircles f\u00e5r du ekonomisk ers\u00e4ttning vid olyckor eller skador p\u00e5 fordonet, samt skydd f\u00f6r f\u00f6rare och medpassagerare. F\u00f6rs\u00e4kringen kan \u00e4ven t\u00e4cka medicinska kostnader vid en eventuell olycka. Dessutom kan du v\u00e4lja att ut\u00f6ka skyddet med till\u00e4ggsf\u00f6rs\u00e4kringar och f\u00e5 ers\u00e4ttning vid maskinskada upp till 15 000 mil eller 10 \u00e5r.<\/p>\n\n\n<div style='display:none'>Adservice Comparison Feed: Could not find feed with ID \"firma001\"<\/div>\n<script>console.log('Adservice Comparison Feed: Could not find feed with ID \"firma001\"');<\/script>\n","protected":false},"excerpt":{"rendered":"<p>Resor och transport \u00e4r naturliga delar i m\u00e5nga verksamheter, men behovet av firmabil ser v\u00e4ldigt olika ut beroende p\u00e5 inom vilken bransch man befinner sig. F\u00f6r transportbolag utg\u00f6r firmabilen sj\u00e4lva &#8230;<\/p>\n","protected":false},"author":1,"featured_media":0,"parent":75,"menu_order":0,"comment_status":"open","ping_status":"closed","template":"","meta":{"footnotes":""},"class_list":["post-95","page","type-page","status-publish","hentry"],"_links":{"self":[{"href":"https:\/\/firmalan.com\/sv\/wp-json\/wp\/v2\/pages\/95","targetHints":{"allow":["GET"]}}],"collection":[{"href":"https:\/\/firmalan.com\/sv\/wp-json\/wp\/v2\/pages"}],"about":[{"href":"https:\/\/firmalan.com\/sv\/wp-json\/wp\/v2\/types\/page"}],"author":[{"embeddable":true,"href":"https:\/\/firmalan.com\/sv\/wp-json\/wp\/v2\/users\/1"}],"replies":[{"embeddable":true,"href":"https:\/\/firmalan.com\/sv\/wp-json\/wp\/v2\/comments?post=95"}],"version-history":[{"count":7,"href":"https:\/\/firmalan.com\/sv\/wp-json\/wp\/v2\/pages\/95\/revisions"}],"predecessor-version":[{"id":2455,"href":"https:\/\/firmalan.com\/sv\/wp-json\/wp\/v2\/pages\/95\/revisions\/2455"}],"up":[{"embeddable":true,"href":"https:\/\/firmalan.com\/sv\/wp-json\/wp\/v2\/pages\/75"}],"wp:attachment":[{"href":"https:\/\/firmalan.com\/sv\/wp-json\/wp\/v2\/media?parent=95"}],"curies":[{"name":"wp","href":"https:\/\/api.w.org\/{rel}","templated":true}]}}