{"id":925,"date":"2018-12-03T00:00:00","date_gmt":"2018-12-02T23:00:00","guid":{"rendered":"https:\/\/firmalan.com\/sv\/?page_id=925"},"modified":"2019-12-05T10:32:13","modified_gmt":"2019-12-05T09:32:13","slug":"fedelta","status":"publish","type":"page","link":"https:\/\/firmalan.com\/sv\/lana-pengar\/fedelta\/","title":{"rendered":"Fedelta Finance"},"content":{"rendered":"<div class=\"section-content\">\n<div class=\"row\">\n<div class=\"feature-item col-lg-6 col-sm-6 wow slideInUp\">\n<div class=\"feature-media\"><img decoding=\"async\" src=\"https:\/\/firmalan.com\/sv\/wp-content\/uploads\/2018\/12\/fedelta-logo.jpg\" \/><\/div>\n<\/div>\n<div class=\"feature-item col-lg-6 col-sm-6 wow slideInUp\">\n<p>Fedelta \u00e4r ett nylanserat f\u00f6retagsl\u00e5n 2018 med m\u00e5ls\u00e4ttning att erbjuda en flexibel och trygg l\u00e5neprodukt f\u00f6r registrerade verksamheter oavsett bolagsform. Ans\u00f6kan sker enkelt p\u00e5 n\u00e4tet och hanteringen sker i regel skyndsamt d\u00e5 Fedelta f\u00f6retagsl\u00e5n anv\u00e4nder ett helt automatiserat system f\u00f6r kreditbed\u00f6mning. M\u00e5ls\u00e4ttningen \u00e4r alltid att utbetalning skall kunna ske s\u00e5 snabbt som m\u00f6jligt, vilket vanligtvis inneb\u00e4r 1-2 dagars v\u00e4ntan, dock kan det ibland ta l\u00e4ngre tid beroende p\u00e5 vilken bank som anv\u00e4nds samt om ans\u00f6kan sker i anslutning till en helg.<\/p>\n<p><span style=\"color: #f4f4f4;\"><strong><a class=\"btn btn-theme-primary btn-lg\" style=\"color: #f4f4f4;\" title=\"\u27a4 Fedelta f\u00f6retag - flexibla l\u00e5n\" href=\"https:\/\/firmalan.com\/sv\/go\/fedelta\/\" target=\"_blank\" rel=\"nofollow noopener noreferrer\">\u27a4 Ans\u00f6k om Fedelta F\u00f6retagsl\u00e5n<\/a><\/strong><\/span><\/p>\n<\/div>\n<p>I samband med ans\u00f6kan kontrollerar och bed\u00f6mer Fedelta f\u00f6retagets finansiella status samt i vissa fall \u00e4ven f\u00f6retr\u00e4darnas ekonomi, detta g\u00f6r man bland annat med hj\u00e4lp av Creditsafe kreditupplysning. Enstaka betalningsanm\u00e4rkningar beh\u00f6ver inte n\u00f6dv\u00e4ndigtvis utg\u00f6ra ett hinder f\u00f6r att f\u00e5 l\u00e5n, Fedelta utg\u00e5r fr\u00e5n helhetsbilden n\u00e4r de fattar l\u00e5nebeslut.<\/p>\n<p>Genom att uppr\u00e4tta en l\u00e5neans\u00f6kan f\u00f6rbinder du\/ditt f\u00f6retag inte f\u00f6r att sluta avtal och det kostar inte heller n\u00e5got att enbart s\u00f6ka l\u00e5n. Fedelta F\u00f6retagsl\u00e5n \u00e5terbetalas \u00f6ver 6,12,24,36 m\u00e5nader och det tillkommer d\u00e5 en fast m\u00e5nadsavgift p\u00e5 fr\u00e5n 600Kr\/m\u00e5n f\u00f6r l\u00e4gsta m\u00f6jliga l\u00e5nebelopp 25.000 kr samt upp till 12 800 kr\/m\u00e5n f\u00f6r h\u00f6gsta m\u00f6jliga l\u00e5nebelopp 1 000 000 kr. Dock f\u00f6rbeh\u00e5ller sig Fedelta r\u00e4tten att, med omedelbar verkan, f\u00f6r\u00e4ndra m\u00e5nadsavgiften, men dessa f\u00f6r\u00e4ndringar m\u00e5ste meddelas kredittagaren minst tv\u00e5 (2) m\u00e5nader innan f\u00f6r\u00e4ndringens tr\u00e4der i kraft. Fakturor skickas ut m\u00e5nadsvis och senast sju (7) dagar innan f\u00f6rfallodagen, v\u00e4lj e-faktura f\u00f6r att undvika den on\u00f6diga avgiften p\u00e5 50 kr\/pappersfaktura och hj\u00e4lpa milj\u00f6arbetet p\u00e5 traven.<\/p>\n<\/div>\n<\/div>\n<div class=\"section-color\">\n<div class=\"row\">\n<div class=\"feature-item col-lg-6 col-sm-6 wow slideInUp\">\n<p class=\"kapitel\">Fedelta F\u00f6retagsl\u00e5n<\/p>\n<ul id=\"navlist\">\n<li>Belopp: 25.000 &#8211; 1.000.000 kr<\/li>\n<li>L\u00f6ptid: 6-36 m\u00e5nader<\/li>\n<li>R\u00e4ntesats: Ett fast f\u00f6rr\u00e4ttningsarvode<\/li>\n<\/ul>\n<\/div>\n<div class=\"feature-item col-lg-6 col-sm-6 wow slideInUp\">\n<p class=\"kapitel\">Ans\u00f6kan<\/p>\n<ul id=\"navlist\">\n<li>Ans\u00f6k p\u00e5 webben med BankID<\/li>\n<li>Transparent l\u00e5neerbjudande utan dolda avgifter<\/li>\n<li>Utbetalning sker normalt inom tv\u00e5 dagar<\/li>\n<\/ul>\n<\/div>\n<\/div>\n<\/div>\n<p><span style=\"color: #00529c; font-size: 16pt;\">Villkor:<\/span><\/p>\n<table>\n<tbody>\n<tr>\n<td bgcolor=\"#000\"><span style=\"color: #ffffff;\">R\u00e4nta<\/span><\/td>\n<td>Endast fast f\u00f6rr\u00e4ttningsarvode<\/td>\n<\/tr>\n<tr>\n<td bgcolor=\"#000\"><span style=\"color: #ffffff;\">F\u00f6rr\u00e4ttningsarvode<\/span><\/td>\n<td>3600-282.600 kr.<\/td>\n<\/tr>\n<tr>\n<td bgcolor=\"#000\"><span style=\"color: #ffffff;\">Borgens\u00e5tagande<\/span><\/td>\n<td>L\u00e5n upp till 200.000 kr kr\u00e4ver en personlig borgen<br \/>\nL\u00e5n p\u00e5 200.001 kr eller mer kr\u00e4ver tv\u00e5 borgen\u00e4rer.\n<\/td>\n<\/tr>\n<tr>\n<td bgcolor=\"#000\"><span style=\"color: #ffffff;\">F\u00f6rtidsinl\u00f6sen<\/span><\/td>\n<td>Vill du \u00e5terbetala l\u00e5net i f\u00f6rtid kan du g\u00f6ra det.<\/td>\n<\/tr>\n<tr>\n<td bgcolor=\"#000\"><span style=\"color: #ffffff;\">Betalningsanm\u00e4rkning<\/span><\/td>\n<td>Enstaka betalningsanm\u00e4rkningar kan f\u00f6rekomma utan avslag.<\/td>\n<\/tr>\n<\/tbody>\n<\/table>\n<p><span style=\"color: #00529c; font-size: 16pt;\">Krav p\u00e5 f\u00f6retag som s\u00f6ker:<\/span><\/p>\n<table>\n<tbody>\n<tr>\n<td bgcolor=\"#000\"><span style=\"color: #ffffff;\">Oms\u00e4ttning<\/span><\/td>\n<td>Inget uttalat krav p\u00e5 bokslut.<\/td>\n<\/tr>\n<tr>\n<td bgcolor=\"#000\"><span style=\"color: #ffffff;\">Historik<\/span><\/td>\n<td>B\u00e5de nystartade och etablerade bolag kan s\u00f6ka.<\/td>\n<\/tr>\n<tr>\n<td bgcolor=\"#000\"><span style=\"color: #ffffff;\">\u00c4garskap<\/span><\/td>\n<td>Ans\u00f6kan kan endast uppr\u00e4ttas av VD eller annan firmatecknare.<\/td>\n<\/tr>\n<tr>\n<td bgcolor=\"#000\"><span style=\"color: #ffffff;\">F\u00f6retagsadress<\/span><\/td>\n<td>Verksamheten \u00e4r registrerad hos bolagsverket i Sverige.<\/td>\n<\/tr>\n<\/tbody>\n<\/table>\n<p><span style=\"color: #00529c; font-size: 16pt;\">F\u00f6ljande information\/dokumentation beh\u00f6vs:<\/span><\/p>\n<ul>\n<li>Tillg\u00e5ng till personligt BankID<\/li>\n<li>Du skall ha namnteckningsr\u00e4tt i f\u00f6retaget ensam eller tillsammans annan person<\/li>\n<li>F\u00f6retagets faktureringsuppgifter samt bankgironummer<\/li>\n<li>Namn p\u00e5 och e-postadresser till ansvariga personer och eventuella borgensm\u00e4n.<\/li>\n<li>Samtliga borgensm\u00e4n beh\u00f6ver logga in och godk\u00e4nna villkoren f\u00f6r l\u00e5net och borgensansvaret.<\/li>\n<\/ul>\n<hr \/>\n<p>Observera att det inte tydligt framg\u00e5r vilka krav som st\u00e4lls p\u00e5 f\u00f6retag som \u00f6nskar l\u00e5na, men varje ans\u00f6kan behandlas individuellt och i samband med kreditupplysningen hos Creditsafe bed\u00f6ms f\u00f6retagets \u00e5terbetalningsf\u00f6rm\u00e5ga.<\/p>\n<p><a name=\"tabell\"><\/a> <span style=\"color: #00529c; font-size: 16pt;\">Kostnadstabell<\/span><\/p>\n<table>\n<thead>\n<tr>\n<th>Belopp<\/th>\n<th>6 m\u00e5n<\/th>\n<th>12 m\u00e5n<\/th>\n<th>24 m\u00e5n<\/th>\n<\/tr>\n<\/thead>\n<tbody>\n<tr>\n<td bgcolor=\"#000\"><span style=\"color: #ffffff;\">25 000 kr<\/span><\/td>\n<td>28600 kr<\/td>\n<td>31596 kr<\/td>\n<td>38208 kr<\/td>\n<\/tr>\n<tr>\n<td bgcolor=\"#000\"><span style=\"color: #ffffff;\">100 000 kr<\/span><\/td>\n<td>111702 kr<\/td>\n<td>123396 kr<\/td>\n<td>146808 kr<\/td>\n<\/tr>\n<tr>\n<td bgcolor=\"#000\"><span style=\"color: #ffffff;\">200 000 kr<\/span><\/td>\n<td>220398 kr<\/td>\n<td>240804 kr<\/td>\n<td>281592 kr<\/td>\n<\/tr>\n<tr>\n<td bgcolor=\"#000\"><span style=\"color: #ffffff;\">300 000 kr<\/span><\/td>\n<td>329700 kr<\/td>\n<td>359400 kr<\/td>\n<td>418800 kr<\/td>\n<\/tr>\n<tr>\n<td bgcolor=\"#000\"><span style=\"color: #ffffff;\">400 000 kr<\/span><\/td>\n<td>438702 kr<\/td>\n<td>477396 kr<\/td>\n<td>554808 kr<\/td>\n<\/tr>\n<tr>\n<td bgcolor=\"#000\"><span style=\"color: #ffffff;\">500 000 kr<\/span><\/td>\n<td>547098 kr<\/td>\n<td>594204 kr<\/td>\n<td>688392 kr<\/td>\n<\/tr>\n<\/tbody>\n<\/table>\n<p>\u00c5terbetalning sker med j\u00e4mnt belopp var m\u00e5nad. Reservation f\u00f6r prisf\u00f6r\u00e4ndringar.  Fedelta f\u00f6retagsl\u00e5n \u00e4r r\u00e4ntefria i den mening att du alltid endast betalar en fast m\u00e5nadsavgift.<br \/>\n*Uppdaterad 2019-05-07<\/p>\n<p>&nbsp;<\/p>\n<h4>\u00d6PPETTIDER KUNDTJ\u00c4NST:<\/h4>\n<table class=\"table table-striped\" border=\"0\">\n<tbody>\n<tr>\n<td valign=\"top\" width=\"150\">M\u00e5ndag \u2013 Fredagar<\/td>\n<td valign=\"top\" width=\"100\">09:00 \u2013 16:00<\/td>\n<\/tr>\n<tr>\n<td valign=\"top\" width=\"150\">Helg<\/td>\n<td valign=\"top\" width=\"100\">St\u00e4ngt<\/td>\n<\/tr>\n<\/tbody>\n<\/table>\n<blockquote><p>Chatt: \u00d6ppen vardagar mellan kl 9-16.<br \/>\nTelefon: 033 \u2013 720 11 30<br \/>\nE-mail: <a href=\"mailto:kundservice@fedelta.se\">kundservice@fedelta.se.<\/a><\/p><\/blockquote>\n<blockquote class=\"theme\"><p>Fedelta Finance AB<\/p>\n<h4>ADRESS:<\/h4>\n<p>SANDWALLS PLATS 13 4TR<br \/>\n503 35 Bor\u00e5s<br \/>\nV\u00e4stra G\u00f6talands l\u00e4n<br \/>\nOrg. nr: 556945-5701<\/p><\/blockquote>\n","protected":false},"excerpt":{"rendered":"<p>Fedelta \u00e4r ett nylanserat f\u00f6retagsl\u00e5n 2018 med m\u00e5ls\u00e4ttning att erbjuda en flexibel och trygg l\u00e5neprodukt f\u00f6r registrerade verksamheter oavsett bolagsform. Ans\u00f6kan sker enkelt p\u00e5 n\u00e4tet och hanteringen sker i regel &#8230;<\/p>\n","protected":false},"author":1,"featured_media":927,"parent":164,"menu_order":17,"comment_status":"open","ping_status":"closed","template":"","meta":{"footnotes":""},"class_list":["post-925","page","type-page","status-publish","has-post-thumbnail","hentry"],"_links":{"self":[{"href":"https:\/\/firmalan.com\/sv\/wp-json\/wp\/v2\/pages\/925","targetHints":{"allow":["GET"]}}],"collection":[{"href":"https:\/\/firmalan.com\/sv\/wp-json\/wp\/v2\/pages"}],"about":[{"href":"https:\/\/firmalan.com\/sv\/wp-json\/wp\/v2\/types\/page"}],"author":[{"embeddable":true,"href":"https:\/\/firmalan.com\/sv\/wp-json\/wp\/v2\/users\/1"}],"replies":[{"embeddable":true,"href":"https:\/\/firmalan.com\/sv\/wp-json\/wp\/v2\/comments?post=925"}],"version-history":[{"count":10,"href":"https:\/\/firmalan.com\/sv\/wp-json\/wp\/v2\/pages\/925\/revisions"}],"predecessor-version":[{"id":2102,"href":"https:\/\/firmalan.com\/sv\/wp-json\/wp\/v2\/pages\/925\/revisions\/2102"}],"up":[{"embeddable":true,"href":"https:\/\/firmalan.com\/sv\/wp-json\/wp\/v2\/pages\/164"}],"wp:featuredmedia":[{"embeddable":true,"href":"https:\/\/firmalan.com\/sv\/wp-json\/wp\/v2\/media\/927"}],"wp:attachment":[{"href":"https:\/\/firmalan.com\/sv\/wp-json\/wp\/v2\/media?parent=925"}],"curies":[{"name":"wp","href":"https:\/\/api.w.org\/{rel}","templated":true}]}}