{"id":916,"date":"2018-11-07T14:27:43","date_gmt":"2018-11-07T13:27:43","guid":{"rendered":"https:\/\/firmalan.com\/sv\/?page_id=916"},"modified":"2020-03-02T05:47:53","modified_gmt":"2020-03-02T04:47:53","slug":"fakturino","status":"publish","type":"page","link":"https:\/\/firmalan.com\/sv\/lana-pengar\/fakturino\/","title":{"rendered":"Fakturino"},"content":{"rendered":"<div class=\"section-content\">\n<div class=\"row\">\n<div class=\"feature-item col-lg-6 col-sm-6 wow slideInUp\">\n<div class=\"feature-media\"><img decoding=\"async\" src=\"https:\/\/firmalan.com\/sv\/wp-content\/uploads\/2020\/03\/fakturino-logo.jpg\" \/><\/div>\n<\/div>\n<div class=\"feature-item col-lg-6 col-sm-6 wow slideInUp\">\n<p>Sedan 2012 har Fakturino hj\u00e4lp fler \u00e4n 10.000 st olika sm\u00e5 och medelstora f\u00f6retag med finansiering. Fakturino \u00e4r en marknadsplats f\u00f6r fakturak\u00f6p, factoring, leasing samt f\u00f6retagsl\u00e5n, d\u00e4r f\u00f6retag kan ta in offerter fr\u00e5n 18 olika banker och finansinstitut. Ans\u00f6kan tar ett par minuter och all information\/uppgifter som du fyller i f\u00f6rmedlas endast som underlag till Fakturinos samarbetspartners f\u00f6r att de skall kunna erbjuda passande f\u00f6retagsfinansiering.<br \/>\n<span style=\"color: #f4f4f4;\"><strong><a class=\"btn btn-theme-primary btn-lg\" style=\"color: #f4f4f4;\" title=\"\u27a4 Fakturinos finansieringsverktyg\" href=\"https:\/\/firmalan.com\/sv\/go\/fakturino\/\" target=\"_blank\" rel=\"nofollow noopener noreferrer\">\u27a4 G\u00e5 Till Fakturino F\u00f6retagsl\u00e5n <\/a><\/strong><\/span><br \/>\n<strong><a class=\"btn btn-secondary-outline btn-lg\" title=\"\u27a4 Fakturino factoring\" href=\"https:\/\/firmalan.com\/sv\/go\/fakturino-factoring\/\" target=\"_blank\" rel=\"nofollow noopener noreferrer\">\u27a4 J\u00e4mf\u00f6r factoring (Fakturino.se)<\/a><\/strong><\/p>\n<\/div>\n<p>Initialt var Fakturinos fr\u00e4msta fokus, som namnet skvallrar om, factoringtj\u00e4nster s\u00e5 som fakturak\u00f6p samt fakturabel\u00e5ning, efter \u00e5tta \u00e5r har verksamheten ut\u00f6kats och vidgats och idag \u00e4r man i princip lika stora inom f\u00f6retagsl\u00e5n och satsar \u00e4ven p\u00e5 leasing.<\/p>\n<p>Oavsett vilken finansielltj\u00e4nst ans\u00f6kan avser \u00e4r den alltid kostnadsfri och inte bindande, Fakturino erh\u00e5ller emellertid kommission p\u00e5 f\u00f6rmedlade kunder dock p\u00e5vekar detta ej detta kostnaden f\u00f6r dig som f\u00f6retagskund.<\/p>\n<p>Viktigt att k\u00e4nna till \u00e4r att Fakturino Sverige AB inte \u00e4r registrerade som l\u00e5nef\u00f6rmedlare\/kreditr\u00e5dgivare hos Finansinspektionen. Fakturino kan emellertid erbjuda f\u00f6retagsr\u00e5dgivning via mail: kundtjanst@fakturino.se eller f\u00f6r den som hellre vill tala med en r\u00e5dgivare tele: 08-400 20 444.<\/p>\n<p><strong>F\u00f6ljande grundl\u00e4ggande kravs st\u00e4lls:<\/strong><\/p>\n<ul>\n<li>F\u00f6r ans\u00f6kan kr\u00e4vs registrerat Aktiebolag, Handelsbolag eller Enskild firma.<\/li>\n<li>Vanligtvis kr\u00e4vs en oms\u00e4ttning p\u00e5 minst 50 000kr\/m\u00e5n eller 600 000kr\/\u00e5r.<\/li>\n<li>\u00c4ven nystartade f\u00f6retag kan erbjudas l\u00e5n, men en oms\u00e4ttning p\u00e5 minst 50.000 kr kr\u00e4vs.<\/li>\n<\/ul>\n<p>Enligt informationen p\u00e5 hemsidan uppger Fakturino att man samarbetar med 18 olika banker\/finansinstitut dock kan vi endast bekr\u00e4fta att man samarbetar med f\u00f6ljande 11 partners:<\/p>\n<p>Aros Kapital,Capcito,DBT,Ferratum Business,Froda,Ikano Bank,Mynt F\u00f6retagsl\u00e5n,Qred,Resurs Bank,Svea Ekonomi,Tessin.<\/p>\n<\/div>\n<\/div>\n<div class=\"section-color\">\n<div class=\"row\">\n<div class=\"feature-item col-lg-6 col-sm-6 wow slideInUp\">\n<p class=\"kapitel\">L\u00e5nef\u00f6rmedlare<\/p>\n<ul id=\"navlist\">\n<li>J\u00e4mf\u00f6r:Upp till 18 st olika l\u00e5n &amp; factoringtj\u00e4nster<\/li>\n<li>Belopp:25 000-60 000 000 kr<\/li>\n<li>L\u00f6ptid: 1-60 m\u00e5n<\/li>\n<li>\u00c5rsr\u00e4nta: ca 6.0-40%<br \/>\n*Kostnaden \u00e4r individuell och best\u00e4ms efter kreditpr\u00f6vning.<\/li>\n<\/ul>\n<\/div>\n<div class=\"feature-item col-lg-6 col-sm-6 wow slideInUp\">\n<p class=\"kapitel\">Ans\u00f6kan<\/p>\n<ul id=\"navlist\">\n<li>Kom ig\u00e5ng och j\u00e4mf\u00f6r p\u00e5 1 minut!<\/li>\n<li>Digital signering med BankID<\/li>\n<li>Svar inom 24 timmar<\/li>\n<li>F\u00f6retagsr\u00e5dgivning via Client Success<\/li>\n<\/ul>\n<\/div>\n<\/div>\n<\/div>\n<p><span style=\"color: #00529c; font-size: 16pt;\">Villkor:<\/span><\/p>\n<table>\n<tbody>\n<tr>\n<td bgcolor=\"#000\"><span style=\"color: #ffffff;\">R\u00e4nta<\/span><\/td>\n<td>\u00c5rsr\u00e4nta: ca 6,0-40,0%.<\/td>\n<\/tr>\n<tr>\n<td bgcolor=\"#000\"><span style=\"color: #ffffff;\">Uppl\u00e4ggningsavgift<\/span><\/td>\n<td>Varierar.<\/td>\n<\/tr>\n<tr>\n<td bgcolor=\"#000\"><span style=\"color: #ffffff;\">Borgens\u00e5tagande<\/span><\/td>\n<td>Kr\u00e4ver ej borgensf\u00f6rbindelse.<\/td>\n<\/tr>\n<tr>\n<td bgcolor=\"#000\"><span style=\"color: #ffffff;\">F\u00f6rtidsinl\u00f6sen<\/span><\/td>\n<td>F\u00f6rtidsinl\u00f6sen \u00e4r m\u00f6jlig, men i vissa fall kan kreditgivaren ta ut en avgift f\u00f6r att kompensera f\u00f6r utebliven r\u00e4nta.<\/td>\n<\/tr>\n<tr>\n<td bgcolor=\"#000\"><span style=\"color: #ffffff;\">Betalningsanm\u00e4rkning<\/span><\/td>\n<td>Ans\u00f6kan med betalningsanm\u00e4rkning kan accepteras.<\/td>\n<\/tr>\n<\/tbody>\n<\/table>\n<p><span style=\"color: #00529c; font-size: 16pt;\">Krav p\u00e5 f\u00f6retag som s\u00f6ker:<\/span><\/p>\n<table>\n<tbody>\n<tr>\n<td bgcolor=\"#000\"><span style=\"color: #ffffff;\">Oms\u00e4ttning<\/span><\/td>\n<td>Minst 50 000kr\/m\u00e5n eller 600 000kr\/\u00e5r.<\/td>\n<\/tr>\n<tr>\n<td bgcolor=\"#000\"><span style=\"color: #ffffff;\">Historik<\/span><\/td>\n<td>Minst 6 m\u00e5n verksamhetshistorik.<\/td>\n<\/tr>\n<tr>\n<td bgcolor=\"#000\"><span style=\"color: #ffffff;\">\u00c4garskap<\/span><\/td>\n<td>Ans\u00f6kan kan endast uppr\u00e4ttas av bolagsman med teckningsr\u00e4tt.<\/td>\n<\/tr>\n<tr>\n<td bgcolor=\"#000\"><span style=\"color: #ffffff;\">F\u00f6retagsadress<\/span><\/td>\n<td>Verksamheten \u00e4r registrerad hos bolagsverket i Sverige.<\/td>\n<\/tr>\n<\/tbody>\n<\/table>\n<p><span style=\"color: #00529c; font-size: 16pt;\">F\u00f6ljande information\/dokumentation beh\u00f6vs:<\/span><\/p>\n<ul>\n<li>Du skall ha namnteckningsr\u00e4tt i f\u00f6retaget ensam eller tillsammans annan person<\/li>\n<li>Tillg\u00e5ng till BankID eller mobilt BankID alt. Digipass\/bankdosa.<\/li>\n<li>F\u00f6retagets faktureringsuppgifter samt bankkontonummer<\/li>\n<li>Namn p\u00e5 och e-postadresser till ansvariga personer och borgensm\u00e4n.<\/li>\n<\/ul>\n<hr \/>\n<h2>Om bolaget<\/h2>\n<p>Fakturino har etablerat sig som en ledande f\u00f6retagstj\u00e4nst inom finansiella j\u00e4mf\u00f6relser p\u00e5 n\u00e4tet. F\u00f6retag b\u00f6rjade sin resa som en liten Startup 2012, multientrepren\u00f6ren Fredrik Ljung (som \u00e4ven grundat av Lendo och Kry) uppt\u00e4ckte att det saknades en tj\u00e4nst som j\u00e4mf\u00f6r f\u00f6retagsl\u00e5n, factoring och leasing i Sverige. Idag \u00e4r Fakturino \u00e4r 100% \u00e4gt av Bonnier-gruppen.<\/p>\n<p>&nbsp;<\/p>\n<h4>\u00d6PPETTIDER KUNDTJ\u00c4NST:<\/h4>\n<table class=\"table table-striped\" border=\"0\">\n<tbody>\n<tr>\n<td valign=\"top\" width=\"150\">M\u00e5ndag \u2013 Fredagar<\/td>\n<td valign=\"top\" width=\"100\">09:00 \u2013 18:00<\/td>\n<\/tr>\n<tr>\n<td valign=\"top\" width=\"150\">Helg<\/td>\n<td valign=\"top\" width=\"100\">St\u00e4ngt<\/td>\n<\/tr>\n<\/tbody>\n<\/table>\n<blockquote><p>Telefon: 08-400 20 444<br \/>\nE-mail: <a href=\"mailto:info@fakturino.se\">info@fakturino.se.<\/a><\/p><\/blockquote>\n<blockquote class=\"theme\"><p>Fakturino Sverige AB<\/p>\n<h4>ADRESS:<\/h4>\n<p>LINN\u00c9GATAN 9 2TR<br \/>\n114 47 Stockholm<br \/>\nStockholms l\u00e4n<br \/>\nOrg. nr: 556871-3019<\/p><\/blockquote>\n","protected":false},"excerpt":{"rendered":"<p>Sedan 2012 har Fakturino hj\u00e4lp fler \u00e4n 10.000 st olika sm\u00e5 och medelstora f\u00f6retag med finansiering. Fakturino \u00e4r en marknadsplats f\u00f6r fakturak\u00f6p, factoring, leasing samt f\u00f6retagsl\u00e5n, d\u00e4r f\u00f6retag kan ta &#8230;<\/p>\n","protected":false},"author":1,"featured_media":2150,"parent":164,"menu_order":16,"comment_status":"open","ping_status":"closed","template":"","meta":{"footnotes":""},"class_list":["post-916","page","type-page","status-publish","has-post-thumbnail","hentry"],"_links":{"self":[{"href":"https:\/\/firmalan.com\/sv\/wp-json\/wp\/v2\/pages\/916","targetHints":{"allow":["GET"]}}],"collection":[{"href":"https:\/\/firmalan.com\/sv\/wp-json\/wp\/v2\/pages"}],"about":[{"href":"https:\/\/firmalan.com\/sv\/wp-json\/wp\/v2\/types\/page"}],"author":[{"embeddable":true,"href":"https:\/\/firmalan.com\/sv\/wp-json\/wp\/v2\/users\/1"}],"replies":[{"embeddable":true,"href":"https:\/\/firmalan.com\/sv\/wp-json\/wp\/v2\/comments?post=916"}],"version-history":[{"count":12,"href":"https:\/\/firmalan.com\/sv\/wp-json\/wp\/v2\/pages\/916\/revisions"}],"predecessor-version":[{"id":2151,"href":"https:\/\/firmalan.com\/sv\/wp-json\/wp\/v2\/pages\/916\/revisions\/2151"}],"up":[{"embeddable":true,"href":"https:\/\/firmalan.com\/sv\/wp-json\/wp\/v2\/pages\/164"}],"wp:featuredmedia":[{"embeddable":true,"href":"https:\/\/firmalan.com\/sv\/wp-json\/wp\/v2\/media\/2150"}],"wp:attachment":[{"href":"https:\/\/firmalan.com\/sv\/wp-json\/wp\/v2\/media?parent=916"}],"curies":[{"name":"wp","href":"https:\/\/api.w.org\/{rel}","templated":true}]}}