{"id":909,"date":"2018-05-08T18:54:00","date_gmt":"2018-05-08T16:54:00","guid":{"rendered":"https:\/\/firmalan.com\/sv\/?page_id=909"},"modified":"2019-11-20T17:12:24","modified_gmt":"2019-11-20T16:12:24","slug":"uppland-kredit","status":"publish","type":"page","link":"https:\/\/firmalan.com\/sv\/lana-pengar\/uppland-kredit\/","title":{"rendered":"Uppland kredit"},"content":{"rendered":"<div class=\"section-content\">\n<div class=\"row\">\n<div class=\"feature-item col-lg-6 col-sm-6 wow slideInUp\">\n<div class=\"feature-media\"><img decoding=\"async\" src=\"https:\/\/firmalan.com\/sv\/wp-content\/uploads\/2018\/11\/uppland-kredit-logo.jpg\" \/><\/div>\n<\/div>\n<div class=\"feature-item col-lg-6 col-sm-6 wow slideInUp\">\n<p>Uppland Kredit \u00e4r ett relativt nytt f\u00f6retagsl\u00e5n som prim\u00e4rt v\u00e4nder sig till sm\u00e5 och mellanstora f\u00f6retag, vilka s\u00f6ker finansiering till s\u00e5 v\u00e4l planerade som of\u00f6rutsedda utgifter. L\u00e5na upp till 500.000 kr med individuell r\u00e4nta fr\u00e5n 14,95%. Ans\u00f6kan uppr\u00e4ttas enkelt med BankID och l\u00e5nesvar ges normalt inom 24 timmar (under vardagar). L\u00e5net kr\u00e4ver ingen s\u00e4kerhet och samtliga kostnader finns tydligt specificerade p\u00e5 hemsidan. Liksom de flesta andra f\u00f6retagsl\u00e5n utan s\u00e4kerhet kr\u00e4ver Uppland kredit minst en borgen, vilket i praktiken inneb\u00e4r att en f\u00f6retagsledare tar p\u00e5 sig ett personligt betalningsansvar f\u00f6r l\u00e5neskulden.<\/p>\n<p><span style=\"color: #f4f4f4;\"><strong><a class=\"btn btn-theme-primary btn-lg\" style=\"color: #f4f4f4;\" href=\"https:\/\/firmalan.com\/sv\/go\/kompar\/\" target=\"_blank\" rel=\"nofollow noopener noreferrer\">\u27a4 J\u00e4mf\u00f6r Uppland Kredit hos Kompar<\/a><\/strong><\/span><\/p>\n<\/div>\n<p>Ut\u00f6ver renodlade l\u00e5n kan Uppland Kredit \u00e4ven erbjuda fakturak\u00f6p och fakturabel\u00e5ning f\u00f6r ett f\u00e5tal\/flertal kundfakturor. Skicka in de fakturor du avser s\u00e4lja eller bel\u00e5na online, Uppland Kredit granskar dessa och g\u00f6r sedan omedelbart kreditbed\u00f6mning av dina kunder och ger dig ett pris f\u00f6r respektive faktura. Efter godk\u00e4nnande kan utbetalning normalt ske inom 24 timmar.<\/p>\n<p>Uppland Kredit beskriver sig sj\u00e4lva som ett familjef\u00f6retag med stor kunskap om f\u00f6retagande. Tittar man p\u00e5 bolaget bakom tj\u00e4nsten hittar man systerbolaget Upplands Spar AB som erbjuder sparkonton med h\u00f6g r\u00e4nta, kapitalet man tar in genom denna tj\u00e4nst anv\u00e4nds uteslutande f\u00f6r Uppland Kapital AB:s fortsatta expansion. Inom bolagsstrukturen \u00e5terfinns \u00e4ven Catalunia Capital AB som erbjuder h\u00f6gkostnadskrediter till privatpersoner. N\u00e4tl\u00e5n \u00e4r en v\u00e4letablerad akt\u00f6r p\u00e5 den svenska l\u00e5nemarknaden f\u00f6r s\u00e5 kallade smsl\u00e5n.<\/p>\n<\/div>\n<\/div>\n<div class=\"section-color\">\n<div class=\"row\">\n<div class=\"feature-item col-lg-6 col-sm-6 wow slideInUp\">\n<p class=\"kapitel\">F\u00f6retagsl\u00e5n<\/p>\n<ul id=\"navlist\">\n<li>Belopp: 25.000 &#8211; 500.000 kr<\/li>\n<li>L\u00f6ptid: 3-36 m\u00e5nader<\/li>\n<li>R\u00e4ntesats: fr\u00e5n 14.95%<\/li>\n<\/ul>\n<\/div>\n<div class=\"feature-item col-lg-6 col-sm-6 wow slideInUp\">\n<p class=\"kapitel\">Ans\u00f6kan<\/p>\n<ul id=\"navlist\">\n<li>Ans\u00f6k p\u00e5 webben med BankID<\/li>\n<li>F\u00e5 l\u00e5nesvar inom 24 timmar<\/li>\n<li>Utbetalning inom 2-5 dagar<\/li>\n<\/ul>\n<\/div>\n<\/div>\n<\/div>\n<p><span style=\"color: #00529c; font-size: 16pt;\">Villkor:<\/span><\/p>\n<table>\n<tbody>\n<tr>\n<td bgcolor=\"#000\"><span style=\"color: #ffffff;\">R\u00e4nta<\/span><\/td>\n<td>Individuell r\u00e4nta fr\u00e5n 14.95%<\/td>\n<\/tr>\n<tr>\n<td bgcolor=\"#000\"><span style=\"color: #ffffff;\">Uppl\u00e4ggningsavgift<\/span><\/td>\n<td><del>995 kr<\/del>\u00a0Ingen startavgift (2019-01-31)<\/td>\n<\/tr>\n<tr>\n<td bgcolor=\"#000\"><span style=\"color: #ffffff;\">Borgens\u00e5tagande<\/span><\/td>\n<td>Kr\u00e4ver minst en personlig borgen .<\/td>\n<\/tr>\n<tr>\n<td bgcolor=\"#000\"><span style=\"color: #ffffff;\">F\u00f6rtidsinl\u00f6sen<\/span><\/td>\n<td>F\u00f6rtidsinl\u00f6sen \u00e4r m\u00f6jlig kontakta Uppland Kredit AB.<\/td>\n<\/tr>\n<tr>\n<td bgcolor=\"#000\"><span style=\"color: #ffffff;\">Betalningsanm\u00e4rkning<\/span><\/td>\n<td>Inga betalningsanm\u00e4rkningar f\u00e5r f\u00f6rekomma.<\/td>\n<\/tr>\n<\/tbody>\n<\/table>\n<p><span style=\"color: #00529c; font-size: 16pt;\">Krav p\u00e5 f\u00f6retag som s\u00f6ker:<\/span><\/p>\n<table>\n<tbody>\n<tr>\n<td bgcolor=\"#000\"><span style=\"color: #ffffff;\">Oms\u00e4ttning<\/span><\/td>\n<td>Bokslut kr\u00e4vs.<\/td>\n<\/tr>\n<tr>\n<td bgcolor=\"#000\"><span style=\"color: #ffffff;\">Historik<\/span><\/td>\n<td>Ditt f\u00f6retag har en rimlig kreditv\u00e4rdighet samt att era kunder har rimlig kreditv\u00e4rdighet.<\/td>\n<\/tr>\n<tr>\n<td bgcolor=\"#000\"><span style=\"color: #ffffff;\">\u00c4garskap<\/span><\/td>\n<td>Ans\u00f6kan kan endast uppr\u00e4ttas av VD eller annan firmatecknare.<\/td>\n<\/tr>\n<tr>\n<td bgcolor=\"#000\"><span style=\"color: #ffffff;\">F\u00f6retagsadress<\/span><\/td>\n<td>Verksamheten \u00e4r registrerad hos bolagsverket i Sverige.<\/td>\n<\/tr>\n<\/tbody>\n<\/table>\n<p><span style=\"color: #00529c; font-size: 16pt;\">F\u00f6ljande information\/dokumentation beh\u00f6vs:<\/span><\/p>\n<ul>\n<li>Tillg\u00e5ng till personligt BankID<\/li>\n<li>Du skall ha namnteckningsr\u00e4tt i f\u00f6retaget ensam eller tillsammans annan person<\/li>\n<li>F\u00f6retagets faktureringsuppgifter samt bankgironummer<\/li>\n<li>Namn p\u00e5 och e-postadresser till ansvariga personer och eventuella borgensm\u00e4n.<\/li>\n<li>Samtliga borgensm\u00e4n beh\u00f6ver logga in och godk\u00e4nna villkoren f\u00f6r l\u00e5net och borgensansvaret.<\/li>\n<\/ul>\n<hr \/>\n<p>&nbsp;<\/p>\n<h4>\u00d6PPETTIDER KUNDTJ\u00c4NST:<\/h4>\n<table class=\"table table-striped\" border=\"0\">\n<tbody>\n<tr>\n<td valign=\"top\" width=\"150\">M\u00e5ndag \u2013 Fredagar<\/td>\n<td valign=\"top\" width=\"100\">08:30 \u2013 16:30<\/td>\n<\/tr>\n<tr>\n<td valign=\"top\" width=\"150\">Helg<\/td>\n<td valign=\"top\" width=\"100\">St\u00e4ngt<\/td>\n<\/tr>\n<\/tbody>\n<\/table>\n<blockquote><p>Telefon: 08-40 80 95 56<br \/>\nE-mail: <a href=\"mailto:info@upplandkredit.se\">info@upplandkredit.se.<\/a><\/p><\/blockquote>\n<blockquote class=\"theme\"><p>Uppland Kredit AB<\/p>\n<h4>ADRESS:<\/h4>\n<p>Box 3908<br \/>\n111 74 Stockholm<br \/>\nOrg. nr: 559011-1893<\/p><\/blockquote>\n","protected":false},"excerpt":{"rendered":"<p>Uppland Kredit \u00e4r ett relativt nytt f\u00f6retagsl\u00e5n som prim\u00e4rt v\u00e4nder sig till sm\u00e5 och mellanstora f\u00f6retag, vilka s\u00f6ker finansiering till s\u00e5 v\u00e4l planerade som of\u00f6rutsedda utgifter. L\u00e5na upp till 500.000 &#8230;<\/p>\n","protected":false},"author":1,"featured_media":911,"parent":164,"menu_order":52,"comment_status":"open","ping_status":"closed","template":"","meta":{"footnotes":""},"class_list":["post-909","page","type-page","status-publish","has-post-thumbnail","hentry"],"_links":{"self":[{"href":"https:\/\/firmalan.com\/sv\/wp-json\/wp\/v2\/pages\/909","targetHints":{"allow":["GET"]}}],"collection":[{"href":"https:\/\/firmalan.com\/sv\/wp-json\/wp\/v2\/pages"}],"about":[{"href":"https:\/\/firmalan.com\/sv\/wp-json\/wp\/v2\/types\/page"}],"author":[{"embeddable":true,"href":"https:\/\/firmalan.com\/sv\/wp-json\/wp\/v2\/users\/1"}],"replies":[{"embeddable":true,"href":"https:\/\/firmalan.com\/sv\/wp-json\/wp\/v2\/comments?post=909"}],"version-history":[{"count":6,"href":"https:\/\/firmalan.com\/sv\/wp-json\/wp\/v2\/pages\/909\/revisions"}],"predecessor-version":[{"id":2046,"href":"https:\/\/firmalan.com\/sv\/wp-json\/wp\/v2\/pages\/909\/revisions\/2046"}],"up":[{"embeddable":true,"href":"https:\/\/firmalan.com\/sv\/wp-json\/wp\/v2\/pages\/164"}],"wp:featuredmedia":[{"embeddable":true,"href":"https:\/\/firmalan.com\/sv\/wp-json\/wp\/v2\/media\/911"}],"wp:attachment":[{"href":"https:\/\/firmalan.com\/sv\/wp-json\/wp\/v2\/media?parent=909"}],"curies":[{"name":"wp","href":"https:\/\/api.w.org\/{rel}","templated":true}]}}