{"id":907,"date":"2018-11-07T10:26:46","date_gmt":"2018-11-07T09:26:46","guid":{"rendered":"https:\/\/firmalan.com\/sv\/?page_id=907"},"modified":"2020-07-22T06:31:47","modified_gmt":"2020-07-22T04:31:47","slug":"kompar","status":"publish","type":"page","link":"https:\/\/firmalan.com\/sv\/lana-pengar\/kompar\/","title":{"rendered":"Kompar"},"content":{"rendered":"<p>Stockholmsbaserade Kompar \u00e4r en ny f\u00f6rmedlingstj\u00e4nst f\u00f6r f\u00f6retagsl\u00e5n startad under 2018. Tanken med Kompar \u00e4r att g\u00f6ra tidskr\u00e4vande l\u00e5nej\u00e4mf\u00f6relse f\u00f6r f\u00f6retag enklare. Fyll i en ans\u00f6kan vilket tar n\u00e5gra minuter, d\u00e4refter tar Kompar in anbud fr\u00e5n olika akt\u00f6rer och efter omkring 24 timmar erh\u00e5ller du l\u00e5neerbjudanden fr\u00e5n flera olika svenska kreditgivare. Ans\u00f6kan \u00e4r kostnadsfri och inte bindande, det inneb\u00e4r att du i lugn och ro g\u00e5 igenom och j\u00e4mf\u00f6r uppl\u00e4ggningsavgifter, r\u00e4nta och \u00f6vriga l\u00e5nevillkor f\u00f6r att sedan best\u00e4mma om ett avtal skall tecknas eller ej.<\/p>\n<div class=\"section-content\">\n<div class=\"row\">\n<div class=\"feature-item col-lg-6 col-sm-6 wow slideInUp\">\n<div class=\"feature-media\"><img decoding=\"async\" src=\"https:\/\/firmalan.com\/sv\/wp-content\/uploads\/2019\/07\/kompar.jpg\" \/><\/div>\n<\/div>\n<div class=\"feature-item col-lg-6 col-sm-6 wow slideInUp\">\n<p><span style=\"color: #f4f4f4;\"><strong><a class=\"btn btn-theme-primary btn-lg\" style=\"color: #f4f4f4;\" title=\"\u27a4 Kompar\" href=\"https:\/\/firmalan.com\/sv\/go\/kompar\/\" target=\"_blank\" rel=\"nofollow noopener noreferrer\">\u27a4 G\u00e5 Till Kompar <\/a><\/strong><\/span><\/p>\n<\/div>\n<\/div>\n<\/div>\n<p>I dagsl\u00e4get \u00e4r Kompar inte registrerade hos Finansinspektionen vilket inneb\u00e4r att man inte \u00e4r en l\u00e5nef\u00f6rmedlare\/kreditr\u00e5dgivare ist\u00e4llet syftar tj\u00e4nsten till att erbjuda svenska aktiebolag, enskilda firmor, handelsbolag samt kommanditbolag frist\u00e5ende l\u00e5nej\u00e4mf\u00f6relse. Nackdelen med detta uppl\u00e4gg ur ett kundperspektiv, \u00e4r att varje ans\u00f6kan kommer generera en kreditupplysning d\u00e5 Kompar samarbetar med ett flertal olika kreditgivare kan er kreditv\u00e4rdighet p\u00e5verkas negativt. F\u00f6r f\u00f6retag som vill undvika kreditkontroller hos UC \u00e4r det m\u00f6jligt att endast s\u00f6ka anbud om f\u00f6retagsl\u00e5n d\u00e4r kreditupplysningen g\u00f6rs hos Creditsafe eller Bisnode Kredit.<\/p>\n<p>P\u00e5 hemsidan \u00e5terfinns \u00e4ven en del anv\u00e4ndbara verktyg s\u00e5 som ber\u00e4kningsverktyg f\u00f6r moms, kostnad per anst\u00e4llning, timarvode, resultatbudget samt mallar olika mallar f\u00f6r aff\u00e4rsplan, faktura samt likviditetsber\u00e4kning. Information om bolaget som st\u00e5r bakom Kompar \u00e4r emellertid mycket knapph\u00e4ndig och l\u00e4ngst ner p\u00e5 hemsidan anges tv\u00e5 olika f\u00f6retag 138an Group AB samt PKG Group Nordic AB, hur som helst visar en s\u00f6kning i bolagsregistret att dessa b\u00e5da bolag \u00e4gs av en och samma person, f\u00f6rmodligen beror s\u00e5ldes diskrepansen p\u00e5 den m\u00e4nskliga faktorn och att man helt enkelt missat att \u00e4ndra uppgifterna p\u00e5 ett st\u00e4lle.<\/p>\n<p>I dagsl\u00e4get inkluderar Kompar l\u00e5nej\u00e4mf\u00f6relse upp till 22 olika akt\u00f6rer:<br \/>\nMarginalen Bank, Qred F\u00f6retagsl\u00e5n, Aros Kapital, CapitalBox, Froda, Toborrow, Fedelta F\u00f6retagsl\u00e5n, Mynt, Approva, Balanzia, OPR-F\u00f6retagsl\u00e5n, Kronan Finans, IMH Credit Solutions, Capcito och Likvid f\u00f6retagsl\u00e5n.<\/p>\n<p>&nbsp;<\/p>\n<p><img decoding=\"async\" src=\"https:\/\/firmalan.com\/sv\/wp-content\/uploads\/2018\/05\/aros-kapital.png\" \/><img decoding=\"async\" src=\"https:\/\/firmalan.com\/sv\/wp-content\/uploads\/2018\/07\/capcito-logo.png\" \/><img decoding=\"async\" src=\"https:\/\/firmalan.com\/sv\/wp-content\/uploads\/2017\/05\/froda.png\" \/><img decoding=\"async\" src=\"https:\/\/firmalan.com\/sv\/wp-content\/uploads\/2018\/06\/maginalen-logo.png\" \/><img decoding=\"async\" src=\"https:\/\/firmalan.com\/sv\/wp-content\/uploads\/2017\/05\/opr-finance.png\" \/><img decoding=\"async\" src=\"https:\/\/firmalan.com\/sv\/wp-content\/uploads\/2017\/05\/3qred.png\" \/><img decoding=\"async\" src=\"https:\/\/firmalan.com\/sv\/wp-content\/uploads\/2017\/10\/toborrow-logo.png\" \/><img decoding=\"async\" src=\"https:\/\/firmalan.com\/sv\/wp-content\/uploads\/2018\/11\/uppland-kredit-logo.jpg\" \/><\/p>\n<p>&nbsp;<\/p>\n<p>&nbsp;<\/p>\n<blockquote><p>Telefon: 08 55 106 447<br \/>\nE-mail: <a href=\"mailto:info@kompar.se\">info@kompar.se.<\/a><\/p><\/blockquote>\n<blockquote class=\"theme\"><p>138an Group AB<\/p>\n<h4>ADRESS:<\/h4>\n<p>Garvargatan 20<br \/>\n112 21 Stockholm<br \/>\nOrg. nr: 559157-4784<\/p><\/blockquote>\n","protected":false},"excerpt":{"rendered":"<p>Stockholmsbaserade Kompar \u00e4r en ny f\u00f6rmedlingstj\u00e4nst f\u00f6r f\u00f6retagsl\u00e5n startad under 2018. Tanken med Kompar \u00e4r att g\u00f6ra tidskr\u00e4vande l\u00e5nej\u00e4mf\u00f6relse f\u00f6r f\u00f6retag enklare. Fyll i en ans\u00f6kan vilket tar n\u00e5gra minuter, &#8230;<\/p>\n","protected":false},"author":1,"featured_media":1669,"parent":164,"menu_order":30,"comment_status":"open","ping_status":"closed","template":"","meta":{"footnotes":""},"class_list":["post-907","page","type-page","status-publish","has-post-thumbnail","hentry"],"_links":{"self":[{"href":"https:\/\/firmalan.com\/sv\/wp-json\/wp\/v2\/pages\/907","targetHints":{"allow":["GET"]}}],"collection":[{"href":"https:\/\/firmalan.com\/sv\/wp-json\/wp\/v2\/pages"}],"about":[{"href":"https:\/\/firmalan.com\/sv\/wp-json\/wp\/v2\/types\/page"}],"author":[{"embeddable":true,"href":"https:\/\/firmalan.com\/sv\/wp-json\/wp\/v2\/users\/1"}],"replies":[{"embeddable":true,"href":"https:\/\/firmalan.com\/sv\/wp-json\/wp\/v2\/comments?post=907"}],"version-history":[{"count":9,"href":"https:\/\/firmalan.com\/sv\/wp-json\/wp\/v2\/pages\/907\/revisions"}],"predecessor-version":[{"id":2354,"href":"https:\/\/firmalan.com\/sv\/wp-json\/wp\/v2\/pages\/907\/revisions\/2354"}],"up":[{"embeddable":true,"href":"https:\/\/firmalan.com\/sv\/wp-json\/wp\/v2\/pages\/164"}],"wp:featuredmedia":[{"embeddable":true,"href":"https:\/\/firmalan.com\/sv\/wp-json\/wp\/v2\/media\/1669"}],"wp:attachment":[{"href":"https:\/\/firmalan.com\/sv\/wp-json\/wp\/v2\/media?parent=907"}],"curies":[{"name":"wp","href":"https:\/\/api.w.org\/{rel}","templated":true}]}}