{"id":90,"date":"2017-03-27T16:08:45","date_gmt":"2017-03-27T16:08:45","guid":{"rendered":"https:\/\/firmalan.com\/sv\/?page_id=90"},"modified":"2019-11-20T17:35:54","modified_gmt":"2019-11-20T16:35:54","slug":"ab","status":"publish","type":"page","link":"https:\/\/firmalan.com\/sv\/finansieringsformer\/juridiska\/ab\/","title":{"rendered":"F\u00f6retagsl\u00e5n f\u00f6r aktiebolag"},"content":{"rendered":"<p>F\u00f6r verksamheter med stor oms\u00e4ttning \u00e4r aktiebolag en attraktiv bolagsform. Framf\u00f6rallt har aktiebolaget flera f\u00f6rdelar n\u00e4r det kommer till skatt, juridik, ekonomi och finansiering. M\u00e5nga v\u00e4ljer att bilda AB f\u00f6r att kunna beh\u00e5lla mer av vinsten och f\u00e5 m\u00f6jlighet att g\u00f6ra s\u00e5 kallade aktieutdelningar, men det \u00e4r \u00e4ven l\u00e4ttare att l\u00e5na pengar till aktiebolag j\u00e4mf\u00f6rt med enskilda firmor.<\/p>\n<p>Samtliga storbanker erbjuder f\u00f6retagsl\u00e5n till aktiebolag, men \u00e4r generellt restriktiva med att bevilja ans\u00f6kningar. I f\u00f6rsta hand \u00e4r det bolag med oms\u00e4ttningar p\u00e5 flera miljoner \u00f6ver en l\u00e4ngre tid som prioriteras hos storbankerna. \u00d6vriga alternativ \u00e4r l\u00e5ngivare som erbjuder l\u00e5n med borgen samt gr\u00e4srotsfinansiering\/crowdfunding av f\u00f6retag.<\/p>\n","protected":false},"excerpt":{"rendered":"<p>F\u00f6r verksamheter med stor oms\u00e4ttning \u00e4r aktiebolag en attraktiv bolagsform. Framf\u00f6rallt har aktiebolaget flera f\u00f6rdelar n\u00e4r det kommer till skatt, juridik, ekonomi och finansiering. M\u00e5nga v\u00e4ljer att bilda AB f\u00f6r &#8230;<\/p>\n","protected":false},"author":1,"featured_media":0,"parent":114,"menu_order":0,"comment_status":"open","ping_status":"closed","template":"","meta":{"footnotes":""},"class_list":["post-90","page","type-page","status-publish","hentry"],"_links":{"self":[{"href":"https:\/\/firmalan.com\/sv\/wp-json\/wp\/v2\/pages\/90","targetHints":{"allow":["GET"]}}],"collection":[{"href":"https:\/\/firmalan.com\/sv\/wp-json\/wp\/v2\/pages"}],"about":[{"href":"https:\/\/firmalan.com\/sv\/wp-json\/wp\/v2\/types\/page"}],"author":[{"embeddable":true,"href":"https:\/\/firmalan.com\/sv\/wp-json\/wp\/v2\/users\/1"}],"replies":[{"embeddable":true,"href":"https:\/\/firmalan.com\/sv\/wp-json\/wp\/v2\/comments?post=90"}],"version-history":[{"count":5,"href":"https:\/\/firmalan.com\/sv\/wp-json\/wp\/v2\/pages\/90\/revisions"}],"predecessor-version":[{"id":1689,"href":"https:\/\/firmalan.com\/sv\/wp-json\/wp\/v2\/pages\/90\/revisions\/1689"}],"up":[{"embeddable":true,"href":"https:\/\/firmalan.com\/sv\/wp-json\/wp\/v2\/pages\/114"}],"wp:attachment":[{"href":"https:\/\/firmalan.com\/sv\/wp-json\/wp\/v2\/media?parent=90"}],"curies":[{"name":"wp","href":"https:\/\/api.w.org\/{rel}","templated":true}]}}