{"id":881,"date":"2018-10-17T10:37:00","date_gmt":"2018-10-17T08:37:00","guid":{"rendered":"https:\/\/firmalan.com\/sv\/?page_id=881"},"modified":"2019-02-01T10:29:37","modified_gmt":"2019-02-01T09:29:37","slug":"fendea","status":"publish","type":"page","link":"https:\/\/firmalan.com\/sv\/lana-pengar\/fendea\/","title":{"rendered":"Fendea Finans"},"content":{"rendered":"<div class=\"section-content\">\n<div class=\"row\">\n<div class=\"feature-item col-lg-6 col-sm-6 wow slideInUp\">\n<div class=\"feature-media\"><img decoding=\"async\" src=\"https:\/\/firmalan.com\/sv\/wp-content\/uploads\/2018\/10\/fendeafinans-1.jpg\" \/><\/div>\n<\/div>\n<div class=\"feature-item col-lg-6 col-sm-6 wow slideInUp\">\n<p>Fendea Finans grundades 2010 och \u00e4r ett dotterbolag till Fendea AB. I samband med att vi samlade in information om Fendea Finans AB och dess finansiella tj\u00e4nster observerade f\u00f6ljande: Hemsidan fendo.se inneh\u00e5ller mycket lite information om verksamheten och saknar \u00e4ven ett giltigt SSL-certifikat som s\u00e4krar kommunikationen till och fr\u00e5n webbplatsen. Dessutom kunde vi ej hitta moderbolaget Fendea AB eller n\u00e5got dotterbolag i Finansinspektionens f\u00f6retagsregister. D\u00e4rf\u00f6r vill vi uppmana v\u00e5ra bes\u00f6kare att \u00f6verv\u00e4ga att v\u00e4lja en annan l\u00e5neakt\u00f6r tills Fendea r\u00e4ttat till dessa utpekade brister.\n<\/p><\/div>\n<p>Fokus f\u00f6r Fendea har sedan starten varit factoring genom att erbjuda f\u00f6retag fakturak\u00f6p, 2012 registreras verksamheten som finansiellt institut hos Finansinspektionen (Observera att vi ej kunde hitta Fendea i FI:s-f\u00f6retagsregister 2018-10-17). Bolaget erbjuder sedan 2015 \u00e4ven f\u00f6retagsl\u00e5n, fastighetskrediter samt renodlade privatl\u00e5n. Fendea f\u00f6rst\u00e5r att f\u00f6retag som s\u00f6ker finansiering ofta \u00e4r h\u00e5rt pressade, d\u00e4rf\u00f6r har man som m\u00e5ls\u00e4ttning att kunna betala ut pengarna 1-2 dagar fr\u00e5n de att ans\u00f6kan blivit godk\u00e4nd, undataget \u00e4r fastighetskrediter d\u00e5 det handlar om betydligt st\u00f6rre l\u00e5nebelopp p\u00e5 mellan 5-40 mkr.  <\/p>\n<\/div>\n<\/div>\n<div class=\"section-color\">\n<div class=\"row\">\n<div class=\"feature-item col-lg-6 col-sm-6 wow slideInUp\">\n<p class=\"kapitel\">Fendea F\u00f6retagarl\u00e5n<\/p>\n<ul id=\"navlist\">\n<li>Belopp: 20.000 \u2013 400.000 kr<\/li>\n<li>L\u00f6ptid: 9-18 m\u00e5nader<\/li>\n<li>R\u00e4nesats: Betala 9% eller 18% av l\u00e5nebelopp<\/li>\n<\/ul>\n<\/div>\n<div class=\"feature-item col-lg-6 col-sm-6 wow slideInUp\">\n<p class=\"kapitel\">F\u00f6retagsl\u00e5n Full flex<\/p>\n<ul id=\"navlist\">\n<li>Belopp: 50.000 \u2013 400.000 kr<\/li>\n<li>L\u00f6ptid: 1 \u2013 3 \u00e5r<\/li>\n<li>R\u00e4nesats: 18 \u2013 30 % (individuell r\u00e4ntes\u00e4ttning till\u00e4mpas)<\/li>\n<li>Uppl\u00e4ggningsavgift: 775 kr<\/li>\n<\/ul>\n<\/div>\n<\/div>\n<\/div>\n<p><span style=\"color: #00529c; font-size: 16pt;\">Villkor:<\/span><\/p>\n<table>\n<tbody>\n<tr>\n<td bgcolor=\"#000\"><span style=\"color: #ffffff;\">R\u00e4nta<\/span><\/td>\n<td>Fast kostnad 9-18% av krediten el. 18-30%<\/td>\n<\/tr>\n<tr>\n<td bgcolor=\"#000\"><span style=\"color: #ffffff;\">Uppl\u00e4ggningsavgift<\/span><\/td>\n<td>0-775 kr<\/td>\n<\/tr>\n<tr>\n<td bgcolor=\"#000\"><span style=\"color: #ffffff;\">Borgens\u00e5tagande<\/span><\/td>\n<td>Pant i pantbrev, aktiepant eller personlig borgen.<\/td>\n<\/tr>\n<tr>\n<td bgcolor=\"#000\"><span style=\"color: #ffffff;\">F\u00f6rtidsinl\u00f6sen<\/span><\/td>\n<td>Ingen information.<\/td>\n<\/tr>\n<tr>\n<td bgcolor=\"#000\"><span style=\"color: #ffffff;\">Betalningsanm\u00e4rkning<\/span><\/td>\n<td>Ingen information.<\/td>\n<\/tr>\n<\/tbody>\n<\/table>\n<p><span style=\"color: #00529c; font-size: 16pt;\">Krav p\u00e5 f\u00f6retag som s\u00f6ker:<\/span><\/p>\n<table>\n<tbody>\n<tr>\n<td bgcolor=\"#000\"><span style=\"color: #ffffff;\">Oms\u00e4ttning<\/span><\/td>\n<td>Info saknas.<\/td>\n<\/tr>\n<tr>\n<td bgcolor=\"#000\"><span style=\"color: #ffffff;\">Historik<\/span><\/td>\n<td>Ditt f\u00f6retag har en rimlig kreditv\u00e4rdighet samt att era kunder har rimlig kreditv\u00e4rdighet.<\/td>\n<\/tr>\n<tr>\n<td bgcolor=\"#000\"><span style=\"color: #ffffff;\">\u00c4garskap<\/span><\/td>\n<td>Ans\u00f6kan kan endast uppr\u00e4ttas av VD eller annan firmatecknare.<\/td>\n<\/tr>\n<tr>\n<td bgcolor=\"#000\"><span style=\"color: #ffffff;\">F\u00f6retagsadress<\/span><\/td>\n<td>Verksamheten \u00e4r registrerad hos bolagsverket i Sverige.<\/td>\n<\/tr>\n<\/tbody>\n<\/table>\n<p><span style=\"color: #00529c; font-size: 16pt;\">F\u00f6ljande information\/dokumentation beh\u00f6vs:<\/span><\/p>\n<ul>\n<li>Tillg\u00e5ng till personligt BankID<\/li>\n<li>Du skall ha namnteckningsr\u00e4tt i f\u00f6retaget ensam eller tillsammans annan person<\/li>\n<li>F\u00f6retagets faktureringsuppgifter samt bankgironummer<\/li>\n<li>Namn p\u00e5 och e-postadresser till ansvariga personer och eventuell borgensm\u00e4n.<\/li>\n<\/ul>\n<hr \/>\n<p><strong>Fastighetskredit<\/strong><br \/>\nBelopp: 5.000.000 &#8211; 40.000.000 SEK<br \/>\nR\u00e4nta: fr\u00e5n ca 12%<br \/>\nL\u00f6ptid: 0,5-6 \u00e5r<br \/>\nS\u00e4kerhet: Pant i pantbrev, aktiepant och\/eller \u00e4garborgen.<\/p>\n<p>Observera att villkoren varierar och beror p\u00e5 vilken risk uppl\u00e4gget har. Kreditpr\u00f6vning sker hos UC.<\/p>\n<p><strong>Fendea Factoring<\/strong><\/p>\n<p>Lider er verksamhet av illikviditet \u00e4r det m\u00f6jligt att s\u00e4lja en eller flera fakturor till Fendea och f\u00e5 betalningen redan inom 24 timmar. Skicka in elektroniska eller utskrivna underlag f\u00f6r alla kundfodringar ni \u00f6nskar s\u00e4lja, skickas fakturorna in som PDF eller annat digitalt format ges svar normalt samma dag.<\/p>\n<p>&nbsp;<\/p>\n<h4>\u00d6PPETTIDER KUNDTJ\u00c4NST:<\/h4>\n<table class=\"table table-striped\" border=\"0\">\n<tbody>\n<tr>\n<td valign=\"top\" width=\"150\">M\u00e5ndag \u2013 Fredagar<\/td>\n<td valign=\"top\" width=\"100\">08:00 \u2013 17:00<\/td>\n<\/tr>\n<tr>\n<td valign=\"top\" width=\"150\">Helg<\/td>\n<td valign=\"top\" width=\"100\">St\u00e4ngt<\/td>\n<\/tr>\n<\/tbody>\n<\/table>\n<blockquote><p>Telefon: +46 (0) 8 5333 93 55<br \/>\nE-mail: <a href=\"mailto:info@fendea.se\">info@fendea.se.<\/a><\/p><\/blockquote>\n<blockquote class=\"theme\"><p>Fendea Finans AB<\/p>\n<h4>ADRESS:<\/h4>\n<p>Strandv\u00e4gen 5A<br \/>\n11451 Stockholm<br \/>\nOrg. nr: 556821-3499<\/p><\/blockquote>\n","protected":false},"excerpt":{"rendered":"<p>Fendea Finans grundades 2010 och \u00e4r ett dotterbolag till Fendea AB. I samband med att vi samlade in information om Fendea Finans AB och dess finansiella tj\u00e4nster observerade f\u00f6ljande: Hemsidan &#8230;<\/p>\n","protected":false},"author":1,"featured_media":883,"parent":164,"menu_order":19,"comment_status":"open","ping_status":"closed","template":"","meta":{"footnotes":""},"class_list":["post-881","page","type-page","status-publish","has-post-thumbnail","hentry"],"_links":{"self":[{"href":"https:\/\/firmalan.com\/sv\/wp-json\/wp\/v2\/pages\/881","targetHints":{"allow":["GET"]}}],"collection":[{"href":"https:\/\/firmalan.com\/sv\/wp-json\/wp\/v2\/pages"}],"about":[{"href":"https:\/\/firmalan.com\/sv\/wp-json\/wp\/v2\/types\/page"}],"author":[{"embeddable":true,"href":"https:\/\/firmalan.com\/sv\/wp-json\/wp\/v2\/users\/1"}],"replies":[{"embeddable":true,"href":"https:\/\/firmalan.com\/sv\/wp-json\/wp\/v2\/comments?post=881"}],"version-history":[{"count":5,"href":"https:\/\/firmalan.com\/sv\/wp-json\/wp\/v2\/pages\/881\/revisions"}],"predecessor-version":[{"id":981,"href":"https:\/\/firmalan.com\/sv\/wp-json\/wp\/v2\/pages\/881\/revisions\/981"}],"up":[{"embeddable":true,"href":"https:\/\/firmalan.com\/sv\/wp-json\/wp\/v2\/pages\/164"}],"wp:featuredmedia":[{"embeddable":true,"href":"https:\/\/firmalan.com\/sv\/wp-json\/wp\/v2\/media\/883"}],"wp:attachment":[{"href":"https:\/\/firmalan.com\/sv\/wp-json\/wp\/v2\/media?parent=881"}],"curies":[{"name":"wp","href":"https:\/\/api.w.org\/{rel}","templated":true}]}}