{"id":870,"date":"2018-10-24T06:57:00","date_gmt":"2018-10-24T04:57:00","guid":{"rendered":"https:\/\/firmalan.com\/sv\/?page_id=870"},"modified":"2019-11-20T12:50:48","modified_gmt":"2019-11-20T11:50:48","slug":"sbab","status":"publish","type":"page","link":"https:\/\/firmalan.com\/sv\/lana-pengar\/sbab\/","title":{"rendered":"SBAB"},"content":{"rendered":"<div class=\"section-content\">\n<div class=\"row\">\n<div class=\"feature-item col-lg-6 col-sm-6 wow slideInUp\">\n<div class=\"feature-media\"><img decoding=\"async\" src=\"https:\/\/firmalan.com\/sv\/wp-content\/uploads\/2018\/10\/sbab.jpg\" \/><\/div>\n<\/div>\n<div class=\"feature-item col-lg-6 col-sm-6 wow slideInUp\">\n<p>SBAB Bank \u00e4r en statligt \u00e4gd bankverksamhet grundad 1985. SBAB \u00e4r i f\u00f6rsta hand k\u00e4nt f\u00f6r sina bol\u00e5n till privata hush\u00e5ll, men banken l\u00e5nar \u00e4ven ut pengar till f\u00f6retag. Erbjudandet om Fastighetsl\u00e5n fr\u00e5n SBAB riktar sig till v\u00e4letablerade fastighetsbolag med minst 200 l\u00e4genheter samt bostadsr\u00e4ttsf\u00f6reningar med minst 40 l\u00e4genheter. Fastighetsbolag kan l\u00e5na 50.000.000 kr eller mer och bostadsr\u00e4ttsf\u00f6reningar kan l\u00e5na 20.000.000 kr och upp\u00e5t.<\/p>\n<\/div>\n<p><strong>Gr\u00f6na l\u00e5n<\/strong> &#8211; \u00e4r en specialiserad finansieringsform som stimulerar energieffektivisering av bostadsr\u00e4ttsf\u00f6reningar och fastighetsbolag. Denna typ av l\u00e5n kan erbjudas till kunder med minst 10 miljoner i l\u00e5n hos SBAB. L\u00e5neformen ber\u00e4ttigar till en r\u00e4nterabatt.<\/p>\n<h6>F\u00f6ljande investeringar kan g\u00f6ras:<\/h6>\n<ul>\n<li>Till\u00e4ggsisolering av tak eller fasader<\/li>\n<li>F\u00f6nsterbyte till energisn\u00e5lare alternativ<\/li>\n<li>F\u00f6r\u00e4ndrad ventilation<\/li>\n<li>Byte av v\u00e4rmek\u00e4lla<\/li>\n<li>Byte av allm\u00e4nbelysning till LED och tidsstyrning<\/li>\n<li>M\u00e4tningsutrustning av el eller vatten<\/li>\n<\/ul>\n<hr \/>\n<h6>Milj\u00f6f\u00f6rb\u00e4ttrande \u00e5tg\u00e4rder kan omfatta:<\/h6>\n<ul>\n<li>Uppgradering till nybyggnadsnorm av ventilation<\/li>\n<li>Sanering samt utbyte av giftigt material (PCB, asbest)<\/li>\n<li>Byte av tv\u00e4ttstugeutrustning till mer energi\/milj\u00f6effektiva produkter<\/li>\n<\/ul>\n<p>Ans\u00f6ka om dessa l\u00e5n kan inte g\u00f6ras direkt online utan kr\u00e4ver att ni kontaktar SBAB och bokar in ett personligt m\u00f6te.<\/p>\n<\/div>\n<\/div>\n<div class=\"section-color\">\n<div class=\"row\">\n<div class=\"feature-item col-lg-6 col-sm-6 wow slideInUp\">\n<p class=\"kapitel\">Fastighetsl\u00e5n<\/p>\n<ul id=\"navlist\">\n<li>Belopp: Fastighetsbolag upp till 50 MKR<br \/>\nBostadsr\u00e4ttsf\u00f6reningar upp till 20 MKR<\/li>\n<li>L\u00f6ptid: ca 40 \u00e5r<\/li>\n<li>R\u00e4ntesats: Varierar<\/li>\n<li>Avgifter: Ingen uppgift<\/li>\n<\/ul>\n<\/div>\n<div class=\"feature-item col-lg-6 col-sm-6 wow slideInUp\">\n<p class=\"kapitel\">Ans\u00f6kan<\/p>\n<ul id=\"navlist\">\n<li>Fastighetsl\u00e5n f\u00f6r st\u00f6rre projekt och byggnationer.<\/li>\n<li>Kontakta SBAB f\u00f6r mer information och m\u00f6te med banktj\u00e4nsteman.<\/li>\n<\/ul>\n<\/div>\n<\/div>\n<\/div>\n<p><span style=\"color: #00529c; font-size: 16pt;\">Villkor:<\/span><\/p>\n<table>\n<tbody>\n<tr>\n<td bgcolor=\"#000\"><span style=\"color: #ffffff;\">R\u00e4nta<\/span><\/td>\n<td>Minsta m\u00f6jliga 0,5% enligt l\u00e5nevillkor. Varierar med utg\u00e5ngspunkt i aktuella bol\u00e5ner\u00e4ntor 0,96%-1,49%.<\/td>\n<\/tr>\n<tr>\n<td bgcolor=\"#000\"><span style=\"color: #ffffff;\">Uppl\u00e4ggningsavgift<\/span><\/td>\n<td>Uppgift saknas.<\/td>\n<\/tr>\n<tr>\n<td bgcolor=\"#000\"><span style=\"color: #ffffff;\">Borgens\u00e5tagande<\/span><\/td>\n<td>Personlig borgen av huvud\u00e4gare eller vd f\u00f6r bolaget. Alternativt annan s\u00e4kerhet s\u00e5 som pant i fastighet\/bostadsr\u00e4tt eller f\u00f6retagshypotek<br \/>\n.<\/td>\n<\/tr>\n<tr>\n<td bgcolor=\"#000\"><span style=\"color: #ffffff;\">F\u00f6rtidsinl\u00f6sen<\/span><\/td>\n<td>Olika villkor beroende p\u00e5 om l\u00e5neformen \u00e4r bunden eller obunden. F\u00f6rtidsinl\u00f6sen \u00e4r m\u00f6jlig, kontakta SBAB f\u00f6r mer information.<\/td>\n<\/tr>\n<tr>\n<td bgcolor=\"#000\"><span style=\"color: #ffffff;\">Betalningsanm\u00e4rkning<\/span><\/td>\n<td>F\u00f6rsv\u00e5rar m\u00f6jligheterna till att f\u00e5 l\u00e5na.<\/td>\n<\/tr>\n<\/tbody>\n<\/table>\n<p><span style=\"color: #00529c; font-size: 16pt;\">Krav p\u00e5 f\u00f6retag\/f\u00f6rening som s\u00f6ker:<\/span><\/p>\n<table>\n<tbody>\n<tr>\n<td bgcolor=\"#000\"><span style=\"color: #ffffff;\">Oms\u00e4ttning<\/span><\/td>\n<td>Uppgift saknas.<\/td>\n<\/tr>\n<tr>\n<td bgcolor=\"#000\"><span style=\"color: #ffffff;\">Historik<\/span><\/td>\n<td>Ditt f\u00f6retag har en rimlig kreditv\u00e4rdighet samt att era kunder har rimlig kreditv\u00e4rdighet.<\/td>\n<\/tr>\n<tr>\n<td bgcolor=\"#000\"><span style=\"color: #ffffff;\">\u00c4garskap<\/span><\/td>\n<td>Ans\u00f6kan fr\u00e5n fastighetsbolag kan endast uppr\u00e4ttas av \u00e4gare, VD eller annan firmatecknare. Ans\u00f6kan fr\u00e5n bostadsr\u00e4ttsf\u00f6reningar uppr\u00e4ttas av styrelsen.<\/td>\n<\/tr>\n<tr>\n<td bgcolor=\"#000\"><span style=\"color: #ffffff;\">F\u00f6retagsadress<\/span><\/td>\n<td>Verksamheten \u00e4r registrerad hos bolagsverket i Sverige.<\/td>\n<\/tr>\n<\/tbody>\n<\/table>\n<p><span style=\"color: #00529c; font-size: 16pt;\">F\u00f6ljande information\/dokumentation beh\u00f6vs:<\/span><\/p>\n<ul>\n<li>Budget Senaste resultat- och balansrapport<\/li>\n<li>Senaste \u00e5rsredovisning eller \u00e5rsbokslut<\/li>\n<li>Undertecknade och vidimerade kopior p\u00e5 firmatecknares ID-handlingar<\/li>\n<li>Styrelseledam\u00f6ter (personnummer och namn) samt revisor (om s\u00e5dan finns)<\/li>\n<li>Aktuell v\u00e4rdering samt f\u00f6rs\u00e4kringsbevis (g\u00e4ller vid pant av fastighet\/l\u00e4genhet)<\/li>\n<\/ul>\n<p>F\u00f6r f\u00f6reningar och stiftelser skall dessutom f\u00f6ljande dokument bifogas:<\/p>\n<ul>\n<li>Vidimerad kopia av stadgar<\/li>\n<li>Registreringsbevis el. vidimerad kopia av protokoll d\u00e4r firmatecknare framg\u00e5r<\/li>\n<li>Dokumentet &#8220;Medgivande och fullmakt&#8221; f\u00f6r Bostadsr\u00e4ttsf\u00f6rening skall undertecknas och ins\u00e4ndas<\/li>\n<li>Vidimerad kopia av styrelseprotokoll d\u00e4r beslut att uppta l\u00e5net framg\u00e5r<\/li>\n<\/ul>\n<h2>Sparm\u00f6jligheter f\u00f6r f\u00f6retagskunder<\/h2>\n<p>Samtliga sparkonton hos SBAB omfattas av den statliga ins\u00e4ttningsgarantin.<\/p>\n<h5>SBAB-konto<\/h5>\n<p>\u00c4r ett sparkonto f\u00f6r f\u00f6retag och bostadsr\u00e4ttsf\u00f6reningar med sparr\u00e4nta p\u00e5 0,35 % upp till 25 miljoner, 0,15% p\u00e5 sparkapital i storleksordningen 25-50 miljoner samt 0,05% r\u00e4nta p\u00e5 saldo \u00f6ver 50 miljoner upp till 100 miljoner. Kontot har fria uttag, kostar inget och saknar fast bindningstid. Maximalt kan f\u00f6retagskunder ha ett totalt saldo om 100.000.000 kr. SBAB v\u00e4lkomnar \u00e4ven finansiella kunder exempelvis l\u00e5nef\u00f6retag (kreditinstitut) eller v\u00e4rdepappersf\u00f6retag till att bli bankkunder. Andra juridiska personer som huvudsakligen betraktas bedriva finansiell verksamhet \u00e5l\u00e4ggs betala en extra avgift p\u00e5 motsvarande 1,5 % per \u00e5r ber\u00e4knad p\u00e5 det h\u00f6gsta saldobeloppet under innevarande kalenderm\u00e5nad, avgiften ber\u00e4knas och debiteras m\u00e5nadsvis alternativt i samband med kontoavslut.<\/p>\n<h5>Placeringskonto<\/h5>\n<p>Placeringskontot \u00e4r ett alternativ f\u00f6r den som s\u00f6ker b\u00e4ttre r\u00e4nteavkastning och \u00e4r villig att binda pengarna hos SBAB i 1-5 \u00e5r. Placera 40.000 &#8211; 7.000.000 kr och f\u00e5 \u00e5rsvis avkastning utifr\u00e5n aktuella fasta r\u00e4ntesatser p\u00e5 0,51-1,34%, r\u00e4ntan varierar beroende p\u00e5 hur l\u00e5ng bindningstiden \u00e4r. Kontot \u00e4r kostnadsfritt.<\/p>\n<hr \/>\n<p>&nbsp;<\/p>\n<h4>\u00d6PPETTIDER KUNDTJ\u00c4NST:<\/h4>\n<table class=\"table table-striped\" border=\"0\">\n<tbody>\n<tr>\n<td valign=\"top\" width=\"150\">M\u00e5ndag \u2013 Fredagar<\/td>\n<td valign=\"top\" width=\"100\">08:00 \u2013 19:00<\/td>\n<\/tr>\n<tr>\n<td valign=\"top\" width=\"150\">Helg<\/td>\n<td valign=\"top\" width=\"100\">St\u00e4ngt<\/td>\n<\/tr>\n<\/tbody>\n<\/table>\n<blockquote><p>Telefon: 0771-45 30 30<br \/>\nE-mail: <a href=\"mailto:foretag-brf@sbab.se\">foretag-brf@sbab.se.<\/a><\/p><\/blockquote>\n<blockquote class=\"theme\"><p>SBAB Bank AB (F\u00f6retag &amp; Brf-kunder)<\/p>\n<h4>ADRESS:<\/h4>\n<p>Svetsarv\u00e4gen 24<br \/>\n171 41 Solna<br \/>\nOrg. nr: 556253-7513<\/p><\/blockquote>\n","protected":false},"excerpt":{"rendered":"<p>SBAB Bank \u00e4r en statligt \u00e4gd bankverksamhet grundad 1985. SBAB \u00e4r i f\u00f6rsta hand k\u00e4nt f\u00f6r sina bol\u00e5n till privata hush\u00e5ll, men banken l\u00e5nar \u00e4ven ut pengar till f\u00f6retag. Erbjudandet &#8230;<\/p>\n","protected":false},"author":1,"featured_media":871,"parent":164,"menu_order":45,"comment_status":"open","ping_status":"closed","template":"","meta":{"footnotes":""},"class_list":["post-870","page","type-page","status-publish","has-post-thumbnail","hentry"],"_links":{"self":[{"href":"https:\/\/firmalan.com\/sv\/wp-json\/wp\/v2\/pages\/870","targetHints":{"allow":["GET"]}}],"collection":[{"href":"https:\/\/firmalan.com\/sv\/wp-json\/wp\/v2\/pages"}],"about":[{"href":"https:\/\/firmalan.com\/sv\/wp-json\/wp\/v2\/types\/page"}],"author":[{"embeddable":true,"href":"https:\/\/firmalan.com\/sv\/wp-json\/wp\/v2\/users\/1"}],"replies":[{"embeddable":true,"href":"https:\/\/firmalan.com\/sv\/wp-json\/wp\/v2\/comments?post=870"}],"version-history":[{"count":10,"href":"https:\/\/firmalan.com\/sv\/wp-json\/wp\/v2\/pages\/870\/revisions"}],"predecessor-version":[{"id":2036,"href":"https:\/\/firmalan.com\/sv\/wp-json\/wp\/v2\/pages\/870\/revisions\/2036"}],"up":[{"embeddable":true,"href":"https:\/\/firmalan.com\/sv\/wp-json\/wp\/v2\/pages\/164"}],"wp:featuredmedia":[{"embeddable":true,"href":"https:\/\/firmalan.com\/sv\/wp-json\/wp\/v2\/media\/871"}],"wp:attachment":[{"href":"https:\/\/firmalan.com\/sv\/wp-json\/wp\/v2\/media?parent=870"}],"curies":[{"name":"wp","href":"https:\/\/api.w.org\/{rel}","templated":true}]}}