{"id":864,"date":"2018-10-13T18:59:00","date_gmt":"2018-10-13T16:59:00","guid":{"rendered":"https:\/\/firmalan.com\/sv\/?page_id=864"},"modified":"2019-11-20T12:47:24","modified_gmt":"2019-11-20T11:47:24","slug":"resurs-bank","status":"publish","type":"page","link":"https:\/\/firmalan.com\/sv\/lana-pengar\/resurs-bank\/","title":{"rendered":"Resurs Bank"},"content":{"rendered":"<div class=\"section-content\">\n<div class=\"row\">\n<div class=\"feature-item col-lg-6 col-sm-6 wow slideInUp\">\n<div class=\"feature-media\"><img decoding=\"async\" src=\"https:\/\/firmalan.com\/sv\/wp-content\/uploads\/2018\/10\/resurs.jpg\" \/><\/div>\n<\/div>\n<div class=\"feature-item col-lg-6 col-sm-6 wow slideInUp\">\n<p>Resurs Bank bedriver verksamhet i hela Norden och erbjuder i f\u00f6rsta hand med smarta betall\u00f6sningar och tillf\u00e4llig finansiering f\u00f6r privatpersoner och f\u00f6retag. I dagsl\u00e4get har Resurs Bank \u00f6ver 5,7 miljoner kunder inom delbetalning, kreditkort, privatl\u00e5n samt f\u00f6rs\u00e4kring.<br \/>\n<span style=\"color: #f4f4f4;\"><strong><a class=\"btn btn-theme-primary btn-lg\" style=\"color: #f4f4f4;\" title=\"\u27a4Resurs Bank\" href=\"https:\/\/firmalan.com\/sv\/go\/fakturino\/\" target=\"_blank\" rel=\"nofollow noopener noreferrer\">\u27a4 J\u00e4mf\u00f6r Resurs Bank hos Fakturino<\/a><\/strong><\/span>\n<\/div>\n<p>Bland Resurs Bank f\u00f6retagstj\u00e4nster \u00e5terfinns betall\u00f6sningar, factoring och sparande. I skrivandets stund erbjuds inga f\u00f6retagsl\u00e5n utan enbart f\u00f6rs\u00e4ljning\/bel\u00e5ning av fakturor.  N\u00e5gra v\u00e4lk\u00e4nda bolag som samarbetar med Resurs Bank \u00e4r m\u00f6belbutiken Mio, resebyr\u00e5n Ticket, elektronikhuset Netonnet och byggvaruhuset Bauhaus.<\/p>\n<p>Resurs checkout \u00e4r en popul\u00e4r aff\u00e4rsutchecking f\u00f6r e-handel, d\u00e4r kunder kan v\u00e4lja mellan Swish, faktura, kort, delbetalning och Masterpass.<\/p>\n<p>Resurs Bank grundades 1977, idag ing\u00e5r man i den nordiska resurskoncernen d\u00e4r \u00e4ven systerbolagen Solid F\u00f6rs\u00e4kring och yA Bank ing\u00e5r.  <\/p>\n<\/div>\n<\/div>\n<hr \/>\n<p>&nbsp;<\/p>\n<h4>\u00d6PPETTIDER KUNDTJ\u00c4NST:<\/h4>\n<table class=\"table table-striped\" border=\"0\">\n<tbody>\n<tr>\n<td valign=\"top\" width=\"150\">M\u00e5ndag \u2013 Fredag<\/td>\n<td valign=\"top\" width=\"100\">08:00-18:00<\/td>\n<\/tr>\n<tr>\n<td valign=\"top\" width=\"150\">L\u00f6rdag<\/td>\n<td valign=\"top\" width=\"100\">St\u00e4ngt<\/td>\n<\/tr>\n<tr>\n<td valign=\"top\" width=\"150\">S\u00f6ndag<\/td>\n<td valign=\"top\" width=\"100\">St\u00e4ngt<\/td>\n<\/tr>\n<\/tbody>\n<\/table>\n<blockquote><p>Telefon: 0771\u201311 22 33<br \/>\nE-mail: <a href=\"mailto:kundservice@resurs.se\">kundservice@resurs.se.<\/a><\/p><\/blockquote>\n<blockquote class=\"theme\"><p>Resurs Bank AB<\/p>\n<h4>ADRESS:<\/h4>\n<p>Box 222 09<br \/>\nSE-250 24<br \/>\nHelsingborg<br \/>\nOrg. nr: 516401-0208<\/p><\/blockquote>\n","protected":false},"excerpt":{"rendered":"<p>Resurs Bank bedriver verksamhet i hela Norden och erbjuder i f\u00f6rsta hand med smarta betall\u00f6sningar och tillf\u00e4llig finansiering f\u00f6r privatpersoner och f\u00f6retag. I dagsl\u00e4get har Resurs Bank \u00f6ver 5,7 miljoner &#8230;<\/p>\n","protected":false},"author":1,"featured_media":865,"parent":164,"menu_order":44,"comment_status":"open","ping_status":"closed","template":"","meta":{"footnotes":""},"class_list":["post-864","page","type-page","status-publish","has-post-thumbnail","hentry"],"_links":{"self":[{"href":"https:\/\/firmalan.com\/sv\/wp-json\/wp\/v2\/pages\/864","targetHints":{"allow":["GET"]}}],"collection":[{"href":"https:\/\/firmalan.com\/sv\/wp-json\/wp\/v2\/pages"}],"about":[{"href":"https:\/\/firmalan.com\/sv\/wp-json\/wp\/v2\/types\/page"}],"author":[{"embeddable":true,"href":"https:\/\/firmalan.com\/sv\/wp-json\/wp\/v2\/users\/1"}],"replies":[{"embeddable":true,"href":"https:\/\/firmalan.com\/sv\/wp-json\/wp\/v2\/comments?post=864"}],"version-history":[{"count":3,"href":"https:\/\/firmalan.com\/sv\/wp-json\/wp\/v2\/pages\/864\/revisions"}],"predecessor-version":[{"id":2033,"href":"https:\/\/firmalan.com\/sv\/wp-json\/wp\/v2\/pages\/864\/revisions\/2033"}],"up":[{"embeddable":true,"href":"https:\/\/firmalan.com\/sv\/wp-json\/wp\/v2\/pages\/164"}],"wp:featuredmedia":[{"embeddable":true,"href":"https:\/\/firmalan.com\/sv\/wp-json\/wp\/v2\/media\/865"}],"wp:attachment":[{"href":"https:\/\/firmalan.com\/sv\/wp-json\/wp\/v2\/media?parent=864"}],"curies":[{"name":"wp","href":"https:\/\/api.w.org\/{rel}","templated":true}]}}