{"id":858,"date":"2018-10-11T13:34:00","date_gmt":"2018-10-11T11:34:00","guid":{"rendered":"https:\/\/firmalan.com\/sv\/?page_id=858"},"modified":"2019-11-20T10:48:23","modified_gmt":"2019-11-20T09:48:23","slug":"ekobanken","status":"publish","type":"page","link":"https:\/\/firmalan.com\/sv\/lana-pengar\/ekobanken\/","title":{"rendered":"Ekobanken"},"content":{"rendered":"<div class=\"section-content\">\n<div class=\"row\">\n<div class=\"feature-item col-lg-6 col-sm-6 wow slideInUp\">\n<div class=\"feature-media\"><img decoding=\"async\" src=\"https:\/\/firmalan.com\/sv\/wp-content\/uploads\/2018\/10\/Ekobanken-logo-1.jpg\" \/><\/div>\n<\/div>\n<div class=\"feature-item col-lg-6 col-sm-6 wow slideInUp\">\n<p>Ekobanken driver en bankverksamhet som specialiserar p\u00e5 social ekonomi och h\u00e5llbart f\u00f6retagande. F\u00f6r att kunna kvalificera som l\u00e5ntagare<br \/>\nskall verksamheten skapa ett tydligt ekologiskt, socialt eller kulturellt merv\u00e4rd. I dagsl\u00e4get kan Ekobanken erbjuda l\u00e5n och kontokrediter, garantier och garantiavtal till utvalda f\u00f6retag och f\u00f6reningar. Samtliga l\u00e5netyper hos Ekobanken kr\u00e4ver n\u00e5gon form av s\u00e4kerhet, vid f\u00f6retagsl\u00e5n anv\u00e4nds huvudsakligen personlig borgen eller f\u00f6retagshypotek.<\/p>\n<\/div>\n<h3>Kreditans\u00f6kan<\/h3>\n<p>F\u00f6retag uppr\u00e4ttar ans\u00f6kan om l\u00e5n via ett dokument inneh\u00e5llande kreditans\u00f6kan som skrivs ut, ifylls och sedan skickas in per post\/fax.<\/p>\n<p>Kreditans\u00f6kan beh\u00f6ver inneh\u00e5lla f\u00f6ljande:<\/p>\n<ul>\n<li>F\u00f6retagsuppgifter<\/li>\n<li>Beskrivning av verksamhet<\/li>\n<li>\u00d6nskem\u00e5l om l\u00e5nebelopp<\/li>\n<li>\u00c4ndam\u00e5l med l\u00e5net<\/li>\n<li>F\u00f6rslag till s\u00e4kerhet<\/li>\n<li>Bifoga beg\u00e4rda dokument<\/li>\n<li>Underskrifter<\/li>\n<\/ul>\n<p>Att ans\u00f6kningsprocessen inte \u00e4r elektronisk medf\u00f6r l\u00e4ngre behandlingstid j\u00e4mf\u00f6rt med l\u00e5n som anv\u00e4nder BankID.<\/p>\n<p>Om ans\u00f6kan blir godk\u00e4nd kommer du att erh\u00e5lla ett l\u00e5neerbjudande fr\u00e5n Ekobanken, efter mottaget erbjudande har du sex m\u00e5nader p\u00e5 dig att best\u00e4mma om du vill acceptera detta eller inte. Det kostar aldrig n\u00e5got att uppr\u00e4tta en kreditans\u00f6kan och den \u00e4r ej bindande.<\/p>\n<\/div>\n<\/div>\n<div class=\"section-color\">\n<div class=\"row\">\n<div class=\"feature-item col-lg-6 col-sm-6 wow slideInUp\">\n<p class=\"kapitel\">Kontokredit<\/p>\n<ul id=\"navlist\">\n<li>Belopp: Uppgift saknas<\/li>\n<li>L\u00f6ptid: \u00c5rsvis<\/li>\n<li>R\u00e4ntesats:8%<\/li>\n<li>\u00c5rsavgift: 1% av beviljat kreditbelopp per \u00e5r<\/li>\n<\/ul>\n<\/div>\n<div class=\"feature-item col-lg-6 col-sm-6 wow slideInUp\">\n<p class=\"kapitel\">Ans\u00f6kan<\/p>\n<ul id=\"navlist\">\n<li>Ans\u00f6kan f\u00f6ruts\u00e4tter medlemskap i banken<\/li>\n<li>F\u00e5 svar p\u00e5 ans\u00f6kan inom en 1-5 dagar<\/li>\n<li>Du har sex m\u00e5nader p\u00e5 dig att acceptera eventuellt l\u00e5neerbjudande<\/li>\n<\/ul>\n<\/div>\n<\/div>\n<\/div>\n<p><span style=\"color: #00529c; font-size: 16pt;\">Villkor:<\/span><\/p>\n<table>\n<tbody>\n<tr>\n<td bgcolor=\"#000\"><span style=\"color: #ffffff;\">R\u00e4nta<\/span><\/td>\n<td>Kontokredit 8%. Kontakta Ekobanken f\u00f6r info om r\u00e4ntesatser vid f\u00f6retagsl\u00e5n.<\/td>\n<\/tr>\n<tr>\n<td bgcolor=\"#000\"><span style=\"color: #ffffff;\">Uppl\u00e4ggningsavgift<\/span><\/td>\n<td>\u00c5rsavgift kontokredit 1% av beviljad kredit. 3 000 kr f\u00f6r l\u00e5n\/garantier.<\/td>\n<\/tr>\n<tr>\n<td bgcolor=\"#000\"><span style=\"color: #ffffff;\">Borgens\u00e5tagande<\/span><\/td>\n<td>Personlig borgen av huvud\u00e4gare eller vd f\u00f6r bolaget. Alternativt annan s\u00e4kerhet s\u00e5 som pant i fastighet\/bostadsr\u00e4tt eller f\u00f6retagshypotek<br \/>\n.<\/td>\n<\/tr>\n<tr>\n<td bgcolor=\"#000\"><span style=\"color: #ffffff;\">F\u00f6rtidsinl\u00f6sen<\/span><\/td>\n<td>F\u00f6rtidsinl\u00f6sen \u00e4r m\u00f6jlig, du betalar d\u00e5 endast f\u00f6r den tid du nyttjat l\u00e5net.<\/td>\n<\/tr>\n<tr>\n<td bgcolor=\"#000\"><span style=\"color: #ffffff;\">Betalningsanm\u00e4rkning<\/span><\/td>\n<td>Det g\u00e5r att s\u00f6ka l\u00e5n trots en eller flera anm\u00e4rkningar.<\/td>\n<\/tr>\n<\/tbody>\n<\/table>\n<p><span style=\"color: #00529c; font-size: 16pt;\">Krav p\u00e5 f\u00f6retag som s\u00f6ker:<\/span><\/p>\n<table>\n<tbody>\n<tr>\n<td bgcolor=\"#000\"><span style=\"color: #ffffff;\">Oms\u00e4ttning<\/span><\/td>\n<td>Alla bolagsformer kan ans\u00f6ka, Ekobanken st\u00e4ller s\u00e4rskilda krav p\u00e5 att f\u00f6retaget skapar ekologiskt, socialt eller kulturellt merv\u00e4rd .<\/td>\n<\/tr>\n<tr>\n<td bgcolor=\"#000\"><span style=\"color: #ffffff;\">Historik<\/span><\/td>\n<td>Ditt f\u00f6retag har en rimlig kreditv\u00e4rdighet samt att era kunder har rimlig kreditv\u00e4rdighet.<\/td>\n<\/tr>\n<tr>\n<td bgcolor=\"#000\"><span style=\"color: #ffffff;\">\u00c4garskap<\/span><\/td>\n<td>Ans\u00f6kan kan endast uppr\u00e4ttas av \u00e4gare, VD eller annan firmatecknare.<\/td>\n<\/tr>\n<tr>\n<td bgcolor=\"#000\"><span style=\"color: #ffffff;\">F\u00f6retagsadress<\/span><\/td>\n<td>Verksamheten \u00e4r registrerad hos bolagsverket i Sverige.<\/td>\n<\/tr>\n<\/tbody>\n<\/table>\n<p><span style=\"color: #00529c; font-size: 16pt;\">F\u00f6ljande information\/dokumentation beh\u00f6vs:<\/span><\/p>\n<ul>\n<li>Budget Senaste resultat- och balansrapport (g\u00e4ller ej nystartade f\u00f6retag)<\/li>\n<li>Senaste \u00e5rsredovisning eller \u00e5rsbokslut (g\u00e4ller ej nystartade f\u00f6retag)<\/li>\n<li>Undertecknade och vidimerade kopior p\u00e5 firmatecknares ID-handlingar<\/li>\n<li>Styrelseledam\u00f6ter (personnummer och namn) samt revisor (om s\u00e5dan finns)<\/li>\n<li>Aktuell v\u00e4rdering samt f\u00f6rs\u00e4kringsbevis (g\u00e4ller vid pant av fastighet\/l\u00e4genhet)<\/li>\n<\/ul>\n<p>F\u00f6r f\u00f6reningar och stiftelser skall dessutom f\u00f6ljande dokument bifogas:<\/p>\n<ul>\n<li>Vidimerad kopia av stadgar<\/li>\n<li>Registreringsbevis el. vidimerad kopia av protokoll d\u00e4r firmatecknare framg\u00e5r<\/li>\n<li>Vidimerad kopia av styrelseprotokoll d\u00e4r beslut att uppta l\u00e5net framg\u00e5r<\/li>\n<\/ul>\n<p>Embryot till Ekobanken grundades i J\u00e4rna 1980, d\u00e5 som Fria Kulturfonden. 1992 slogs Fria Kulturfonden samman med Sparkassan Sola och blev Ekosparkassan. 2017 var f\u00f6rsta \u00e5ret som Ekobanken kunde erbjuda fullst\u00e4ndiga betaltj\u00e4nster f\u00f6r f\u00f6retag. Ekobanken ing\u00e5r i en internationell bankr\u00f6relse kallad Social\/Sustainable Banking.<\/p>\n<hr \/>\n<p>&nbsp;<\/p>\n<h4>\u00d6PPETTIDER KUNDTJ\u00c4NST:<\/h4>\n<table class=\"table table-striped\" border=\"0\">\n<tbody>\n<tr>\n<td valign=\"top\" width=\"150\">M\u00e5ndag \u2013 Fredagar<\/td>\n<td valign=\"top\" width=\"100\">09:00 \u2013 12:00 &amp; 13:00 &#8211; 16:00<\/td>\n<\/tr>\n<tr>\n<td valign=\"top\" width=\"150\">Helg<\/td>\n<td valign=\"top\" width=\"100\">St\u00e4ngt<\/td>\n<\/tr>\n<\/tbody>\n<\/table>\n<blockquote><p>Telefon: 08-551 714 70<br \/>\nE-mail: <a href=\"mailto:info@ekobanken.se\">info@ekobanken.se.<\/a><\/p><\/blockquote>\n<blockquote class=\"theme\"><p>Ekobanken Medlemsbank<\/p>\n<h4>ADRESS:<\/h4>\n<p>Sk\u00e4ve Magasin<br \/>\nJ\u00e4rna<br \/>\nOrg. nr: 516401-9993<\/p><\/blockquote>\n","protected":false},"excerpt":{"rendered":"<p>Ekobanken driver en bankverksamhet som specialiserar p\u00e5 social ekonomi och h\u00e5llbart f\u00f6retagande. F\u00f6r att kunna kvalificera som l\u00e5ntagare skall verksamheten skapa ett tydligt ekologiskt, socialt eller kulturellt merv\u00e4rd. I dagsl\u00e4get &#8230;<\/p>\n","protected":false},"author":1,"featured_media":862,"parent":164,"menu_order":15,"comment_status":"open","ping_status":"closed","template":"","meta":{"footnotes":""},"class_list":["post-858","page","type-page","status-publish","has-post-thumbnail","hentry"],"_links":{"self":[{"href":"https:\/\/firmalan.com\/sv\/wp-json\/wp\/v2\/pages\/858","targetHints":{"allow":["GET"]}}],"collection":[{"href":"https:\/\/firmalan.com\/sv\/wp-json\/wp\/v2\/pages"}],"about":[{"href":"https:\/\/firmalan.com\/sv\/wp-json\/wp\/v2\/types\/page"}],"author":[{"embeddable":true,"href":"https:\/\/firmalan.com\/sv\/wp-json\/wp\/v2\/users\/1"}],"replies":[{"embeddable":true,"href":"https:\/\/firmalan.com\/sv\/wp-json\/wp\/v2\/comments?post=858"}],"version-history":[{"count":5,"href":"https:\/\/firmalan.com\/sv\/wp-json\/wp\/v2\/pages\/858\/revisions"}],"predecessor-version":[{"id":1994,"href":"https:\/\/firmalan.com\/sv\/wp-json\/wp\/v2\/pages\/858\/revisions\/1994"}],"up":[{"embeddable":true,"href":"https:\/\/firmalan.com\/sv\/wp-json\/wp\/v2\/pages\/164"}],"wp:featuredmedia":[{"embeddable":true,"href":"https:\/\/firmalan.com\/sv\/wp-json\/wp\/v2\/media\/862"}],"wp:attachment":[{"href":"https:\/\/firmalan.com\/sv\/wp-json\/wp\/v2\/media?parent=858"}],"curies":[{"name":"wp","href":"https:\/\/api.w.org\/{rel}","templated":true}]}}