{"id":850,"date":"2018-10-10T16:58:05","date_gmt":"2018-10-10T14:58:05","guid":{"rendered":"https:\/\/firmalan.com\/sv\/?page_id=850"},"modified":"2019-11-20T19:51:53","modified_gmt":"2019-11-20T18:51:53","slug":"nytt-foretag","status":"publish","type":"page","link":"https:\/\/firmalan.com\/sv\/lana-pengar\/nytt-foretag\/","title":{"rendered":"F\u00f6retagsl\u00e5n till nystartat f\u00f6retag"},"content":{"rendered":"<p>I rapporten &#8220;Finansiering f\u00f6r jobb och tillv\u00e4xt&#8221;<a href=\"#kallor\">[1]<\/a> fr\u00e5n 2018 uppger mer \u00e4n varannan sm\u00e5f\u00f6retagare att man har eller haft sv\u00e5rt att f\u00e5 tag i finansiering till aff\u00e4rsutveckling och investeringar, 14% uppger att man tvingats l\u00e5na fr\u00e5n familj eller v\u00e4nner. F\u00f6r nystartade f\u00f6retag \u00e4r det s\u00e4rskilt sv\u00e5rt att f\u00e5 l\u00e5n beviljade och du b\u00f6r r\u00e4kna med att m\u00e5nga banker kommer s\u00e4ga nej direkt. Egentligen \u00e4r det inte s\u00e5 konstigt d\u00e5 nytt f\u00f6retag inneb\u00e4r att det saknas uppgifter om oms\u00e4ttning, l\u00f6nsamhet och ofta \u00e4ven kapitaltillg\u00e5ngar, l\u00e4gg d\u00e4rtill att \u00e4garen och eventuell styrelse \u00e4ven \u00e4r opr\u00f6vade kort vilket sammantaget g\u00f6r att riskerna bed\u00f6ms som allt f\u00f6r stora. Att f\u00e5 f\u00f6retagsl\u00e5n utan tidigare bokslut som visar oms\u00e4ttning och inkomster \u00e4r definitivt en utmaning, men inte n\u00f6dv\u00e4ndigtvis en om\u00f6jlighet.<\/p>\n<p>S\u00e5 vad kan nya f\u00f6retag som beh\u00f6ver l\u00e5na pengar g\u00f6ra? Om du tidigare drivit andra bolag och har ett bra track record att visa upp kan det f\u00f6rb\u00e4ttra m\u00f6jligheterna till l\u00e5n. En annan v\u00e4g att g\u00e5 \u00e4r att f\u00f6rs\u00f6ka hitta n\u00e5gon etablerad aff\u00e4rspartner inom branschen som kan g\u00e5 i godo f\u00f6r dig och ditt kunnande. Som alltid \u00e4r det viktigt att vara v\u00e4l f\u00f6rberedd och se till att f\u00f6rfatta en tydlig och oklanderlig aff\u00e4rsplan, t\u00e4nk p\u00e5 att f\u00f6r nystartade f\u00f6retag \u00e4r det f\u00f6rsta intrycket allt, du f\u00e5r s\u00e4llan en andra chans utan hj\u00e4lp fr\u00e5n tunga referenser.<\/p>\n<hr \/>\n<div class=\"feature-media\"><img decoding=\"async\" src=\"https:\/\/firmalan.com\/sv\/wp-content\/uploads\/logo\/froda.png\" \/><br \/>\n<span style=\"color: #f4f4f4;\"><strong><a class=\"btn btn-theme-primary btn-lg\" style=\"color: #f4f4f4;\" title=\"\u27a4 Froda f\u00f6retag- l\u00e5n\" href=\"https:\/\/firmalan.com\/sv\/go\/froda\/\" target=\"_blank\" rel=\"nofollow noopener noreferrer\">\u27a4 G\u00e5 Till Froda Nystarsl\u00e5n <\/a><\/strong><\/span><\/div>\n<div class=\"section-color\">\n<div class=\"row\">\n<div class=\"feature-item col-lg-6 col-sm-6 wow slideInUp\">\n<p class=\"kapitel\">Nystartsl\u00e5n<\/p>\n<ul id=\"navlist\">\n<li>Belopp: 10 000-50 000 kr<\/li>\n<li>L\u00f6ptid: 4-18 m\u00e5n<\/li>\n<li>Fast pris,\u00a0enligt offert<br \/>\n*Kostnaden \u00e4r individuell och best\u00e4ms efter kreditpr\u00f6vning hos Bisnode.<\/li>\n<\/ul>\n<\/div>\n<div class=\"feature-item col-lg-6 col-sm-6 wow slideInUp\">\n<p class=\"kapitel\">Ans\u00f6kan<\/p>\n<ul id=\"navlist\">\n<li>Ans\u00f6kan tar n\u00e5gra minuter<\/li>\n<li>Digital signering med BankID<\/li>\n<li>Pengar p\u00e5 kontot inom inom 24 timmar<\/li>\n<\/ul>\n<\/div>\n<\/div>\n<\/div>\n<hr \/>\n<h4 id=\"sex-fragor-for-dig-som-soker-lan-till-nytt-foretag\">Sex fr\u00e5gor f\u00f6r dig som s\u00f6ker l\u00e5n till nytt f\u00f6retag<\/h4>\n<p><strong>1. Vad beh\u00f6ver ni pengar till?<\/strong><\/p>\n<p>Den f\u00f6rsta och mest sj\u00e4lvklara fr\u00e5gan att st\u00e4lla sig som nybliven \u00e4gare eller f\u00f6retagsledare \u00e4r vilka investeringar, k\u00f6p och avtal som m\u00e5ste g\u00f6ras f\u00f6r att f\u00e5 verksamheten i rullning. Helt enkelt vad kr\u00e4vs f\u00f6r att f\u00e5 f\u00f6retaget att fungera.<\/p>\n<p><strong>2. M\u00e5ste ni l\u00e5na kapital?<\/strong><\/p>\n<p>M\u00e5ste extern kapital anskaffas eller kan det finnas n\u00e5gon annan finansieringsl\u00f6sning, genom subventionerade projekt\/offentlig f\u00f6retagsfinansiering eller kanske crowdfunding d\u00e4r investerare f\u00e5r del av er tj\u00e4nst eller produkt som tack f\u00f6r hj\u00e4lpen.<\/p>\n<p><strong>3. Hur mycket pengar kr\u00e4vs?<\/strong><\/p>\n<p>Om ni n\u00e5tt slutsatsen att ett f\u00f6retagsl\u00e5n kr\u00e4vs, \u00e4r det viktigt att r\u00e4kna p\u00e5 kostnaderna f\u00f6r att komma fram till ett rimligt l\u00e5nebelopp.<\/p>\n<p><strong>4. Vilka personliga risker \u00e4r du beredd att ta?<\/strong><\/p>\n<p>F\u00f6re du kontaktar en l\u00e5ngivare b\u00f6r du ha begrundat de personliga risker f\u00f6retagsl\u00e5n utan s\u00e4kerhet inneb\u00e4r. Personlig borgen \u00e4r mer eller mindre ett grundl\u00e4ggande krav inte minst om det g\u00e4ller l\u00e5n till nystartade f\u00f6retag, det inneb\u00e4r att du blir personligt betalningsansvarig om bolaget inte sj\u00e4lv klarar av att betala tillbaka skulden.<\/p>\n<p><strong>5. Har du f\u00f6rberett dig tillr\u00e4ckligt?<\/strong><\/p>\n<p>Se till att f\u00f6rberedda dig s\u00e5 mycket det bara g\u00e5r och l\u00e4mna s\u00e5 lite som m\u00f6jligt \u00e5t slumpen. F\u00f6rbered dig b\u00e5de verbalt och skriftlig. Se till att kunna l\u00e4mna en skriftlig kopia p\u00e5 aff\u00e4rsplanen och alla viktiga dokument som kan beh\u00f6vas. Detta kommer hj\u00e4lpa dig och skapa f\u00f6rtroende.<\/p>\n<p><strong>6. Varf\u00f6r skall n\u00e5gon l\u00e5na till just ert f\u00f6retag?<\/strong><\/p>\n<p>Anv\u00e4nd samma t\u00e4nk som om det handlade om en anst\u00e4llningsintervju. Vad \u00e4r det som g\u00f6r det v\u00e4rt f\u00f6r l\u00e5ngivare att l\u00e5na ut till just er verksamhet? Hitta de b\u00e4sta argumenten.<\/p>\n<hr \/>\n<h5 id=\"dokument-och-uppgifter-du-bor-ha-till-hands\">Dokument och uppgifter du b\u00f6r ha till hands<\/h5>\n<div class=\"numberlist\">\n<ol>\n<li>Vid onlineans\u00f6kningar anv\u00e4nds n\u00e4stan uteslutande BankID f\u00f6r att bekr\u00e4fta och signera avtal.<\/li>\n<li>Registerutdrag fr\u00e5n bolagsverket.<\/li>\n<li>Senaste \u00e5rsredovisningen.<\/li>\n<li>En budget.<\/li>\n<li>Aff\u00e4rsplan.<\/li>\n<\/ol>\n<\/div>\n<hr \/>\n<h3 id=\"vem-beviljar-lan-till-foretag-utan-varken-inkomst-eller-omsattning\">Vem beviljar l\u00e5n f\u00f6retag utan inkomst eller oms\u00e4ttning?<\/h3>\n<p>M\u00e5nga \u00e4r de entrepren\u00f6rer, inte s\u00e4lla unga och drivna f\u00f6retagare, som g\u00e5tt till banken med stora f\u00f6rhoppningar bara f\u00f6r att bli nekade och se dr\u00f6mmarna om eget f\u00f6retag g\u00e5 upp i r\u00f6k. Att bli beviljad ett bankl\u00e5n som nyf\u00f6retagare \u00e4r om inte om\u00f6jligt s\u00e5 n\u00e4ra p\u00e5, dock kan det vara ett f\u00f6rs\u00f6k speciellt om du som privatperson redan har ett stort f\u00f6rtroende kapital hos din bank. I regel \u00e4r det emellertid fr\u00e4mst andra akt\u00f6rer som kan t\u00e4nka sig att l\u00e5na pengar till nystartade bolag, dessa l\u00e5ngivare \u00e4r oftast mindre kreditmarknadsf\u00f6retag och <a href=\"https:\/\/firmalan.com\/sv\/finansieringsformer\/crowdfunding\/\">crowdfunding-tj\u00e4nster f\u00f6r f\u00f6retag<\/a>. Den uppenbara f\u00f6rdelen med dessa akt\u00f6rer \u00e4r att de faktiskt kan t\u00e4nka sig att l\u00e5na ut till f\u00f6retag utan orimliga krav p\u00e5 inkomst, vinst och oms\u00e4ttning. Nackdelen \u00e4r att villkoren s\u00e4llan \u00e4r de b\u00e4sta vilket g\u00f6r det on\u00f6digt dyrt att ta f\u00f6retagsl\u00e5n f\u00f6r nystartade f\u00f6retag i Sverige.<\/p>\n<p>F\u00f6rhoppningsvis kan \u00f6kad konkurrens leda till prispress och just nu sker mycket p\u00e5 marknaden, d\u00e5 m\u00e5nga nya l\u00e5ngivare t.ex. <a href=\"https:\/\/firmalan.com\/sv\/lana-pengar\/likvid\/\">Likvida<\/a> gett sig in i matchen om f\u00f6retagskunderna dessutom finns det tecken som tyder p\u00e5 ett \u00f6kat intresse f\u00f6r P2P-l\u00e5n exempelvis har <a href=\"https:\/\/firmalan.com\/sv\/lana-pengar\/fellow-finance\/\">Fellow Finance<\/a>, som erbjuder nordens st\u00f6rsta crowdfunding plattform, nyligen etablerat sig i Sverige.<\/p>\n<p><em id=\"kallor\">K\u00e4llor<\/em>:<\/p>\n<p>1.Finansiering f\u00f6r jobb och tillv\u00e4xt &#8211; <a href=\"https:\/\/www.foretagarna.se\/contentassets\/e24c4443a5db4ac984b8040ee9dbd647\/finansiering-for-tillvaxt-och-jobb---foretagarnas-finansieringsrapport-2018.pdf\">F\u00f6retagarnas finansieringsrapport 2018<\/a><\/p>\n","protected":false},"excerpt":{"rendered":"<p>I rapporten &#8220;Finansiering f\u00f6r jobb och tillv\u00e4xt&#8221;[1] fr\u00e5n 2018 uppger mer \u00e4n varannan sm\u00e5f\u00f6retagare att man har eller haft sv\u00e5rt att f\u00e5 tag i finansiering till aff\u00e4rsutveckling och investeringar, 14% &#8230;<\/p>\n","protected":false},"author":1,"featured_media":0,"parent":164,"menu_order":22,"comment_status":"open","ping_status":"closed","template":"","meta":{"footnotes":""},"class_list":["post-850","page","type-page","status-publish","hentry"],"_links":{"self":[{"href":"https:\/\/firmalan.com\/sv\/wp-json\/wp\/v2\/pages\/850","targetHints":{"allow":["GET"]}}],"collection":[{"href":"https:\/\/firmalan.com\/sv\/wp-json\/wp\/v2\/pages"}],"about":[{"href":"https:\/\/firmalan.com\/sv\/wp-json\/wp\/v2\/types\/page"}],"author":[{"embeddable":true,"href":"https:\/\/firmalan.com\/sv\/wp-json\/wp\/v2\/users\/1"}],"replies":[{"embeddable":true,"href":"https:\/\/firmalan.com\/sv\/wp-json\/wp\/v2\/comments?post=850"}],"version-history":[{"count":18,"href":"https:\/\/firmalan.com\/sv\/wp-json\/wp\/v2\/pages\/850\/revisions"}],"predecessor-version":[{"id":2084,"href":"https:\/\/firmalan.com\/sv\/wp-json\/wp\/v2\/pages\/850\/revisions\/2084"}],"up":[{"embeddable":true,"href":"https:\/\/firmalan.com\/sv\/wp-json\/wp\/v2\/pages\/164"}],"wp:attachment":[{"href":"https:\/\/firmalan.com\/sv\/wp-json\/wp\/v2\/media?parent=850"}],"curies":[{"name":"wp","href":"https:\/\/api.w.org\/{rel}","templated":true}]}}