{"id":843,"date":"2015-10-10T14:49:00","date_gmt":"2015-10-10T12:49:00","guid":{"rendered":"https:\/\/firmalan.com\/sv\/?page_id=843"},"modified":"2019-11-20T12:05:24","modified_gmt":"2019-11-20T11:05:24","slug":"likvid","status":"publish","type":"page","link":"https:\/\/firmalan.com\/sv\/lana-pengar\/likvid\/","title":{"rendered":"Likvid f\u00f6retagsl\u00e5n"},"content":{"rendered":"<div class=\"section-content\">\n<div class=\"row\">\n<div class=\"feature-item col-lg-6 col-sm-6 wow slideInUp\">\n<div class=\"feature-media\"><img decoding=\"async\" src=\"https:\/\/firmalan.com\/sv\/wp-content\/uploads\/2018\/10\/likvid.jpg\" \/><\/div>\n<\/div>\n<div class=\"feature-item col-lg-6 col-sm-6 wow slideInUp\">\n<p>Likvid anser sig kunna erbjuda Sveriges b\u00e4sta kortfristiga l\u00e5n till f\u00f6retag. Tanken \u00e4r att tillf\u00e4lliga finansieringsbehov inte skall beh\u00f6va s\u00e4tta k\u00e4ppar i hjulen f\u00f6r n\u00e5got bolag oavsett om de \u00e4r nystartade eller bedrivit verksamhet i m\u00e5nga \u00e5r. F\u00f6rdr\u00f6jda betalningar fr\u00e5n kunder med fodringar och tillf\u00e4lliga kostnader som bygger upp tempor\u00e4ra skulder \u00e4r tv\u00e5 sk\u00e4l att l\u00e5na pengar till f\u00f6retag. Detta \u00e4r Likvid v\u00e4l medvetna om och d\u00e4rf\u00f6r kan alla f\u00f6retag oberoende av bolagsform ans\u00f6ka om f\u00f6retagsl\u00e5net och det finns inga absoluta krav p\u00e5 inkomst eller oms\u00e4ttning ist\u00e4llet bed\u00f6ms varje ans\u00f6kan separat.<\/p>\n<p>2019-09-12: Just nu tar Likvid f\u00f6retagsl\u00e5n inte emot n\u00e5gra ans\u00f6kningar. Prova ist\u00e4llet <a href=\"https:\/\/firmalan.com\/sv\/lana-pengar\/krea\/\">Krea F\u00f6retagsl\u00e5n<\/a> som kan ge upp till 21 st olika l\u00e5nesvar.<\/p>\n<\/div>\n<p>L\u00e5na upp till 2.000.000 kr utan krav p\u00e5 s\u00e4kerhet med en valbar \u00e5terbetalningstid p\u00e5 6,9,12 eller 18 m\u00e5nader. L\u00e5ne\u00e5terbetalningen sker m\u00e5nadsvis till en fast avgift som inkluderar b\u00e5de amortering och \u00f6vriga l\u00e5nekostnader.<\/p>\n<script type=\"text\/javascript\">qis__rates[\"qis_1\"] = {\"formheader\":false,\"buttons\":false,\"currency\":\" kr\",\"iso\":\"SEK\",\"ba\":\"after\",\"separator\":\"none\",\"primary\":1.95,\"secondary\":false,\"interesttype\":\"simple\",\"loanlabel\":false,\"loanmin\":30000,\"loanmax\":2000000,\"loaninitial\":100000,\"loanstep\":10000,\"loanhelp\":false,\"loaninfo\":false,\"termlabel\":false,\"periodslider\":true,\"periodmin\":6,\"periodmax\":18,\"periodinitial\":12,\"periodstep\":3,\"period\":\"months\",\"singleperiodlabel\":\"m\\u00e5nad\",\"periodlabel\":\"m\\u00e5nader\",\"periodhelp\":false,\"periodinfo\":false,\"interestslider\":false,\"interestmin\":false,\"interestmax\":false,\"interestinitial\":false,\"intereststep\":false,\"interestlabel\":false,\"interesthelp\":false,\"interestinfo\":false,\"multiplier\":1,\"trigger\":60,\"outputrepayments\":true,\"repaymentlabel\":\"Vid [principle] f\\u00f6retagsl\\u00e5n i [term] betalar du [amount]\\\/[period] med [rate] m\\u00e5ndsr\\u00e4nta\",\"outputinterestlabel\":false,\"outputtotallabel\":\"Totalt att betala: [total]\",\"totallabel\":false,\"primarylabel\":false,\"secondarylabel\":false,\"usebubble\":0,\"outputlimits\":true,\"outputinterest\":false,\"outputtotal\":true,\"outputhelp\":false,\"outputinfo\":false,\"triggers\":[{\"rate\":\"1.95\",\"trigger\":0,\"amttrigger\":0,\"dae\":\"\"},{\"rate\":3,\"trigger\":\"60\",\"amttrigger\":0,\"dae\":\"\"}],\"markers\":false,\"adminfee\":false,\"adminfeevalue\":15,\"adminfeetype\":\"fixed\",\"termfee\":false,\"termfeevalue\":2,\"adminfeemin\":false,\"adminfeemax\":false,\"adminfeewhen\":\"beforeinterest\",\"usedownpayment\":false,\"downpaymentfixed\":false,\"downpaymentpercent\":false,\"usedownpaymentslider\":false,\"downpaymentlabel\":false,\"downpaymenthelp\":false,\"downpaymentinfo\":false,\"downpaymentmin\":false,\"downpaymentmax\":false,\"downpaymentinitial\":false,\"downpaymentstep\":false,\"textinputs\":\"slider\",\"textinputslabel\":false,\"triggertype\":\"periodtrigger\",\"decimals\":\"none\",\"forceapr\":false,\"maxminlimits\":true,\"nosliderlabel\":false,\"applynow\":false,\"applynowlabel\":false,\"applynowaction\":\"\",\"applynowquery\":false,\"fixedaddition\":false,\"outputhide\":false,\"nostore\":false,\"usecurrencies\":false,\"usefx\":false,\"currencieslabel\":false,\"currency_array\":[],\"interestselector\":false,\"interestselectorlabel\":false,\"interestrate1\":false,\"interestname1\":false,\"interestrate2\":false,\"interestname2\":false,\"interestrate3\":false,\"interestname3\":false,\"interestrate4\":false,\"interestname4\":false,\"interestdropdown\":false,\"interestdropdownlabel\":false,\"interestdropdownvalues\":false,\"interestdropdownlabelposition\":false,\"periodformat\":\"US\",\"dateseperator\":\"\\\/\",\"dae\":false,\"sort\":\"amount,currencies,term,interest,downpayment,graph,repayments,total,apply\",\"usegraph\":false,\"graphlabel\":false,\"graphdownpayment\":false,\"graphdiscount\":false,\"graphprinciple\":false,\"graphprocessing\":false,\"graphinterest\":false,\"rounding\":\"noround\",\"discount\":0,\"sliderlabelposition\":\"aboveslider\",\"sliderbuttonposition\":\"slidertop\",\"onlyslidervalue\":false,\"querystructure\":\"?amount=[amount]&term=[term]\",\"outputtable\":false,\"percentages\":false,\"shortmonths\":[\"Jan\",\"Feb\",\"Mar\",\"Apr\",\"May\",\"Jun\",\"Jul\",\"Aug\",\"Sep\",\"Oct\",\"Nov\",\"Dec\"],\"buttonunits\":\"months\",\"termbutton0\":false,\"termbutton1\":false,\"termbutton2\":false,\"termbutton3\":false,\"terminterface\":\"slider\",\"amounttext\":\"Minimum amount: [min], maximum amount: [max]\",\"termtext\":\"Minimum term: [min], maximum term: [max]\",\"downpaymenttext\":\"Minimum downpayment: [min], maximum downpayment: [max]\",\"interesttext\":\"Minimum interest: [min], maximum interest: [max]\",\"ca\":\" kr\",\"cb\":\" \",\"singleperiod\":\"m\\u00e5nad\",\"offset\":0,\"currencies\":[],\"graph\":{\"use\":false}};qis_form = \"N\\\/A\";<\/script><form action=\"\" class=\"qis_form shadow\" method=\"POST\" id=\"qis_1\" enctype=\"multipart\/form-data\"><input type=\"hidden\" name=\"submitted_form\" value=\"qis_1\" \/><div class=\"qis-sections qis-float \"><div class=\"qis-inputs qis-float-columns\"><input type=\"hidden\" name=\"interesttype\" value=\"simple\" \/><div class=\"range qis-slider-principal\"><div class=\"qis_slideroutputs\"><span class=\"column left qis-sliderleft\"> 30000 kr<\/span><span class=\"column center qis-slidercenter\"><output><\/output><\/span><span class=\"column right qis-sliderright\"> 2000000 kr<\/span><\/div><input type=\"range\" name=\"loan-amount\" min=\"30000\" max=\"2000000\" value=\"100000\" step=\"10000\" data-qis><\/div><div class=\"range qis-slider-term\"><div class=\"qis_slideroutputs\"><span class=\"column left qis-sliderleft\">6 m\u00e5nad<\/span><span class=\"column center qis-slidercenter\"><output><\/output><\/span><span class=\"column right qis-sliderright\">18 m\u00e5nader<\/span><\/div><input type=\"range\" name=\"loan-period\" min=\"6\" max=\"18\" value=\"12\" step=\"3\" data-qis><\/div><div class=\"qis-repayments\">Vid <span class=\"principle\"><\/span> f\u00f6retagsl\u00e5n i <span class=\"term\"><\/span> betalar du <span class=\"repayment\"><\/span>\/m\u00e5nad med <span class=\"interestrate\"><\/span> m\u00e5ndsr\u00e4nta<\/div><div class=\"qis-total\">Totalt att betala: <span class=\"final_total\"><\/span><\/div><\/div><input type=\"hidden\" name=\"repayment\" value=\"\" \/><input type=\"hidden\" name=\"totalamount\" value=\"\" \/><input type=\"hidden\" id=\"formname\" name=\"formname\" value=\"1\" \/><input type=\"hidden\" id=\"calculatorname\" name=\"calculatorname\" value=\"\" \/><input type=\"hidden\" name=\"rate\" value=\"\" \/><div id=\"filechecking\"><div class=\"filecheckingcontent\"><img decoding=\"async\" src=\"https:\/\/firmalan.com\/sv\/wp-content\/plugins\/quick-interest-slider\/\/img\/waiting.gif\" alt=\"Loading\"><\/div><\/div><\/div><\/form>\n<p>Likvid f\u00f6retagsl\u00e5n kr\u00e4ver inte n\u00e5gon s\u00e4kerhet, ist\u00e4llet till\u00e4mpas utl\u00e5ning med personlig borgen alternativt kan flera individer dela p\u00e5 borgens\u00e5tagandet genom en s\u00e5 kallad solidarisk borgen<\/p>\n<p>M\u00e5ls\u00e4ttningen fr\u00e5n Likvids sida \u00e4r att det skall ta max 24 timmar mellan ans\u00f6kan, godk\u00e4nnande och utbetalning. F\u00f6r att l\u00e5neprocessen skall g\u00e5 s\u00e5 snabbt och smidigt som m\u00f6jligt kr\u00e4vs det att avtalet signeras digitalt samt att loggar in p\u00e5 din f\u00f6retagsbank i samband med ans\u00f6kan, f\u00f6r att bekr\u00e4fta bankkontonumret samt ge Likvid tillg\u00e5ng till f\u00f6retagets transaktionshistorik. F\u00f6r att kunna f\u00e5 Likvid f\u00f6retagsl\u00e5n kr\u00e4vs stabila finanser och kreditpr\u00f6vning via Creditsafe g\u00f6rs alltid i samband med l\u00e5neans\u00f6kan. Betalningsanm\u00e4rkningar beh\u00f6ver inte n\u00f6dv\u00e4ndigtvis inneb\u00e4r avslag, h\u00e4r bed\u00f6mer Likvid varje fall enskilt och fattar sedan ett beslut utifr\u00e5n en sammantagen bed\u00f6mning.<\/p>\n<\/div>\n<\/div>\n<div class=\"section-color\">\n<div class=\"row\">\n<div class=\"feature-item col-lg-6 col-sm-6 wow slideInUp\">\n<p class=\"kapitel\">Likvid<\/p>\n<ul id=\"navlist\">\n<li>Belopp: 30.000 &#8211; 2.000.000 kr<\/li>\n<li>L\u00f6ptid: 6-18 m\u00e5nader<\/li>\n<li>R\u00e4ntesats: 1.95% av det totala l\u00e5nebeloppet varje m\u00e5nad) <a href=\"#tabell\">se prisexempel i tabell<\/a> *Kostnaden \u00e4r individuell och best\u00e4ms efter kreditpr\u00f6vning.<\/li>\n<\/ul>\n<\/div>\n<div class=\"feature-item col-lg-6 col-sm-6 wow slideInUp\">\n<p class=\"kapitel\">Ans\u00f6kan<\/p>\n<ul id=\"navlist\">\n<li>Ans\u00f6k p\u00e5 webben med mobilt Bankid samt via f\u00f6retagsbank<\/li>\n<li>F\u00e5 svar p\u00e5 ans\u00f6kan under loppet av en arbetsdag<\/li>\n<li>Str\u00e4var alltid efter att utbetalning sker inom 24 timmar<\/li>\n<\/ul>\n<\/div>\n<\/div>\n<\/div>\n<p><span style=\"color: #00529c; font-size: 16pt;\">Villkor:<\/span><\/p>\n<table>\n<tbody>\n<tr>\n<td bgcolor=\"#000\"><span style=\"color: #ffffff;\">R\u00e4nta<\/span><\/td>\n<td>1.95% av det totala l\u00e5nebeloppet varje m\u00e5nad.<\/td>\n<\/tr>\n<tr>\n<td bgcolor=\"#000\"><span style=\"color: #ffffff;\">Uppl\u00e4ggningsavgift<\/span><\/td>\n<td>Inga avgifter ut\u00f6ver individuell m\u00e5nadskostnad.<\/td>\n<\/tr>\n<tr>\n<td bgcolor=\"#000\"><span style=\"color: #ffffff;\">Borgens\u00e5tagande<\/span><\/td>\n<td>Personlig borgen av huvud\u00e4gare eller vd f\u00f6r bolaget. Solidarisk borgen \u00e4r m\u00f6jlig och inneb\u00e4r att \u00e5tagandet kan delas upp mellan flera individer.<br \/>\n.<\/td>\n<\/tr>\n<tr>\n<td bgcolor=\"#000\"><span style=\"color: #ffffff;\">F\u00f6rtidsinl\u00f6sen<\/span><\/td>\n<td>F\u00f6rtidsinl\u00f6sen \u00e4r m\u00f6jlig, du betalar d\u00e5 endast f\u00f6r den tid du nyttjat l\u00e5net.<\/td>\n<\/tr>\n<tr>\n<td bgcolor=\"#000\"><span style=\"color: #ffffff;\">Betalningsanm\u00e4rkning<\/span><\/td>\n<td>Det g\u00e5r att s\u00f6ka l\u00e5n trots en eller flera anm\u00e4rkningar.<\/td>\n<\/tr>\n<\/tbody>\n<\/table>\n<p><span style=\"color: #00529c; font-size: 16pt;\">Krav p\u00e5 f\u00f6retag som s\u00f6ker:<\/span><\/p>\n<table>\n<tbody>\n<tr>\n<td bgcolor=\"#000\"><span style=\"color: #ffffff;\">Oms\u00e4ttning<\/span><\/td>\n<td>Alla bolagsformer kan ans\u00f6ka och varje ans\u00f6kan behandlas individuellt.<\/td>\n<\/tr>\n<tr>\n<td bgcolor=\"#000\"><span style=\"color: #ffffff;\">Historik<\/span><\/td>\n<td>Ditt f\u00f6retag har en rimlig kreditv\u00e4rdighet samt att era kunder har rimlig kreditv\u00e4rdighet.<\/td>\n<\/tr>\n<tr>\n<td bgcolor=\"#000\"><span style=\"color: #ffffff;\">\u00c4garskap<\/span><\/td>\n<td>Ans\u00f6kan kan endast uppr\u00e4ttas av \u00e4gare, VD eller annan firmatecknare.<\/td>\n<\/tr>\n<tr>\n<td bgcolor=\"#000\"><span style=\"color: #ffffff;\">F\u00f6retagsadress<\/span><\/td>\n<td>Verksamheten \u00e4r registrerad hos bolagsverket i Sverige.<\/td>\n<\/tr>\n<\/tbody>\n<\/table>\n<p><span style=\"color: #00529c; font-size: 16pt;\">F\u00f6ljande information\/dokumentation beh\u00f6vs:<\/span><\/p>\n<ul>\n<li>Tillg\u00e5ng till personligt BankID\/mobilt BankID<\/li>\n<li>Du beh\u00f6ver logga in p\u00e5 f\u00f6retagsbanken och ge tillg\u00e5ng till uppgifter om ditt f\u00f6retags banktransaktioner.<\/li>\n<li>Du skall ha namnteckningsr\u00e4tt i f\u00f6retaget ensam eller tillsammans annan person<\/li>\n<li>F\u00f6retagets faktureringsuppgifter samt kontonummer<\/li>\n<li>Namn p\u00e5 och e-postadresser till ansvariga personer och eventuella borgensm\u00e4n.<\/li>\n<li>Solidarisk borgen \u00e4r m\u00f6jlig och inneb\u00e4r att borgens\u00e5tagandet kan delas mellan flera personer.<\/li>\n<\/ul>\n<hr \/>\n<p><a name=\"tabell\"><\/a> <span style=\"color: #00529c; font-size: 16pt;\">Kostnadstabell<\/span><br \/>\nNedanst\u00e5ende kostnadsuppgifter endast \u00e4r en exempelber\u00e4kning ber\u00e4knad utifr\u00e5n att Likvid tar ut en fast avgift p\u00e5 1.95% av det totala l\u00e5nebeloppet per m\u00e5n. Observera att varje ans\u00f6kan bed\u00f6ms individuellt vilket g\u00f6r att kostnaderna kan bli h\u00f6gre eller l\u00e4gre f\u00f6r ert f\u00f6retag.<\/p>\n<table>\n<thead>\n<tr>\n<th>Belopp<\/th>\n<th>6 m\u00e5n<\/th>\n<th>9 m\u00e5n<\/th>\n<th>12 m\u00e5n<\/th>\n<th>18 m\u00e5n<\/th>\n<\/tr>\n<\/thead>\n<tbody>\n<tr>\n<td bgcolor=\"#000\"><span style=\"color: #ffffff;\">30000 kr<\/span><\/td>\n<td>33510 kr<\/td>\n<td>35265 kr<\/td>\n<td>37020 kr<\/td>\n<td>40530 kr<\/td>\n<\/tr>\n<tr>\n<td bgcolor=\"#000\"><span style=\"color: #ffffff;\">50000 kr<\/span><\/td>\n<td>55850 kr<\/td>\n<td>58775 kr<\/td>\n<td>61700 kr<\/td>\n<td>67550 kr<\/td>\n<\/tr>\n<tr>\n<td bgcolor=\"#000\"><span style=\"color: #ffffff;\">100000 kr<\/span><\/td>\n<td>111700 kr<\/td>\n<td>117550 kr<\/td>\n<td>123400 kr<\/td>\n<td>135100 kr<\/td>\n<\/tr>\n<tr>\n<td bgcolor=\"#000\"><span style=\"color: #ffffff;\">200000 kr<\/span><\/td>\n<td>223400 kr<\/td>\n<td>235100 kr<\/td>\n<td>246800 kr<\/td>\n<td>270200 kr<\/td>\n<\/tr>\n<tr>\n<td bgcolor=\"#000\"><span style=\"color: #ffffff;\">500000 kr<\/span><\/td>\n<td>558500 kr<\/td>\n<td>587750 kr<\/td>\n<td>617000 kr<\/td>\n<td>675500 kr<\/td>\n<\/tr>\n<tr>\n<td bgcolor=\"#000\"><span style=\"color: #ffffff;\">1000000 kr<\/span><\/td>\n<td>1117000 kr<\/td>\n<td>1175500 kr<\/td>\n<td>1234000 kr<\/td>\n<td>1351000 kr<\/td>\n<\/tr>\n<tr>\n<td bgcolor=\"#000\"><span style=\"color: #ffffff;\">2000000 kr<\/span><\/td>\n<td>2234000 kr<\/td>\n<td>2351000 kr<\/td>\n<td>2468000 kr<\/td>\n<td>2702000 kr<\/td>\n<\/tr>\n<\/tbody>\n<\/table>\n<p>Ber\u00e4kningarna ovan ger en \u00e5rlig effektiv r\u00e4nta om 24,62%-27,84%. Betalning och amortering sker m\u00e5nadsvis d\u00e4r du betalar f\u00f6r varje p\u00e5b\u00f6rjad m\u00e5nad, faktura skickas ut ca 10 dagar f\u00f6re f\u00f6rfallodatum.<br \/>\n*Uppdaterad 2018-12-12 (Likvid ut\u00f6kade l\u00e5nebeloppet fr\u00e5n 500.000 kr till 2.000.000 kr samt erbjuder nu \u00e5terbetalningstider p\u00e5 upp till 18 m\u00e5nader)<\/p>\n<p>&nbsp;<\/p>\n<h4>\u00d6PPETTIDER KUNDTJ\u00c4NST:<\/h4>\n<table class=\"table table-striped\" border=\"0\">\n<tbody>\n<tr>\n<td valign=\"top\" width=\"150\">M\u00e5ndag \u2013 Fredagar<\/td>\n<td valign=\"top\" width=\"100\">08:00 \u2013 17:00<\/td>\n<\/tr>\n<tr>\n<td valign=\"top\" width=\"150\">Helg<\/td>\n<td valign=\"top\" width=\"100\">St\u00e4ngt<\/td>\n<\/tr>\n<\/tbody>\n<\/table>\n<blockquote><p>Telefon: 010-489 08 40<br \/>\nE-mail: <a href=\"mailto:info@likvid.se\">info@likvid.se.<\/a><\/p><\/blockquote>\n<blockquote class=\"theme\"><p>Trention AB<\/p>\n<h4>ADRESS:<\/h4>\n<p>Ankdammsgatan 35<br \/>\n171 67 Solna<br \/>\nOrg. nr: 559128-1885<\/p><\/blockquote>\n","protected":false},"excerpt":{"rendered":"<p>Likvid anser sig kunna erbjuda Sveriges b\u00e4sta kortfristiga l\u00e5n till f\u00f6retag. Tanken \u00e4r att tillf\u00e4lliga finansieringsbehov inte skall beh\u00f6va s\u00e4tta k\u00e4ppar i hjulen f\u00f6r n\u00e5got bolag oavsett om de \u00e4r &#8230;<\/p>\n","protected":false},"author":1,"featured_media":844,"parent":164,"menu_order":360,"comment_status":"open","ping_status":"closed","template":"","meta":{"footnotes":""},"class_list":["post-843","page","type-page","status-publish","has-post-thumbnail","hentry"],"_links":{"self":[{"href":"https:\/\/firmalan.com\/sv\/wp-json\/wp\/v2\/pages\/843","targetHints":{"allow":["GET"]}}],"collection":[{"href":"https:\/\/firmalan.com\/sv\/wp-json\/wp\/v2\/pages"}],"about":[{"href":"https:\/\/firmalan.com\/sv\/wp-json\/wp\/v2\/types\/page"}],"author":[{"embeddable":true,"href":"https:\/\/firmalan.com\/sv\/wp-json\/wp\/v2\/users\/1"}],"replies":[{"embeddable":true,"href":"https:\/\/firmalan.com\/sv\/wp-json\/wp\/v2\/comments?post=843"}],"version-history":[{"count":22,"href":"https:\/\/firmalan.com\/sv\/wp-json\/wp\/v2\/pages\/843\/revisions"}],"predecessor-version":[{"id":2021,"href":"https:\/\/firmalan.com\/sv\/wp-json\/wp\/v2\/pages\/843\/revisions\/2021"}],"up":[{"embeddable":true,"href":"https:\/\/firmalan.com\/sv\/wp-json\/wp\/v2\/pages\/164"}],"wp:featuredmedia":[{"embeddable":true,"href":"https:\/\/firmalan.com\/sv\/wp-json\/wp\/v2\/media\/844"}],"wp:attachment":[{"href":"https:\/\/firmalan.com\/sv\/wp-json\/wp\/v2\/media?parent=843"}],"curies":[{"name":"wp","href":"https:\/\/api.w.org\/{rel}","templated":true}]}}