{"id":812,"date":"2018-10-07T10:16:00","date_gmt":"2018-10-07T08:16:00","guid":{"rendered":"https:\/\/firmalan.com\/sv\/?page_id=812"},"modified":"2019-11-20T11:04:08","modified_gmt":"2019-11-20T10:04:08","slug":"fellow-finance","status":"publish","type":"page","link":"https:\/\/firmalan.com\/sv\/lana-pengar\/fellow-finance\/","title":{"rendered":"Fellow Finance"},"content":{"rendered":"<div class=\"section-content\">\n<div class=\"row\">\n<div class=\"feature-item col-lg-6 col-sm-6 wow slideInUp\">\n<div class=\"feature-media\"><img decoding=\"async\" src=\"https:\/\/firmalan.com\/sv\/wp-content\/uploads\/2018\/10\/fellow-finance.jpg\" \/><\/div>\n<\/div>\n<div class=\"feature-item col-lg-6 col-sm-6 wow slideInUp\">\n<p>Fellow Finance \u00e4r nordens st\u00f6rsta P2P-l\u00e5nemarknad, d\u00e4r investerare kan l\u00e5na ut till privatpersoner och f\u00f6retag i behov av pengar. Initialt grundades Fellow Finance i Finland 2013 och \u00e4gs delvis av finansbolaget Taaleri Oyj som \u00e4r listat p\u00e5 Helsingforsb\u00f6rsen, sedan starten har verksamheten successivt vuxit och utvecklats med m\u00e5ls\u00e4ttning att &#8220;bli Europas ledande finansiella tj\u00e4nst f\u00f6r Crowdfunding mellan m\u00e4nniskor och f\u00f6retag&#8221;.<\/p>\n<\/div>\n<p>Under 2018 expanderade l\u00e5netj\u00e4nsten till Sverige d\u00e4r man i etableringsfasen valde att fokusera p\u00e5 p2p-l\u00e5n till privatpersoner, fr\u00e5n och med h\u00f6sten 2019 erbjuder man nu, precis som i Finland, \u00e4ven l\u00e5n till juridiska personer. F\u00f6retagsl\u00e5n beviljas upp till 10.000.000 SEK och f\u00f6r Fellow Finance fakturafinansiering finns ingen \u00f6vre gr\u00e4ns p\u00e5 fakturans belopp.<\/p>\n<p>Fellow Finances uppgift \u00e4r att matcha personer och f\u00f6retag som vill l\u00e5na med passande investerare. Under hela denna process garanteras fullst\u00e4ndigt anonymitet s\u00e5 att varken utl\u00e5nare eller l\u00e5ntagare vet vem som \u00e4r deras avtalspart. Dessutom skickas samtliga fakturor via e-post s\u00e5 det \u00e4r m\u00f6jligt att l\u00e5na diskret. L\u00e5ntagare f\u00f6rbinder sig aldrig till n\u00e5got genom att fylla i en l\u00e5neans\u00f6kan och den \u00e4r fullst\u00e4ndigt kostnadsfri. I samband med ans\u00f6kan g\u00f6rs en automatiserad <a href=\"https:\/\/firmalan.com\/sv\/kreditbedoming\/bisnode\/\">kreditpr\u00f6vning via Bisnode<\/a>, ingen ytterligare kreditpr\u00f6vning g\u00f6rs hos UC.<\/p>\n<p>Finl\u00e4ndska Fellow Finance Oyj st\u00e5r under Finansinspektionens tillsyn och innehar en licens som utl\u00e4ndskt betalningsinstitut. Idag erbjuds Fellow Finance tj\u00e4nst i 35 olika l\u00e4nder v\u00e4rlden \u00f6ver, men totalt \u00f6ver 100.000 aktiva anv\u00e4ndare.<\/p>\n<\/div>\n<\/div>\n<div class=\"section-color\">\n<div class=\"row\">\n<div class=\"feature-item col-lg-6 col-sm-6 wow slideInUp\">\n<p class=\"kapitel\">P2P F\u00f6retagsl\u00e5n<\/p>\n<ul id=\"navlist\">\n<li>Belopp: Upp till 10.000.000 kr<\/li>\n<li>L\u00f6ptid: 1-84 m\u00e5n<\/li>\n<li>R\u00e4ntesats: 6%-20%<\/li>\n<li>Startavgift: Varierar beroende p\u00e5 l\u00e5nestorlek.<\/li>\n<\/ul>\n<\/div>\n<div class=\"feature-item col-lg-6 col-sm-6 wow slideInUp\">\n<p class=\"kapitel\">Ans\u00f6kan<\/p>\n<ul id=\"navlist\">\n<li>Ans\u00f6k gratis utan att f\u00f6rbinda dig till n\u00e5got<\/li>\n<li>Automatisk kreditpr\u00f6vning via Bisnode<\/li>\n<li>Utbetalning inom 1-5 dagar, i b\u00e4sta fall samma dag (vardagar kl 8-16)<\/li>\n<\/ul>\n<\/div>\n<\/div>\n<p><span style=\"color: #00529c; font-size: 16pt;\">Villkor:<\/span><\/p>\n<table>\n<tbody>\n<tr>\n<td bgcolor=\"#000\"><span style=\"color: #ffffff;\">R\u00e4nta<\/span><\/td>\n<td>\u00c5rsr\u00e4nta: ca 6,0-20,0%.<\/td>\n<\/tr>\n<tr>\n<td bgcolor=\"#000\"><span style=\"color: #ffffff;\">Uppl\u00e4ggningsavgift<\/span><\/td>\n<td>Varierar.<\/td>\n<\/tr>\n<tr>\n<td bgcolor=\"#000\"><span style=\"color: #ffffff;\">Borgens\u00e5tagande<\/span><\/td>\n<td>Kr\u00e4ver f\u00f6rmodligen personlig borgensf\u00f6rbindelse (oklar information).<\/td>\n<\/tr>\n<tr>\n<td bgcolor=\"#000\"><span style=\"color: #ffffff;\">F\u00f6rtidsinl\u00f6sen<\/span><\/td>\n<td>Uppgift saknas.<\/td>\n<\/tr>\n<tr>\n<td bgcolor=\"#000\"><span style=\"color: #ffffff;\">Betalningsanm\u00e4rkning<\/span><\/td>\n<td>Till\u00e5ts inte.<\/td>\n<\/tr>\n<\/tbody>\n<\/table>\n<p><span style=\"color: #00529c; font-size: 16pt;\">Krav p\u00e5 f\u00f6retag som s\u00f6ker:<\/span><\/p>\n<table>\n<tbody>\n<tr>\n<td bgcolor=\"#000\"><span style=\"color: #ffffff;\">Oms\u00e4ttning<\/span><\/td>\n<td>Minst ett bokslut och tillr\u00e4ckligt kassafl\u00f6de.<\/td>\n<\/tr>\n<tr>\n<td bgcolor=\"#000\"><span style=\"color: #ffffff;\">Historik<\/span><\/td>\n<td>Minst 12 m\u00e5n verksamhetshistorik.<\/td>\n<\/tr>\n<tr>\n<td bgcolor=\"#000\"><span style=\"color: #ffffff;\">\u00c4garskap<\/span><\/td>\n<td>Ans\u00f6kan kan endast uppr\u00e4ttas av bolagsman med teckningsr\u00e4tt\/ackrediterad person.<\/td>\n<\/tr>\n<tr>\n<td bgcolor=\"#000\"><span style=\"color: #ffffff;\">F\u00f6retagsadress<\/span><\/td>\n<td>Verksamheten \u00e4r registrerad hos bolagsverket i Sverige.<\/td>\n<\/tr>\n<\/tbody>\n<\/table>\n<p><span style=\"color: #00529c; font-size: 16pt;\">F\u00f6ljande information\/dokumentation beh\u00f6vs:<\/span><\/p>\n<ul>\n<li>Du skall ha namnteckningsr\u00e4tt i f\u00f6retaget ensam eller tillsammans annan person<\/li>\n<li>Tillg\u00e5ng till bankkonto hos en av Fellow Finance godk\u00e4nd svensk bank.<\/li>\n<li>F\u00f6retagets faktureringsuppgifter samt bankkontonummer<\/li>\n<li>Namn p\u00e5 och e-postadresser till ansvariga personer och borgensm\u00e4n.<\/li>\n<li>Vid ans\u00f6kan om fakturafinansiering utf\u00f6rs \u00e4ven en kreditupplysning p\u00e5 den andra parten i fakturan<\/li>\n<\/ul>\n<hr \/>\n<p>Bilagor i samband med l\u00e5neans\u00f6kan kan ins\u00e4ndas via e-post, post eller rakt ladda upp dem vid samband av l\u00e5neans\u00f6kan enligt instruktioner.<\/p>\n<p>E-post: foretagslan@fellowfinance.se<br \/>\nPost: B\u00e5tmansgatan 4 A, 00150 Helsingfors<br \/>\nBilagorna kan ocks\u00e5 uppladdas vid samband med l\u00e5neans\u00f6kan i webbtj\u00e4nsten.<\/p>\n<h4>\u00d6PPETTIDER KUNDTJ\u00c4NST:<\/h4>\n<table class=\"table table-striped\" border=\"0\">\n<tbody>\n<tr>\n<td valign=\"top\" width=\"150\">M\u00e5ndag \u2013 Fredagar<\/td>\n<td valign=\"top\" width=\"100\">08:00 \u2013 17:00<\/td>\n<\/tr>\n<tr>\n<td valign=\"top\" width=\"150\">Helg<\/td>\n<td valign=\"top\" width=\"100\">St\u00e4ngt<\/td>\n<\/tr>\n<\/tbody>\n<\/table>\n<blockquote><p>Telefon: 08-501 655 41<br \/>\nE-mail: <a href=\"mailto:kundtjanst@fellowfinance.se\">kundtjanst@fellowfinance.se<\/a><\/p><\/blockquote>\n<blockquote class=\"theme\"><p>Fellow Finance Oyj<\/p>\n<h4>ADRESS:<\/h4>\n<p>Bangatan 1 b A 10<br \/>\n00120, Helsingfors<br \/>\nOrg. nr (Y-tunnus): 2568782-2<\/p><\/blockquote>\n<\/div>\n","protected":false},"excerpt":{"rendered":"<p>Fellow Finance \u00e4r nordens st\u00f6rsta P2P-l\u00e5nemarknad, d\u00e4r investerare kan l\u00e5na ut till privatpersoner och f\u00f6retag i behov av pengar. Initialt grundades Fellow Finance i Finland 2013 och \u00e4gs delvis av &#8230;<\/p>\n","protected":false},"author":1,"featured_media":813,"parent":164,"menu_order":18,"comment_status":"open","ping_status":"closed","template":"","meta":{"footnotes":""},"class_list":["post-812","page","type-page","status-publish","has-post-thumbnail","hentry"],"_links":{"self":[{"href":"https:\/\/firmalan.com\/sv\/wp-json\/wp\/v2\/pages\/812","targetHints":{"allow":["GET"]}}],"collection":[{"href":"https:\/\/firmalan.com\/sv\/wp-json\/wp\/v2\/pages"}],"about":[{"href":"https:\/\/firmalan.com\/sv\/wp-json\/wp\/v2\/types\/page"}],"author":[{"embeddable":true,"href":"https:\/\/firmalan.com\/sv\/wp-json\/wp\/v2\/users\/1"}],"replies":[{"embeddable":true,"href":"https:\/\/firmalan.com\/sv\/wp-json\/wp\/v2\/comments?post=812"}],"version-history":[{"count":8,"href":"https:\/\/firmalan.com\/sv\/wp-json\/wp\/v2\/pages\/812\/revisions"}],"predecessor-version":[{"id":1999,"href":"https:\/\/firmalan.com\/sv\/wp-json\/wp\/v2\/pages\/812\/revisions\/1999"}],"up":[{"embeddable":true,"href":"https:\/\/firmalan.com\/sv\/wp-json\/wp\/v2\/pages\/164"}],"wp:featuredmedia":[{"embeddable":true,"href":"https:\/\/firmalan.com\/sv\/wp-json\/wp\/v2\/media\/813"}],"wp:attachment":[{"href":"https:\/\/firmalan.com\/sv\/wp-json\/wp\/v2\/media?parent=812"}],"curies":[{"name":"wp","href":"https:\/\/api.w.org\/{rel}","templated":true}]}}