{"id":808,"date":"2018-10-02T10:54:00","date_gmt":"2018-10-02T08:54:00","guid":{"rendered":"https:\/\/firmalan.com\/sv\/?page_id=808"},"modified":"2019-11-20T09:48:26","modified_gmt":"2019-11-20T08:48:26","slug":"ativo-finans","status":"publish","type":"page","link":"https:\/\/firmalan.com\/sv\/lana-pengar\/ativo-finans\/","title":{"rendered":"Ativo Finans+"},"content":{"rendered":"<div class=\"section-content\">\n<div class=\"row\">\n<div class=\"feature-item col-lg-6 col-sm-6 wow slideInUp\">\n<div class=\"feature-media\"><img decoding=\"async\" src=\"https:\/\/firmalan.com\/sv\/wp-content\/uploads\/2018\/10\/ativo-logo.jpg\" \/><\/div>\n<\/div>\n<div class=\"feature-item col-lg-6 col-sm-6 wow slideInUp\">\n<p>Ativo Finans+ med bas i M\u00f6lndal strax utanf\u00f6r G\u00f6teborg grundades som Factoringgruppen 2007. Ativos verksamhet fokuserar p\u00e5 finansiering till sm\u00e5- och medelstora f\u00f6retag.<\/p>\n<h3>F\u00f6retagsl\u00e5n<\/h3>\n<p>Ativo f\u00f6retagsl\u00e5n \u00e4r en checkkredit\/kontokredit p\u00e5 upp till 250.000 kr. D\u00e4r kunden endast betalar f\u00f6r den del av krediten som man faktiskt utnyttjar.<\/p>\n<h3>Ativo f\u00f6retagsleasing<\/h3>\n<p>L\u00f6pande flexibla hyresavtal f\u00f6r maskiner och utrustning, vilket g\u00f6r det m\u00f6jligt f\u00f6r f\u00f6retag att frig\u00f6ra kapital till verksamheten ist\u00e4llet f\u00f6r att l\u00e5sa fast dessa pengar vid dyra investeringar.<\/p>\n<h3>Factoring<\/h3>\n<p>\u00d6ka likviditeten i verksamheten p\u00e5 ett snabbt och enkelt vis genom att s\u00e4lja eller bel\u00e5na obetalda fakturor.<\/p>\n<\/div>\n<\/div>\n<\/div>\n<div class=\"section-color\">\n<div class=\"row\">\n<div class=\"feature-item col-lg-6 col-sm-6 wow slideInUp\">\n<p class=\"kapitel\">Checkkredit\/<\/p>\n<ul id=\"navlist\">\n<li>Belopp: Upp till 250.000 kr<\/li>\n<li>L\u00f6ptid: 6-12 m\u00e5n<\/li>\n<li>R\u00e4ntesats: Uppgift saknas<\/li>\n<\/ul>\n<\/div>\n<div class=\"feature-item col-lg-6 col-sm-6 wow slideInUp\">\n<p class=\"kapitel\">Ans\u00f6kan<\/p>\n<ul id=\"navlist\">\n<li>Ans\u00f6k direkt online med BankID<\/li>\n<li>Efter godk\u00e4nnande kopplas krediten ihop med ert f\u00f6retagskonto<\/li>\n<li>Vid behov kan uttag g\u00f6ras fr\u00e5n checkkrediten p\u00e5 upp till 250.000 kr<\/li>\n<\/ul>\n<\/div>\n<\/div>\n<\/div>\n<p><span style=\"color: #00529c; font-size: 16pt;\">Villkor:<\/span><\/p>\n<table>\n<tbody>\n<tr>\n<td bgcolor=\"#000\"><span style=\"color: #ffffff;\">R\u00e4nta<\/span><\/td>\n<td>Uppgift saknas<\/td>\n<\/tr>\n<tr>\n<td bgcolor=\"#000\"><span style=\"color: #ffffff;\">Uppl\u00e4ggningsavgift<\/span><\/td>\n<td>Kostnad varierar beroende p\u00e5 uppl\u00e4gg<\/td>\n<\/tr>\n<tr>\n<td bgcolor=\"#000\"><span style=\"color: #ffffff;\">Borgens\u00e5tagande<\/span><\/td>\n<td>Uppgift saknas.<\/td>\n<\/tr>\n<tr>\n<td bgcolor=\"#000\"><span style=\"color: #ffffff;\">F\u00f6rtidsinl\u00f6sen<\/span><\/td>\n<td>Se avtal.<\/td>\n<\/tr>\n<tr>\n<td bgcolor=\"#000\"><span style=\"color: #ffffff;\">Betalningsanm\u00e4rkning<\/span><\/td>\n<td>Anm\u00e4rkningar godtas ej.<\/td>\n<\/tr>\n<\/tbody>\n<\/table>\n<p><span style=\"color: #00529c; font-size: 16pt;\">Krav p\u00e5 f\u00f6retag som s\u00f6ker:<\/span><\/p>\n<table>\n<tbody>\n<tr>\n<td bgcolor=\"#000\"><span style=\"color: #ffffff;\">Oms\u00e4ttning<\/span><\/td>\n<td>Uppgift saknas.<\/td>\n<\/tr>\n<tr>\n<td bgcolor=\"#000\"><span style=\"color: #ffffff;\">Historik<\/span><\/td>\n<td>Slagningar mot s\u00e4rskilda register kommer g\u00f6ras f\u00f6r att g\u00e5 igenom vilka kreditrisker som f\u00f6religger.<\/td>\n<\/tr>\n<tr>\n<td bgcolor=\"#000\"><span style=\"color: #ffffff;\">\u00c4garskap<\/span><\/td>\n<td>Ans\u00f6kan kan endast uppr\u00e4ttas av VD eller annan firmatecknare.<\/td>\n<\/tr>\n<tr>\n<td bgcolor=\"#000\"><span style=\"color: #ffffff;\">F\u00f6retagsadress<\/span><\/td>\n<td>Etablerat som aktiebolag i Skandinavien.<\/td>\n<\/tr>\n<\/tbody>\n<\/table>\n<p><span style=\"color: #00529c; font-size: 16pt;\">F\u00f6ljande information\/dokumentation kan beh\u00f6vas:<\/span><\/p>\n<ul>\n<li>Ledande roll i f\u00f6retaget, s\u00e5 som att \u00e4r man \u00e4r VD, styrelsemedlem eller suppleant i styrelsen<\/li>\n<li>Du skall ha namnteckningsr\u00e4tt i f\u00f6retaget ensam eller tillsammans annan person<\/li>\n<li>Registreringsbevis<\/li>\n<li>\u00c4garstrukturen, organisationsstruktur<\/li>\n<li>Balansr\u00e4kning<\/li>\n<li>Budget<\/li>\n<li>\u00c5rsredovisningar<\/li>\n<\/ul>\n<hr \/>\n<p>&nbsp;<\/p>\n<h4>\u00d6PPETTIDER KUNDTJ\u00c4NST:<\/h4>\n<table class=\"table table-striped\" border=\"0\">\n<tbody>\n<tr>\n<td valign=\"top\" width=\"150\">M\u00e5ndag \u2013 Fredag<\/td>\n<td valign=\"top\" width=\"100\">08:00 \u2013 17:00<\/td>\n<\/tr>\n<tr>\n<td valign=\"top\" width=\"150\">L\u00f6rdag<\/td>\n<td valign=\"top\" width=\"100\">St\u00e4ngt<\/td>\n<\/tr>\n<tr>\n<td valign=\"top\" width=\"150\">S\u00f6ndag<\/td>\n<td valign=\"top\" width=\"100\">St\u00e4ngt<\/td>\n<\/tr>\n<\/tbody>\n<\/table>\n<p>*Svar inom 24 timmar<\/p>\n<blockquote><p>Telefon: 020 &#8211; 191 200<br \/>\nE-mail: <a href=\"mailto:info@ativofinans.se\">info@ativofinans.se.<\/a><\/p><\/blockquote>\n<blockquote class=\"theme\"><p>Ativo Finans AB<\/p>\n<h4>ADRESS:<\/h4>\n<p>Kroksl\u00e4tts Fabriker 30<br \/>\n431 37 M\u00f6lndal<br \/>\nOrg. nr: 556481-1833<\/p><\/blockquote>\n","protected":false},"excerpt":{"rendered":"<p>Ativo Finans+ med bas i M\u00f6lndal strax utanf\u00f6r G\u00f6teborg grundades som Factoringgruppen 2007. Ativos verksamhet fokuserar p\u00e5 finansiering till sm\u00e5- och medelstora f\u00f6retag. F\u00f6retagsl\u00e5n Ativo f\u00f6retagsl\u00e5n \u00e4r en checkkredit\/kontokredit p\u00e5 &#8230;<\/p>\n","protected":false},"author":1,"featured_media":809,"parent":164,"menu_order":5,"comment_status":"open","ping_status":"closed","template":"","meta":{"footnotes":""},"class_list":["post-808","page","type-page","status-publish","has-post-thumbnail","hentry"],"_links":{"self":[{"href":"https:\/\/firmalan.com\/sv\/wp-json\/wp\/v2\/pages\/808","targetHints":{"allow":["GET"]}}],"collection":[{"href":"https:\/\/firmalan.com\/sv\/wp-json\/wp\/v2\/pages"}],"about":[{"href":"https:\/\/firmalan.com\/sv\/wp-json\/wp\/v2\/types\/page"}],"author":[{"embeddable":true,"href":"https:\/\/firmalan.com\/sv\/wp-json\/wp\/v2\/users\/1"}],"replies":[{"embeddable":true,"href":"https:\/\/firmalan.com\/sv\/wp-json\/wp\/v2\/comments?post=808"}],"version-history":[{"count":5,"href":"https:\/\/firmalan.com\/sv\/wp-json\/wp\/v2\/pages\/808\/revisions"}],"predecessor-version":[{"id":1977,"href":"https:\/\/firmalan.com\/sv\/wp-json\/wp\/v2\/pages\/808\/revisions\/1977"}],"up":[{"embeddable":true,"href":"https:\/\/firmalan.com\/sv\/wp-json\/wp\/v2\/pages\/164"}],"wp:featuredmedia":[{"embeddable":true,"href":"https:\/\/firmalan.com\/sv\/wp-json\/wp\/v2\/media\/809"}],"wp:attachment":[{"href":"https:\/\/firmalan.com\/sv\/wp-json\/wp\/v2\/media?parent=808"}],"curies":[{"name":"wp","href":"https:\/\/api.w.org\/{rel}","templated":true}]}}