{"id":802,"date":"2018-10-01T10:17:00","date_gmt":"2018-10-01T08:17:00","guid":{"rendered":"https:\/\/firmalan.com\/sv\/?page_id=802"},"modified":"2019-11-20T17:01:25","modified_gmt":"2019-11-20T16:01:25","slug":"tessin","status":"publish","type":"page","link":"https:\/\/firmalan.com\/sv\/lana-pengar\/tessin\/","title":{"rendered":"Tessin"},"content":{"rendered":"<div class=\"section-content\">\n<div class=\"row\">\n<div class=\"feature-item col-lg-6 col-sm-6 wow slideInUp\">\n<div class=\"feature-media\"><img decoding=\"async\" src=\"https:\/\/firmalan.com\/sv\/wp-content\/uploads\/2018\/09\/tessin.jpg\" \/><\/div>\n<\/div>\n<div class=\"feature-item col-lg-6 col-sm-6 wow slideInUp\">\n<p>Tessin \u00e4r en renodlad crowdfunding plattform f\u00f6r fastighetsl\u00e5n, d\u00e4r b\u00e5de privatpersoner och f\u00f6retag ges m\u00f6jlighet att investera i b\u00e5de st\u00f6rre och mindre fastigheter. Byggherrar som planerar eller har ett p\u00e5g\u00e5ende fastighetsprojekt kan via Tessin hitta investeringskapital f\u00f6r att ro planerna i land.<br \/>\n<span style=\"color: #f4f4f4;\"><strong><a class=\"btn btn-theme-primary btn-lg\" style=\"color: #f4f4f4;\" title=\"\u27a4Tessin F\u00f6retagsl\u00e5n\" href=\"https:\/\/firmalan.com\/sv\/go\/fakturino\/\" target=\"_blank\" rel=\"nofollow noopener noreferrer\">\u27a4 J\u00e4mf\u00f6r Tessin hos Fakturino<\/a><\/strong><\/span>\n<\/div>\n<p><strong>Anledningar till att fastighetsbolag v\u00e4nder sig till Tessin:<\/strong><\/p>\n<ul>\n<li>Beh\u00f6ver kapital till st\u00f6rre projekt eller f\u00f6rv\u00e4rv<\/li>\n<li>\u00d6nskar finna en skr\u00e4ddarsydd finansieringsl\u00f6sning<\/li>\n<li>Letar efter tillskott av externt kapital till verksamheten<\/li>\n<\/ul>\n<p>F\u00f6rdelen f\u00f6r s\u00e5 v\u00e4l investerare som l\u00e5ntagare \u00e4r att Tessin normalt kan erbjuda en betydligt billigare finansieringsl\u00f6sning \u00e4n banken. Varje l\u00e5neavtal \u00e4r unikt och skapas f\u00f6r att passa varje enskilt byggprojekt p\u00e5 b\u00e4sta vis. Minsta investeringen som en enskild investerare kan g\u00f6ra \u00e4r 50.000 kr denna minimigr\u00e4ns finns bland annat till f\u00f6r att Tessin har en max gr\u00e4ns p\u00e5 200 investerare per projekt, d\u00e5 fastighetsl\u00e5nen normalt \u00e4r i storleken 5 \u2013 30 MSEK \u00e4r en enskild investering om mindre \u00e4n 50.000 kr s\u00e4llan tillr\u00e4ckligt stor.<\/p>\n<\/div>\n<\/div>\n<div class=\"section-color\">\n<div class=\"row\">\n<div class=\"feature-item col-lg-6 col-sm-6 wow slideInUp\">\n<p class=\"kapitel\">Seniorl\u00e5n<\/p>\n<ul id=\"navlist\">\n<li>Belopp: 5.000.000 &#8211; 30.000.000 kr<\/li>\n<li>L\u00f6ptid: 6-24 m\u00e5nader<\/li>\n<li>R\u00e4nesats:6 \u2013 9% \u00e5rsr\u00e4nta<\/li>\n<\/ul>\n<\/div>\n<div class=\"feature-item col-lg-6 col-sm-6 wow slideInUp\">\n<p class=\"kapitel\">Ans\u00f6kan<\/p>\n<ul id=\"navlist\">\n<li>Ans\u00f6k om l\u00e5n via crowdfunding genom Tessin<\/li>\n<li>Tessin \u00e5terkopplar p\u00e5 er ans\u00f6kan<\/li>\n<li>Efter godk\u00e4nnande \u00f6verf\u00f6rs kapitalet normalt till ett klientmedelskonto hos Zimpler AB. <\/li>\n<\/ul>\n<\/div>\n<\/div>\n<\/div>\n<p><span style=\"color: #00529c; font-size: 16pt;\">Villkor:<\/span><\/p>\n<table>\n<tbody>\n<tr>\n<td bgcolor=\"#000\"><span style=\"color: #ffffff;\">R\u00e4nta<\/span><\/td>\n<td>:6 \u2013 9% \u00e5rsr\u00e4nta f\u00f6r seniorl\u00e5n och 7 \u2013 10% vid juniorl\u00e5n\n<\/td>\n<\/tr>\n<tr>\n<td bgcolor=\"#000\"><span style=\"color: #ffffff;\">Uppl\u00e4ggningsavgift<\/span><\/td>\n<td>Uppgift saknas<\/td>\n<\/tr>\n<tr>\n<td bgcolor=\"#000\"><span style=\"color: #ffffff;\">Borgens\u00e5tagande<\/span><\/td>\n<td>En eller flera borgensm\u00e4n kan kr\u00e4vas, andra s\u00e4kerheter som kan anv\u00e4ndas \u00e4r pantbrev, andrahandspant samt aktiepant.<\/td>\n<\/tr>\n<tr>\n<td bgcolor=\"#000\"><span style=\"color: #ffffff;\">F\u00f6rtidsinl\u00f6sen<\/span><\/td>\n<td>Se avtal.<\/td>\n<\/tr>\n<tr>\n<td bgcolor=\"#000\"><span style=\"color: #ffffff;\">Betalningsanm\u00e4rkning<\/span><\/td>\n<td>\u00e5terkommande och\/eller allvarliga anm\u00e4rkningar godtas ej.<\/td>\n<\/tr>\n<\/tbody>\n<\/table>\n<p><span style=\"color: #00529c; font-size: 16pt;\">Krav p\u00e5 f\u00f6retag som s\u00f6ker:<\/span><\/p>\n<table>\n<tbody>\n<tr>\n<td bgcolor=\"#000\"><span style=\"color: #ffffff;\">Oms\u00e4ttning<\/span><\/td>\n<td>Varierande krav beroende p\u00e5 fastighetsprojektets storlek och omfattning.<\/td>\n<\/tr>\n<tr>\n<td bgcolor=\"#000\"><span style=\"color: #ffffff;\">Historik<\/span><\/td>\n<td>Slagningar mot s\u00e4rskilda register kommer g\u00f6ras f\u00f6r att g\u00e5 igenom vilka kreditrisker som f\u00f6religger.<br \/>\n<\/tr>\n<tr>\n<td bgcolor=\"#000\"><span style=\"color: #ffffff;\">\u00c4garskap<\/span><\/td>\n<td>Ans\u00f6kan kan endast uppr\u00e4ttas av VD eller annan firmatecknare.<\/td>\n<\/tr>\n<tr>\n<td bgcolor=\"#000\"><span style=\"color: #ffffff;\">F\u00f6retagsadress<\/span><\/td>\n<td>Etablerat som aktiebolag i Skandinavien.<\/td>\n<\/tr>\n<\/tbody>\n<\/table>\n<p><span style=\"color: #00529c; font-size: 16pt;\">F\u00f6ljande information\/dokumentation kan beh\u00f6vas:<\/span><\/p>\n<ul>\n<li>Ledande roll i f\u00f6retaget, s\u00e5 som att \u00e4r man \u00e4r VD, styrelsemedlem eller suppleant i styrelsen<\/li>\n<li>Du skall ha namnteckningsr\u00e4tt i f\u00f6retaget ensam eller tillsammans annan person<\/li>\n<li>Registreringsbevis<\/li>\n<li>\u00c4garstrukturen, organisationsstruktur<\/li>\n<li>Balansr\u00e4kning<\/li>\n<li>Budget<\/li>\n<li>\u00c5rsredovisningar<\/li>\n<li>Ytterligare dokumentation kan kr\u00e4vas beroende p\u00e5 projekt<\/li>\n<\/ul>\n<hr \/>\n<p>&nbsp;<\/p>\n<h4>\u00d6PPETTIDER KUNDTJ\u00c4NST:<\/h4>\n<table class=\"table table-striped\" border=\"0\">\n<tbody>\n<tr>\n<td valign=\"top\" width=\"150\">M\u00e5ndag \u2013 Fredag<\/td>\n<td valign=\"top\" width=\"100\">09:30 \u2013 11:30 &#038; 13:00-16:00<br \/>Lunch st\u00e4ngt 11:30-13:00<\/td>\n<\/tr>\n<tr>\n<td valign=\"top\" width=\"150\">L\u00f6rdag<\/td>\n<td valign=\"top\" width=\"100\">St\u00e4ngt<\/td>\n<\/tr>\n<tr>\n<td valign=\"top\" width=\"150\">S\u00f6ndag<\/td>\n<td valign=\"top\" width=\"100\">St\u00e4ngt<\/td>\n<\/tr>\n<\/tbody>\n<\/table>\n<blockquote><p>Telefon:  08-410 560 70<br \/>\nE-mail: <a href=\"mailto:INFO@TESSIN.SE\">INFO@TESSIN.SE.<\/a><\/p><\/blockquote>\n<blockquote class=\"theme\"><p>Tessin Nordic AB<\/p>\n<h4>ADRESS:<\/h4>\n<p>Olof Palmes Gata 31<br \/>\n111 22 Stockholm<br \/>\nOrg. nr: 556965-9187<\/p><\/blockquote>\n","protected":false},"excerpt":{"rendered":"<p>Tessin \u00e4r en renodlad crowdfunding plattform f\u00f6r fastighetsl\u00e5n, d\u00e4r b\u00e5de privatpersoner och f\u00f6retag ges m\u00f6jlighet att investera i b\u00e5de st\u00f6rre och mindre fastigheter. Byggherrar som planerar eller har ett p\u00e5g\u00e5ende &#8230;<\/p>\n","protected":false},"author":1,"featured_media":803,"parent":164,"menu_order":49,"comment_status":"open","ping_status":"closed","template":"template-fullwidth.php","meta":{"footnotes":""},"class_list":["post-802","page","type-page","status-publish","has-post-thumbnail","hentry"],"_links":{"self":[{"href":"https:\/\/firmalan.com\/sv\/wp-json\/wp\/v2\/pages\/802","targetHints":{"allow":["GET"]}}],"collection":[{"href":"https:\/\/firmalan.com\/sv\/wp-json\/wp\/v2\/pages"}],"about":[{"href":"https:\/\/firmalan.com\/sv\/wp-json\/wp\/v2\/types\/page"}],"author":[{"embeddable":true,"href":"https:\/\/firmalan.com\/sv\/wp-json\/wp\/v2\/users\/1"}],"replies":[{"embeddable":true,"href":"https:\/\/firmalan.com\/sv\/wp-json\/wp\/v2\/comments?post=802"}],"version-history":[{"count":5,"href":"https:\/\/firmalan.com\/sv\/wp-json\/wp\/v2\/pages\/802\/revisions"}],"predecessor-version":[{"id":2044,"href":"https:\/\/firmalan.com\/sv\/wp-json\/wp\/v2\/pages\/802\/revisions\/2044"}],"up":[{"embeddable":true,"href":"https:\/\/firmalan.com\/sv\/wp-json\/wp\/v2\/pages\/164"}],"wp:featuredmedia":[{"embeddable":true,"href":"https:\/\/firmalan.com\/sv\/wp-json\/wp\/v2\/media\/803"}],"wp:attachment":[{"href":"https:\/\/firmalan.com\/sv\/wp-json\/wp\/v2\/media?parent=802"}],"curies":[{"name":"wp","href":"https:\/\/api.w.org\/{rel}","templated":true}]}}