{"id":797,"date":"2018-09-21T10:42:21","date_gmt":"2018-09-21T08:42:21","guid":{"rendered":"https:\/\/firmalan.com\/sv\/?page_id=797"},"modified":"2020-11-28T22:46:14","modified_gmt":"2020-11-28T21:46:14","slug":"utan-borgen","status":"publish","type":"page","link":"https:\/\/firmalan.com\/sv\/lana-pengar\/utan-borgen\/","title":{"rendered":"F\u00f6retagsl\u00e5n utan personlig borgen"},"content":{"rendered":"<p>F\u00f6retagsl\u00e5n inneb\u00e4r alltid en f\u00f6rh\u00f6jd risk f\u00f6r l\u00e5ngivare, d\u00e4rf\u00f6r beh\u00f6vs n\u00e5gon form av garanti f\u00f6r att s\u00e4kerst\u00e4lla s\u00e5 att beloppet betalas tillbaka. I vissa fall kan en fastighet, egendom eller f\u00f6retagshypotek (fram till 1 januari 2009 f\u00f6retagsinteckning) fungera som s\u00e4kerhet men den absoult vanligaste l\u00f6sningen \u00e4r personlig borgen (i vissa fall i kombination med ytterligare krav p\u00e5 garanti).<\/p>\n<p><a href=\"https:\/\/firmalan.com\/sv\/vad-innebar-personlig-borgen\/\">Personlig borgen inneb\u00e4r<\/a> att en borgensman eller flera borgensm\u00e4n tar p\u00e5 sig det juridiska ansvaret f\u00f6r att fullg\u00f6ra en f\u00f6rpliktelse, i detta fall handlar det om att f\u00f6lja avtalet och betala tillbaka l\u00e5net med egna medel om f\u00f6retaget inte kan g\u00f6ra det sj\u00e4lv. Det uppenbart negativa med detta uppl\u00e4gg \u00e4r att \u00e4gare, styrelseledarm\u00f6ter eller andra viktiga personer inom verksamheten blir personligt betalningsansvariga och tvingas ta ett mycket stort solidariskt eller enskilt ansvar. Det g\u00e5r inte nog att understryka de personliga ekonomiska riskerna som en enskild borgensman tar, s\u00e5lde finns det ett naturligt intresse f\u00f6r f\u00f6retagsl\u00e5n utan krav p\u00e5 borgen.<\/p>\n<p>De senaste \u00e5ren har allt st\u00f6rre vikt lagts vid f\u00f6retags ekonomiska f\u00f6ruts\u00e4ttningar indikatorer som nettooms\u00e4ttning, tillv\u00e4xttakt, skulds\u00e4ttningsgrad samt r\u00f6relsemarginalen \u00e4r alla nyckeltal som kan anv\u00e4nds f\u00f6r att v\u00e4rdera \u00e5terbetalningsf\u00f6rm\u00e5gan. En del l\u00e5ngivare har fr\u00e5ng\u00e5tt kravet om personlig borgen, ist\u00e4llet st\u00e4ller man krav p\u00e5 en mer begr\u00e4nsad sk\u00f6tselborgen eller f\u00f6retagshypoteket som ger s\u00e4rskild f\u00f6rm\u00e5nsr\u00e4tt vid utm\u00e4tning och konkurs.<\/p>\n\n\n\n<div style='display:none'>Adservice Comparison Feed: Could not find feed with ID \"firma001\"<\/div>\n<script>console.log('Adservice Comparison Feed: Could not find feed with ID \"firma001\"');<\/script>\n","protected":false},"excerpt":{"rendered":"<p>F\u00f6retagsl\u00e5n inneb\u00e4r alltid en f\u00f6rh\u00f6jd risk f\u00f6r l\u00e5ngivare, d\u00e4rf\u00f6r beh\u00f6vs n\u00e5gon form av garanti f\u00f6r att s\u00e4kerst\u00e4lla s\u00e5 att beloppet betalas tillbaka. I vissa fall kan en fastighet, egendom eller &#8230;<\/p>\n","protected":false},"author":1,"featured_media":0,"parent":164,"menu_order":23,"comment_status":"open","ping_status":"closed","template":"","meta":{"footnotes":""},"class_list":["post-797","page","type-page","status-publish","hentry"],"_links":{"self":[{"href":"https:\/\/firmalan.com\/sv\/wp-json\/wp\/v2\/pages\/797","targetHints":{"allow":["GET"]}}],"collection":[{"href":"https:\/\/firmalan.com\/sv\/wp-json\/wp\/v2\/pages"}],"about":[{"href":"https:\/\/firmalan.com\/sv\/wp-json\/wp\/v2\/types\/page"}],"author":[{"embeddable":true,"href":"https:\/\/firmalan.com\/sv\/wp-json\/wp\/v2\/users\/1"}],"replies":[{"embeddable":true,"href":"https:\/\/firmalan.com\/sv\/wp-json\/wp\/v2\/comments?post=797"}],"version-history":[{"count":3,"href":"https:\/\/firmalan.com\/sv\/wp-json\/wp\/v2\/pages\/797\/revisions"}],"predecessor-version":[{"id":2413,"href":"https:\/\/firmalan.com\/sv\/wp-json\/wp\/v2\/pages\/797\/revisions\/2413"}],"up":[{"embeddable":true,"href":"https:\/\/firmalan.com\/sv\/wp-json\/wp\/v2\/pages\/164"}],"wp:attachment":[{"href":"https:\/\/firmalan.com\/sv\/wp-json\/wp\/v2\/media?parent=797"}],"curies":[{"name":"wp","href":"https:\/\/api.w.org\/{rel}","templated":true}]}}