{"id":79,"date":"2017-03-24T09:32:05","date_gmt":"2017-03-24T09:32:05","guid":{"rendered":"https:\/\/firmalan.com\/sv\/?page_id=79"},"modified":"2020-11-28T22:48:30","modified_gmt":"2020-11-28T21:48:30","slug":"ef","status":"publish","type":"page","link":"https:\/\/firmalan.com\/sv\/finansieringsformer\/ef\/","title":{"rendered":"F\u00f6retagsl\u00e5n enskild firma"},"content":{"rendered":"<p>Den vanligaste f\u00f6retagsformen i Sverige \u00e4r enskild n\u00e4ringsverksamhet. Tanken med den enskilda firman \u00e4r att vara en enkel och billig f\u00f6retagsform f\u00f6r individer som vill bedriva n\u00e4ringsverksamhet. I en enskild firma \u00e4r n\u00e4ringsidkaren och bolags\u00e4garen en och samma fysiska person, vilket blir tydligt genom att organisationsnumret \u00e4r det samma som grundarens personnummer. F\u00f6renklat kan man s\u00e4ga att en enskild firma \u00e4r en privatperson med r\u00e4tt att bedriva f\u00f6retagsverksamhet. F\u00f6r att en fysisk person skall kunna ha denna r\u00e4ttighet kr\u00e4vs F-skatt och m\u00e5nga g\u00e5nger \u00e4ven momsregistrering.<\/p>\n<p>Enskilda n\u00e4ringsidkare m\u00f6ter samma utmaning som alla andra f\u00f6retagare, en av de sv\u00e5raste \u00e4r att f\u00e5 ekonomin att g\u00e5 ihop. Inte s\u00e4llan beh\u00f6ver man ta f\u00f6retagsl\u00e5n f\u00f6r att f\u00e5 firman att g\u00e5 runt. I en enskild verksamhet h\u00e5lls f\u00f6retagsinnehavaren personligt ansvarig f\u00f6r f\u00f6retagsekonomin, det g\u00e4ller \u00e4ven att eventuella l\u00e5n till och fr\u00e5n den enskild firma. Att f\u00e5 renodlade f\u00f6retagsl\u00e5n \u00e4r i regel mycket sv\u00e5rare f\u00f6r en EF j\u00e4mf\u00f6rt med ett AB, det beror fr\u00e4mst p\u00e5 att aktiebolag oftast har st\u00f6rre oms\u00e4ttning vilket ger bankerna en st\u00f6rre s\u00e4kerhet.<\/p>\n<p>Samtidigt \u00e4r regelverket inte lika stelt f\u00f6r enskilda firmor, exempelvis \u00e4r det m\u00f6jligt att l\u00e5na pengar ut privata pengar till f\u00f6retaget n\u00e5got som inte \u00e4r till\u00e5tet i aktiebolag. Den som inte redan har eget kapital att l\u00e4gga in i f\u00f6retaget kan s\u00f6ka blancol\u00e5n privat och sedan l\u00e5na ut dessa pengar till den enskilda firman.<\/p>\n<h3>L\u00e5n till egenf\u00f6retagare<\/h3>\n<p>F\u00f6r att f\u00e5 l\u00e5na kr\u00e4vs alltid n\u00e5gon form av inkomst, genom arbete, pension eller inkomst fr\u00e5n eget f\u00f6retag (den skattade vinsten i den enskilda firman). Generellt \u00e4r det inte st\u00f6rre problem att l\u00e5na pengar som egenf\u00f6retagare, om detta g\u00f6rs som <a href=\"https:\/\/firmalan.com\/sv\/lana-pengar\/typ\/privatlan\/\">privatl\u00e5n<\/a> och inte som ett renodlat f\u00f6retagsl\u00e5n. Oavsett vilket tecknar enskilda f\u00f6retagare alltid l\u00e5neavtal &#8220;privat&#8221; i sin eget namn\/personnummer. I vissa fall kan l\u00e5ngivare st\u00e4lla h\u00f6gre krav p\u00e5 din inkomst om du har en enskild firma ist\u00e4llet f\u00f6r en vanlig anst\u00e4llning. I \u00f6vrigt g\u00e4ller samma krav som alltid, ekonomin skall vara ordnad och betalningsanm\u00e4rkningar f\u00e5r normalt inte f\u00f6rekomma. En sedvanlig kreditpr\u00f6vning g\u00f6rs alltid i samband med l\u00e5neans\u00f6kan.<\/p>\n<h3>Entrepren\u00f6rsl\u00e5n<\/h3>\n<p>Str\u00e4ngn\u00e4s Business Park och Sparbanken Rekarne var f\u00f6rst i Sverige med att erbjuda ett riktat l\u00e5n till unga entrepren\u00f6rer mellan 18\u201330 \u00e5r n\u00e4r man lanserade <em>SBP Entrepren\u00f6rsl\u00e5n<\/em> 2015. L\u00e5net ber\u00e4ttigade till 10.000 kr\/m\u00e5n och fungerade som en slags &#8220;studiel\u00e5n&#8221; fast f\u00f6r entrepren\u00f6rer. Numera finns inte detta uppl\u00e4gg kvar och faktum \u00e4r att det finns f\u00f6rv\u00e5nansv\u00e4rt f\u00e5 riktade l\u00e5n till unga egenf\u00f6retagare. I dagsl\u00e4get \u00e4r det endast en bank n\u00e4mligen <a href=\"https:\/\/firmalan.com\/sv\/lana-pengar\/seb\/\">SEB som erbjuder Entrepren\u00f6rsl\u00e5net<\/a> (10.000-25.000 kr) f\u00f6r unga i \u00e5ldrarna 18-35 som befinner sig i uppstartsfasen. SEB:s koncept \u00e4r t\u00e4nkt att kunna fungera som finansiering f\u00f6r basala investeringsbehov, exempelvis utrustning, programvara eller r\u00e5dgivning.<\/p>\n<p>&nbsp;<\/p>\n<h3>Bol\u00e5n f\u00f6r egenf\u00f6retagare<\/h3>\n<p>De flesta bankerna anser inte att enbart inkomst fr\u00e5n n\u00e4ringsverksamhet \u00e4r tillr\u00e4ckligt f\u00f6r att man skall ge l\u00e5nel\u00f6fte\/bol\u00e5n till egenf\u00f6retagare. I regel kr\u00e4vs en fast anst\u00e4llning f\u00f6r att f\u00e5 bostadsl\u00e5n. Det finns dock ett par undantag, notera dock att r\u00e4ntorna hos dessa kreditgivare \u00e4r betydligt h\u00f6gre \u00e4n bol\u00e5ner\u00e4ntorna hos storbankerna.<\/p>\n<h4>Nordax Bank<\/h4>\n<p><img loading=\"lazy\" decoding=\"async\" class=\"alignnone size-medium wp-image-1077\" src=\"https:\/\/firmalan.com\/sv\/wp-content\/uploads\/2019\/01\/nordax-logo-300x150.png\" alt=\"\" width=\"300\" height=\"150\" srcset=\"https:\/\/firmalan.com\/sv\/wp-content\/uploads\/2019\/01\/nordax-logo.png 300w, https:\/\/firmalan.com\/sv\/wp-content\/uploads\/2019\/01\/nordax-logo-150x75.png 150w\" sizes=\"auto, (max-width: 300px) 100vw, 300px\" \/><\/p>\n<p>Under 2018 lanserade Nordax en ny satsning p\u00e5 bol\u00e5n till egenf\u00f6retagare.&nbsp; M\u00f6jligheterna att f\u00e5 l\u00e5na f\u00f6rb\u00e4ttras om det finns en meds\u00f6kande.<\/p>\n<p><em>L\u00e5nebelopp<\/em>:&nbsp;150 000 kr &#8211; 10 000 000 kr.<br>\n<em>R\u00e4nta<\/em>:3,5% &#8211; 9,0%.<\/p>\n<h4>Bluestep<\/h4>\n<p><img loading=\"lazy\" decoding=\"async\" class=\"alignnone size-medium wp-image-1078\" src=\"https:\/\/firmalan.com\/sv\/wp-content\/uploads\/2019\/01\/bluestep-logo-300x150.png\" alt=\"bluestep f\u00f6retagsl\u00e5n\" width=\"300\" height=\"150\" srcset=\"https:\/\/firmalan.com\/sv\/wp-content\/uploads\/2019\/01\/bluestep-logo.png 300w, https:\/\/firmalan.com\/sv\/wp-content\/uploads\/2019\/01\/bluestep-logo-150x75.png 150w\" sizes=\"auto, (max-width: 300px) 100vw, 300px\" \/><br>\nBluestep har gjort sig k\u00e4nda som en bank som erbjuder l\u00f6sningar till specialfall. F\u00f6rutsatt att den \u00f6vriga ekonomin \u00e4r i sin ordning och \u00e5terbetalningsf\u00f6rm\u00e5gan \u00e4r god, beh\u00f6ver inte fast anst\u00e4llning\/inkomst vara ett absolut krav, alla ans\u00f6kningar bed\u00f6ms individuellt och betalningsanm\u00e4rkning beh\u00f6ver ej vara ett hinder.<\/p>\n<p><em>L\u00e5nebelopp<\/em>:&nbsp;150 000 kr &#8211; 10 000 000 kr.<br>\n<em>R\u00e4nta<\/em>:4,55% &#8211; 8,50%.<\/p>\n<p>&nbsp;<\/p>\n\n\n\n<div style='display:none'>Adservice Comparison Feed: Could not find feed with ID \"firma001\"<\/div>\n<script>console.log('Adservice Comparison Feed: Could not find feed with ID \"firma001\"');<\/script>\n","protected":false},"excerpt":{"rendered":"<p>Den vanligaste f\u00f6retagsformen i Sverige \u00e4r enskild n\u00e4ringsverksamhet. Tanken med den enskilda firman \u00e4r att vara en enkel och billig f\u00f6retagsform f\u00f6r individer som vill bedriva n\u00e4ringsverksamhet. I en enskild &#8230;<\/p>\n","protected":false},"author":1,"featured_media":0,"parent":75,"menu_order":0,"comment_status":"open","ping_status":"closed","template":"","meta":{"footnotes":""},"class_list":["post-79","page","type-page","status-publish","hentry"],"_links":{"self":[{"href":"https:\/\/firmalan.com\/sv\/wp-json\/wp\/v2\/pages\/79","targetHints":{"allow":["GET"]}}],"collection":[{"href":"https:\/\/firmalan.com\/sv\/wp-json\/wp\/v2\/pages"}],"about":[{"href":"https:\/\/firmalan.com\/sv\/wp-json\/wp\/v2\/types\/page"}],"author":[{"embeddable":true,"href":"https:\/\/firmalan.com\/sv\/wp-json\/wp\/v2\/users\/1"}],"replies":[{"embeddable":true,"href":"https:\/\/firmalan.com\/sv\/wp-json\/wp\/v2\/comments?post=79"}],"version-history":[{"count":7,"href":"https:\/\/firmalan.com\/sv\/wp-json\/wp\/v2\/pages\/79\/revisions"}],"predecessor-version":[{"id":2414,"href":"https:\/\/firmalan.com\/sv\/wp-json\/wp\/v2\/pages\/79\/revisions\/2414"}],"up":[{"embeddable":true,"href":"https:\/\/firmalan.com\/sv\/wp-json\/wp\/v2\/pages\/75"}],"wp:attachment":[{"href":"https:\/\/firmalan.com\/sv\/wp-json\/wp\/v2\/media?parent=79"}],"curies":[{"name":"wp","href":"https:\/\/api.w.org\/{rel}","templated":true}]}}