{"id":783,"date":"2018-09-10T17:42:17","date_gmt":"2018-09-10T15:42:17","guid":{"rendered":"https:\/\/firmalan.com\/sv\/?page_id=783"},"modified":"2020-11-28T22:43:49","modified_gmt":"2020-11-28T21:43:49","slug":"foretagsfinansiering","status":"publish","type":"page","link":"https:\/\/firmalan.com\/sv\/foretagsfinansiering\/","title":{"rendered":"F\u00f6retagsfinansiering"},"content":{"rendered":"<p>I sin bredaste definition avser begreppet f\u00f6retagsfinansiering alla sorts externt kapital som kan tas in i en verksamhet, vilket d\u00e5 omfattar rena bidrag, investeringar, pengar fr\u00e5n inkubatorer, riskkapital samt givetvis f\u00f6retagsl\u00e5n och andra bel\u00e5ningsuppl\u00e4gg. Men oftast anv\u00e4nds f\u00f6retagsfinansiering f\u00f6r att beskriva uppl\u00e4gg och avtal som inte \u00e4r l\u00e5n fr\u00e5n banker eller andra kreditgivare, utan snarare finansiella st\u00f6dsatsningar, bidragssystem och kapitalinvesteringar. Det kan exempelvis handla om statliga eller europiska bidrag och satsningar eller fonder som f\u00f6retag kan s\u00f6ka finansiering fr\u00e5n, p\u00e5 den h\u00e4r sidan har vi samlat information om olika akt\u00f6rer som erbjuder f\u00f6retagsfinansiering av detta slag.<\/p>\n<p><a href=\"https:\/\/firmalan.com\/sv\/foretagsfinansiering\/affarsangel\/\"><img loading=\"lazy\" decoding=\"async\" class=\"alignnone size-medium wp-image-1280\" title=\"Aff\u00e4rs\u00e4nglar som aff\u00e4rspartner\" src=\"https:\/\/firmalan.com\/sv\/wp-content\/uploads\/2019\/03\/grafik-affarsangel-300x200.jpg\" alt=\"bild p\u00e5 aff\u00e4rs\u00e4ngel\" width=\"300\" height=\"200\"><\/a><a title=\"J\u00e4mf\u00f6r l\u00e5nekostnad utifr\u00e5n r\u00e4nta\" href=\"https:\/\/firmalan.com\/sv\/lana-pengar\/jamfor-lan\/\"><img loading=\"lazy\" decoding=\"async\" class=\"alignnone size-medium wp-image-1281\" src=\"https:\/\/firmalan.com\/sv\/wp-content\/uploads\/2019\/03\/grafik-foretagslan-300x200.jpg\" alt=\"\" width=\"300\" height=\"200\"><\/a><a href=\"https:\/\/firmalan.com\/sv\/foretagsfinansiering\/investmentbolag\/\"><img loading=\"lazy\" decoding=\"async\" class=\"alignnone size-medium wp-image-1282\" title=\"Vad g\u00f6r investmentbolag\" src=\"https:\/\/firmalan.com\/sv\/wp-content\/uploads\/2019\/03\/grafik-investmentbolag-300x200.jpg\" alt=\"bild p\u00e5 investmentbolag\" width=\"300\" height=\"200\"><\/a><a href=\"https:\/\/firmalan.com\/sv\/foretagsfinansiering\/riskkapital\/\"><img loading=\"lazy\" decoding=\"async\" class=\"alignnone size-medium wp-image-1283\" title=\"Hitta riskkapitalister och s\u00f6k kapital\" src=\"https:\/\/firmalan.com\/sv\/wp-content\/uploads\/2019\/03\/grafik-riskkapital-300x200.jpg\" alt=\"bild p\u00e5 riskkapital\" width=\"300\" height=\"200\"><\/a><\/p>\n<h3>Fem finansieringsfaser<\/h3>\n<p>Fr\u00e5n fr\u00f6 till moget f\u00f6retag<\/p>\n<h5>1.Fr\u00f6 till aff\u00e4rsid\u00e9<\/h5>\n<p>Ett behov identifieras och en aff\u00e4rsid\u00e9 utkristalliseras. De f\u00f6sta trevande stegen tas och ett grundl\u00e4ggande koncept utvecklas.<\/p>\n<h5>2.Start up (Venture Capital)<\/h5>\n<p>Dags att omvandla teori till praktik, ett nytt f\u00f6retag blir till och etableringsarbetet p\u00e5b\u00f6rjas. En produkt som kan marknadsf\u00f6ras tas fram. H\u00e4r uppst\u00e5r ofta finansieringsbehov n\u00e4r kapital till investeringar och utveckling kr\u00e4vs.<\/p>\n<h5>3.Tidig tillv\u00e4xt<\/h5>\n<p>Nu \u00e4r verksamheten ig\u00e5ng och det \u00e4r dags att satsa p\u00e5 kommersiell tillverkning och f\u00f6rs\u00e4ljning. Oftast genereras \u00e4nnu inte n\u00e5gra vinster att tala om.<\/p>\n<h5>4.Expansion (Growth Capital)<\/h5>\n<p>Steget f\u00f6r ett litet f\u00f6retag att v\u00e4xa sig st\u00f6rre kr\u00e4ver ofta ytterligare kapital. Nyanst\u00e4llningar, st\u00f6rre lokaler eller andra investeringar som kr\u00e4vs f\u00f6r att skruva upp produktiviteten kr\u00e4ver n\u00e5gon form av f\u00f6retagsfinansiering. I denna fas genererar bolagen oftast vinst men man ser god tillv\u00e4xtpotential.<\/p>\n<h5>5.Mogna bolag (Buyout)<\/h5>\n<p>Det \u00e4r relativt vanligt att v\u00e4letablerade l\u00f6nsamma f\u00f6retag k\u00f6pas ut\/upp genom majoritetsinvesteringar alternativt b\u00f6rsnoteras f\u00f6retaget. Buyouts g\u00f6rs ofta i bolag som beh\u00f6ver en st\u00f6rre kostym att v\u00e4xa in i.<\/p>\n\n\n<p><\/p>\n","protected":false},"excerpt":{"rendered":"<p>I sin bredaste definition avser begreppet f\u00f6retagsfinansiering alla sorts externt kapital som kan tas in i en verksamhet, vilket d\u00e5 omfattar rena bidrag, investeringar, pengar fr\u00e5n inkubatorer, riskkapital samt givetvis &#8230;<\/p>\n","protected":false},"author":1,"featured_media":0,"parent":0,"menu_order":0,"comment_status":"open","ping_status":"closed","template":"","meta":{"footnotes":""},"class_list":["post-783","page","type-page","status-publish","hentry"],"_links":{"self":[{"href":"https:\/\/firmalan.com\/sv\/wp-json\/wp\/v2\/pages\/783","targetHints":{"allow":["GET"]}}],"collection":[{"href":"https:\/\/firmalan.com\/sv\/wp-json\/wp\/v2\/pages"}],"about":[{"href":"https:\/\/firmalan.com\/sv\/wp-json\/wp\/v2\/types\/page"}],"author":[{"embeddable":true,"href":"https:\/\/firmalan.com\/sv\/wp-json\/wp\/v2\/users\/1"}],"replies":[{"embeddable":true,"href":"https:\/\/firmalan.com\/sv\/wp-json\/wp\/v2\/comments?post=783"}],"version-history":[{"count":8,"href":"https:\/\/firmalan.com\/sv\/wp-json\/wp\/v2\/pages\/783\/revisions"}],"predecessor-version":[{"id":2407,"href":"https:\/\/firmalan.com\/sv\/wp-json\/wp\/v2\/pages\/783\/revisions\/2407"}],"wp:attachment":[{"href":"https:\/\/firmalan.com\/sv\/wp-json\/wp\/v2\/media?parent=783"}],"curies":[{"name":"wp","href":"https:\/\/api.w.org\/{rel}","templated":true}]}}