{"id":766,"date":"2018-08-13T11:22:48","date_gmt":"2018-08-13T09:22:48","guid":{"rendered":"https:\/\/firmalan.com\/sv\/?page_id=766"},"modified":"2019-04-24T16:52:46","modified_gmt":"2019-04-24T14:52:46","slug":"lantbruk-skog","status":"publish","type":"page","link":"https:\/\/firmalan.com\/sv\/lantbruk-skog\/","title":{"rendered":"Att l\u00e5na som landsbygdsf\u00f6retagare och skogs\u00e4gare"},"content":{"rendered":"<p>\u00c4ven om det inte finns n\u00e5got reellt hinder f\u00f6r lantbrukare och skogs\u00e4gare att ta &#8220;vanliga&#8221; f\u00f6retagsl\u00e5n, besitter f\u00f6retagare inom dessa omr\u00e5den m\u00e5nga g\u00e5nger tillg\u00e5ngar i form av mark, r\u00e5varor och fastigheter vilka g\u00f6r det m\u00f6jligt att s\u00f6ka s\u00e4rskilt anpassade skogs- och lantbruksl\u00e5n. Dessutom \u00e4r kapitalbehoven oftast stora inom denna grupp, s\u00e5ledes \u00f6nskar man i regel l\u00e5na st\u00f6rre belopp pengar vilket inneb\u00e4r att n\u00e5gon form av s\u00e4kerhet kr\u00e4vs.<\/p>\n<p><img loading=\"lazy\" decoding=\"async\" width=\"645\" height=\"484\" class=\"alignnone size-medium wp-image-767\" title=\"Ta l\u00e5n med fastighetens v\u00e4rde som s\u00e4kerhet\" src=\"https:\/\/firmalan.com\/sv\/wp-content\/uploads\/2018\/08\/jordbrukskredit.jpg\" alt=\"Jordbrukskredit\" srcset=\"https:\/\/firmalan.com\/sv\/wp-content\/uploads\/2018\/08\/jordbrukskredit.jpg 645w, https:\/\/firmalan.com\/sv\/wp-content\/uploads\/2018\/08\/jordbrukskredit-300x225.jpg 300w\" sizes=\"auto, (max-width: 645px) 100vw, 645px\" \/><\/p>\n<p>Skogs- och lantbruksl\u00e5n fungerar generellt som bottenl\u00e5n d\u00e4r fastighet och mark kan bel\u00e5nas upp till 75-80% av jordbruks- eller skogsfastighets v\u00e4rde. Snittr\u00e4ntorna f\u00f6r denna typ av l\u00e5n ofta kallad jordbrukskredit ligger i dagsl\u00e4get inom intervallet 2-4% med \u00e5terbetalningstider p\u00e5 upp till 10-20 \u00e5r. Denna finansieringsform kan med f\u00f6rdel anv\u00e4ndas n\u00e4r ny mark k\u00f6ps upp eller befintlig areal ut\u00f6kas.<\/p>\n<h3>Maskininvesteringar<\/h3>\n<p>Modernt lant- och skogsbruk \u00e4r teknikkr\u00e4vande och utan r\u00e4tt maskiner \u00e4r det sv\u00e5rt att n\u00e5 produktivitet. Samtidigt \u00e4r maskininvesteringar n\u00e4stan alltid mycket kostsamma och endast ett f\u00e5tal f\u00f6retagare kan betala hela kostnaden p\u00e5 ett br\u00e4de, ist\u00e4llet nyttjar de flesta n\u00e5gon form av <a href=\"https:\/\/firmalan.com\/sv\/finansieringsformer\/maskinfinansiering\/\">maskinfinansiering<\/a> vid maskin ink\u00f6p. Det finns flera olika finansieringsm\u00f6jligheter, l\u00e5ngsiktigt f\u00f6rm\u00e5nligast \u00e4r i regel att anv\u00e4nda maskinen som s\u00e4kerhet f\u00f6r ett l\u00e5n. Men allt fler skogs- och jordbrukare k\u00f6per utrustning p\u00e5 avbetalning eller leasar maskiner tempor\u00e4rt n\u00e4r behov uppst\u00e5r.<\/p>\n<h3>Tillf\u00e4lliga kostnader och mindre kapitalbehov<\/h3>\n<p>Det \u00e4r inte alltid st\u00f6rre belopp som efters\u00f6ks, vid exempelvis tillf\u00e4lliga ov\u00e4ntade kostnader kan f\u00f6retagsl\u00e5n utan s\u00e4kerhet vara l\u00f6sningen alternativt en checkkredit d\u00e4r r\u00e4nta endast betalas p\u00e5 utnyttjat belopp.<\/p>\n<div class=\"extratext\">Upp 16 st l\u00e5nesvar<\/div>\n<p><img decoding=\"async\" src=\"https:\/\/firmalan.com\/sv\/wp-content\/uploads\/2019\/02\/krea-logo.jpg\" \/><\/p>\n<p class=\"kapitel\">Krea l\u00e5nef\u00f6rmedlare<\/p>\n<ul id=\"navlist\">\n<li>Belopp:10 000-5 000 000 kr<\/li>\n<li>L\u00f6ptid: Varierande<\/li>\n<li>\u00c5rsr\u00e4nta: ca 6.0-40% *Individuell r\u00e4ntes\u00e4ttning.<\/li>\n<\/ul>\n<p><a class=\"btn btn-theme-primary btn-lg\" style=\"min-width: 250px;\" href=\"\/sv\/go\/krea\/\" target=\"_blank\" rel=\"nofollow noopener\">Ans\u00f6k nu<\/a><br \/>\n<a class=\"btn btn-secondary-outline btn-lg\" href=\"https:\/\/firmalan.com\/sv\/lana-pengar\/krea\/\">Mer om Krea f\u00f6retagsl\u00e5n<\/a><\/p>\n<div>\n<hr \/>\n<\/div>\n<div class=\"extratext\">Nytt l\u00e5n<\/div>\n<p><img decoding=\"async\" src=\"https:\/\/firmalan.com\/sv\/wp-content\/uploads\/2019\/04\/bondelanet-logo.png\" \/><\/p>\n<p class=\"kapitel\">Bondel\u00e5net<\/p>\n<ul id=\"navlist\">\n<li>Belopp: Upp till 500.000 kr<\/li>\n<li>L\u00f6ptid: 6-24 m\u00e5n<\/li>\n<li>R\u00e4nesats: fr\u00e5n 14,95% *Individuell r\u00e4ntes\u00e4ttning<\/li>\n<\/ul>\n<p><a class=\"btn btn-secondary-outline btn-lg\" href=\"https:\/\/firmalan.com\/sv\/lana-pengar\/uppland-kredit\/bondelanet\/\">Mer om Bondel\u00e5net<\/a><\/p>\n","protected":false},"excerpt":{"rendered":"<p>\u00c4ven om det inte finns n\u00e5got reellt hinder f\u00f6r lantbrukare och skogs\u00e4gare att ta &#8220;vanliga&#8221; f\u00f6retagsl\u00e5n, besitter f\u00f6retagare inom dessa omr\u00e5den m\u00e5nga g\u00e5nger tillg\u00e5ngar i form av mark, r\u00e5varor och &#8230;<\/p>\n","protected":false},"author":1,"featured_media":0,"parent":0,"menu_order":0,"comment_status":"open","ping_status":"closed","template":"","meta":{"footnotes":""},"class_list":["post-766","page","type-page","status-publish","hentry"],"_links":{"self":[{"href":"https:\/\/firmalan.com\/sv\/wp-json\/wp\/v2\/pages\/766","targetHints":{"allow":["GET"]}}],"collection":[{"href":"https:\/\/firmalan.com\/sv\/wp-json\/wp\/v2\/pages"}],"about":[{"href":"https:\/\/firmalan.com\/sv\/wp-json\/wp\/v2\/types\/page"}],"author":[{"embeddable":true,"href":"https:\/\/firmalan.com\/sv\/wp-json\/wp\/v2\/users\/1"}],"replies":[{"embeddable":true,"href":"https:\/\/firmalan.com\/sv\/wp-json\/wp\/v2\/comments?post=766"}],"version-history":[{"count":6,"href":"https:\/\/firmalan.com\/sv\/wp-json\/wp\/v2\/pages\/766\/revisions"}],"predecessor-version":[{"id":1475,"href":"https:\/\/firmalan.com\/sv\/wp-json\/wp\/v2\/pages\/766\/revisions\/1475"}],"wp:attachment":[{"href":"https:\/\/firmalan.com\/sv\/wp-json\/wp\/v2\/media?parent=766"}],"curies":[{"name":"wp","href":"https:\/\/api.w.org\/{rel}","templated":true}]}}