{"id":760,"date":"2018-08-13T11:07:58","date_gmt":"2018-08-13T09:07:58","guid":{"rendered":"https:\/\/firmalan.com\/sv\/?page_id=760"},"modified":"2024-01-03T08:52:22","modified_gmt":"2024-01-03T07:52:22","slug":"maskinfinansiering","status":"publish","type":"page","link":"https:\/\/firmalan.com\/sv\/finansieringsformer\/maskinfinansiering\/","title":{"rendered":"Maskinfinansiering"},"content":{"rendered":"<p>N\u00f6dv\u00e4ndig utrustning s\u00e5 som maskiner och en uppdaterad fordonspark inneb\u00e4r mycket stora investeringar f\u00f6r f\u00f6retag. Endast ett f\u00e5tal akt\u00f6rer har tillr\u00e4ckligt med likvida medel f\u00f6r att hantera dessa ink\u00f6p som eng\u00e5ngskostnader, dessutom \u00e4r det inte alltid att rekommendera att g\u00f6ra kontantk\u00f6p, tillg\u00e5ngen p\u00e5 likvida medel och m\u00f6jligheten att skapa avkastning p\u00e5 kapitalet kan vara v\u00e4rdefullare \u00e4n att h\u00e5lla sig skuldfri. Maskinfinansiering \u00e4r ett begrepp som kommit att syfta p\u00e5 en speciell typ av l\u00e5n d\u00e4r utrustningen anv\u00e4nds som s\u00e4kerhet och man f\u00e5r l\u00e5na upp till 80% av maskinens v\u00e4rde d\u00e4rut\u00f6ver kr\u00e4vs en kontantinsats om ca 20%.<\/p>\n<p>Den fr\u00e4msta f\u00f6rdelen med maskinfinansiering framf\u00f6r att teckna f\u00f6retagsl\u00e5n \u00e4r att d\u00e5 maskinen eller fordonet anv\u00e4nds som s\u00e4kerhet f\u00f6r finansieringen kr\u00e4vs ingen personlig borgen eller f\u00f6retagsinteckning. Dock kr\u00e4vs alltid n\u00e5gon form av kontantinsats, det finns emellertid inget som hindrar att l\u00e5na ihop till denna insats. <strong>Maskinl\u00e5n d\u00e4r maskinen anv\u00e4nds som s\u00e4kerhet har n\u00e4stan alltid en f\u00f6rm\u00e5nligare r\u00e4nta<\/strong> j\u00e4mf\u00f6rt med krediter utan s\u00e4kerhet.<\/p>\n<p>Maskinfinansiering fungerar som ett ink\u00f6p p\u00e5 avbetalning, d\u00e4r f\u00f6retaget st\u00e5r som \u00e4gare av objektet och sedan g\u00f6r l\u00f6pande avbetalningar p\u00e5 l\u00e5neskulden. Samtidigt g\u00f6rs avskrivningar f\u00f6r hela maskinkostnaden under hela den ber\u00e4knade l\u00f6ptiden.<\/p>\n<p>F\u00f6r f\u00f6retag som s\u00f6ker skr\u00e4ddarsydda l\u00f6sningar inom <a href=\"https:\/\/zeppelin-cat.se\/maskinfinansiering\/\" target=\"_blank\" rel=\"noopener\">maskinfinansiering<\/a>, \u00e4r Cat Financial en utm\u00e4rkt partner. De erbjuder expertis och anpassade finansieringsalternativ f\u00f6r dig oavsett om du vill k\u00f6pa, hyra eller leasa maskiner. P\u00e5 deras hemsida kan du utforska flexibla finansieringsl\u00f6sningar som kan hj\u00e4lpa ditt f\u00f6retag att v\u00e4xa och blomstra utan att belasta f\u00f6retagets likviditet. Cat Financial \u00e4r en p\u00e5litlig partner f\u00f6r att effektivisera och underl\u00e4tta processen med maskinfinansiering.<\/p>\n<hr \/>\n<h3>Leasing &#8211; Hyra maskin tillf\u00e4lligt<\/h3>\n<p>Ett alternativ till att k\u00f6pa och \u00e4ga maskiner \u00e4r att hyra in n\u00f6dv\u00e4ndig utrustning efter behov. Denna typ av tidsbegr\u00e4nsad inhyrning kallas leasing och kr\u00e4ver inte n\u00e5gon kreditinsats ist\u00e4llet betalar f\u00f6retag l\u00f6pande en avgift som ber\u00e4knas utifr\u00e5n maskinv\u00e4rdet och dess ber\u00e4knade ekonomiska livsl\u00e4ngd. Inga s\u00e4kerheter, borgens\u00e5taganden eller kontantinsatser kr\u00e4vs dock kan f\u00f6retaget h\u00e5llas skyldig f\u00f6r eventuell missk\u00f6tsel eller slitage som uppst\u00e5r pga. oaktsamhet eller felaktig anv\u00e4ndning. Vid leasing \u00e4r det alltid viktigt att noga s\u00e4tta sig in i avtalet och se till s\u00e5 att man har en f\u00f6rs\u00e4kring som t\u00e4cker eventuella kostnader som leasingbolaget kan utkr\u00e4va. En stor nackdel med leasing j\u00e4mf\u00f6r med att k\u00f6pa in maskinerna till bolaget \u00e4r att inga avskrivningar kan g\u00f6ras och kostnaderna f\u00f6r leasingen blir d\u00e4rf\u00f6r en ren utgift f\u00f6r f\u00f6retaget.<\/p>\n<p><a href=\"https:\/\/firmalan.com\/sv\/finansieringsformer\/firmabil\/\"><img loading=\"lazy\" decoding=\"async\" class=\"alignnone size-medium wp-image-761\" src=\"https:\/\/firmalan.com\/sv\/wp-content\/uploads\/2018\/08\/504foretagsfordon-300x206.jpg\" alt=\"bilfinansiering\" width=\"300\" height=\"206\" srcset=\"https:\/\/firmalan.com\/sv\/wp-content\/uploads\/2018\/08\/504foretagsfordon-300x206.jpg 300w, https:\/\/firmalan.com\/sv\/wp-content\/uploads\/2018\/08\/504foretagsfordon.jpg 448w\" sizes=\"auto, (max-width: 300px) 100vw, 300px\" \/><\/a><\/p>\n\n\n<div style='display:none'>Adservice Comparison Feed: Could not find feed with ID \"firma001\"<\/div>\n<script>console.log('Adservice Comparison Feed: Could not find feed with ID \"firma001\"');<\/script>\n","protected":false},"excerpt":{"rendered":"<p>N\u00f6dv\u00e4ndig utrustning s\u00e5 som maskiner och en uppdaterad fordonspark inneb\u00e4r mycket stora investeringar f\u00f6r f\u00f6retag. Endast ett f\u00e5tal akt\u00f6rer har tillr\u00e4ckligt med likvida medel f\u00f6r att hantera dessa ink\u00f6p som &#8230;<\/p>\n","protected":false},"author":1,"featured_media":0,"parent":75,"menu_order":0,"comment_status":"open","ping_status":"closed","template":"","meta":{"footnotes":""},"class_list":["post-760","page","type-page","status-publish","hentry"],"_links":{"self":[{"href":"https:\/\/firmalan.com\/sv\/wp-json\/wp\/v2\/pages\/760","targetHints":{"allow":["GET"]}}],"collection":[{"href":"https:\/\/firmalan.com\/sv\/wp-json\/wp\/v2\/pages"}],"about":[{"href":"https:\/\/firmalan.com\/sv\/wp-json\/wp\/v2\/types\/page"}],"author":[{"embeddable":true,"href":"https:\/\/firmalan.com\/sv\/wp-json\/wp\/v2\/users\/1"}],"replies":[{"embeddable":true,"href":"https:\/\/firmalan.com\/sv\/wp-json\/wp\/v2\/comments?post=760"}],"version-history":[{"count":4,"href":"https:\/\/firmalan.com\/sv\/wp-json\/wp\/v2\/pages\/760\/revisions"}],"predecessor-version":[{"id":2430,"href":"https:\/\/firmalan.com\/sv\/wp-json\/wp\/v2\/pages\/760\/revisions\/2430"}],"up":[{"embeddable":true,"href":"https:\/\/firmalan.com\/sv\/wp-json\/wp\/v2\/pages\/75"}],"wp:attachment":[{"href":"https:\/\/firmalan.com\/sv\/wp-json\/wp\/v2\/media?parent=760"}],"curies":[{"name":"wp","href":"https:\/\/api.w.org\/{rel}","templated":true}]}}