{"id":756,"date":"2018-08-12T13:34:45","date_gmt":"2018-08-12T11:34:45","guid":{"rendered":"https:\/\/firmalan.com\/sv\/?page_id=756"},"modified":"2019-08-18T11:52:38","modified_gmt":"2019-08-18T09:52:38","slug":"hb-kb","status":"publish","type":"page","link":"https:\/\/firmalan.com\/sv\/finansieringsformer\/juridiska\/hb-kb\/","title":{"rendered":"F\u00f6retagsl\u00e5n f\u00f6r Handelsbolag \/ Kommanditbolag"},"content":{"rendered":"<p>F\u00f6ljande l\u00e5nef\u00f6retag erbjuder l\u00e5n till Handelsbolag \/ Kommanditbolag. Eftersom Handelsbolag normalt har flera f\u00f6retagsledare, \u00e4r det viktigt att samtliga \u00e4gare deltar i ans\u00f6kan. F\u00f6rdelen \u00e4r att dessa personer solidariskt kan dela p\u00e5 borgen som garanterar f\u00f6retagsl\u00e5net.<\/p>\n","protected":false},"excerpt":{"rendered":"<p>F\u00f6ljande l\u00e5nef\u00f6retag erbjuder l\u00e5n till Handelsbolag \/ Kommanditbolag. Eftersom Handelsbolag normalt har flera f\u00f6retagsledare, \u00e4r det viktigt att samtliga \u00e4gare deltar i ans\u00f6kan. F\u00f6rdelen \u00e4r att dessa personer solidariskt kan &#8230;<\/p>\n","protected":false},"author":1,"featured_media":0,"parent":114,"menu_order":0,"comment_status":"open","ping_status":"closed","template":"","meta":{"footnotes":""},"class_list":["post-756","page","type-page","status-publish","hentry"],"_links":{"self":[{"href":"https:\/\/firmalan.com\/sv\/wp-json\/wp\/v2\/pages\/756","targetHints":{"allow":["GET"]}}],"collection":[{"href":"https:\/\/firmalan.com\/sv\/wp-json\/wp\/v2\/pages"}],"about":[{"href":"https:\/\/firmalan.com\/sv\/wp-json\/wp\/v2\/types\/page"}],"author":[{"embeddable":true,"href":"https:\/\/firmalan.com\/sv\/wp-json\/wp\/v2\/users\/1"}],"replies":[{"embeddable":true,"href":"https:\/\/firmalan.com\/sv\/wp-json\/wp\/v2\/comments?post=756"}],"version-history":[{"count":3,"href":"https:\/\/firmalan.com\/sv\/wp-json\/wp\/v2\/pages\/756\/revisions"}],"predecessor-version":[{"id":1698,"href":"https:\/\/firmalan.com\/sv\/wp-json\/wp\/v2\/pages\/756\/revisions\/1698"}],"up":[{"embeddable":true,"href":"https:\/\/firmalan.com\/sv\/wp-json\/wp\/v2\/pages\/114"}],"wp:attachment":[{"href":"https:\/\/firmalan.com\/sv\/wp-json\/wp\/v2\/media?parent=756"}],"curies":[{"name":"wp","href":"https:\/\/api.w.org\/{rel}","templated":true}]}}