{"id":75,"date":"2017-03-24T07:18:04","date_gmt":"2017-03-24T07:18:04","guid":{"rendered":"https:\/\/firmalan.com\/sv\/?page_id=75"},"modified":"2020-04-13T17:23:53","modified_gmt":"2020-04-13T15:23:53","slug":"finansieringsformer","status":"publish","type":"page","link":"https:\/\/firmalan.com\/sv\/finansieringsformer\/","title":{"rendered":"Finansieringsformer"},"content":{"rendered":"<p>Ett vanligt hinder f\u00f6r b\u00e5de st\u00f6rre och mindre f\u00f6retag att skaffa n\u00f6dv\u00e4ndigt kapital som kr\u00e4vs f\u00f6r expansion och utveckling. Efterfr\u00e5gan p\u00e5 f\u00f6retagskrediter \u00e4r stor, samtidigt \u00e4r bankerna mycket restriktiva med att bevilja l\u00e5n till f\u00f6retag. Samtidigt har en m\u00e4ngd nya finansieringsformer tillkommit d\u00e5 f\u00f6retag har olika behov och f\u00f6ruts\u00e4ttningar. H\u00e4r har vi sammanst\u00e4llt olika finansieringsformer f\u00f6r enskilda firmor (EF), Aktiebolag (AB) och Handelsbolag (HB).<\/p>\n<p><strong>Avbetalning<\/strong><\/p>\n<p>St\u00f6rre k\u00f6p och investeringar kan med f\u00f6rdel delas upp p\u00e5 flera delbetalningar. I m\u00e5ngt och mycket fungerar avbetalningsk\u00f6p som ett l\u00e5n, men skillnaden \u00e4r att kreditutrymmet hos banken inte p\u00e5verkas samtidigt som s\u00e4ljaren genom \u00e4gander\u00e4ttsf\u00f6rbeh\u00e5ll har r\u00e4tt att \u00e5terta varan om k\u00f6paren inte f\u00f6ljer avbetalningsplanen eller missk\u00f6ter amorteringarna.<\/p>\n<p><strong>Bryggfinansiering<\/strong><\/p>\n<p>Bryggfinansiering \u00e4r egentligen en fel\u00f6vers\u00e4ttning av engelskans <em>Bridge financing<\/em> och avser kortfristiga l\u00e5neuppl\u00e4gg, d\u00e4r en tillf\u00e4llig finansieringsl\u00f6sning snabbt beh\u00f6ver f\u00e5s p\u00e5 plats. Oftast anv\u00e4nder f\u00f6retag bryggfinansiering f\u00f6r att skjuta till tillf\u00e4lligt kapital om ett bolags likviditet tar slut under en p\u00e5g\u00e5ende st\u00f6rre finansieringsprocess.<\/p>\n<p><strong>Checkkredit<\/strong><\/p>\n<p>F\u00f6ljande namn kontokredit, <a href=\"https:\/\/firmalan.com\/sv\/lana-pengar\/typ\/checkkredit\/\">checkkredit\/r\u00f6relsekredit<\/a>, kreditkonto, f\u00f6retagskredit, anv\u00e4nds f\u00f6r att beskriva finansieringsformer d\u00e4r en kredit kopplas till likvidkontot. Kreditutrymme kan belastas likt ett kreditkort och du betalar endast f\u00f6r den del av krediten som faktiskt nyttjas. Dock varierar villkoren r\u00f6rande l\u00f6ptid, r\u00e4nta och eventuella fasta avgifter.<\/p>\n<p><strong>Egenfinansiering <\/strong><\/p>\n<p>Inneb\u00e4r att f\u00f6retag anv\u00e4nder det egna kassafl\u00f6det och kapitalet eller \u00e5terinvesterar vinst i f\u00f6retagets verksamhet.\u00a0 F\u00f6r att egenfinansiering skall vara ett g\u00e5ngbart alternativ m\u00e5ste tillr\u00e4ckliga likvida tillg\u00e5ngar finnas ackumulerade i bolaget.<\/p>\n<p><strong>Emissionslikvid<\/strong><\/p>\n<p>Det \u00e4r m\u00f6jligt f\u00f6r bolag att emittera fler aktier genom en s\u00e5 kallad nyemission, detta g\u00f6rs vanligtvis i samband med att man vill v\u00e4xa som f\u00f6retag. \u00a0Genom att tillf\u00f6ra fler aktier f\u00e5r bolaget tillg\u00e5ng till frisk kapital detta kallas en emissionslikvid.<\/p>\n<p><strong>Exportfinansiering <\/strong><\/p>\n<p>Denna specifika finansieringstyp anv\u00e4nds f\u00f6r att finansiera exportaff\u00e4rer. Vid l\u00e5ngv\u00e4ga och ibland mycket omfattande aff\u00e4rer med utlandet \u00e4r det inte ovanligt att k\u00f6pare efterfr\u00e5gar l\u00e4ngre betalningsfrister. F\u00f6retag vars varor och tj\u00e4nster i h\u00f6g grad g\u00e5r p\u00e5 export, beh\u00f6ver d\u00e4rf\u00f6r kunna erbjuda gener\u00f6sa betalningsvillkor och kredittider. Tanken med exportfinansiering \u00e4r att g\u00f6ra det m\u00f6jligt \u00e4ven f\u00f6r mindre kapitalstarka bolag att konkurera p\u00e5 den globala marknaden.<\/p>\n<p><strong>Factoring<\/strong><\/p>\n<p>Omfattar olika finansiella uppl\u00e4gg d\u00e4r obetalda kundfakturor utg\u00f6r s\u00e4kerhet f\u00f6r ett l\u00e5n eller att fodringen s\u00e4ljs och skuldebrevet (fodringsr\u00e4tten) \u00f6verl\u00e5ts.<\/p>\n<p>Tv\u00e5 factoringtyper:<\/p>\n<p>1 &#8211; <a href=\"https:\/\/firmalan.com\/sv\/factoring\/salja-faktura\/\"><em>Fakturak\u00f6p<\/em><\/a> inneb\u00e4r att ett f\u00f6retag s\u00e4ljer r\u00e4tten till fodringen till en tredje part.<\/p>\n<p>2 &#8211; <a href=\"https:\/\/firmalan.com\/sv\/factoring\/belana-faktura\/\"><em>Fakturabel\u00e5ning<\/em><\/a> anv\u00e4nds f\u00f6r att beskriva olika sorters fakturafinansiering d\u00e4r kundfodringar fungerar som s\u00e4kerhet och &#8220;pants\u00e4tts&#8221;.<\/p>\n<p><strong>Fastighetsfinansiering<\/strong><\/p>\n<p>Under detta samlingsnamn samlas en m\u00e4ngd olika finansieringsalternativ d\u00e4ribland fastighetsl\u00e5n, byggnadskredit (under byggtiden), bostadsr\u00e4ttsl\u00e5n samt l\u00e5n till skogs- och lantbruksfastigheter.<\/p>\n<p><strong>Finansieringskapital<\/strong><\/p>\n<p>\u00c4r ett samlande begrepp som beskriver internt (eget) eller externt (andras) sparkapital som anv\u00e4nds f\u00f6r kunna anskaffa resurser och genomf\u00f6r investeringar.<\/p>\n<p><strong>Fordonsfinansiering<\/strong><\/p>\n<p>Det finns m\u00e5nga olika finansieringsm\u00f6jligheter f\u00f6r f\u00f6retag som skall inf\u00f6rskaffa <a href=\"https:\/\/firmalan.com\/sv\/finansieringsformer\/firmabil\/\">f\u00f6retagsbil<\/a>. Avbetalning, billeasing, s\u00e4kerst\u00e4llda bill\u00e5n eller l\u00e5neavtal utan s\u00e4kerhet. Dessutom kan st\u00f6rre banker erbjuda l\u00e5neuppl\u00e4gg f\u00f6r fordonsflottor samt i vissa fall anpassade\/skr\u00e4ddarsydda l\u00f6sningar.<\/p>\n<p><strong>F\u00f6rlagsl\u00e5n med konverteringsr\u00e4tt<\/strong><\/p>\n<p>Konvertibelt f\u00f6rlagsl\u00e5n, inneb\u00e4r att skuldebrevet \u00e4r uppr\u00e4ttat p\u00e5 ett s\u00e5dan vis att fodran\/skulden kan konverteras till optioner\/aktier i f\u00f6retaget som kan konverteras till aktier i f\u00f6retaget till en f\u00f6rutbest\u00e4md kurs.<\/p>\n<p><strong>F\u00f6rv\u00e4rvsl\u00e5n<\/strong> avser finansieringsuppl\u00e4gg i samband med f\u00f6retagsf\u00f6rv\u00e4rv, \u00f6verl\u00e5telse i samband med generationsv\u00e4xling samt vid uppk\u00f6p av aktier (Aktiebolag) eller andelar (Handelsbolag). <a href=\"https:\/\/firmalan.com\/sv\/foretagskop\/\">L\u00e5n i samband med bolagsk\u00f6p<\/a> kan omfatta hela eller delar av k\u00f6peskillingen.<\/p>\n<p><strong>Kapitalandelsl\u00e5n<\/strong><\/p>\n<p>Den tidigare f\u00f6rbjudna finansieringsformen, utm\u00e4rker sig genom att l\u00e5nevillkoren p\u00e5verkas av hur v\u00e4l ett bolag presterar. Kapitalandelsl\u00e5n beskrivs b\u00e4st som ett mellanting mellan skuld och aktieinnehav. Beslut om att ta upp ett kapitalandelsl\u00e5n skall tas vid bolagsst\u00e4mma.<\/p>\n<p>Ytterligare andra speciella finanstyper f\u00f6r aktiebolag \u00e4r optionsl\u00e5n, konvertibell\u00e5n samt vinstandelsl\u00e5n, vilka alla uppr\u00e4ttas kommer med s\u00e4rskilt villkorade skuldebrev.<\/p>\n<p><strong>Koncerninterna l\u00e5n<\/strong><\/p>\n<p>L\u00e5n fr\u00e5n ett moderbolag till exempelvis ett dotterbolag kallas koncerninterna l\u00e5n d\u00e4r speciella regel m\u00e5ste f\u00f6ljas f\u00f6r att inte riskera att det ses som ett <a href=\"https:\/\/firmalan.com\/sv\/laneforbud\/\">f\u00f6rbjudet l\u00e5n<\/a>.<\/p>\n<p><strong>Lagerfinansiering<\/strong><\/p>\n<p>Bel\u00e5na varulager genom lagerfinansiering internationellt k\u00e4nt som Stock finance. Inneb\u00e4r att, oftast v\u00e4rdefulla varor, s\u00e5 som bilar eller andra fordon och maskiner, anv\u00e4nds som s\u00e4kerhet f\u00f6r ett l\u00e5n.<\/p>\n<p><strong>LBO finansiering<\/strong><\/p>\n<p>LBO \u00e4r en akronym h\u00e4mtat fr\u00e5n engelskans <em>Leveraged Buy-Out. <\/em> LBO finansiering, ibland \u00e4ven kallat bel\u00e5nat uppk\u00f6p, \u00e4r metod riskkapitalbolag anv\u00e4nder i samband med f\u00f6retagsf\u00f6rv\u00e4rv. Vid en LBO st\u00e4ller man m\u00e5lf\u00f6retagets kommande kassafl\u00f6de eller andra tillg\u00e5ngar som s\u00e4kerhet f\u00f6r ett l\u00e5n.<\/p>\n<p><strong>Leasing<\/strong><\/p>\n<p>Ist\u00e4llet f\u00f6r att k\u00f6pa och \u00e4ga ett fordon eller en maskin, \u00e4r det m\u00f6jligt f\u00f6r b\u00e5de sm\u00e5 och stora f\u00f6retag att leasa det man beh\u00f6ver till verksamheten. F\u00f6retagsleasing l\u00e4mpar sig v\u00e4l om det handlar om ett tillf\u00e4lligt behov och man vill undvika att binda upp kapitaltillg\u00e5ngar i on\u00f6dan.<\/p>\n<p>Tv\u00e5 leasingtyper:<\/p>\n<p><em>Finansiell leasing<\/em> inneb\u00e4r mycket f\u00f6renklat att f\u00f6retaget som leasar exempelvis ett fordon ansvar f\u00f6r den som vilken annan investering som helst. Det inneb\u00e4r att man st\u00e5r f\u00f6r alla kostnader f\u00f6r t.ex. service, reparationer eller underh\u00e5ll. N\u00e4r leasingavtalet l\u00f6per ut kan f\u00f6retag, om de vill, v\u00e4lja att k\u00f6pa den tidigare leasade produkten genom att betala restskulden (mellanskillnaden mellan r\u00e5dande marknadsv\u00e4rde och de betalningar som gjort under leasingtiden).<\/p>\n<p><em>Operationell leasing<\/em> kan i princip likst\u00e4llas vid att hyra av en produkt, tj\u00e4nst eller vara som kan nyttjas och anv\u00e4ndas s\u00e5 l\u00e4nge leasingavgiften betalas.<\/p>\n<p><strong>Likviditetsl\u00e5n<\/strong> tas upp i syfte att avhj\u00e4lpa tillf\u00e4llig kapitalbrist i samband med likviditetsunderskott. Den bakomliggande orsaken till detta underskott \u00e4r att inbetalningarna \u00e4r mindre \u00e4n utbetalningarna, f\u00f6r att l\u00e5ngsiktigt f\u00e5 bukt med \u00e5terkommande likviditetsbrist beh\u00f6ver en b\u00e4ttre budget uppr\u00e4ttas och en buffert byggas upp.<\/p>\n<p><strong>L\u00e5n utan s\u00e4kerhet<\/strong><\/p>\n<p>Det flesta konsumentkrediterna p\u00e5 marknaden ges ut s\u00e4kerhet, men n\u00e4r det g\u00e4ller l\u00e5n till f\u00f6retag \u00e4r detta fortfarande en relativt ny finansieringstyp. De flesta f\u00f6retagsl\u00e5n utan s\u00e4kerhet kr\u00e4ver att en eller flera borgensm\u00e4n garanterar skulden genom personligt borgens\u00e5tagande.<\/p>\n<p><strong>Maskinfinansiering<\/strong><\/p>\n<p>Alla slags finansieringsl\u00f6sningar som anv\u00e4nds i samband med maskink\u00f6p g\u00e5r under samlingsnamnet maskinfinansiering. Detta omfattar allt fr\u00e5n maskinl\u00e5n, leasing samt del- och avbetalning.<\/p>\n<p><strong>Obligationsl\u00e5n<\/strong><\/p>\n<p>Obligationsl\u00e5n handlar i regel om l\u00e5ngfristiga l\u00e5n med fast r\u00e4nta. EN obligation \u00e4r ett r\u00e4nteb\u00e4rande enkelt skuldebrev och juridiskt dokument som visar att innehavaren l\u00e5nat ut pengar till exempelvis staten, en kommun, ett hypoteksinstitut, bostadskreditinstitut eller ett st\u00f6rre f\u00f6retag. Att emittera obligationsl\u00e5n \u00e4r normalt n\u00e5got som st\u00f6rre f\u00f6retag, staten, banker och bostadskreditinstitut g\u00f6r, mindre f\u00f6retag och enskilda firmor har inte denna m\u00f6jlighet.<\/p>\n<p><strong>Orderfinansiering <\/strong><\/p>\n<p>St\u00f6rre ordar och tilldelade upphandlingar kan kr\u00e4va b\u00e5de nyanst\u00e4llningar och att omfattande ink\u00f6p g\u00f6rs. Orderfinansiering kan hj\u00e4lpa er frig\u00f6ra det n\u00f6dv\u00e4ndiga kapital som beh\u00f6vs.<\/p>\n<p><strong>Projektfinansiering &#8211; <\/strong>avser i regel olika l\u00e5ngsiktig finansieringsformer d\u00e4r mottagaren \u00e4r ett frist\u00e5ende ofta st\u00f6rre projekt, d\u00e4r betydande investeringar kr\u00e4vs f\u00f6r ett lyckat genomf\u00f6rande.<\/p>\n<p><strong>Relationsl\u00e5n &#8211; <\/strong>avser f\u00f6retagsl\u00e5n som sker d\u00e4r en n\u00e4ra relation mellan f\u00f6retag och bank byggts upp \u00f6ver tid. F\u00f6rdelen med detta \u00e4r att banken oftast har b\u00e4ttre insyn i f\u00f6retaget och d\u00e4rmed kan bed\u00f6ma kreditrisk och anpassa l\u00e5nevillkoren b\u00e4ttre efter\/till kunden.<\/p>\n<p><strong>Riskkapital <\/strong><\/p>\n<p>Riskvilligt kapital avser alla sorters kapitaltillskott i f\u00f6retag som inte \u00e4r l\u00e5n. Riskkapital kan investeras f\u00f6r tillv\u00e4xt eller utk\u00f6p. F\u00f6retag kan f\u00e5 tillg\u00e5ng till riskkapital genom enskilda investerare eller n\u00e4tverk (aff\u00e4rs\u00e4nglar), venture capital bolag, riskkapitalister samt investmentbolag.<\/p>\n<p><strong>S\u00e4kerst\u00e4llda f\u00f6retagsl\u00e5n <\/strong><\/p>\n<p>Ett s\u00e4kerst\u00e4llt l\u00e5n inneb\u00e4r att n\u00e5got pants\u00e4tts f\u00f6r att minskar kreditrisken f\u00f6r l\u00e5negivaren. Vanliga s\u00e4kerheter vid f\u00f6retagsl\u00e5n \u00e4r vid st\u00f6rre belopp f\u00f6retagshypotek, fastigheter, ett eller flera fordon. Vid mindre belopp kan det vara lagertillg\u00e5ngar, kundfodringar och fakturor.<\/p>\n<p><strong>\u00c4garspridning med eller utan notering<\/strong><\/p>\n<p>Ett av de vanligaste visen att f\u00e5 in mer kapital till ett f\u00f6retag \u00e4r genom att ta in flera \u00e4gare. \u00c4garspridning f\u00f6rekommer inom s\u00e5 v\u00e4l noterade som onoterade bolag, och inneb\u00e4r att aktieinnehavet sprids ut \u00f6ver ett st\u00f6rre antal olika aktie\u00e4gare j\u00e4mf\u00f6rt med tidigare.<\/p>\n<h5>Relaterade aff\u00e4rsmodeller\/finansiella tj\u00e4nster<\/h5>\n<p><strong>Franchise <\/strong>inneb\u00e4r att man hyr eller k\u00f6per r\u00e4tten att anv\u00e4nda ett varum\u00e4rke, koncept eller en eller flera produkter.<\/p>\n<p><strong>Reskontraservice<\/strong> \u00e4r en sorts fakturaservice f\u00f6r f\u00f6retag d\u00e4r man \u00f6verl\u00e4mnar ansvaret f\u00f6r inbetalningshanteringen, vilket kan hj\u00e4lpa till att \u00f6ka kassafl\u00f6det samtidigt genom effektivare administration.<\/p>\n","protected":false},"excerpt":{"rendered":"<p>Ett vanligt hinder f\u00f6r b\u00e5de st\u00f6rre och mindre f\u00f6retag att skaffa n\u00f6dv\u00e4ndigt kapital som kr\u00e4vs f\u00f6r expansion och utveckling. Efterfr\u00e5gan p\u00e5 f\u00f6retagskrediter \u00e4r stor, samtidigt \u00e4r bankerna mycket restriktiva med &#8230;<\/p>\n","protected":false},"author":1,"featured_media":0,"parent":0,"menu_order":0,"comment_status":"open","ping_status":"closed","template":"","meta":{"footnotes":""},"class_list":["post-75","page","type-page","status-publish","hentry"],"_links":{"self":[{"href":"https:\/\/firmalan.com\/sv\/wp-json\/wp\/v2\/pages\/75","targetHints":{"allow":["GET"]}}],"collection":[{"href":"https:\/\/firmalan.com\/sv\/wp-json\/wp\/v2\/pages"}],"about":[{"href":"https:\/\/firmalan.com\/sv\/wp-json\/wp\/v2\/types\/page"}],"author":[{"embeddable":true,"href":"https:\/\/firmalan.com\/sv\/wp-json\/wp\/v2\/users\/1"}],"replies":[{"embeddable":true,"href":"https:\/\/firmalan.com\/sv\/wp-json\/wp\/v2\/comments?post=75"}],"version-history":[{"count":15,"href":"https:\/\/firmalan.com\/sv\/wp-json\/wp\/v2\/pages\/75\/revisions"}],"predecessor-version":[{"id":2202,"href":"https:\/\/firmalan.com\/sv\/wp-json\/wp\/v2\/pages\/75\/revisions\/2202"}],"wp:attachment":[{"href":"https:\/\/firmalan.com\/sv\/wp-json\/wp\/v2\/media?parent=75"}],"curies":[{"name":"wp","href":"https:\/\/api.w.org\/{rel}","templated":true}]}}