{"id":745,"date":"2018-08-12T11:54:00","date_gmt":"2018-08-12T09:54:00","guid":{"rendered":"https:\/\/firmalan.com\/sv\/?page_id=745"},"modified":"2019-11-20T12:30:21","modified_gmt":"2019-11-20T11:30:21","slug":"nordiska","status":"publish","type":"page","link":"https:\/\/firmalan.com\/sv\/lana-pengar\/nordiska\/","title":{"rendered":"Nordiska"},"content":{"rendered":"<div class=\"section-content\">\n<div class=\"row\">\n<div class=\"feature-item col-lg-6 col-sm-6 wow slideInUp\">\n<div class=\"feature-media\"><img decoding=\"async\" src=\"https:\/\/firmalan.com\/sv\/wp-content\/uploads\/2018\/08\/nordiska-logo.png\" \/><\/div>\n<\/div>\n<div class=\"feature-item col-lg-6 col-sm-6 wow slideInUp\">\n<p>Se till att det finns tillr\u00e4ckligt kapital samt likvida medel, Nordiska kan tillhandah\u00e5lla orderfinansiering samt lagerfinansiering (som f\u00f6rser f\u00f6retag med tillr\u00e4ckligt investeringskapital samt likvida tillg\u00e5ngar) och objektsfinansiering (anv\u00e4nd utrustning\/fordon som s\u00e4kerhet).<\/p>\n<p><strong>Nordiska f\u00f6retagsl\u00e5n<\/strong><\/p>\n<p>L\u00f6sg\u00f6r kapital som kan anv\u00e4ndas f\u00f6r att f\u00e5 f\u00f6retaget att v\u00e4xa och utvecklas. Pengarna kan anv\u00e4ndas till s\u00e5 v\u00e4l planerade investeringar som of\u00f6rutsedda utgifter.  Nordiska f\u00f6retagsl\u00e5n beviljas till bolag verksamma under minst tv\u00e5 \u00e5rs tid med \u00e5rlig oms\u00e4ttning \u00f6ver 750.000 kr. Samtliga bolagsformer med god kreditv\u00e4rdighet \u00e4r v\u00e4lkomna att s\u00f6ka l\u00e5net.<\/p>\n<p>\u00c5rsr\u00e4ntan f\u00f6r f\u00f6retagsl\u00e5net \u00e4r som l\u00e4gst 9% och s\u00e4tts individuellt efter sedvanlig kreditupplysning. <\/p>\n<p><span style=\"color: #f4f4f4;\"><strong><a class=\"btn btn-theme-primary btn-lg\" style=\"color: #f4f4f4;\" title=\"\u27a4 Nordiska f\u00f6retag- l\u00e5n\" href=\"https:\/\/firmalan.com\/sv\/go\/ponture\/\" target=\"_blank\" rel=\"nofollow noopener noreferrer\">\u27a4 S\u00f6k Nordiska f\u00f6retagsl\u00e5n via Ponture<\/a><\/strong><\/span><\/p>\n<p><strong>Factoring<\/strong><\/p>\n<p>Ut\u00f6ver rena l\u00e5neuppl\u00e4gg erbjuder Nordiska \u00e4ven fakturabel\u00e5ning samt fakturak\u00f6p. Vid bel\u00e5ning \u00e4r det m\u00f6jligt att f\u00e5 upp till 90% av fakturas v\u00e4rde utbetalt omg\u00e5ende. Avgiften f\u00f6r fakturak\u00f6p ligger p\u00e5 omkring 1,5-2,5% beroende p\u00e5 volym samt vilka administrativa krav som st\u00e4lls p\u00e5 hanteringen av fodringarna.   <\/p><\/div>\n<\/div>\n<\/div>\n<div class=\"section-color\">\n<div class=\"row\">\n<div class=\"feature-item col-lg-6 col-sm-6 wow slideInUp\">\n<p class=\"kapitel\">F\u00f6retagsl\u00e5n<\/p>\n<ul id=\"navlist\">\n<li>Belopp: 30.000-500.000 kr<\/li>\n<li>L\u00f6ptid: 3-36 m\u00e5n<\/li>\n<li>R\u00e4ntesats: fr\u00e5n 9 %<\/li>\n<\/ul>\n<\/div>\n<div class=\"feature-item col-lg-6 col-sm-6 wow slideInUp\">\n<p class=\"kapitel\">Ans\u00f6kan<\/p>\n<ul id=\"navlist\">\n<li>Fyll i webbans\u00f6kan direkt<\/li>\n<li>V\u00e4lj \u00f6nskat belopp &#038; l\u00f6ptid samt fyll i f\u00f6retagsuppgifter<\/li>\n<li>Utbetalning till konto inom ett par dagar<\/li>\n<\/ul>\n<\/div>\n<\/div>\n<\/div>\n<p><span style=\"color: #00529c; font-size: 16pt;\">Villkor:<\/span><\/p>\n<table>\n<tbody>\n<tr>\n<td bgcolor=\"#000\"><span style=\"color: #ffffff;\">R\u00e4nta<\/span><\/td>\n<td>Fr\u00e5n 9%<\/td>\n<\/tr>\n<tr>\n<td bgcolor=\"#000\"><span style=\"color: #ffffff;\">Uppl\u00e4ggningsavgift<\/span><\/td>\n<td>Uppgift saknas<\/td>\n<\/tr>\n<tr>\n<td bgcolor=\"#000\"><span style=\"color: #ffffff;\">Borgens\u00e5tagande<\/span><\/td>\n<td>Personlig borgen eller annan likv\u00e4rdig s\u00e4kerhet.<\/td>\n<\/tr>\n<tr>\n<td bgcolor=\"#000\"><span style=\"color: #ffffff;\">F\u00f6rtidsinl\u00f6sen<\/span><\/td>\n<td>Kontakta Nordiska f\u00f6r villkor.<\/td>\n<\/tr>\n<tr>\n<td bgcolor=\"#000\"><span style=\"color: #ffffff;\">Betalningsanm\u00e4rkning<\/span><\/td>\n<td>Information saknas.<\/td>\n<\/tr>\n<\/tbody>\n<\/table>\n<p><span style=\"color: #00529c; font-size: 16pt;\">Krav p\u00e5 f\u00f6retag som s\u00f6ker:<\/span><\/p>\n<table>\n<tbody>\n<tr>\n<td bgcolor=\"#000\"><span style=\"color: #ffffff;\">Oms\u00e4ttning<\/span><\/td>\n<td>F\u00f6retaget ska oms\u00e4tta \u00f6ver 750 000 kr.<\/td>\n<\/tr>\n<tr>\n<td bgcolor=\"#000\"><span style=\"color: #ffffff;\">Historik<\/span><\/td>\n<td>Verksamhet i minst tv\u00e5 \u00e5r, ditt f\u00f6retag beh\u00f6ver uppn\u00e5 godk\u00e4nt kreditbetyg fr\u00e5n UC och Bisnode, eller liknande.<\/td>\n<td>Kunna presentera uppdaterad finansiell information<\/td>\n<\/tr>\n<tr>\n<td bgcolor=\"#000\"><span style=\"color: #ffffff;\">\u00c4garskap<\/span><\/td>\n<td>Ans\u00f6kan kan endast uppr\u00e4ttas av VD eller annan firmatecknare.<\/td>\n<\/tr>\n<tr>\n<td bgcolor=\"#000\"><span style=\"color: #ffffff;\">F\u00f6retagsadress<\/span><\/td>\n<td>Svenskt f\u00f6retag.<\/td>\n<\/tr>\n<\/tbody>\n<\/table>\n<p><span style=\"color: #00529c; font-size: 16pt;\">F\u00f6ljande information\/dokumentation kan beh\u00f6vas:<\/span><\/p>\n<ul>\n<li>Ledande roll i f\u00f6retaget, s\u00e5 som att \u00e4r man \u00e4r VD, styrelsemedlem eller suppleant i styrelsen<\/li>\n<li>Du skall ha namnteckningsr\u00e4tt i f\u00f6retaget ensam eller tillsammans annan person<\/li>\n<li>F\u00f6retagets faktureringsuppgifter samt bankgironummer<\/li>\n<\/ul>\n<hr \/>\n<p>Nordiska \u00e4r ett kreditmarknadsbolag f\u00f6r s\u00e5 v\u00e4l privatpersoner som f\u00f6retagskunder. Verksamheten utg\u00e5r fr\u00e5n Stockholm med kundbasen \u00e4r spridd \u00f6ver hela landet. Kreditmarknadsaktiebolaget grundades 2008 och \u00e4r ett dotterbolag till Con Trarion Holding AB.<br \/>\n<a name=\"tabell\"><\/a> <span style=\"color: #00529c; font-size: 16pt;\">Kostnadstabell<\/span><\/p>\n<table>\n<thead>\n<tr>\n<th>Belopp<\/th>\n<th>6\u00a0m\u00e5n<\/th>\n<th>12 m\u00e5n<\/th>\n<th>36\u00a0m\u00e5n<\/th>\n<\/tr>\n<\/thead>\n<tbody>\n<tr>\n<td bgcolor=\"#000\"><span style=\"color: #ffffff;\">50 000 kr<\/span><\/td>\n<td>51 018 kr<\/td>\n<td>51 900 kr<\/td>\n<td>55 548 kr<\/td>\n<\/tr>\n<tr>\n<td bgcolor=\"#000\"><span style=\"color: #ffffff;\">100 000 kr<\/span><\/td>\n<td>102 036 kr<\/td>\n<td>103 800 kr<\/td>\n<td>111 060 kr<\/td>\n<\/tr>\n<tr>\n<td bgcolor=\"#000\"><span style=\"color: #ffffff;\">300 000 kr<\/span><\/td>\n<td>306 108 kr<\/td>\n<td>311 412 kr<\/td>\n<td>333 216 kr<\/td>\n<\/tr>\n<tr>\n<td bgcolor=\"#000\"><span style=\"color: #ffffff;\">500 000 kr<\/span><\/td>\n<td>510 186 kr<\/td>\n<td>519 024 kr<\/td>\n<td>555 372 kr<\/td>\n<\/tr>\n<\/tbody>\n<\/table>\n<p><em>OBS! Vi noterar att Nordiska anv\u00e4nder exempelr\u00e4ntan 6,95% i sina r\u00e4kneexempel f\u00f6r kostnaden trots att man i \u00f6vrigt anger att f\u00f6retagsl\u00e5net har en r\u00e4nta fr\u00e5n 9%.<\/em><br \/>\n*Uppdaterad 2018-08-12<\/p>\n<p>&nbsp;<\/p>\n<h4>\u00d6PPETTIDER KUNDTJ\u00c4NST:<\/h4>\n<table class=\"table table-striped\" border=\"0\">\n<tbody>\n<tr>\n<td valign=\"top\" width=\"150\">M\u00e5ndag \u2013 Fredag<\/td>\n<td valign=\"top\" width=\"100\">08:30-16:30<\/td>\n<\/tr>\n<tr>\n<td valign=\"top\" width=\"150\">L\u00f6rdag<\/td>\n<td valign=\"top\" width=\"100\">St\u00e4ngt<\/td>\n<\/tr>\n<tr>\n<td valign=\"top\" width=\"150\">S\u00f6ndag<\/td>\n<td valign=\"top\" width=\"100\">St\u00e4ngt<\/td>\n<\/tr>\n<\/tbody>\n<\/table>\n<blockquote><p>Telefon:08-23 28 00<br \/>\nE-mail: <a href=\"mailto:info@nordiska.se\">info@nordiska.se.<\/a><\/p><\/blockquote>\n<blockquote class=\"theme\"><p>Nordiska kreditmarknadsaktiebolaget<\/p>\n<h4>ADRESS:<\/h4>\n<p>Box 173<br \/>\nSE-101 23 Stockholm<br \/>\nSweden<br \/>\nOrg: 556760-6032<\/p><\/blockquote>\n","protected":false},"excerpt":{"rendered":"<p>Se till att det finns tillr\u00e4ckligt kapital samt likvida medel, Nordiska kan tillhandah\u00e5lla orderfinansiering samt lagerfinansiering (som f\u00f6rser f\u00f6retag med tillr\u00e4ckligt investeringskapital samt likvida tillg\u00e5ngar) och objektsfinansiering (anv\u00e4nd utrustning\/fordon som &#8230;<\/p>\n","protected":false},"author":1,"featured_media":746,"parent":164,"menu_order":40,"comment_status":"open","ping_status":"closed","template":"","meta":{"footnotes":""},"class_list":["post-745","page","type-page","status-publish","has-post-thumbnail","hentry"],"_links":{"self":[{"href":"https:\/\/firmalan.com\/sv\/wp-json\/wp\/v2\/pages\/745","targetHints":{"allow":["GET"]}}],"collection":[{"href":"https:\/\/firmalan.com\/sv\/wp-json\/wp\/v2\/pages"}],"about":[{"href":"https:\/\/firmalan.com\/sv\/wp-json\/wp\/v2\/types\/page"}],"author":[{"embeddable":true,"href":"https:\/\/firmalan.com\/sv\/wp-json\/wp\/v2\/users\/1"}],"replies":[{"embeddable":true,"href":"https:\/\/firmalan.com\/sv\/wp-json\/wp\/v2\/comments?post=745"}],"version-history":[{"count":10,"href":"https:\/\/firmalan.com\/sv\/wp-json\/wp\/v2\/pages\/745\/revisions"}],"predecessor-version":[{"id":2026,"href":"https:\/\/firmalan.com\/sv\/wp-json\/wp\/v2\/pages\/745\/revisions\/2026"}],"up":[{"embeddable":true,"href":"https:\/\/firmalan.com\/sv\/wp-json\/wp\/v2\/pages\/164"}],"wp:featuredmedia":[{"embeddable":true,"href":"https:\/\/firmalan.com\/sv\/wp-json\/wp\/v2\/media\/746"}],"wp:attachment":[{"href":"https:\/\/firmalan.com\/sv\/wp-json\/wp\/v2\/media?parent=745"}],"curies":[{"name":"wp","href":"https:\/\/api.w.org\/{rel}","templated":true}]}}