{"id":741,"date":"2018-08-08T10:26:00","date_gmt":"2018-08-08T08:26:00","guid":{"rendered":"https:\/\/firmalan.com\/sv\/?page_id=741"},"modified":"2019-11-20T17:22:07","modified_gmt":"2019-11-20T16:22:07","slug":"alandsbanken","status":"publish","type":"page","link":"https:\/\/firmalan.com\/sv\/lana-pengar\/alandsbanken\/","title":{"rendered":"\u00c5landsbanken"},"content":{"rendered":"<div class=\"section-content\">\n<div class=\"row\">\n<div class=\"feature-item col-lg-6 col-sm-6 wow slideInUp\">\n<div class=\"feature-media\"><img decoding=\"async\" src=\"https:\/\/firmalan.com\/sv\/wp-content\/uploads\/2018\/08\/alandsbanken-logo.jpg\" \/><\/div>\n<\/div>\n<div class=\"feature-item col-lg-6 col-sm-6 wow slideInUp\">\n<p>\u00c5landsbanken \u00e4r en aff\u00e4rsbank med hemvist p\u00e5 \u00c5land men med verksamhet ocks\u00e5 i Sverige och Finland. Banken satsar p\u00e5 att erbjuda anpassad f\u00f6retagsfinansiering utifr\u00e5n behov och bransch. <\/p>\n<p><strong>F\u00f6retagsl\u00e5n \/ Investeringsl\u00e5n<\/strong><\/p>\n<p>F\u00f6r bolag som s\u00f6ker kapital f\u00f6r utveckling och investeringar kan \u00c5landsbanken erbjuda investeringsl\u00e5n med f\u00f6rm\u00e5nlig r\u00e4nta och garanti genom Europeiska investeringsfonden (EIF). Den som \u00e4r verksam inom jordbruk kan s\u00f6ka det specialiserade lantbruksl\u00e5net, vilket kan nyttjas till att finansiera skogs- och lantbruksfastigheter.<\/p>\n<p><strong>R\u00f6relsekredit<\/strong><\/p>\n<p>Ett alternativ till f\u00f6retagsl\u00e5n \u00e4r en r\u00f6relsekredit d\u00e4r du endast betalar r\u00e4nta f\u00f6r p\u00e5 den del av l\u00e5net som anv\u00e4nds. Dessa kontokrediter fungerar som en buffert i den dagliga verksamheten. \u00c5landsbanken har \u00e4ven en byggnadskredit som kan anv\u00e4ndas i samband med byggprojekt och renoveringar.<\/p>\n<p><strong>Projektfinansiering<\/strong><\/p>\n<p>En del projekt \u00e4r s\u00e4rskilt kostsamma, det kan handla om vindkraftverk, solcellspaneler eller andra investeringar som kr\u00e4ver mycket kapital. \u00c5landsbanken \u00e4r inte fr\u00e4mmande f\u00f6r att skapa specialanpassade uppl\u00e4gg med riktad projektfinansiering, exempelvis har \u00c5landsbanken l\u00e5ng erfarenheten av finansieringsl\u00f6sningar f\u00f6r rederiverksamhet.    <\/p>\n<p>Tyv\u00e4rr har \u00c5landsbanken inte delat med sig av s\u00e5 mycket uppgifter om villkor och kostnader f\u00f6r f\u00f6retagsfinansiering. Dessutom saknas information om vad som kr\u00e4vs f\u00f6r att s\u00f6ka l\u00e5nen, du uppmanas att fylla i ett kontaktformul\u00e4r p\u00e5 hemsidan f\u00f6r att sedan bli kontaktad av \u00c5landsbanken.<\/p><\/div>\n<\/div>\n<\/div>\n<div class=\"section-color\">\n<div class=\"row\">\n<div class=\"feature-item col-lg-6 col-sm-6 wow slideInUp\">\n<p class=\"kapitel\">F\u00f6retagsl\u00e5n\/R\u00f6relsekredit<\/p>\n<ul id=\"navlist\">\n<li>Belopp: Uppgift saknas<\/li>\n<li>L\u00f6ptid: Uppgift saknas<\/li>\n<li>R\u00e4ntesats: Fast\/r\u00f6rlig<\/li>\n<\/ul>\n<\/div>\n<div class=\"feature-item col-lg-6 col-sm-6 wow slideInUp\">\n<p class=\"kapitel\">Ans\u00f6kan<\/p>\n<ul id=\"navlist\">\n<li>Kontakta och l\u00e4mna kontaktuppgifter om ert f\u00f6retag<\/li>\n<li>F\u00f6rst kontakt via telefon\/e-post<\/li>\n<li>Sedan m\u00f6te<\/li>\n<\/ul>\n<\/div>\n<\/div>\n<\/div>\n<p><span style=\"color: #00529c; font-size: 16pt;\">Villkor:<\/span><\/p>\n<table>\n<tbody>\n<tr>\n<td bgcolor=\"#000\"><span style=\"color: #ffffff;\">R\u00e4nta<\/span><\/td>\n<td>Fast\/r\u00f6rlig<\/td>\n<\/tr>\n<tr>\n<td bgcolor=\"#000\"><span style=\"color: #ffffff;\">Uppl\u00e4ggningsavgift<\/span><\/td>\n<td>Uppgift saknas<\/td>\n<\/tr>\n<tr>\n<td bgcolor=\"#000\"><span style=\"color: #ffffff;\">Borgens\u00e5tagande<\/span><\/td>\n<td>Personlig borgen eller annan likv\u00e4rdig s\u00e4kerhet.<\/td>\n<\/tr>\n<tr>\n<td bgcolor=\"#000\"><span style=\"color: #ffffff;\">F\u00f6rtidsinl\u00f6sen<\/span><\/td>\n<td>Kontakta Kreditfonden f\u00f6r samtliga villkor.<\/td>\n<\/tr>\n<tr>\n<td bgcolor=\"#000\"><span style=\"color: #ffffff;\">Betalningsanm\u00e4rkning<\/span><\/td>\n<td>Information saknas.<\/td>\n<\/tr>\n<\/tbody>\n<\/table>\n<p><span style=\"color: #00529c; font-size: 16pt;\">Krav p\u00e5 f\u00f6retag som s\u00f6ker:<\/span><\/p>\n<table>\n<tbody>\n<tr>\n<td bgcolor=\"#000\"><span style=\"color: #ffffff;\">Oms\u00e4ttning<\/span><\/td>\n<td>Flera positiva r\u00f6relseresultat och kassafl\u00f6den.<\/td>\n<\/tr>\n<tr>\n<td bgcolor=\"#000\"><span style=\"color: #ffffff;\">Historik<\/span><\/td>\n<td>Ha positivt eget kapital, Ditt f\u00f6retag beh\u00f6ver uppn\u00e5 godk\u00e4nt kreditbetyg fr\u00e5n UC och Bisnode, eller liknande.<\/td>\n<td>Kunna presentera uppdaterad finansiell information<\/td>\n<\/tr>\n<tr>\n<td bgcolor=\"#000\"><span style=\"color: #ffffff;\">\u00c4garskap<\/span><\/td>\n<td>Ans\u00f6kan kan endast uppr\u00e4ttas av VD eller annan firmatecknare.<\/td>\n<\/tr>\n<tr>\n<td bgcolor=\"#000\"><span style=\"color: #ffffff;\">F\u00f6retagsadress<\/span><\/td>\n<td>Svenskt f\u00f6retag.<\/td>\n<\/tr>\n<\/tbody>\n<\/table>\n<p><span style=\"color: #00529c; font-size: 16pt;\">F\u00f6ljande information\/dokumentation kan beh\u00f6vas:<\/span><\/p>\n<ul>\n<li>Ledande roll i f\u00f6retaget, s\u00e5 som att \u00e4r man \u00e4r VD, styrelsemedlem eller suppleant i styrelsen<\/li>\n<li>Du skall ha namnteckningsr\u00e4tt i f\u00f6retaget ensam eller tillsammans annan person<\/li>\n<li>F\u00f6retagets faktureringsuppgifter samt bankgironummer<\/li>\n<li>Registreringsbevis<\/li>\n<li>Balansr\u00e4kning<\/li>\n<li>Budget<\/li>\n<li>\u00c5rsredovisningar<\/li>\n<li>Balansr\u00e4kning<\/li>\n<li>Regelm\u00e4ssiga platsbes\u00f6k och intervjuer kommer g\u00f6ras<\/li>\n<\/ul>\n<hr \/>\n<p>&nbsp;<\/p>\n<h4>\u00d6PPETTIDER KUNDTJ\u00c4NST:<\/h4>\n<table class=\"table table-striped\" border=\"0\">\n<tbody>\n<tr>\n<td valign=\"top\" width=\"150\">M\u00e5ndag \u2013 Fredag<\/td>\n<td valign=\"top\" width=\"100\">08:30-18:00<\/td>\n<\/tr>\n<tr>\n<td valign=\"top\" width=\"150\">L\u00f6rdag<\/td>\n<td valign=\"top\" width=\"100\">Ingen data<\/td>\n<\/tr>\n<tr>\n<td valign=\"top\" width=\"150\">S\u00f6ndag<\/td>\n<td valign=\"top\" width=\"100\">Ingen data<\/td>\n<\/tr>\n<\/tbody>\n<\/table>\n<blockquote><p>Telefon:  +358(0)204 292 910*<br \/>\nE-mail: <a href=\"mailto:kundservice@alandsbanken.fi\">kundservice@alandsbanken.fi.<\/a><\/p><\/blockquote>\n<blockquote class=\"theme\"><p>\u00c5landsbanken<\/p>\n<h4>ADRESS:<\/h4>\n<p>PB 3, 22101 Mariehamn<br \/>\nFO-nr: 0145019-3<\/p><\/blockquote>\n","protected":false},"excerpt":{"rendered":"<p>\u00c5landsbanken \u00e4r en aff\u00e4rsbank med hemvist p\u00e5 \u00c5land men med verksamhet ocks\u00e5 i Sverige och Finland. Banken satsar p\u00e5 att erbjuda anpassad f\u00f6retagsfinansiering utifr\u00e5n behov och bransch. F\u00f6retagsl\u00e5n \/ Investeringsl\u00e5n &#8230;<\/p>\n","protected":false},"author":1,"featured_media":742,"parent":164,"menu_order":2,"comment_status":"open","ping_status":"closed","template":"","meta":{"footnotes":""},"class_list":["post-741","page","type-page","status-publish","has-post-thumbnail","hentry"],"_links":{"self":[{"href":"https:\/\/firmalan.com\/sv\/wp-json\/wp\/v2\/pages\/741","targetHints":{"allow":["GET"]}}],"collection":[{"href":"https:\/\/firmalan.com\/sv\/wp-json\/wp\/v2\/pages"}],"about":[{"href":"https:\/\/firmalan.com\/sv\/wp-json\/wp\/v2\/types\/page"}],"author":[{"embeddable":true,"href":"https:\/\/firmalan.com\/sv\/wp-json\/wp\/v2\/users\/1"}],"replies":[{"embeddable":true,"href":"https:\/\/firmalan.com\/sv\/wp-json\/wp\/v2\/comments?post=741"}],"version-history":[{"count":4,"href":"https:\/\/firmalan.com\/sv\/wp-json\/wp\/v2\/pages\/741\/revisions"}],"predecessor-version":[{"id":2051,"href":"https:\/\/firmalan.com\/sv\/wp-json\/wp\/v2\/pages\/741\/revisions\/2051"}],"up":[{"embeddable":true,"href":"https:\/\/firmalan.com\/sv\/wp-json\/wp\/v2\/pages\/164"}],"wp:featuredmedia":[{"embeddable":true,"href":"https:\/\/firmalan.com\/sv\/wp-json\/wp\/v2\/media\/742"}],"wp:attachment":[{"href":"https:\/\/firmalan.com\/sv\/wp-json\/wp\/v2\/media?parent=741"}],"curies":[{"name":"wp","href":"https:\/\/api.w.org\/{rel}","templated":true}]}}