{"id":738,"date":"2018-08-07T17:17:00","date_gmt":"2018-08-07T15:17:00","guid":{"rendered":"https:\/\/firmalan.com\/sv\/?page_id=738"},"modified":"2019-11-20T11:29:01","modified_gmt":"2019-11-20T10:29:01","slug":"kreditfonden","status":"publish","type":"page","link":"https:\/\/firmalan.com\/sv\/lana-pengar\/kreditfonden\/","title":{"rendered":"Kreditfonden"},"content":{"rendered":"<div class=\"section-content\">\n<div class=\"row\">\n<div class=\"feature-item col-lg-6 col-sm-6 wow slideInUp\">\n<div class=\"feature-media\"><img decoding=\"async\" src=\"https:\/\/firmalan.com\/sv\/wp-content\/uploads\/2018\/08\/kreditfonden.jpg\" \/><\/div>\n<\/div>\n<div class=\"feature-item col-lg-6 col-sm-6 wow slideInUp\">\n<p>Kreditfonden erbjuder omfattande finansiering till skandinaviska f\u00f6retag p\u00e5 upp till 100 miljoner kr. Kapitalet h\u00e4mtas fr\u00e5n allm\u00e4nheten och institutionella investerare som tecknar vinstandelsl\u00e5n via Scandinavian Credit Fund. Pengarna som f\u00f6retagen l\u00e5tar anv\u00e4nds till expansion, investering, restrukturering, refinansiering inom olika branscher. F\u00f6r att kunna f\u00e5 l\u00e5na pengar fr\u00e5n Kreditfonden kr\u00e4vs positiva r\u00f6relseresultat och bra kassafl\u00f6den, en annan faktor kan vara en erfaren \u00e4garkrets som bed\u00f6ms ha gedigen erfarenhet av den aktuella branschen de verkar.<\/p>\n<p>I f\u00f6rsta hand s\u00f6ker Kreditfonden f\u00f6retagare med starkt personligt engagemang vilka g\u00e4rna f\u00e5r vara listade eller noterade f\u00f6retag. Kreditfonden kommer sedan att g\u00f6ra platsbes\u00f6k och intervjua befattningshavare och nyckelpersoner f\u00f6r att bilda sig en god uppfattning om verksamheten.<\/p>\n<p>S\u00e4kerhet kr\u00e4vs i form av personlig borgen alternativt f\u00f6retagsinteckningar, reverser, pantbrev i fastigheter, aktier, borgen och andra realiserbara tillg\u00e5ngar.<\/p><\/div>\n<\/div>\n<\/div>\n<div class=\"section-color\">\n<div class=\"row\">\n<div class=\"feature-item col-lg-6 col-sm-6 wow slideInUp\">\n<p class=\"kapitel\">Kreditfonden<\/p>\n<ul id=\"navlist\">\n<li>Belopp: 1.000.000 &#8211; 100.000.000 kr<\/li>\n<li>L\u00f6ptid: 1-48 m\u00e5n<\/li>\n<li>R\u00e4ntesats:Fast\/r\u00f6rlig<\/li>\n<\/ul>\n<\/div>\n<div class=\"feature-item col-lg-6 col-sm-6 wow slideInUp\">\n<p class=\"kapitel\">Ans\u00f6kan<\/p>\n<ul id=\"navlist\">\n<li>Kontakta och l\u00e4mna kontaktuppgifter om ert f\u00f6retag<\/li>\n<li>F\u00f6rst kontakt via telefon\/e-post<\/li>\n<li>Sedan m\u00f6te<\/li>\n<\/ul>\n<\/div>\n<\/div>\n<\/div>\n<p><span style=\"color: #00529c; font-size: 16pt;\">Villkor:<\/span><\/p>\n<table>\n<tbody>\n<tr>\n<td bgcolor=\"#000\"><span style=\"color: #ffffff;\">R\u00e4nta<\/span><\/td>\n<td>Fast\/r\u00f6rlig<\/td>\n<\/tr>\n<tr>\n<td bgcolor=\"#000\"><span style=\"color: #ffffff;\">Uppl\u00e4ggningsavgift<\/span><\/td>\n<td>Uppgift saknas<\/td>\n<\/tr>\n<tr>\n<td bgcolor=\"#000\"><span style=\"color: #ffffff;\">Borgens\u00e5tagande<\/span><\/td>\n<td>Personlig borgen eller annan likv\u00e4rdig s\u00e4kerhet.<\/td>\n<\/tr>\n<tr>\n<td bgcolor=\"#000\"><span style=\"color: #ffffff;\">F\u00f6rtidsinl\u00f6sen<\/span><\/td>\n<td>Kontakta Kreditfonden f\u00f6r samtliga villkor.<\/td>\n<\/tr>\n<tr>\n<td bgcolor=\"#000\"><span style=\"color: #ffffff;\">Betalningsanm\u00e4rkning<\/span><\/td>\n<td>Information saknas.<\/td>\n<\/tr>\n<\/tbody>\n<\/table>\n<p><span style=\"color: #00529c; font-size: 16pt;\">Krav p\u00e5 f\u00f6retag som s\u00f6ker:<\/span><\/p>\n<table>\n<tbody>\n<tr>\n<td bgcolor=\"#000\"><span style=\"color: #ffffff;\">Oms\u00e4ttning<\/span><\/td>\n<td>Flera positiva r\u00f6relseresultat och kassafl\u00f6den.<\/td>\n<\/tr>\n<tr>\n<td bgcolor=\"#000\"><span style=\"color: #ffffff;\">Historik<\/span><\/td>\n<td>Ha positivt eget kapital, Ditt f\u00f6retag beh\u00f6ver uppn\u00e5 godk\u00e4nt kreditbetyg fr\u00e5n UC och Bisnode, eller liknande.<\/td>\n<td>Kunna presentera uppdaterad finansiell information<\/td>\n<\/tr>\n<tr>\n<td bgcolor=\"#000\"><span style=\"color: #ffffff;\">\u00c4garskap<\/span><\/td>\n<td>Ans\u00f6kan kan endast uppr\u00e4ttas av VD eller annan firmatecknare.<\/td>\n<\/tr>\n<tr>\n<td bgcolor=\"#000\"><span style=\"color: #ffffff;\">F\u00f6retagsadress<\/span><\/td>\n<td>Svenskt f\u00f6retag.<\/td>\n<\/tr>\n<\/tbody>\n<\/table>\n<p><span style=\"color: #00529c; font-size: 16pt;\">F\u00f6ljande information\/dokumentation kan beh\u00f6vas:<\/span><\/p>\n<ul>\n<li>Ledande roll i f\u00f6retaget, s\u00e5 som att \u00e4r man \u00e4r VD, styrelsemedlem eller suppleant i styrelsen<\/li>\n<li>Du skall ha namnteckningsr\u00e4tt i f\u00f6retaget ensam eller tillsammans annan person<\/li>\n<li>F\u00f6retagets faktureringsuppgifter samt bankgironummer<\/li>\n<li>Registreringsbevis<\/li>\n<li>Balansr\u00e4kning<\/li>\n<li>Budget<\/li>\n<li>\u00c5rsredovisningar<\/li>\n<li>Balansr\u00e4kning<\/li>\n<li>Regelm\u00e4ssiga platsbes\u00f6k och intervjuer kommer g\u00f6ras<\/li>\n<\/ul>\n<hr \/>\n<p>Kreditfonden grundades 2015 och 2016 \u00f6ppnades fonden Scandinavian Credit Fund I upp f\u00f6r handel. I slutet av 2017 hade Scandinavian Credit Fund ett f\u00f6rvaltat kapital p\u00e5 1,2 miljarder SEK.<\/p>\n<p>&nbsp;<\/p>\n<h4>\u00d6PPETTIDER KUNDTJ\u00c4NST:<\/h4>\n<table class=\"table table-striped\" border=\"0\">\n<tbody>\n<tr>\n<td valign=\"top\" width=\"150\">M\u00e5ndag \u2013 Fredag<\/td>\n<td valign=\"top\" width=\"100\">Ingen data<\/td>\n<\/tr>\n<tr>\n<td valign=\"top\" width=\"150\">L\u00f6rdag<\/td>\n<td valign=\"top\" width=\"100\">Ingen data<\/td>\n<\/tr>\n<tr>\n<td valign=\"top\" width=\"150\">S\u00f6ndag<\/td>\n<td valign=\"top\" width=\"100\">Ingen data<\/td>\n<\/tr>\n<\/tbody>\n<\/table>\n<blockquote><p>Telefon:  070-2707163<br \/>\nE-mail: <a href=\"mailto:info@kreditfonden.se\">info@kreditfonden.se.<\/a><\/p><\/blockquote>\n<blockquote class=\"theme\"><p>Scandinavian Credit Fund I AB <\/p>\n<h4>ADRESS:<\/h4>\n<p>Strandv\u00e4gen 7A, 114 51 Stockholm<br \/>\nOrg. nr: 559008-0627<\/p><\/blockquote>\n","protected":false},"excerpt":{"rendered":"<p>Kreditfonden erbjuder omfattande finansiering till skandinaviska f\u00f6retag p\u00e5 upp till 100 miljoner kr. Kapitalet h\u00e4mtas fr\u00e5n allm\u00e4nheten och institutionella investerare som tecknar vinstandelsl\u00e5n via Scandinavian Credit Fund. Pengarna som f\u00f6retagen &#8230;<\/p>\n","protected":false},"author":1,"featured_media":739,"parent":164,"menu_order":31,"comment_status":"open","ping_status":"closed","template":"","meta":{"footnotes":""},"class_list":["post-738","page","type-page","status-publish","has-post-thumbnail","hentry"],"_links":{"self":[{"href":"https:\/\/firmalan.com\/sv\/wp-json\/wp\/v2\/pages\/738","targetHints":{"allow":["GET"]}}],"collection":[{"href":"https:\/\/firmalan.com\/sv\/wp-json\/wp\/v2\/pages"}],"about":[{"href":"https:\/\/firmalan.com\/sv\/wp-json\/wp\/v2\/types\/page"}],"author":[{"embeddable":true,"href":"https:\/\/firmalan.com\/sv\/wp-json\/wp\/v2\/users\/1"}],"replies":[{"embeddable":true,"href":"https:\/\/firmalan.com\/sv\/wp-json\/wp\/v2\/comments?post=738"}],"version-history":[{"count":4,"href":"https:\/\/firmalan.com\/sv\/wp-json\/wp\/v2\/pages\/738\/revisions"}],"predecessor-version":[{"id":2011,"href":"https:\/\/firmalan.com\/sv\/wp-json\/wp\/v2\/pages\/738\/revisions\/2011"}],"up":[{"embeddable":true,"href":"https:\/\/firmalan.com\/sv\/wp-json\/wp\/v2\/pages\/164"}],"wp:featuredmedia":[{"embeddable":true,"href":"https:\/\/firmalan.com\/sv\/wp-json\/wp\/v2\/media\/739"}],"wp:attachment":[{"href":"https:\/\/firmalan.com\/sv\/wp-json\/wp\/v2\/media?parent=738"}],"curies":[{"name":"wp","href":"https:\/\/api.w.org\/{rel}","templated":true}]}}