{"id":731,"date":"2018-08-07T10:59:00","date_gmt":"2018-08-07T08:59:00","guid":{"rendered":"https:\/\/firmalan.com\/sv\/?page_id=731"},"modified":"2019-11-20T09:17:53","modified_gmt":"2019-11-20T08:17:53","slug":"dbt","status":"publish","type":"page","link":"https:\/\/firmalan.com\/sv\/lana-pengar\/dbt\/","title":{"rendered":"DBT F\u00f6retagsl\u00e5n"},"content":{"rendered":"<div class=\"section-content\">\n<div class=\"row\">\n<div class=\"feature-item col-lg-6 col-sm-6 wow slideInUp\">\n<div class=\"feature-media\"><img decoding=\"async\" src=\"https:\/\/firmalan.com\/sv\/wp-content\/uploads\/2018\/11\/dbt-foretagslan.jpg\" \/><\/div>\n<\/div>\n<div class=\"feature-item col-lg-6 col-sm-6 wow slideInUp\">\n<p>DBT F\u00f6retagsl\u00e5n \u00e4r ett av flera nya bankalternativ som vill hj\u00e4lpa f\u00f6retagskunder som inte f\u00e5r napp hos banken. Prim\u00e4r m\u00e5lgrupp \u00e4r sm\u00e5- och medelstora svenska tillv\u00e4xtf\u00f6retag som vill l\u00e5na mellan 5-25 MSEK. Ans\u00f6k direkt online, d\u00e4refter sker kreditpr\u00f6vning samt insamling av andra relevanta uppgifter och information. Om er ans\u00f6k om DBT f\u00f6retagsl\u00e5n passerar f\u00f6rsta stadiet blir ni inbjudna till ett m\u00f6te. D\u00e4refter fattas ett beslut inom 3-5 dagar.<\/p>\n<p><span style=\"color: #f4f4f4;\"><strong><a class=\"btn btn-theme-primary btn-lg\" style=\"color: #f4f4f4;\" title=\"\u27a4 DBT - l\u00e5n\" href=\"https:\/\/firmalan.com\/sv\/go\/krea\/\" target=\"_blank\" rel=\"nofollow noopener noreferrer\">\u27a4 J\u00e4mf\u00f6r DBT F\u00f6retagsl\u00e5n hos Krea<\/a><\/strong><\/span><\/p>\n<\/div>\n<p>&nbsp;<\/p>\n<p>DBT erbjuder f\u00f6ljande finansieringstyper:<\/p>\n<\/div>\n<\/div>\n<p>&nbsp;<\/p>\n<p>&nbsp;<\/p>\n<div class=\"section-content\">\n<div class=\"row\">\n<p><strong>F\u00f6rv\u00e4rvsl\u00e5n<\/strong><\/p>\n<p>Ett finansieringsuppl\u00e4gg f\u00f6r den som vill f\u00f6rv\u00e4rva en etablerad verksamhet genom f\u00f6retagsk\u00f6p. F\u00f6rv\u00e4rvsl\u00e5net kan anv\u00e4ndas f\u00f6r att t\u00e4cka hela eller delar av k\u00f6peskillingen.<\/p>\n<p><strong>Tillv\u00e4xtl\u00e5n<\/strong><\/p>\n<p>M\u00e5nga f\u00f6retag beh\u00f6ver ta in kapital f\u00f6r att g\u00f6ra investeringar och utveckla verksamheten. Tillv\u00e4xtl\u00e5net \u00e4r en flexibel och anpassningsbar l\u00f6sning som passar f\u00f6retagare och entrepren\u00f6rer som drivit verksamheten i ett par \u00e5r och som nu vill v\u00e4xa.<\/p>\n<p><strong>Likviditetsl\u00e5n<\/strong><\/p>\n<p>Intresset f\u00f6r factoring har \u00f6kat, samtidigt \u00e4r fakturabel\u00e5ning en mycket kostsam l\u00e5neform f\u00f6r f\u00f6retag. DBT likviditetsl\u00e5n \u00e4r ett b\u00e4ttre alternativ f\u00f6r den som \u00f6nskar en l\u00e4ngre \u00e5terbetalningstid. Pengarna fr\u00e5n likviditetsl\u00e5net kan anv\u00e4ndas till valfritt \u00e4ndam\u00e5l s\u00e5 som l\u00f6pande kostnader eller ink\u00f6p.<\/p>\n<\/div>\n<\/div>\n<div class=\"section-color\">\n<div class=\"row\">\n<div class=\"feature-item col-lg-6 col-sm-6 wow slideInUp\">\n<p class=\"kapitel\">DBT F\u00f6retagsl\u00e5n<\/p>\n<ul id=\"navlist\">\n<li>Belopp: 5.000.000 &#8211; 25.000.000 kr<\/li>\n<li>L\u00f6ptid: Upp till 5 \u00e5r<\/li>\n<li>R\u00e4nesats:5% &#8211; 9%<\/li>\n<\/ul>\n<\/div>\n<div class=\"feature-item col-lg-6 col-sm-6 wow slideInUp\">\n<p class=\"kapitel\">Ans\u00f6kan<\/p>\n<ul id=\"navlist\">\n<li>Ans\u00f6k direkt online<\/li>\n<li>Efter kreditpr\u00f6vning tr\u00e4ffas ni f\u00f6r ett m\u00f6te<\/li>\n<li>L\u00e5nebeslut ges inom 3-5 dagar<\/li>\n<\/ul>\n<\/div>\n<\/div>\n<\/div>\n<p><span style=\"color: #00529c; font-size: 16pt;\">Villkor:<\/span><\/p>\n<table>\n<tbody>\n<tr>\n<td bgcolor=\"#000\"><span style=\"color: #ffffff;\">R\u00e4nta<\/span><\/td>\n<td>5% &#8211; 9%<\/td>\n<\/tr>\n<tr>\n<td bgcolor=\"#000\"><span style=\"color: #ffffff;\">Uppl\u00e4ggningsavgift<\/span><\/td>\n<td>Uppgift saknas<\/td>\n<\/tr>\n<tr>\n<td bgcolor=\"#000\"><span style=\"color: #ffffff;\">Borgens\u00e5tagande<\/span><\/td>\n<td>Borgen kan kr\u00e4vas.<\/td>\n<\/tr>\n<tr>\n<td bgcolor=\"#000\"><span style=\"color: #ffffff;\">F\u00f6rtidsinl\u00f6sen<\/span><\/td>\n<td>DBT l\u00e5ter kunder l\u00f6sa l\u00e5net utan tillkommande kostnader efter 12 m\u00e5nader.<\/td>\n<\/tr>\n<tr>\n<td bgcolor=\"#000\"><span style=\"color: #ffffff;\">Betalningsanm\u00e4rkning<\/span><\/td>\n<td>Information saknas.<\/td>\n<\/tr>\n<\/tbody>\n<\/table>\n<p><span style=\"color: #00529c; font-size: 16pt;\">Krav p\u00e5 f\u00f6retag som s\u00f6ker:<\/span><\/p>\n<table>\n<tbody>\n<tr>\n<td bgcolor=\"#000\"><span style=\"color: #ffffff;\">Oms\u00e4ttning<\/span><\/td>\n<td>Ha l\u00e4mnat in minst tv\u00e5 \u00e5rsbokslut med en oms\u00e4ttning p\u00e5 10-200 MSEK.<\/td>\n<\/tr>\n<tr>\n<td bgcolor=\"#000\"><span style=\"color: #ffffff;\">Historik<\/span><\/td>\n<td>Ha positivt eget kapital, Ditt f\u00f6retag beh\u00f6ver uppn\u00e5 godk\u00e4nt kreditbetyg fr\u00e5n UC och Bisnode, eller liknande.<\/td>\n<\/tr>\n<tr>\n<td bgcolor=\"#000\"><span style=\"color: #ffffff;\"><\/span><\/td>\n<td>Kunna presentera uppdaterad finansiell information (inte \u00e4ldre \u00e4n tre m\u00e5nader)<\/td>\n<\/tr>\n<tr>\n<td bgcolor=\"#000\"><span style=\"color: #ffffff;\">\u00c4garskap<\/span><\/td>\n<td>Ans\u00f6kan kan endast uppr\u00e4ttas av VD eller annan firmatecknare.<\/td>\n<\/tr>\n<tr>\n<td bgcolor=\"#000\"><span style=\"color: #ffffff;\">F\u00f6retagsadress<\/span><\/td>\n<td>Svenskt f\u00f6retag.<\/td>\n<\/tr>\n<\/tbody>\n<\/table>\n<p><span style=\"color: #00529c; font-size: 16pt;\">F\u00f6ljande information\/dokumentation kan beh\u00f6vas:<\/span><\/p>\n<ul>\n<li>Ledande roll i f\u00f6retaget, s\u00e5 som att \u00e4r man \u00e4r VD, styrelsemedlem eller suppleant i styrelsen<\/li>\n<li>Du skall ha namnteckningsr\u00e4tt i f\u00f6retaget ensam eller tillsammans annan person<\/li>\n<li>F\u00f6retagets faktureringsuppgifter samt bankgironummer<\/li>\n<li>Registreringsbevis<\/li>\n<li>Balansr\u00e4kning<\/li>\n<li>Budget<\/li>\n<li>\u00c5rsredovisningar<\/li>\n<\/ul>\n<hr \/>\n<p>DBT F\u00f6retagsl\u00e5n blev i maj 2019 den f\u00f6rsta privata l\u00e5ngivaren i Sverige att ing\u00e5 avtal med Europeiska Investeringsfonden (EIF) avseende en kreditgaranti inom ramen f\u00f6r EIF:s SME InnovFin Guarantee Facility f\u00f6r en portf\u00f6lj upp till 80 MEUR.<\/p>\n<p>Hittills har enbart statligt finansierade akt\u00f6rer s\u00e5som Exportkreditn\u00e4mnden (EKN), Svensk Exportkredit (SEK), <a href=\"https:\/\/firmalan.com\/sv\/lana-pengar\/almi\/\">ALMI<\/a> och Stiftelsen Norrlandsfonden erh\u00e5llit Europeiska kommissionens st\u00f6d genom &#8220;InnovFin SME-garantifacilitet&#8221;, som st\u00f6ds av Europeiska fonden f\u00f6r strategiska investeringar (EFSI), som utg\u00f6r k\u00e4rnan i <a href=\"https:\/\/firmalan.com\/sv\/1965-junckerplanen-och-efsi-dess-syfte-och-resultat\/\">Investeringsplanen f\u00f6r Europa, den s\u00e5 kallade Junckerplanen<\/a><\/p>\n<p>DBT ger inte ut l\u00e5n till nystartade f\u00f6retag utan fokuserar ist\u00e4llet p\u00e5 etablerade verksamheter med en bepr\u00f6vad aff\u00e4rsmodell med positivt kassafl\u00f6de. Bakom DBT Capital \u00e5terfinns f\u00f6ljande personer: grundaren och VD:n Alexis Kopylov, Jonas Engwall, Ulrika Valassi samt Viggo \u00d6stlund.<\/p>\n<p>I april 2018 tog DBT Capital INV AB in 200 miljoner kronor genom ett obligationsl\u00e5n, kapitalet anv\u00e4nds f\u00f6r att kunna finansiera ytterligare f\u00f6retagsl\u00e5n. Under oktober samma \u00e5r lanserade man en ny grafisk profil och en uppdaterad hemsida.<\/p>\n<p>&nbsp;<\/p>\n<h4>\u00d6PPETTIDER KUNDTJ\u00c4NST:<\/h4>\n<table class=\"table table-striped\" border=\"0\">\n<tbody>\n<tr>\n<td valign=\"top\" width=\"150\">M\u00e5ndag \u2013 Fredag<\/td>\n<td valign=\"top\" width=\"100\">08:00-18:00<\/td>\n<\/tr>\n<tr>\n<td valign=\"top\" width=\"150\">L\u00f6rdag<\/td>\n<td valign=\"top\" width=\"100\">Ingen data<\/td>\n<\/tr>\n<tr>\n<td valign=\"top\" width=\"150\">S\u00f6ndag<\/td>\n<td valign=\"top\" width=\"100\">Ingen data<\/td>\n<\/tr>\n<\/tbody>\n<\/table>\n<blockquote><p>Telefon: +46 8 411 20 20<br \/>\nE-mail: <a href=\"mailto:info@dbtforetagslan.se\">info@dbtforetagslan.se.<\/a><\/p><\/blockquote>\n<blockquote class=\"theme\"><p>DBT Capital AB<\/p>\n<h4>ADRESS:<\/h4>\n<p>Epicenter, M\u00e4ster Samuelsgatan 36<br \/>\nSE-111 57, Stockholm<br \/>\nOrg. nr: 559074-9361<\/p><\/blockquote>\n","protected":false},"excerpt":{"rendered":"<p>DBT F\u00f6retagsl\u00e5n \u00e4r ett av flera nya bankalternativ som vill hj\u00e4lpa f\u00f6retagskunder som inte f\u00e5r napp hos banken. Prim\u00e4r m\u00e5lgrupp \u00e4r sm\u00e5- och medelstora svenska tillv\u00e4xtf\u00f6retag som vill l\u00e5na mellan &#8230;<\/p>\n","protected":false},"author":1,"featured_media":919,"parent":164,"menu_order":14,"comment_status":"open","ping_status":"closed","template":"","meta":{"footnotes":""},"class_list":["post-731","page","type-page","status-publish","has-post-thumbnail","hentry"],"_links":{"self":[{"href":"https:\/\/firmalan.com\/sv\/wp-json\/wp\/v2\/pages\/731","targetHints":{"allow":["GET"]}}],"collection":[{"href":"https:\/\/firmalan.com\/sv\/wp-json\/wp\/v2\/pages"}],"about":[{"href":"https:\/\/firmalan.com\/sv\/wp-json\/wp\/v2\/types\/page"}],"author":[{"embeddable":true,"href":"https:\/\/firmalan.com\/sv\/wp-json\/wp\/v2\/users\/1"}],"replies":[{"embeddable":true,"href":"https:\/\/firmalan.com\/sv\/wp-json\/wp\/v2\/comments?post=731"}],"version-history":[{"count":23,"href":"https:\/\/firmalan.com\/sv\/wp-json\/wp\/v2\/pages\/731\/revisions"}],"predecessor-version":[{"id":1973,"href":"https:\/\/firmalan.com\/sv\/wp-json\/wp\/v2\/pages\/731\/revisions\/1973"}],"up":[{"embeddable":true,"href":"https:\/\/firmalan.com\/sv\/wp-json\/wp\/v2\/pages\/164"}],"wp:featuredmedia":[{"embeddable":true,"href":"https:\/\/firmalan.com\/sv\/wp-json\/wp\/v2\/media\/919"}],"wp:attachment":[{"href":"https:\/\/firmalan.com\/sv\/wp-json\/wp\/v2\/media?parent=731"}],"curies":[{"name":"wp","href":"https:\/\/api.w.org\/{rel}","templated":true}]}}