{"id":727,"date":"2018-08-06T09:56:00","date_gmt":"2018-08-06T07:56:00","guid":{"rendered":"https:\/\/firmalan.com\/sv\/?page_id=727"},"modified":"2019-11-20T10:27:42","modified_gmt":"2019-11-20T09:27:42","slug":"collector-bank","status":"publish","type":"page","link":"https:\/\/firmalan.com\/sv\/lana-pengar\/collector-bank\/","title":{"rendered":"Collector Bank"},"content":{"rendered":"<div class=\"section-content\">\n<div class=\"row\">\n<div class=\"feature-item col-lg-6 col-sm-6 wow slideInUp\">\n<div class=\"feature-media\"><img decoding=\"async\" src=\"https:\/\/firmalan.com\/sv\/wp-content\/uploads\/2018\/08\/collector-bank-logo.jpg\" \/><\/div>\n<\/div>\n<div class=\"feature-item col-lg-6 col-sm-6 wow slideInUp\">\n<p>Collector \u00e4r en av Sveriges yngsta banker, men \u00e4ven om det var f\u00f6rst 2015 som man fick tillst\u00e5nd att driva bankr\u00f6relse betyder det inte att erfarenhet saknas. Bolaget Collector grundades 1999 vilket betyder att man snart har 20 \u00e5rs erfarenhet av svensk kreditmarknad. Initialt drev man en nischad verksamhet med inriktning mot s\u00e5 kallade n\u00f6dlidande krediter med tiden har Collector breddat sin produktportf\u00f6lj och idag kan man erbjuda b\u00e5da privatpersoner och f\u00f6retag en m\u00e4ngd olika finansiella tj\u00e4nster.<\/p>\n<p>F\u00f6retagsfinansiering erbjuds genom factoring, betall\u00f6sningar inom e-handel\/butik, f\u00f6retagsl\u00e5n\/krediter samt inkassoverksamhet. Collector vill g\u00e4rna hj\u00e4lpa sm\u00e5bolag v\u00e4xa, d\u00e4rf\u00f6r har man tagit fram ett riktat koncept kallat tillv\u00e4xtl\u00e5net. Ans\u00f6k med Mobilt BankID och l\u00e5na upp till 500.000 kr amorteringsfritt de f\u00f6rsta 6 m\u00e5naderna. L\u00e5nesvar utlovas inom 24 timmar, f\u00f6r att f\u00e5 l\u00e5n f\u00e5r inte n\u00e5gra betalningsanm\u00e4rkningar finnas.<\/p>\n<p>Collector Bank har \u00e4ven gedigen erfarenhet av att bel\u00e5na kommersiella fastigheter, l\u00e5nebelopp som kan s\u00f6kas 10\u2013100 Mkr med \u00e5terbetalningstid 3 m\u00e5nader till 3 \u00e5r med \u00e5rsr\u00e4nta 8\u201312%. <\/p>\n<p>Ytterligare ett finansieringsalternativ speciellt framtaget f\u00f6r f\u00f6retag inom Fintech \u00e4r Collector Ventures, en tj\u00e4nst f\u00f6r startups vilka utvecklar nya digitala produkter och tekniska l\u00f6sningar.<\/p>\n<\/div>\n<\/div>\n<\/div>\n<div class=\"section-color\">\n<div class=\"row\">\n<div class=\"feature-item col-lg-6 col-sm-6 wow slideInUp\">\n<p class=\"kapitel\">Collector Tillv\u00e4xtl\u00e5n<\/p>\n<ul id=\"navlist\">\n<li>Belopp: 50.000 &#8211; 500.000 kr<\/li>\n<li>L\u00f6ptid: 6-18 m\u00e5nader<\/li>\n<li>R\u00e4ntesats: M\u00e5nadsr\u00e4nta 0,65% &#8211; 1,75%<\/li>\n<\/ul>\n<\/div>\n<div class=\"feature-item col-lg-6 col-sm-6 wow slideInUp\">\n<p class=\"kapitel\">Ans\u00f6kan<\/p>\n<ul id=\"navlist\">\n<li>Ans\u00f6k om l\u00e5n med BankID<\/li>\n<li>F\u00e5 svar p\u00e5 ans\u00f6kan inom 24 timmar<\/li>\n<li>Amorteringsfritt f\u00f6rsta 6 m\u00e5naderna. <\/li>\n<\/ul>\n<\/div>\n<\/div>\n<p><img loading=\"lazy\" decoding=\"async\" src=\"https:\/\/firmalan.com\/sv\/wp-content\/uploads\/2019\/02\/2019collector-tillvaxlan.jpg\" alt=\"\" width=\"822\" height=\"822\" class=\"alignnone size-full wp-image-1190\" srcset=\"https:\/\/firmalan.com\/sv\/wp-content\/uploads\/2019\/02\/2019collector-tillvaxlan.jpg 822w, https:\/\/firmalan.com\/sv\/wp-content\/uploads\/2019\/02\/2019collector-tillvaxlan-150x150.jpg 150w, https:\/\/firmalan.com\/sv\/wp-content\/uploads\/2019\/02\/2019collector-tillvaxlan-300x300.jpg 300w, https:\/\/firmalan.com\/sv\/wp-content\/uploads\/2019\/02\/2019collector-tillvaxlan-768x768.jpg 768w\" sizes=\"auto, (max-width: 822px) 100vw, 822px\" \/>\n<\/div>\n<p><span style=\"color: #00529c; font-size: 16pt;\">Villkor:<\/span><\/p>\n<table>\n<tbody>\n<tr>\n<td bgcolor=\"#000\"><span style=\"color: #ffffff;\">R\u00e4nta<\/span><\/td>\n<td>M\u00e5nadsr\u00e4nta 0,65% &#8211; 1,75%<\/td>\n<\/tr>\n<tr>\n<td bgcolor=\"#000\"><span style=\"color: #ffffff;\">Uppl\u00e4ggningsavgift<\/span><\/td>\n<td>895 kr<\/td>\n<\/tr>\n<tr>\n<td bgcolor=\"#000\"><span style=\"color: #ffffff;\">Borgens\u00e5tagande<\/span><\/td>\n<td>Borgen kan kr\u00e4vas.<\/td>\n<\/tr>\n<tr>\n<td bgcolor=\"#000\"><span style=\"color: #ffffff;\">F\u00f6rtidsinl\u00f6sen<\/span><\/td>\n<td>Kontakta Collecor f\u00f6r mer information.<\/td>\n<\/tr>\n<tr>\n<td bgcolor=\"#000\"><span style=\"color: #ffffff;\">Betalningsanm\u00e4rkning<\/span><\/td>\n<td>Godtas inte.<\/td>\n<\/tr>\n<\/tbody>\n<\/table>\n<p><span style=\"color: #00529c; font-size: 16pt;\">Krav p\u00e5 f\u00f6retag som s\u00f6ker:<\/span><\/p>\n<table>\n<tbody>\n<tr>\n<td bgcolor=\"#000\"><span style=\"color: #ffffff;\">Oms\u00e4ttning<\/span><\/td>\n<td>Ha l\u00e4mnat in minst ett \u00e5rsbokslut.<\/td>\n<\/tr>\n<tr>\n<td bgcolor=\"#000\"><span style=\"color: #ffffff;\">Historik<\/span><\/td>\n<td>Ha positivt eget kapital, Ditt f\u00f6retag beh\u00f6ver uppn\u00e5 godk\u00e4nt kreditbetyg fr\u00e5n UC och Bisnode, eller liknande.<\/td>\n<td>Kunna presentera uppdaterad finansiell information (inte \u00e4ldre \u00e4n tre m\u00e5nader)<\/td>\n<\/tr>\n<tr>\n<td bgcolor=\"#000\"><span style=\"color: #ffffff;\">\u00c4garskap<\/span><\/td>\n<td>Ans\u00f6kan kan endast uppr\u00e4ttas av VD eller annan firmatecknare.<\/td>\n<\/tr>\n<tr>\n<td bgcolor=\"#000\"><span style=\"color: #ffffff;\">F\u00f6retagsadress<\/span><\/td>\n<td>Etablerat som aktiebolag i Skandinavien.<\/td>\n<\/tr>\n<\/tbody>\n<\/table>\n<p><span style=\"color: #00529c; font-size: 16pt;\">F\u00f6ljande information\/dokumentation kan beh\u00f6vas:<\/span><\/p>\n<ul>\n<li>Tillg\u00e5ng till personligt BankID<\/li>\n<li>Ledande roll i f\u00f6retaget, s\u00e5 som att \u00e4r man \u00e4r VD, styrelsemedlem eller suppleant i styrelsen<\/li>\n<li>Du skall ha namnteckningsr\u00e4tt i f\u00f6retaget ensam eller tillsammans annan person<\/li>\n<li>F\u00f6retagets faktureringsuppgifter samt bankgironummer<\/li>\n<li>Registreringsbevis<\/li>\n<li>Balansr\u00e4kning<\/li>\n<li>Budget<\/li>\n<li>\u00c5rsredovisningar<\/li>\n<\/ul>\n<hr \/>\n<p>Collector Bank har sitt huvudkontor i G\u00f6teborg och bedriver \u00e4ven verksamhet i Norge och Finland.  <\/p>\n<p>&nbsp;<\/p>\n<h4>\u00d6PPETTIDER KUNDTJ\u00c4NST:<\/h4>\n<table class=\"table table-striped\" border=\"0\">\n<tbody>\n<tr>\n<td valign=\"top\" width=\"150\">M\u00e5ndag \u2013 Fredag<\/td>\n<td valign=\"top\" width=\"100\">09:00 \u2013 17:00<\/td>\n<\/tr>\n<tr>\n<td valign=\"top\" width=\"150\">L\u00f6rdag<\/td>\n<td valign=\"top\" width=\"100\">St\u00e4ngt<\/td>\n<\/tr>\n<tr>\n<td valign=\"top\" width=\"150\">S\u00f6ndag<\/td>\n<td valign=\"top\" width=\"100\">St\u00e4ngt<\/td>\n<\/tr>\n<\/tbody>\n<\/table>\n<blockquote><p>Telefon:  010-161 00 00<br \/>\nE-mail: <a href=\"mailto:factoring@collectorbank.se\">factoring@collectorbank.se.<\/a><\/p><\/blockquote>\n<blockquote class=\"theme\"><p>Collector Bank AB <\/p>\n<h4>ADRESS:<\/h4>\n<p>Box 11914<br \/>\n404 39 G\u00f6teborg<br \/>\nOrg. nr: 556597-0513<\/p><\/blockquote>\n","protected":false},"excerpt":{"rendered":"<p>Collector \u00e4r en av Sveriges yngsta banker, men \u00e4ven om det var f\u00f6rst 2015 som man fick tillst\u00e5nd att driva bankr\u00f6relse betyder det inte att erfarenhet saknas. Bolaget Collector grundades &#8230;<\/p>\n","protected":false},"author":1,"featured_media":728,"parent":164,"menu_order":10,"comment_status":"open","ping_status":"closed","template":"","meta":{"footnotes":""},"class_list":["post-727","page","type-page","status-publish","has-post-thumbnail","hentry"],"_links":{"self":[{"href":"https:\/\/firmalan.com\/sv\/wp-json\/wp\/v2\/pages\/727","targetHints":{"allow":["GET"]}}],"collection":[{"href":"https:\/\/firmalan.com\/sv\/wp-json\/wp\/v2\/pages"}],"about":[{"href":"https:\/\/firmalan.com\/sv\/wp-json\/wp\/v2\/types\/page"}],"author":[{"embeddable":true,"href":"https:\/\/firmalan.com\/sv\/wp-json\/wp\/v2\/users\/1"}],"replies":[{"embeddable":true,"href":"https:\/\/firmalan.com\/sv\/wp-json\/wp\/v2\/comments?post=727"}],"version-history":[{"count":4,"href":"https:\/\/firmalan.com\/sv\/wp-json\/wp\/v2\/pages\/727\/revisions"}],"predecessor-version":[{"id":1983,"href":"https:\/\/firmalan.com\/sv\/wp-json\/wp\/v2\/pages\/727\/revisions\/1983"}],"up":[{"embeddable":true,"href":"https:\/\/firmalan.com\/sv\/wp-json\/wp\/v2\/pages\/164"}],"wp:featuredmedia":[{"embeddable":true,"href":"https:\/\/firmalan.com\/sv\/wp-json\/wp\/v2\/media\/728"}],"wp:attachment":[{"href":"https:\/\/firmalan.com\/sv\/wp-json\/wp\/v2\/media?parent=727"}],"curies":[{"name":"wp","href":"https:\/\/api.w.org\/{rel}","templated":true}]}}