{"id":722,"date":"2018-08-03T11:39:00","date_gmt":"2018-08-03T09:39:00","guid":{"rendered":"https:\/\/firmalan.com\/sv\/?page_id=722"},"modified":"2020-11-28T22:08:57","modified_gmt":"2020-11-28T21:08:57","slug":"kameo","status":"publish","type":"page","link":"https:\/\/firmalan.com\/sv\/lana-pengar\/kameo\/","title":{"rendered":"Kameo"},"content":{"rendered":"<div class=\"section-content\">\n<div class=\"row\">\n<div class=\"feature-item col-lg-6 col-sm-6 wow slideInUp\">\n<div class=\"feature-media\"><img decoding=\"async\" src=\"https:\/\/firmalan.com\/sv\/wp-content\/uploads\/2018\/08\/kameo-logo.png\" \/><\/div>\n<\/div>\n<div class=\"feature-item col-lg-6 col-sm-6 wow slideInUp\">\n<p>Kameo \u00e4r en crowdfundingtj\u00e4nst f\u00f6r f\u00f6retag som i f\u00f6rsta hand \u00e4r verksamma inom omr\u00e5det fastighetsutveckling. Tj\u00e4nsten g\u00f6r det m\u00f6jligt f\u00f6r privatpersoner och f\u00f6retag investerar i byggprojekt och annan f\u00f6retagsverksamhet med god avkastning via P2P-l\u00e5n. Genom att plocka bort banken fr\u00e5n ekvationen kan Kameo erbjuda f\u00f6retags- och fastighetsl\u00e5n till attraktiva r\u00e4ntor inom intervallet 5-15 %. Kameo b\u00f6r dock inte ses som en konkurrent till bankerna utan snarare som ett komplement, som g\u00f6r det m\u00f6jligt f\u00f6r fler att f\u00e5 finansiering till f\u00f6retagsverksamhet och fastighetsprojekt. Samtliga l\u00e5n uppr\u00e4ttas direkt mellan l\u00e5ntagare och l\u00e5ngivare, Kameo agerar mellanhand och bist\u00e5r med administrering, kreditutv\u00e4rderingar samt legala dokument s\u00e5 som l\u00e5neavtal.<\/p>\n<\/div>\n<h5>Kameo fastighetsl\u00e5n<\/h5>\n<p>Detta finansieringss\u00e4tt avser kommersiella fastigheter och bostadsfastigheter, kan dock ej nyttjas som bol\u00e5n f\u00f6r ink\u00f6p av exempelvis privatbostad. Vanliga \u00e4ndam\u00e5l f\u00f6rv\u00e4rv av fastighet, renovering eller utveckling samt nyfinansiering av fastighet med hj\u00e4lp av befintliga hyresg\u00e4ster.<br \/>\n<strong>L\u00e5nestorlek:<\/strong> 1.000.000 \u2013 60.000.000 SEK<br \/>\n<strong>Krav p\u00e5 s\u00e4kerhet:<\/strong> Fastighet st\u00e5r som s\u00e4kerhet upp till 75 % av marknadsv\u00e4rdet.<\/p>\n<p><a href=\"https:\/\/track.adtraction.com\/t\/t?a=1112171655&amp;as=1556304806&amp;t=2&amp;tk=1\"><img loading=\"lazy\" decoding=\"async\" class=\"alignnone \" src=\"https:\/\/track.adtraction.com\/t\/t?a=1408351772&amp;as=1556304806&amp;t=1&amp;tk=1&amp;i=1\" width=\"243\" height=\"284\" \/><\/a><\/p>\n<\/div>\n<div class=\"row\">\n<h5><\/h5>\n<h5>Kameo f\u00f6retagsl\u00e5n<\/h5>\n<p>V\u00e4nder sig till Skandinaviska f\u00f6retag som vill l\u00e5na pengar till verksamheten under 0,5-2 \u00e5r. L\u00e5na upp till 5 miljoner med krav p\u00e5 s\u00e4kerhet i form av personlig borgen och\/eller f\u00f6retagshypotek.<\/p>\n<h5>Kostnader<\/h5>\n<p>F\u00f6r l\u00e5n hos Kameo betalar l\u00e5ntagaren tv\u00e5 separata kostnader, r\u00e4ntan betalas direkt till de investerare som v\u00e4ljer att delta i crowdfunding-projektet. D\u00e4rut\u00f6ver tillkommer en f\u00f6rmedlingsavgift p\u00e5 2\u20134% av l\u00e5nebeloppet som betalas direkt till Kameo samt en fast avgift om 10.000 kr. Denna avgift bjuder Kameo p\u00e5 f\u00f6rutsatt att alla beg\u00e4rda kompletterande uppgifterna inkommit senast inom 5 bankdagar.<\/p>\n<h5>Kreditupplysning hos UC<\/h5>\n<p>I samband med l\u00e5neans\u00f6kan tar Kameo i f\u00f6rsta steget en enkel kreditupplysning d\u00e4r man kontrollerar om det finns n\u00e5gra anm\u00e4rkningar registrerade p\u00e5 f\u00f6retaget eller l\u00e5ntagaren personligen.<br \/>\nGenom att skicka in ans\u00f6kan godtar du att Kameo g\u00f6r en kreditkontroll hos UC b\u00e5de p\u00e5 bolaget och dig personligen.<\/p>\n<\/div>\n<\/div>\n<div class=\"section-color\">\n<div class=\"row\">\n<div class=\"feature-item col-lg-6 col-sm-6 wow slideInUp\">\n<p class=\"kapitel\">F\u00f6retagsl\u00e5n<\/p>\n<ul id=\"navlist\">\n<li>Belopp: 100.000 &#8211; 5.000.000 kr<\/li>\n<li>L\u00f6ptid: 6-24 m\u00e5nader<\/li>\n<li>R\u00e4ntesats: 5 &#8211; 15 % \u00e5rsr\u00e4nta<\/li>\n<\/ul>\n<\/div>\n<div class=\"feature-item col-lg-6 col-sm-6 wow slideInUp\">\n<p class=\"kapitel\">Ans\u00f6kan<\/p>\n<ul id=\"navlist\">\n<li>Ans\u00f6k om l\u00e5n genom crowdfunding<\/li>\n<li>F\u00e5 svar p\u00e5 ans\u00f6kan inom 24 timmar<\/li>\n<li>Vid uttagsbeg\u00e4ran f\u00f6re 11:00 p\u00e5 bankdag sker utbetalning normalt n\u00e4stf\u00f6ljande bankdag.<\/li>\n<\/ul>\n<\/div>\n<\/div>\n<\/div>\n<p><span style=\"color: #00529c; font-size: 16pt;\">Villkor:<\/span><\/p>\n<table>\n<tbody>\n<tr>\n<td bgcolor=\"#000\"><span style=\"color: #ffffff;\">R\u00e4nta<\/span><\/td>\n<td>Individuell r\u00e4nta eller fast kostnader<\/td>\n<\/tr>\n<tr>\n<td bgcolor=\"#000\"><span style=\"color: #ffffff;\">Uppl\u00e4ggningsavgift<\/span><\/td>\n<td>2\u20134% av l\u00e5nebeloppet + moms samt 10.000 kr i fast avgift<\/td>\n<\/tr>\n<tr>\n<td bgcolor=\"#000\"><span style=\"color: #ffffff;\">Borgens\u00e5tagande<\/span><\/td>\n<td>Borgen kan kr\u00e4vas.<\/td>\n<\/tr>\n<tr>\n<td bgcolor=\"#000\"><span style=\"color: #ffffff;\">F\u00f6rtidsinl\u00f6sen<\/span><\/td>\n<td>Amorteringen sker m\u00e5nadsvis, kvartalsvis eller p\u00e5 slutdagen.<\/td>\n<\/tr>\n<tr>\n<td bgcolor=\"#000\"><span style=\"color: #ffffff;\">Betalningsanm\u00e4rkning<\/span><\/td>\n<td>Godtas inte.<\/td>\n<\/tr>\n<\/tbody>\n<\/table>\n<p><span style=\"color: #00529c; font-size: 16pt;\">Krav p\u00e5 f\u00f6retag som s\u00f6ker:<\/span><\/p>\n<table>\n<tbody>\n<tr>\n<td bgcolor=\"#000\"><span style=\"color: #ffffff;\">Oms\u00e4ttning<\/span><\/td>\n<td>Ha l\u00e4mnat in minst ett \u00e5rsbokslut.<\/td>\n<\/tr>\n<tr>\n<td bgcolor=\"#000\"><span style=\"color: #ffffff;\">Historik<\/span><\/td>\n<td>Ha positivt eget kapital, Ditt f\u00f6retag beh\u00f6ver uppn\u00e5 godk\u00e4nt kreditbetyg fr\u00e5n UC och Bisnode, eller liknande.<\/td>\n<td>Kunna presentera uppdaterad finansiell information (inte \u00e4ldre \u00e4n tre m\u00e5nader)<\/td>\n<\/tr>\n<tr>\n<td bgcolor=\"#000\"><span style=\"color: #ffffff;\">\u00c4garskap<\/span><\/td>\n<td>Ans\u00f6kan kan endast uppr\u00e4ttas av VD eller annan firmatecknare.<\/td>\n<\/tr>\n<tr>\n<td bgcolor=\"#000\"><span style=\"color: #ffffff;\">F\u00f6retagsadress<\/span><\/td>\n<td>Etablerat som aktiebolag i Skandinavien.<\/td>\n<\/tr>\n<\/tbody>\n<\/table>\n<p><span style=\"color: #00529c; font-size: 16pt;\">F\u00f6ljande information\/dokumentation kan beh\u00f6vas:<\/span><\/p>\n<ul>\n<li>Tillg\u00e5ng till personligt BankID<\/li>\n<li>Ledande roll i f\u00f6retaget, s\u00e5 som att \u00e4r man \u00e4r VD, styrelsemedlem eller suppleant i styrelsen<\/li>\n<li>Du skall ha namnteckningsr\u00e4tt i f\u00f6retaget ensam eller tillsammans annan person<\/li>\n<li>F\u00f6retagets faktureringsuppgifter samt bankgironummer<\/li>\n<li>Registreringsbevis<\/li>\n<li>\u00c4garstrukturen, organisationsstruktur (vem \u00e4ger mer \u00e4n 25% &#8211; verkliga huvudm\u00e4n)<\/li>\n<li>Balansr\u00e4kning<\/li>\n<li>Budget<\/li>\n<li>\u00c5rsredovisningar<\/li>\n<\/ul>\n<hr \/>\n<p>Det danska crowdfundingbolaget Kameo Aps startades 2014 och har sedan 2016 tillst\u00e5nd fr\u00e5n Finanstilsynet i Danmark att agera betalningsinstitut. I dagsl\u00e4get bedriver man verksamhet i Danmark, Sverige och Norge med kontor i Stockholm och Oslo.<\/p>\n<h4>\u00d6PPETTIDER KUNDTJ\u00c4NST:<\/h4>\n<table class=\"table table-striped\" border=\"0\">\n<tbody>\n<tr>\n<td valign=\"top\" width=\"150\">M\u00e5ndag \u2013 Torsdag<\/td>\n<td valign=\"top\" width=\"100\">09:00 \u2013 17:00<\/td>\n<\/tr>\n<tr>\n<td valign=\"top\" width=\"150\">Fredag<\/td>\n<td valign=\"top\" width=\"100\">09:00 &#8211; 15:00<\/td>\n<\/tr>\n<tr>\n<td valign=\"top\" width=\"150\">L\u00f6rdag<\/td>\n<td valign=\"top\" width=\"100\">St\u00e4ngt<\/td>\n<\/tr>\n<tr>\n<td valign=\"top\" width=\"150\">S\u00f6ndag<\/td>\n<td valign=\"top\" width=\"100\">St\u00e4ngt<\/td>\n<\/tr>\n<\/tbody>\n<\/table>\n<blockquote><p>Telefon: 08-121 513 65<br \/>\nE-mail: <a href=\"mailto:helpdesk@kameo.se\">helpdesk@kameo.se.<\/a><\/p><\/blockquote>\n<blockquote class=\"theme\"><p>KAMEO SVENSK Filial<\/p>\n<h4>ADRESS:<\/h4>\n<p>Kungsgatan 8<br \/>\n111 43 Stockholm<br \/>\nOrg. nr: 516410-0454<\/p><\/blockquote>\n","protected":false},"excerpt":{"rendered":"<p>Kameo \u00e4r en crowdfundingtj\u00e4nst f\u00f6r f\u00f6retag som i f\u00f6rsta hand \u00e4r verksamma inom omr\u00e5det fastighetsutveckling. Tj\u00e4nsten g\u00f6r det m\u00f6jligt f\u00f6r privatpersoner och f\u00f6retag investerar i byggprojekt och annan f\u00f6retagsverksamhet med &#8230;<\/p>\n","protected":false},"author":1,"featured_media":723,"parent":164,"menu_order":28,"comment_status":"open","ping_status":"closed","template":"","meta":{"footnotes":""},"class_list":["post-722","page","type-page","status-publish","has-post-thumbnail","hentry"],"_links":{"self":[{"href":"https:\/\/firmalan.com\/sv\/wp-json\/wp\/v2\/pages\/722","targetHints":{"allow":["GET"]}}],"collection":[{"href":"https:\/\/firmalan.com\/sv\/wp-json\/wp\/v2\/pages"}],"about":[{"href":"https:\/\/firmalan.com\/sv\/wp-json\/wp\/v2\/types\/page"}],"author":[{"embeddable":true,"href":"https:\/\/firmalan.com\/sv\/wp-json\/wp\/v2\/users\/1"}],"replies":[{"embeddable":true,"href":"https:\/\/firmalan.com\/sv\/wp-json\/wp\/v2\/comments?post=722"}],"version-history":[{"count":10,"href":"https:\/\/firmalan.com\/sv\/wp-json\/wp\/v2\/pages\/722\/revisions"}],"predecessor-version":[{"id":2400,"href":"https:\/\/firmalan.com\/sv\/wp-json\/wp\/v2\/pages\/722\/revisions\/2400"}],"up":[{"embeddable":true,"href":"https:\/\/firmalan.com\/sv\/wp-json\/wp\/v2\/pages\/164"}],"wp:featuredmedia":[{"embeddable":true,"href":"https:\/\/firmalan.com\/sv\/wp-json\/wp\/v2\/media\/723"}],"wp:attachment":[{"href":"https:\/\/firmalan.com\/sv\/wp-json\/wp\/v2\/media?parent=722"}],"curies":[{"name":"wp","href":"https:\/\/api.w.org\/{rel}","templated":true}]}}