{"id":714,"date":"2017-08-01T13:59:00","date_gmt":"2017-08-01T11:59:00","guid":{"rendered":"https:\/\/firmalan.com\/sv\/?page_id=714"},"modified":"2019-12-09T10:06:32","modified_gmt":"2019-12-09T09:06:32","slug":"lendo","status":"publish","type":"page","link":"https:\/\/firmalan.com\/sv\/lana-pengar\/lendo\/","title":{"rendered":"Lendo"},"content":{"rendered":"<div class=\"section-content\">\n<div class=\"row\">\n<div class=\"feature-item col-lg-6 col-sm-6 wow slideInUp\">\n<div class=\"feature-media\"><img decoding=\"async\" src=\"https:\/\/firmalan.com\/sv\/wp-content\/uploads\/2018\/08\/lendo-logo.jpg\" \/><\/div>\n<\/div>\n<div class=\"feature-item col-lg-6 col-sm-6 wow slideInUp\">\n<p>Uppskattningsvis omkring 25% av alla privatl\u00e5n oms\u00e4tts varje \u00e5r genom att l\u00e5ntagare byter fr\u00e5n en l\u00e5ngivare till en annan. En starkt bidragande anledning till att l\u00e5ntagarnas r\u00f6rlighet \u00e4r s\u00e5 pass stor \u00e4r p\u00e5verkan fr\u00e5n prispressande l\u00e5nef\u00f6rmedlare.<br \/>\nLendo \u00e4r sedan l\u00e4nge Sveriges fr\u00e4msta f\u00f6rmedlare inom konsumentkrediter, under 2018 beslutade man att \u00e4ven b\u00f6rja erbjuda f\u00f6retag kostnadsfri hj\u00e4lp att hitta l\u00e5n och krediter.<\/p>\n<p><span style=\"color: #f4f4f4;\"><strong><a class=\"btn btn-theme-primary btn-lg\" style=\"color: #f4f4f4;\" title=\"\u27a4 Lendo f\u00f6retag- l\u00e5n\" href=\"https:\/\/firmalan.com\/sv\/go\/lendo\/\" target=\"_blank\" rel=\"nofollow noopener noreferrer\">\u27a4 G\u00e5 Till Lendo<\/a><\/strong><\/span><\/p>\n<\/div>\n<p>Ans\u00f6kningar tas emot fr\u00e5n f\u00f6ljande bolagsformer:<\/p>\n<ul>\n<li>Enskilda Firmor<\/li>\n<li>Aktiebolag<\/li>\n<li>Handelsbolag<\/li>\n<li>Kommanditbolag<\/li>\n<\/ul>\n<p>Att uppr\u00e4tta l\u00e5neans\u00f6kan hos Lendo tar omkring tv\u00e5 minuter, vilken undertecknas digitalt med BankID och l\u00e5nesvar utlovas inom 24 timmar (under vardagar). I samband med ans\u00f6kan ombeds du att fylla i \u00f6nskat l\u00e5nebelopp och \u00e5terbetalningstid samt uppskatta f\u00f6retagets totala oms\u00e4ttning f\u00f6r de kommande sex m\u00e5naderna. En kreditupplysning g\u00f6rs hos UC i vissa fall g\u00f6rs ytterligare upplysningar genom andra kreditupplysningsf\u00f6retag, dessa p\u00e5verkar emellertid inte f\u00f6retagets kreditv\u00e4rdighet.<\/p>\n<\/div>\n<\/div>\n<div class=\"section-color\">\n<div class=\"row\">\n<div class=\"feature-item col-lg-6 col-sm-6 wow slideInUp\">\n<p class=\"kapitel\">F\u00f6retagsl\u00e5n<\/p>\n<ul id=\"navlist\">\n<li>Belopp: 50.000 &#8211; 2.000.000 kr<\/li>\n<li>L\u00f6ptid: 6-60 m\u00e5nader<\/li>\n<li>R\u00e4ntesats: Varierar beroende p\u00e5 l\u00e5ngivare<\/li>\n<\/ul>\n<\/div>\n<div class=\"feature-item col-lg-6 col-sm-6 wow slideInUp\">\n<p class=\"kapitel\">Ans\u00f6kan<\/p>\n<ul id=\"navlist\">\n<li>Ans\u00f6k p\u00e5 webben med BankID<\/li>\n<li>F\u00e5 svar p\u00e5 ans\u00f6kan inom 24 timmar<\/li>\n<li>Utbetalning inom 1-2 dagar med BankID<br \/>\n2-5 dagar med skuldebrev per post<\/li>\n<\/ul>\n<\/div>\n<\/div>\n<\/div>\n<p><span style=\"color: #00529c; font-size: 16pt;\">Villkor:<\/span><\/p>\n<table>\n<tbody>\n<tr>\n<td bgcolor=\"#000\"><span style=\"color: #ffffff;\">R\u00e4nta<\/span><\/td>\n<td>Individuell r\u00e4nta eller fast kostnader<\/td>\n<\/tr>\n<tr>\n<td bgcolor=\"#000\"><span style=\"color: #ffffff;\">Uppl\u00e4ggningsavgift<\/span><\/td>\n<td>Uppgift saknas.<\/td>\n<\/tr>\n<tr>\n<td bgcolor=\"#000\"><span style=\"color: #ffffff;\">Borgens\u00e5tagande<\/span><\/td>\n<td>Borgen kan kr\u00e4vas.<\/td>\n<\/tr>\n<tr>\n<td bgcolor=\"#000\"><span style=\"color: #ffffff;\">F\u00f6rtidsinl\u00f6sen<\/span><\/td>\n<td>F\u00f6rtidsinl\u00f6sen \u00e4r m\u00f6jlig utan kostnad hos flera av Lendos samarbetspartners, men ytterligare avgifter kan f\u00f6rekomma.<\/td>\n<\/tr>\n<tr>\n<td bgcolor=\"#000\"><span style=\"color: #ffffff;\">Betalningsanm\u00e4rkning<\/span><\/td>\n<td>Individuell bed\u00f6mning, betalningsanm\u00e4rkningar kan godtas.<\/td>\n<\/tr>\n<\/tbody>\n<\/table>\n<p><span style=\"color: #00529c; font-size: 16pt;\">Krav p\u00e5 f\u00f6retag som s\u00f6ker:<\/span><\/p>\n<table>\n<tbody>\n<tr>\n<td bgcolor=\"#000\"><span style=\"color: #ffffff;\">Oms\u00e4ttning<\/span><\/td>\n<td>Uppskatta oms\u00e4ttning f\u00f6r n\u00e4stkommande sex m\u00e5nader.<\/td>\n<\/tr>\n<tr>\n<td bgcolor=\"#000\"><span style=\"color: #ffffff;\">Historik<\/span><\/td>\n<td>Ditt f\u00f6retag har en rimlig kreditv\u00e4rdighet samt att era kunder har rimlig kreditv\u00e4rdighet.<\/td>\n<\/tr>\n<tr>\n<td bgcolor=\"#000\"><span style=\"color: #ffffff;\">\u00c4garskap<\/span><\/td>\n<td>Ans\u00f6kan kan endast uppr\u00e4ttas av VD eller annan firmatecknare.<\/td>\n<\/tr>\n<tr>\n<td bgcolor=\"#000\"><span style=\"color: #ffffff;\">F\u00f6retagsadress<\/span><\/td>\n<td>Verksamheten \u00e4r registrerad hos bolagsverket i Sverige.<\/td>\n<\/tr>\n<\/tbody>\n<\/table>\n<p><span style=\"color: #00529c; font-size: 16pt;\">F\u00f6ljande information\/dokumentation beh\u00f6vs:<\/span><\/p>\n<ul>\n<li>Tillg\u00e5ng till personligt BankID<\/li>\n<li>Ledande roll i f\u00f6retaget, s\u00e5 som att \u00e4r man \u00e4r VD, styrelsemedlem eller suppleant i styrelsen<\/li>\n<li>Du skall ha namnteckningsr\u00e4tt i f\u00f6retaget ensam eller tillsammans annan person<\/li>\n<li>F\u00f6retagets faktureringsuppgifter samt bankgironummer<\/li>\n<\/ul>\n<hr \/>\n<p>Lendo finansierar sin verksamhet genom att ta ut en f\u00f6rmedlingskostnad fr\u00e5n svenska banker och l\u00e5ngivare. Att Lendo erh\u00e5ller provision fr\u00e5n samarbetspartners p\u00e5verkar inte r\u00e4ntan eller totalkostnaden f\u00f6r dig som f\u00f6retagare. Det blir med andra ord varken dyrare eller billigare f\u00f6r f\u00f6retag att teckna l\u00e5n via Lendo, f\u00f6rdelen ligger ist\u00e4llet i att ans\u00f6kan skickas till mer \u00e4n en kreditgivare vilket skapar b\u00e4ttre f\u00f6ruts\u00e4ttningar att f\u00e5 ans\u00f6kan godk\u00e4nd och \u00f6kar valm\u00f6jligheterna. Lendos lista med samarbetspartners omfattade Lendos lista med samarbetspartners omfattade 2019-11-20 f\u00f6ljande 11 olika f\u00f6retagsl\u00e5n: Avida,\u00a0<a href=\"https:\/\/firmalan.com\/sv\/lana-pengar\/marginalen-bank\/\">Marginalen Bank<\/a>,\u00a0<a href=\"https:\/\/firmalan.com\/sv\/lana-pengar\/balanzia\/\">Balanzia<\/a>,\u00a0<a href=\"https:\/\/firmalan.com\/sv\/lana-pengar\/opr\/\">OPR-f\u00f6retagsl\u00e5n<\/a>,\u00a0<a href=\"https:\/\/firmalaxn.com\/sv\/lana-pengar\/capcito\/\">Capcito<\/a>,\u00a0<a href=\"https:\/\/firmalan.com\/sv\/lana-pengar\/ferratum\/\">Ferratum Business<\/a>,\u00a0<a href=\"https:\/\/firmalan.com\/sv\/lana-pengar\/aros-kapital\/\">Aros Kapital<\/a>,\u00a0<a href=\"https:\/\/firmalan.com\/sv\/lana-pengar\/froda\/\">Froda<\/a>, Mynt samt\u00a0<a href=\"https:\/\/firmalan.com\/sv\/lana-pengar\/fedelta\/\">Fedelta flexibla f\u00f6retagsl\u00e5n<\/a>, <a href=\"https:\/\/firmalan.com\/sv\/lana-pengar\/svea-ekonomi\/\">Svea Bank<\/a>.<\/p>\n<p>&nbsp;<\/p>\n<h4>\u00d6PPETTIDER KUNDTJ\u00c4NST:<\/h4>\n<table class=\"table table-striped\" border=\"0\">\n<tbody>\n<tr>\n<td valign=\"top\" width=\"150\">M\u00e5ndag \u2013 Torsdag<\/td>\n<td valign=\"top\" width=\"100\">08:00 \u2013 20:00<\/td>\n<\/tr>\n<tr>\n<td valign=\"top\" width=\"150\">Fredag<\/td>\n<td valign=\"top\" width=\"100\">09:00 &#8211; 17:00<\/td>\n<\/tr>\n<tr>\n<td valign=\"top\" width=\"150\">L\u00f6rdag<\/td>\n<td valign=\"top\" width=\"100\">10:00 &#8211; 14:00<\/td>\n<\/tr>\n<tr>\n<td valign=\"top\" width=\"150\">S\u00f6ndag<\/td>\n<td valign=\"top\" width=\"100\">10:00 &#8211; 14:00<\/td>\n<\/tr>\n<\/tbody>\n<\/table>\n<blockquote><p>Telefon: 0771 &#8211; 13 13 10<br \/>\nE-mail: <a href=\"mailto:kundservice@lendo.se\">kundservice@lendo.se.<\/a><\/p><\/blockquote>\n<blockquote class=\"theme\"><p>Lendo AB<\/p>\n<h4>ADRESS:<\/h4>\n<p>V\u00e4stra J\u00e4rnv\u00e4gsgatan 21<br \/>\n111 64 Stockholm<br \/>\nOrg. nr: 556515-1627<\/p><\/blockquote>\n","protected":false},"excerpt":{"rendered":"<p>Uppskattningsvis omkring 25% av alla privatl\u00e5n oms\u00e4tts varje \u00e5r genom att l\u00e5ntagare byter fr\u00e5n en l\u00e5ngivare till en annan. En starkt bidragande anledning till att l\u00e5ntagarnas r\u00f6rlighet \u00e4r s\u00e5 pass &#8230;<\/p>\n","protected":false},"author":1,"featured_media":715,"parent":164,"menu_order":35,"comment_status":"open","ping_status":"closed","template":"","meta":{"footnotes":""},"class_list":["post-714","page","type-page","status-publish","has-post-thumbnail","hentry"],"_links":{"self":[{"href":"https:\/\/firmalan.com\/sv\/wp-json\/wp\/v2\/pages\/714","targetHints":{"allow":["GET"]}}],"collection":[{"href":"https:\/\/firmalan.com\/sv\/wp-json\/wp\/v2\/pages"}],"about":[{"href":"https:\/\/firmalan.com\/sv\/wp-json\/wp\/v2\/types\/page"}],"author":[{"embeddable":true,"href":"https:\/\/firmalan.com\/sv\/wp-json\/wp\/v2\/users\/1"}],"replies":[{"embeddable":true,"href":"https:\/\/firmalan.com\/sv\/wp-json\/wp\/v2\/comments?post=714"}],"version-history":[{"count":12,"href":"https:\/\/firmalan.com\/sv\/wp-json\/wp\/v2\/pages\/714\/revisions"}],"predecessor-version":[{"id":2108,"href":"https:\/\/firmalan.com\/sv\/wp-json\/wp\/v2\/pages\/714\/revisions\/2108"}],"up":[{"embeddable":true,"href":"https:\/\/firmalan.com\/sv\/wp-json\/wp\/v2\/pages\/164"}],"wp:featuredmedia":[{"embeddable":true,"href":"https:\/\/firmalan.com\/sv\/wp-json\/wp\/v2\/media\/715"}],"wp:attachment":[{"href":"https:\/\/firmalan.com\/sv\/wp-json\/wp\/v2\/media?parent=714"}],"curies":[{"name":"wp","href":"https:\/\/api.w.org\/{rel}","templated":true}]}}