{"id":68,"date":"2017-03-24T06:58:32","date_gmt":"2017-03-24T06:58:32","guid":{"rendered":"https:\/\/firmalan.com\/sv\/?page_id=68"},"modified":"2019-11-20T19:05:00","modified_gmt":"2019-11-20T18:05:00","slug":"foretagskort","status":"publish","type":"page","link":"https:\/\/firmalan.com\/sv\/foretagskort\/","title":{"rendered":"F\u00f6retagskort"},"content":{"rendered":"<p>F\u00f6rdelarna med skaffa f\u00f6retagskort \u00e4r flera. Det g\u00f6r vardagen som f\u00f6retagare lite enklare samtidigt som du kan handla och resa s\u00e4krare. Det finns b\u00e5de bankkort med och utan kredit. Anv\u00e4nder du den tillkopplade krediten handlar du mot faktura som du sedan betalar l\u00f6pande vecko- eller m\u00e5nadsvis.<\/p>\n<p>Det finns \u00e4ven en m\u00e4ngd f\u00f6retagskort som ger dig och dina anst\u00e4llda rabatt p\u00e5 bensinpriset, vilket g\u00f6r firmabilen billigare i drift. De flesta stora bensinkedjorna erbjuder f\u00f6retagskunder betalkort med bonus.<\/p>\n<h2>V\u00e4lj korttyp<\/h2>\n<p><a class=\"btn btn-secondary-outline btn-lg\" href=\"https:\/\/firmalan.com\/sv\/foretagskort\/kreditkort\/\">Kreditkort<\/a> | <a class=\"btn btn-secondary-outline btn-lg\" href=\"https:\/\/firmalan.com\/sv\/foretagskort\/bensinkort\/\">Bensinkort<\/a> | <a class=\"btn btn-secondary-outline btn-lg\" href=\"https:\/\/firmalan.com\/sv\/foretagskort\/resekonto\/\">Resekonto<\/a><\/p>\n","protected":false},"excerpt":{"rendered":"<p>F\u00f6rdelarna med skaffa f\u00f6retagskort \u00e4r flera. Det g\u00f6r vardagen som f\u00f6retagare lite enklare samtidigt som du kan handla och resa s\u00e4krare. Det finns b\u00e5de bankkort med och utan kredit. Anv\u00e4nder &#8230;<\/p>\n","protected":false},"author":1,"featured_media":0,"parent":0,"menu_order":0,"comment_status":"open","ping_status":"closed","template":"","meta":{"footnotes":""},"class_list":["post-68","page","type-page","status-publish","hentry"],"_links":{"self":[{"href":"https:\/\/firmalan.com\/sv\/wp-json\/wp\/v2\/pages\/68","targetHints":{"allow":["GET"]}}],"collection":[{"href":"https:\/\/firmalan.com\/sv\/wp-json\/wp\/v2\/pages"}],"about":[{"href":"https:\/\/firmalan.com\/sv\/wp-json\/wp\/v2\/types\/page"}],"author":[{"embeddable":true,"href":"https:\/\/firmalan.com\/sv\/wp-json\/wp\/v2\/users\/1"}],"replies":[{"embeddable":true,"href":"https:\/\/firmalan.com\/sv\/wp-json\/wp\/v2\/comments?post=68"}],"version-history":[{"count":9,"href":"https:\/\/firmalan.com\/sv\/wp-json\/wp\/v2\/pages\/68\/revisions"}],"predecessor-version":[{"id":2062,"href":"https:\/\/firmalan.com\/sv\/wp-json\/wp\/v2\/pages\/68\/revisions\/2062"}],"wp:attachment":[{"href":"https:\/\/firmalan.com\/sv\/wp-json\/wp\/v2\/media?parent=68"}],"curies":[{"name":"wp","href":"https:\/\/api.w.org\/{rel}","templated":true}]}}