{"id":665,"date":"2017-07-30T16:40:00","date_gmt":"2017-07-30T14:40:00","guid":{"rendered":"https:\/\/firmalan.com\/sv\/?page_id=665"},"modified":"2019-11-20T10:19:42","modified_gmt":"2019-11-20T09:19:42","slug":"businesscredit","status":"publish","type":"page","link":"https:\/\/firmalan.com\/sv\/lana-pengar\/businesscredit\/","title":{"rendered":"Businesscredit"},"content":{"rendered":"<div class=\"section-content\">\n<div class=\"row\">\n<div class=\"feature-item col-lg-6 col-sm-6 wow slideInUp\">\n<div class=\"feature-media\"><img decoding=\"async\" src=\"https:\/\/firmalan.com\/sv\/wp-content\/uploads\/2018\/07\/businesscredit-logo.png\" \/><\/div>\n<\/div>\n<div class=\"feature-item col-lg-6 col-sm-6 wow slideInUp\">\n<p>Finl\u00e4ndska WestStar-koncernen har varit verksamma inom finansbranschen sedan 2006 och har under 12 verksamhets\u00e5r sett till att hundratusentals privatkunder och f\u00f6retag f\u00e5tt tillg\u00e5ng till passande finansieringsuppl\u00e4gg. Den senaste satsningen \u00e4r Businesscredit f\u00f6retagsl\u00e5n som g\u00f6r det m\u00f6jligt f\u00f6r personer med namnteckningsr\u00e4tt att l\u00e5na 10 000-500 000 kr till bolaget. I finland har <a href=\"https:\/\/firmalan.com\/fi\/113\/businesscredit\/\">Businesscredit FI<\/a> r\u00f6nt stora framg\u00e5ngar nu hoppas man p\u00e5 samma genomslag i Sverige.<\/p>\n<\/div>\n<p>Ans\u00f6kan om l\u00e5net g\u00f6rs direkt online p\u00e5 Businesscredit.se. Beslut delges samma dag f\u00f6rutsatt att l\u00e5neans\u00f6kan inkommer f\u00f6re klocka 15. F\u00f6r l\u00e5n upp till 200.000 kr kr\u00e4vs en personlig borgen, st\u00f6rre l\u00e5n kr\u00e4ver minst tv\u00e5 borgen\u00e4rer.<\/p>\n<p>Observera att Arvato Finance AB sk\u00f6ter den m\u00e5nadsvisa faktureringen, \u00e4renden och fr\u00e5gor som r\u00f6r fakturor via mail  konto.se@arvato.com eller telefon 0340-596 118.<\/p>\n<p>Organisationer som anv\u00e4nder <a href=\"https:\/\/firmalan.com\/sv\/lana-pengar\/danske-bank\/\">Danske Bank som f\u00f6retagsbank<\/a> kan f\u00e5 pengar utbetalda redan samma dag, utbetalning till \u00f6vriga banker sker normalt inom 1-2 dagar.<\/p>\n<\/div>\n<\/div>\n<div class=\"section-color\">\n<div class=\"row\">\n<div class=\"feature-item col-lg-6 col-sm-6 wow slideInUp\">\n<p class=\"kapitel\">Businesscredit<\/p>\n<ul id=\"navlist\">\n<li>Belopp: 10.000 &#8211; 500.000 kr<\/li>\n<li>L\u00f6ptid: 3-12 m\u00e5nader<\/li>\n<li>R\u00e4ntesats: Ett fast f\u00f6rr\u00e4ttningsarvode<\/li>\n<\/ul>\n<\/div>\n<div class=\"feature-item col-lg-6 col-sm-6 wow slideInUp\">\n<p class=\"kapitel\">Ans\u00f6kan<\/p>\n<ul id=\"navlist\">\n<li>Ans\u00f6k p\u00e5 webben med BankID<\/li>\n<li>F\u00e5 l\u00e5nesbeslutet samma dag f\u00f6re kl 15<\/li>\n<li>Utbetalning samma dag eller n\u00e4sta<\/li>\n<\/ul>\n<\/div>\n<\/div>\n<\/div>\n<p><span style=\"color: #00529c; font-size: 16pt;\">Villkor:<\/span><\/p>\n<table>\n<tbody>\n<tr>\n<td bgcolor=\"#000\"><span style=\"color: #ffffff;\">R\u00e4nta<\/span><\/td>\n<td>Endast fast f\u00f6rr\u00e4ttningsarvode<\/td>\n<\/tr>\n<tr>\n<td bgcolor=\"#000\"><span style=\"color: #ffffff;\">F\u00f6rr\u00e4ttningsarvode<\/span><\/td>\n<td>2.130-119.940 kr.<\/td>\n<\/tr>\n<tr>\n<td bgcolor=\"#000\"><span style=\"color: #ffffff;\">Borgens\u00e5tagande<\/span><\/td>\n<td>L\u00e5n upp till 200.000 kr kr\u00e4ver en personlig borgen<br \/>\nL\u00e5n p\u00e5 200.001 kr eller mer kr\u00e4ver tv\u00e5 borgen\u00e4rer.<br \/>\n.<\/td>\n<\/tr>\n<tr>\n<td bgcolor=\"#000\"><span style=\"color: #ffffff;\">F\u00f6rtidsinl\u00f6sen<\/span><\/td>\n<td>F\u00f6rtidsinl\u00f6sen \u00e4r m\u00f6jlig men p\u00e5verkar ej helhetskostnaderna f\u00f6r l\u00e5net.<\/td>\n<\/tr>\n<tr>\n<td bgcolor=\"#000\"><span style=\"color: #ffffff;\">Betalningsanm\u00e4rkning<\/span><\/td>\n<td>Inga betalningsanm\u00e4rkningar f\u00e5r f\u00f6rekomma.<\/td>\n<\/tr>\n<\/tbody>\n<\/table>\n<p><span style=\"color: #00529c; font-size: 16pt;\">Krav p\u00e5 f\u00f6retag som s\u00f6ker:<\/span><\/p>\n<table>\n<tbody>\n<tr>\n<td bgcolor=\"#000\"><span style=\"color: #ffffff;\">Oms\u00e4ttning<\/span><\/td>\n<td>Bokslut kr\u00e4vs.<\/td>\n<\/tr>\n<tr>\n<td bgcolor=\"#000\"><span style=\"color: #ffffff;\">Historik<\/span><\/td>\n<td>Ditt f\u00f6retag har en rimlig kreditv\u00e4rdighet samt att era kunder har rimlig kreditv\u00e4rdighet.<\/td>\n<\/tr>\n<tr>\n<td bgcolor=\"#000\"><span style=\"color: #ffffff;\">\u00c4garskap<\/span><\/td>\n<td>Ans\u00f6kan kan endast uppr\u00e4ttas av VD eller annan firmatecknare.<\/td>\n<\/tr>\n<tr>\n<td bgcolor=\"#000\"><span style=\"color: #ffffff;\">F\u00f6retagsadress<\/span><\/td>\n<td>Verksamheten \u00e4r registrerad hos bolagsverket i Sverige.<\/td>\n<\/tr>\n<\/tbody>\n<\/table>\n<p><span style=\"color: #00529c; font-size: 16pt;\">F\u00f6ljande information\/dokumentation beh\u00f6vs:<\/span><\/p>\n<ul>\n<li>Tillg\u00e5ng till personligt BankID<\/li>\n<li>Du skall ha namnteckningsr\u00e4tt i f\u00f6retaget ensam eller tillsammans annan person<\/li>\n<li>F\u00f6retagets faktureringsuppgifter samt bankgironummer<\/li>\n<li>Namn p\u00e5 och e-postadresser till ansvariga personer och eventuella borgensm\u00e4n.<\/li>\n<li>Samtliga borgensm\u00e4n beh\u00f6ver logga in och godk\u00e4nna villkoren f\u00f6r l\u00e5net och borgensansvaret.<\/li>\n<\/ul>\n<hr \/>\n<p><a name=\"tabell\"><\/a> <span style=\"color: #00529c; font-size: 16pt;\">Kostnadstabell<\/span><\/p>\n<table>\n<thead>\n<tr>\n<th>Belopp<\/th>\n<th>6 m\u00e5n<\/th>\n<th>9 m\u00e5n<\/th>\n<th>12 m\u00e5n<\/th>\n<\/tr>\n<\/thead>\n<tbody>\n<tr>\n<td bgcolor=\"#000\"><span style=\"color: #ffffff;\">50 000 kr<\/span><\/td>\n<td>61 220 kr (49,92%)<\/td>\n<td>64 720 kr (41,07%)<\/td>\n<td>71 920 kr (43,84%)<\/td>\n<\/tr>\n<tr>\n<td bgcolor=\"#000\"><span style=\"color: #ffffff;\">200 000 kr<\/span><\/td>\n<td>238 680 kr (42,42%)<\/td>\n<td>254 850 kr (38,15%)<\/td>\n<td>270 790 kr (35,39%)<\/td>\n<\/tr>\n<tr>\n<td bgcolor=\"#000\"><span style=\"color: #ffffff;\">300 000 kr<\/span><\/td>\n<td>347 960 kr (34,53%)<\/td>\n<td>366 800 kr (30,74%)<\/td>\n<td>385 350 kr (28,45%)<\/td>\n<\/tr>\n<tr>\n<td bgcolor=\"#000\"><span style=\"color: #ffffff;\">500 000 kr<\/span><\/td>\n<td>572 800 kr (31,24%)<\/td>\n<td>590 440 kr (24,82%)<\/td>\n<td>619 940 kr (23,99%)<\/td>\n<\/tr>\n<\/tbody>\n<\/table>\n<p>\u00c5terbetalning sker med j\u00e4mnt belopp var m\u00e5nad. Reservation f\u00f6r prisf\u00f6r\u00e4ndringar samt att \u00e5rsr\u00e4ntorna \u00e4r uppskattade ber\u00e4kningar.<br \/>\n*Uppdaterad 2018-10-29<\/p>\n<p>&nbsp;<\/p>\n<h4>\u00d6PPETTIDER KUNDTJ\u00c4NST:<\/h4>\n<table class=\"table table-striped\" border=\"0\">\n<tbody>\n<tr>\n<td valign=\"top\" width=\"150\">M\u00e5ndag \u2013 Fredagar<\/td>\n<td valign=\"top\" width=\"100\">09:00 \u2013 15:00<\/td>\n<\/tr>\n<tr>\n<td valign=\"top\" width=\"150\">Helg<\/td>\n<td valign=\"top\" width=\"100\">St\u00e4ngt<\/td>\n<\/tr>\n<\/tbody>\n<\/table>\n<blockquote><p>Telefon: 08-5092 7933<br \/>\nE-mail: <a href=\"mailto:kundtjanst@businesscredit.se\">kundtjanst@businesscredit.se.<\/a><\/p><\/blockquote>\n<blockquote class=\"theme\"><p>WS Finance Global AB<\/p>\n<h4>ADRESS:<\/h4>\n<p>KLARABERGSGATAN 29<br \/>\n111 21 Stockholm<br \/>\nOrg. nr: 559128-1885<\/p><\/blockquote>\n","protected":false},"excerpt":{"rendered":"<p>Finl\u00e4ndska WestStar-koncernen har varit verksamma inom finansbranschen sedan 2006 och har under 12 verksamhets\u00e5r sett till att hundratusentals privatkunder och f\u00f6retag f\u00e5tt tillg\u00e5ng till passande finansieringsuppl\u00e4gg. Den senaste satsningen \u00e4r &#8230;<\/p>\n","protected":false},"author":1,"featured_media":666,"parent":164,"menu_order":7,"comment_status":"open","ping_status":"closed","template":"template-fullwidth.php","meta":{"footnotes":""},"class_list":["post-665","page","type-page","status-publish","has-post-thumbnail","hentry"],"_links":{"self":[{"href":"https:\/\/firmalan.com\/sv\/wp-json\/wp\/v2\/pages\/665","targetHints":{"allow":["GET"]}}],"collection":[{"href":"https:\/\/firmalan.com\/sv\/wp-json\/wp\/v2\/pages"}],"about":[{"href":"https:\/\/firmalan.com\/sv\/wp-json\/wp\/v2\/types\/page"}],"author":[{"embeddable":true,"href":"https:\/\/firmalan.com\/sv\/wp-json\/wp\/v2\/users\/1"}],"replies":[{"embeddable":true,"href":"https:\/\/firmalan.com\/sv\/wp-json\/wp\/v2\/comments?post=665"}],"version-history":[{"count":14,"href":"https:\/\/firmalan.com\/sv\/wp-json\/wp\/v2\/pages\/665\/revisions"}],"predecessor-version":[{"id":1981,"href":"https:\/\/firmalan.com\/sv\/wp-json\/wp\/v2\/pages\/665\/revisions\/1981"}],"up":[{"embeddable":true,"href":"https:\/\/firmalan.com\/sv\/wp-json\/wp\/v2\/pages\/164"}],"wp:featuredmedia":[{"embeddable":true,"href":"https:\/\/firmalan.com\/sv\/wp-json\/wp\/v2\/media\/666"}],"wp:attachment":[{"href":"https:\/\/firmalan.com\/sv\/wp-json\/wp\/v2\/media?parent=665"}],"curies":[{"name":"wp","href":"https:\/\/api.w.org\/{rel}","templated":true}]}}