{"id":662,"date":"2017-07-30T16:01:00","date_gmt":"2017-07-30T14:01:00","guid":{"rendered":"https:\/\/firmalan.com\/sv\/?page_id=662"},"modified":"2019-11-20T10:18:04","modified_gmt":"2019-11-20T09:18:04","slug":"balanzia","status":"publish","type":"page","link":"https:\/\/firmalan.com\/sv\/lana-pengar\/balanzia\/","title":{"rendered":"Balanzia"},"content":{"rendered":"<div class=\"section-content\">\n<div class=\"row\">\n<div class=\"feature-item col-lg-6 col-sm-6 wow slideInUp\">\n<div class=\"feature-media\"><img decoding=\"async\" src=\"https:\/\/firmalan.com\/sv\/wp-content\/uploads\/2018\/07\/balanzia.jpg\" \/><\/div>\n<\/div>\n<div class=\"feature-item col-lg-6 col-sm-6 wow slideInUp\">\n<p>Balanzia \u00e4r ett finansiellt institut med inriktning mot den svenska och finska marknaden. Tj\u00e4nsterna som erbjuds \u00e4r fakturak\u00f6p, f\u00f6retagskrediter, traditionella privatl\u00e5n samt leasing. F\u00f6retagskrediten hos Balanzia \u00e4r kopplad till avtal med fakturak\u00f6p, d\u00e4r flexibel l\u00f6ptid erbjuds p\u00e5 mellan 6-60 m\u00e5nader och kreditvillkoren beror p\u00e5 vilken typ av kundfodringar som pants\u00e4tts.<br \/>\nAns\u00f6kan om l\u00e5n kan g\u00f6ras direkt online medan fakturak\u00f6p kan ske genom att ringa 08- 684 28 770 eller genom att fylla i kontaktformul\u00e4ret s\u00e5 ringer Balanzia upp dig. S\u00e4kra underskrifter och inloggningar f\u00f6r administration av kunduppgifter sker med e-legitimation\/BankID.<br \/>\n<span style=\"color: #f4f4f4;\"><strong><a class=\"btn btn-theme-primary btn-lg\" style=\"color: #f4f4f4;\" title=\"\u27a4 Balanzia - l\u00e5n\" href=\"https:\/\/firmalan.com\/sv\/go\/lendo\/\" target=\"_blank\" rel=\"nofollow noopener noreferrer\">\u27a4 S\u00f6k Balanzia f\u00f6retagskredit via Lendo<\/a><\/strong><\/span>\n<\/div>\n<\/div>\n<\/div>\n<div class=\"section-color\">\n<div class=\"row\">\n<div class=\"feature-item col-lg-6 col-sm-6 wow slideInUp\">\n<p class=\"kapitel\">Balanzia F\u00f6retagskredit<\/p>\n<ul id=\"navlist\">\n<li>Belopp: Upp till 1.000.000 kr<\/li>\n<li>L\u00f6ptid: 6-60 m\u00e5nader<\/li>\n<li>R\u00e4ntesats: \u00c5rsr\u00e4nta: 9.6\u202c-36%<br \/>\nM\u00e5nadsr\u00e4nta: 0.8 -3%<\/li>\n<\/ul>\n<\/div>\n<div class=\"feature-item col-lg-6 col-sm-6 wow slideInUp\">\n<p class=\"kapitel\">Ans\u00f6kan<\/p>\n<ul id=\"navlist\">\n<li>Ange oms\u00e4ttning och \u00f6nskat l\u00e5nebelopp<\/li>\n<li>F\u00e5 snabbt l\u00e5nesvar<\/li>\n<li>Fr\u00e5n faktura till pengar p\u00e5 kontot inom 24 timmar<\/li>\n<\/ul>\n<\/div>\n<\/div>\n<\/div>\n<p><span style=\"color: #00529c; font-size: 16pt;\">Villkor:<\/span><\/p>\n<table>\n<tbody>\n<tr>\n<td bgcolor=\"#000\"><span style=\"color: #ffffff;\">R\u00e4nta<\/span><\/td>\n<td>Uppgift saknas<\/td>\n<\/tr>\n<tr>\n<td bgcolor=\"#000\"><span style=\"color: #ffffff;\">Uppl\u00e4ggningsavgift<\/span><\/td>\n<td>Uppgift saknas.<\/td>\n<\/tr>\n<tr>\n<td bgcolor=\"#000\"><span style=\"color: #ffffff;\">Borgens\u00e5tagande<\/span><\/td>\n<td>Aktiebolag kr\u00e4ver minst en \u00e4garborgen.<\/td>\n<\/tr>\n<tr>\n<td bgcolor=\"#000\"><span style=\"color: #ffffff;\">F\u00f6rtidsinl\u00f6sen<\/span><\/td>\n<td>Kontakta Balanzia f\u00f6r att uppr\u00e4tta en ny kreditplan.<\/td>\n<\/tr>\n<tr>\n<td bgcolor=\"#000\"><span style=\"color: #ffffff;\">Betalningsanm\u00e4rkning<\/span><\/td>\n<td>Betalningsanm\u00e4rkning \u00e4r inte ett hinder, s\u00e5 \u00e5terbetalningsf\u00f6rm\u00e5gan i \u00f6vrigt bed\u00f6ms vara tillr\u00e4cklig.<\/td>\n<\/tr>\n<\/tbody>\n<\/table>\n<p><span style=\"color: #00529c; font-size: 16pt;\">Krav p\u00e5 f\u00f6retag som s\u00f6ker:<\/span><\/p>\n<table>\n<tbody>\n<tr>\n<td bgcolor=\"#000\"><span style=\"color: #ffffff;\">Oms\u00e4ttning<\/span><\/td>\n<td>Bokslut kr\u00e4vs.<\/td>\n<\/tr>\n<tr>\n<td bgcolor=\"#000\"><span style=\"color: #ffffff;\">Historik<\/span><\/td>\n<td>Ditt f\u00f6retag har en rimlig kreditv\u00e4rdighet samt att era kunder har rimlig kreditv\u00e4rdighet.<\/td>\n<\/tr>\n<tr>\n<td bgcolor=\"#000\"><span style=\"color: #ffffff;\">\u00c4garskap<\/span><\/td>\n<td>Ans\u00f6kan kan endast uppr\u00e4ttas av VD eller annan firmatecknare.<\/td>\n<\/tr>\n<tr>\n<td bgcolor=\"#000\"><span style=\"color: #ffffff;\">F\u00f6retagsadress<\/span><\/td>\n<td>Verksamheten \u00e4r registrerad hos bolagsverket i Sverige.<\/td>\n<\/tr>\n<\/tbody>\n<\/table>\n<p><span style=\"color: #00529c; font-size: 16pt;\">F\u00f6ljande information\/dokumentation beh\u00f6vs:<\/span><\/p>\n<ul>\n<li>Du skall ha namnteckningsr\u00e4tt i f\u00f6retaget ensam eller tillsammans annan person<\/li>\n<li>F\u00f6retagets faktureringsuppgifter samt bankgironummer<\/li>\n<li>Namn p\u00e5 och e-postadresser till ansvariga personer och eventuella borgensm\u00e4n.<\/li>\n<\/ul>\n<hr \/>\n<p>Bolaget bakom Balanzia GCC Capital \u00e4gs sedan 2010 av Accastum AB.<\/p>\n<p>&nbsp;<\/p>\n<h4>\u00d6PPETTIDER KUNDTJ\u00c4NST:<\/h4>\n<table class=\"table table-striped\" border=\"0\">\n<tbody>\n<tr>\n<td valign=\"top\" width=\"150\">M\u00e5ndag \u2013 Fredagar<\/td>\n<td valign=\"top\" width=\"100\">09:00 \u2013 15:00<\/td>\n<\/tr>\n<tr>\n<td valign=\"top\" width=\"150\">Helg<\/td>\n<td valign=\"top\" width=\"100\">St\u00e4ngt<\/td>\n<\/tr>\n<\/tbody>\n<\/table>\n<blockquote><p>Telefon: 08-557 665 00<br \/>\nE-mail: <a href=\"mailto:foretagskredit@balanzia.se\">foretagskredit@balanzia.se.<\/a><\/p><\/blockquote>\n<blockquote class=\"theme\"><p>GCC Capital AB<\/p>\n<h4>ADRESS:<\/h4>\n<p>Kungsgatan 42<br \/>\n111 35 Stockholm<br \/>\nOrg. nr: 556058-8740<\/p><\/blockquote>\n","protected":false},"excerpt":{"rendered":"<p>Balanzia \u00e4r ett finansiellt institut med inriktning mot den svenska och finska marknaden. Tj\u00e4nsterna som erbjuds \u00e4r fakturak\u00f6p, f\u00f6retagskrediter, traditionella privatl\u00e5n samt leasing. F\u00f6retagskrediten hos Balanzia \u00e4r kopplad till avtal &#8230;<\/p>\n","protected":false},"author":1,"featured_media":663,"parent":164,"menu_order":1,"comment_status":"open","ping_status":"closed","template":"","meta":{"footnotes":""},"class_list":["post-662","page","type-page","status-publish","has-post-thumbnail","hentry"],"_links":{"self":[{"href":"https:\/\/firmalan.com\/sv\/wp-json\/wp\/v2\/pages\/662","targetHints":{"allow":["GET"]}}],"collection":[{"href":"https:\/\/firmalan.com\/sv\/wp-json\/wp\/v2\/pages"}],"about":[{"href":"https:\/\/firmalan.com\/sv\/wp-json\/wp\/v2\/types\/page"}],"author":[{"embeddable":true,"href":"https:\/\/firmalan.com\/sv\/wp-json\/wp\/v2\/users\/1"}],"replies":[{"embeddable":true,"href":"https:\/\/firmalan.com\/sv\/wp-json\/wp\/v2\/comments?post=662"}],"version-history":[{"count":11,"href":"https:\/\/firmalan.com\/sv\/wp-json\/wp\/v2\/pages\/662\/revisions"}],"predecessor-version":[{"id":1980,"href":"https:\/\/firmalan.com\/sv\/wp-json\/wp\/v2\/pages\/662\/revisions\/1980"}],"up":[{"embeddable":true,"href":"https:\/\/firmalan.com\/sv\/wp-json\/wp\/v2\/pages\/164"}],"wp:featuredmedia":[{"embeddable":true,"href":"https:\/\/firmalan.com\/sv\/wp-json\/wp\/v2\/media\/663"}],"wp:attachment":[{"href":"https:\/\/firmalan.com\/sv\/wp-json\/wp\/v2\/media?parent=662"}],"curies":[{"name":"wp","href":"https:\/\/api.w.org\/{rel}","templated":true}]}}