{"id":658,"date":"2018-07-28T11:01:00","date_gmt":"2018-07-28T09:01:00","guid":{"rendered":"https:\/\/firmalan.com\/sv\/?page_id=658"},"modified":"2019-02-01T10:29:37","modified_gmt":"2019-02-01T09:29:37","slug":"wasa-kredit","status":"publish","type":"page","link":"https:\/\/firmalan.com\/sv\/lana-pengar\/wasa-kredit\/","title":{"rendered":"L\u00e4nsf\u00f6rs\u00e4kringar \/ Wasa Kredit f\u00f6retagsl\u00e5n"},"content":{"rendered":"<div class=\"section-content\">\n<div class=\"row\">\n<div class=\"feature-item col-lg-6 col-sm-6 wow slideInUp\">\n<div class=\"feature-media\"><img decoding=\"async\" src=\"https:\/\/firmalan.com\/sv\/wp-content\/uploads\/2018\/07\/wasa-kredit.jpg\" \/><\/div>\n<\/div>\n<div class=\"feature-item col-lg-6 col-sm-6 wow slideInUp\">\n<p>L\u00e4nsf\u00f6rs\u00e4kringsgruppen best\u00e5r av 23 st kund\u00e4gda och sj\u00e4lvst\u00e4ndiga l\u00e4nsf\u00f6rs\u00e4kringsbolag samt L\u00e4nsf\u00f6rs\u00e4kringar AB som har en v\u00e4xande bankverksamhet som v\u00e4nder sig till s\u00e5 v\u00e4l privatpersoner som f\u00f6retag. Hitta anpassade l\u00e5neuppl\u00e4gg hos L\u00e4nsf\u00f6rs\u00e4kringarna Bank som passar just ditt f\u00f6retag. Produktportf\u00f6ljen inkluderar f\u00f6retagsl\u00e5n, r\u00f6relsekrediter, leasing, avbetalningsuppl\u00e4gg samt bankgarantier. Bes\u00f6k ett lokalt kontor i din stad f\u00f6r personlig r\u00e5dgivning och f\u00f6rs\u00e4kra dig om att g\u00f6ra r\u00e4tt val.<\/p>\n<p>L\u00e4nsf\u00f6rs\u00e4kringsgruppen st\u00e5r genom sitt \u00e4gande \u00e4ven bakom Wasa Kredit f\u00f6retagsl\u00e5n. Wasa f\u00f6retagsl\u00e5n direkt v\u00e4nder sig till aktiebolag, handelsbolag, kommanditbolag och enskild firmor med oms\u00e4ttning \u00f6ver 700 000 kronor och med minst ett bokslut. L\u00e5na upp till 350.000 kr f\u00f6r att expandera, investera eller bara f\u00f6rb\u00e4ttra likviditeten i bolaget. R\u00e4ntan best\u00e4ms efter kreditpr\u00f6vning inom intervallet 4,45% \u2013 9,95%, en  uppl\u00e4ggningsavgift om 795 kr samt en administrativ avgift p\u00e5 55 kr\/m\u00e5n tillkommer.<\/p>\n<\/div>\n<\/div>\n<\/div>\n<div class=\"section-color\">\n<div class=\"row\">\n<div class=\"feature-item col-lg-6 col-sm-6 wow slideInUp\">\n<p class=\"kapitel\">F\u00f6retagsl\u00e5n direkt<\/p>\n<ul id=\"navlist\">\n<li>Belopp:50.000-350.000 kr<\/li>\n<li>L\u00f6ptid: 1-5 \u00e5r<\/li>\n<li>R\u00e4nesats: 4,45 \u2013 9,95%<\/li>\n<\/ul>\n<\/div>\n<div class=\"feature-item col-lg-6 col-sm-6 wow slideInUp\">\n<p class=\"kapitel\">Ans\u00f6kan<\/p>\n<ul id=\"navlist\">\n<li>Ber\u00e4tta vad pengarna skall anv\u00e4ndas till<\/li>\n<li>F\u00e5 snabbt l\u00e5nesvar<\/li>\n<li>Utbetalning inom ett par dagar<\/li>\n<\/ul>\n<\/div>\n<\/div>\n<\/div>\n<p><span style=\"color: #00529c; font-size: 16pt;\">Villkor:<\/span><\/p>\n<table>\n<tbody>\n<tr>\n<td bgcolor=\"#000\"><span style=\"color: #ffffff;\">R\u00e4nta<\/span><\/td>\n<td>4,45\u20139,95%<\/td>\n<\/tr>\n<tr>\n<td bgcolor=\"#000\"><span style=\"color: #ffffff;\">Uppl\u00e4ggningsavgift<\/span><\/td>\n<td>795 kr.<\/td>\n<\/tr>\n<tr>\n<td bgcolor=\"#000\"><span style=\"color: #ffffff;\">Borgens\u00e5tagande<\/span><\/td>\n<td>Aktiebolag kr\u00e4ver minst en \u00e4garborgen.<\/td>\n<\/tr>\n<tr>\n<td bgcolor=\"#000\"><span style=\"color: #ffffff;\">F\u00f6rtidsinl\u00f6sen<\/span><\/td>\n<td>Kontakta Wasa kredit f\u00f6r kreditplan.<\/td>\n<\/tr>\n<tr>\n<td bgcolor=\"#000\"><span style=\"color: #ffffff;\">Betalningsanm\u00e4rkning<\/span><\/td>\n<td>Uppgift saknas.<\/td>\n<\/tr>\n<\/tbody>\n<\/table>\n<p><span style=\"color: #00529c; font-size: 16pt;\">Krav p\u00e5 f\u00f6retag som s\u00f6ker:<\/span><\/p>\n<table>\n<tbody>\n<tr>\n<td bgcolor=\"#000\"><span style=\"color: #ffffff;\">Oms\u00e4ttning<\/span><\/td>\n<td>Minsta oms\u00e4ttning 700 000 kronor och minst ett gjort bokslut.<\/td>\n<\/tr>\n<tr>\n<td bgcolor=\"#000\"><span style=\"color: #ffffff;\">Historik<\/span><\/td>\n<td>Ditt f\u00f6retag har en rimlig kreditv\u00e4rdighet samt att era kunder har rimlig kreditv\u00e4rdighet.<\/td>\n<\/tr>\n<tr>\n<td bgcolor=\"#000\"><span style=\"color: #ffffff;\">\u00c4garskap<\/span><\/td>\n<td>Ans\u00f6kan kan endast uppr\u00e4ttas av VD eller annan firmatecknare.<\/td>\n<\/tr>\n<tr>\n<td bgcolor=\"#000\"><span style=\"color: #ffffff;\">F\u00f6retagsadress<\/span><\/td>\n<td>Verksamheten \u00e4r registrerad hos bolagsverket i Sverige.<\/td>\n<\/tr>\n<\/tbody>\n<\/table>\n<p><span style=\"color: #00529c; font-size: 16pt;\">F\u00f6ljande information\/dokumentation beh\u00f6vs:<\/span><\/p>\n<ul>\n<li>Du skall ha namnteckningsr\u00e4tt i f\u00f6retaget ensam eller tillsammans annan person<\/li>\n<li>F\u00f6retagets faktureringsuppgifter samt bankgironummer<\/li>\n<li>Namn p\u00e5 och e-postadresser till ansvariga personer och eventuell borgensm\u00e4n.<\/li>\n<\/ul>\n<hr \/>\n<p>Wasa Kredit \u00e4r ett dotterbolag till L\u00e4nsf\u00f6rs\u00e4kringar Bank med \u00f6ver 30 \u00e5rs sammantagen erfarenhet av f\u00f6retagsfinansiering. OBS! Flera kundomd\u00f6men p\u00e5 n\u00e4tet talar om h\u00f6ga dr\u00f6jsm\u00e5lsr\u00e4ntor och dyra p\u00e5mminelseavgifter vid sena och uteblivna betalningar.  Informationen p\u00e5 hemsidan g\u00f6r g\u00e4llande att &#8220;F\u00f6rseningsavgiften \u00e4r 450kr&#8221; vilken debiteras tio dagar efter f\u00f6rfallen betalning.<\/p>\n<p>&nbsp;<\/p>\n<h4>\u00d6PPETTIDER KUNDTJ\u00c4NST:<\/h4>\n<table class=\"table table-striped\" border=\"0\">\n<tbody>\n<tr>\n<td valign=\"top\" width=\"150\">M\u00e5ndag \u2013 Fredagar<\/td>\n<td valign=\"top\" width=\"100\">09:00 \u2013 17:00<\/td>\n<\/tr>\n<tr>\n<td valign=\"top\" width=\"150\">Helg<\/td>\n<td valign=\"top\" width=\"100\">St\u00e4ngt<\/td>\n<\/tr>\n<\/tbody>\n<\/table>\n<blockquote><p>Telefon: 08-635 39 85<br \/>\nE-mail: <a href=\"mailto:foretagslan@wasakredit.se\">foretagslan@wasakredit.se.<\/a><\/p><\/blockquote>\n<blockquote class=\"theme\"><p>Wasa Kredit AB<\/p>\n<h4>ADRESS:<\/h4>\n<p>TEGELUDDSV\u00c4GEN 11 -13<br \/>\n115 41 Stockholm<br \/>\nOrg. nr: 556311-9204<\/p><\/blockquote>\n","protected":false},"excerpt":{"rendered":"<p>L\u00e4nsf\u00f6rs\u00e4kringsgruppen best\u00e5r av 23 st kund\u00e4gda och sj\u00e4lvst\u00e4ndiga l\u00e4nsf\u00f6rs\u00e4kringsbolag samt L\u00e4nsf\u00f6rs\u00e4kringar AB som har en v\u00e4xande bankverksamhet som v\u00e4nder sig till s\u00e5 v\u00e4l privatpersoner som f\u00f6retag. Hitta anpassade l\u00e5neuppl\u00e4gg hos &#8230;<\/p>\n","protected":false},"author":1,"featured_media":660,"parent":164,"menu_order":34,"comment_status":"open","ping_status":"closed","template":"","meta":{"footnotes":""},"class_list":["post-658","page","type-page","status-publish","has-post-thumbnail","hentry"],"_links":{"self":[{"href":"https:\/\/firmalan.com\/sv\/wp-json\/wp\/v2\/pages\/658","targetHints":{"allow":["GET"]}}],"collection":[{"href":"https:\/\/firmalan.com\/sv\/wp-json\/wp\/v2\/pages"}],"about":[{"href":"https:\/\/firmalan.com\/sv\/wp-json\/wp\/v2\/types\/page"}],"author":[{"embeddable":true,"href":"https:\/\/firmalan.com\/sv\/wp-json\/wp\/v2\/users\/1"}],"replies":[{"embeddable":true,"href":"https:\/\/firmalan.com\/sv\/wp-json\/wp\/v2\/comments?post=658"}],"version-history":[{"count":4,"href":"https:\/\/firmalan.com\/sv\/wp-json\/wp\/v2\/pages\/658\/revisions"}],"predecessor-version":[{"id":988,"href":"https:\/\/firmalan.com\/sv\/wp-json\/wp\/v2\/pages\/658\/revisions\/988"}],"up":[{"embeddable":true,"href":"https:\/\/firmalan.com\/sv\/wp-json\/wp\/v2\/pages\/164"}],"wp:featuredmedia":[{"embeddable":true,"href":"https:\/\/firmalan.com\/sv\/wp-json\/wp\/v2\/media\/660"}],"wp:attachment":[{"href":"https:\/\/firmalan.com\/sv\/wp-json\/wp\/v2\/media?parent=658"}],"curies":[{"name":"wp","href":"https:\/\/api.w.org\/{rel}","templated":true}]}}