{"id":651,"date":"2017-07-26T11:16:00","date_gmt":"2017-07-26T09:16:00","guid":{"rendered":"https:\/\/firmalan.com\/sv\/?page_id=651"},"modified":"2020-06-28T08:25:15","modified_gmt":"2020-06-28T06:25:15","slug":"capcito","status":"publish","type":"page","link":"https:\/\/firmalan.com\/sv\/lana-pengar\/capcito\/","title":{"rendered":"Capcito"},"content":{"rendered":"<div class=\"section-content\">\n<div class=\"row\">\n<div class=\"feature-item col-lg-6 col-sm-6 wow slideInUp\">\n<div class=\"feature-media\"><img decoding=\"async\" src=\"https:\/\/firmalan.com\/sv\/wp-content\/uploads\/2018\/07\/capcito-logo.png\" \/><script type=\"text\/javascript\">qis__rates[\"qis_1\"] = {\"formheader\":false,\"buttons\":false,\"currency\":\" kr\",\"iso\":\"SEK\",\"ba\":\"after\",\"separator\":\"none\",\"primary\":2,\"secondary\":false,\"interesttype\":\"simple\",\"loanlabel\":false,\"loanmin\":10000,\"loanmax\":2000000,\"loaninitial\":10000,\"loanstep\":10000,\"loanhelp\":false,\"loaninfo\":false,\"termlabel\":false,\"periodslider\":true,\"periodmin\":3,\"periodmax\":24,\"periodinitial\":12,\"periodstep\":3,\"period\":\"months\",\"singleperiodlabel\":\"m\\u00e5nad\",\"periodlabel\":\"m\\u00e5nader\",\"periodhelp\":false,\"periodinfo\":false,\"interestslider\":false,\"interestmin\":false,\"interestmax\":false,\"interestinitial\":false,\"intereststep\":false,\"interestlabel\":false,\"interesthelp\":false,\"interestinfo\":false,\"multiplier\":1,\"trigger\":60,\"outputrepayments\":true,\"repaymentlabel\":\"Vid [principle] f\\u00f6retagsl\\u00e5n i [term] betalar du [amount]\\\/[period] med [rate] m\\u00e5ndsr\\u00e4nta\",\"outputinterestlabel\":false,\"outputtotallabel\":\"Totalt att betala: [total]\",\"totallabel\":false,\"primarylabel\":false,\"secondarylabel\":false,\"usebubble\":0,\"outputlimits\":true,\"outputinterest\":false,\"outputtotal\":true,\"outputhelp\":false,\"outputinfo\":false,\"triggers\":[{\"rate\":\"2\",\"trigger\":0,\"amttrigger\":0,\"dae\":\"\"},{\"rate\":3,\"trigger\":\"60\",\"amttrigger\":0,\"dae\":\"\"}],\"markers\":false,\"adminfee\":false,\"adminfeevalue\":15,\"adminfeetype\":\"fixed\",\"termfee\":false,\"termfeevalue\":2,\"adminfeemin\":false,\"adminfeemax\":false,\"adminfeewhen\":\"beforeinterest\",\"usedownpayment\":false,\"downpaymentfixed\":false,\"downpaymentpercent\":false,\"usedownpaymentslider\":false,\"downpaymentlabel\":false,\"downpaymenthelp\":false,\"downpaymentinfo\":false,\"downpaymentmin\":false,\"downpaymentmax\":false,\"downpaymentinitial\":false,\"downpaymentstep\":false,\"textinputs\":\"slider\",\"textinputslabel\":false,\"triggertype\":\"periodtrigger\",\"decimals\":\"none\",\"forceapr\":false,\"maxminlimits\":true,\"nosliderlabel\":false,\"applynow\":false,\"applynowlabel\":false,\"applynowaction\":\"\",\"applynowquery\":false,\"fixedaddition\":false,\"outputhide\":false,\"nostore\":false,\"usecurrencies\":false,\"usefx\":false,\"currencieslabel\":false,\"currency_array\":[],\"interestselector\":false,\"interestselectorlabel\":false,\"interestrate1\":false,\"interestname1\":false,\"interestrate2\":false,\"interestname2\":false,\"interestrate3\":false,\"interestname3\":false,\"interestrate4\":false,\"interestname4\":false,\"interestdropdown\":false,\"interestdropdownlabel\":false,\"interestdropdownvalues\":false,\"interestdropdownlabelposition\":false,\"periodformat\":\"US\",\"dateseperator\":\"\\\/\",\"dae\":false,\"sort\":\"amount,currencies,term,interest,downpayment,graph,repayments,total,apply\",\"usegraph\":false,\"graphlabel\":false,\"graphdownpayment\":false,\"graphdiscount\":false,\"graphprinciple\":false,\"graphprocessing\":false,\"graphinterest\":false,\"rounding\":\"noround\",\"discount\":0,\"sliderlabelposition\":\"aboveslider\",\"sliderbuttonposition\":\"slidertop\",\"onlyslidervalue\":false,\"querystructure\":\"?amount=[amount]&term=[term]\",\"outputtable\":false,\"percentages\":false,\"shortmonths\":[\"Jan\",\"Feb\",\"Mar\",\"Apr\",\"May\",\"Jun\",\"Jul\",\"Aug\",\"Sep\",\"Oct\",\"Nov\",\"Dec\"],\"buttonunits\":\"months\",\"termbutton0\":false,\"termbutton1\":false,\"termbutton2\":false,\"termbutton3\":false,\"terminterface\":\"slider\",\"amounttext\":\"Minimum amount: [min], maximum amount: [max]\",\"termtext\":\"Minimum term: [min], maximum term: [max]\",\"downpaymenttext\":\"Minimum downpayment: [min], maximum downpayment: [max]\",\"interesttext\":\"Minimum interest: [min], maximum interest: [max]\",\"ca\":\" kr\",\"cb\":\" \",\"singleperiod\":\"m\\u00e5nad\",\"offset\":0,\"currencies\":[],\"graph\":{\"use\":false}};qis_form = \"N\\\/A\";<\/script><form action=\"\" class=\"qis_form shadow\" method=\"POST\" id=\"qis_1\" enctype=\"multipart\/form-data\"><input type=\"hidden\" name=\"submitted_form\" value=\"qis_1\" \/><div class=\"qis-sections qis-float \"><div class=\"qis-inputs qis-float-columns\"><input type=\"hidden\" name=\"interesttype\" value=\"simple\" \/><div class=\"range qis-slider-principal\"><div class=\"qis_slideroutputs\"><span class=\"column left qis-sliderleft\"> 10000 kr<\/span><span class=\"column center qis-slidercenter\"><output><\/output><\/span><span class=\"column right qis-sliderright\"> 2000000 kr<\/span><\/div><input type=\"range\" name=\"loan-amount\" min=\"10000\" max=\"2000000\" value=\"10000\" step=\"10000\" data-qis><\/div><div class=\"range qis-slider-term\"><div class=\"qis_slideroutputs\"><span class=\"column left qis-sliderleft\">3 m\u00e5nad<\/span><span class=\"column center qis-slidercenter\"><output><\/output><\/span><span class=\"column right qis-sliderright\">24 m\u00e5nader<\/span><\/div><input type=\"range\" name=\"loan-period\" min=\"3\" max=\"24\" value=\"12\" step=\"3\" data-qis><\/div><div class=\"qis-repayments\">Vid <span class=\"principle\"><\/span> f\u00f6retagsl\u00e5n i <span class=\"term\"><\/span> betalar du <span class=\"repayment\"><\/span>\/m\u00e5nad med <span class=\"interestrate\"><\/span> m\u00e5ndsr\u00e4nta<\/div><div class=\"qis-total\">Totalt att betala: <span class=\"final_total\"><\/span><\/div><\/div><input type=\"hidden\" name=\"repayment\" value=\"\" \/><input type=\"hidden\" name=\"totalamount\" value=\"\" \/><input type=\"hidden\" id=\"formname\" name=\"formname\" value=\"1\" \/><input type=\"hidden\" id=\"calculatorname\" name=\"calculatorname\" value=\"\" \/><input type=\"hidden\" name=\"rate\" value=\"\" \/><div id=\"filechecking\"><div class=\"filecheckingcontent\"><img decoding=\"async\" src=\"https:\/\/firmalan.com\/sv\/wp-content\/plugins\/quick-interest-slider\/\/img\/waiting.gif\" alt=\"Loading\"><\/div><\/div><\/div><\/form><\/div>\n<\/div>\n<div class=\"feature-item col-lg-6 col-sm-6 wow slideInUp\">\n<p>Capcito \u00e4r en flexibel f\u00f6retagskredit utan dolda kostnader eller bindande avtal. \u00c5terbetala i en takt som passar era behov och betala endast r\u00e4nta f\u00f6r den del av l\u00e5neutrymmet som belastas. Capcito riktar sig i f\u00f6rsta hand till sm\u00e5 och medelstora f\u00f6retag, tj\u00e4nsten \u00e4r backade av SEB och Collector Bank.<\/p>\n<p>Det unika i Capcitos uppl\u00e4gg \u00e4r att fakturor st\u00e4lls som s\u00e4kerhet f\u00f6r l\u00e5net, storleken p\u00e5 l\u00e5neutrymmet beror p\u00e5 den allm\u00e4nna f\u00f6retagsekonomin och kundernas kreditv\u00e4rdighet. I samband med tilldelande av l\u00e5neutrymme hos Capcito \u00f6vertar de kundfodringar som anv\u00e4nts f\u00f6r att uppr\u00e4tta ans\u00f6kan.<\/p>\n<p>F\u00f6r att kunna ans\u00f6ka om krediten kr\u00e4vs:<\/p>\n<p>1. Att det finns fakturor f\u00f6r mer \u00e4n 3000 kronor.<br \/>\n2. Att fakturorna f\u00f6rfaller om mer \u00e4n 7 dagar.<\/p>\n<p>I samband med ans\u00f6kan kommer du att bli ombedd att koppla ihop ditt anv\u00e4ndarkonto hos Capcito med ditt f\u00f6retags bokf\u00f6ringsprogram. N\u00e4r detta \u00e4r gjort kan du se l\u00e5neutrymmet inom 30 sekunder och d\u00e4refter v\u00e4lja om du vill bel\u00e5na f\u00f6retagets hela kundreskontra (Enkelt l\u00e5n) eller enskilda fakturor (Anpassat l\u00e5n).<\/p>\n<p><span style=\"color: #f4f4f4;\"><strong><a class=\"btn btn-theme-primary btn-lg\" style=\"color: #f4f4f4;\" title=\"\u27a4 Capcito f\u00f6retag- l\u00e5n\" href=\"https:\/\/firmalan.com\/sv\/go\/capcito\/\" target=\"_blank\" rel=\"nofollow noopener noreferrer\">\u27a4 S\u00f6k Capcito F\u00f6retagsl\u00e5n<\/a><\/strong><\/span><\/p>\n<\/div>\n<\/div>\n<\/div>\n<div class=\"section-color\">\n<div class=\"row\">\n<div class=\"feature-item col-lg-6 col-sm-6 wow slideInUp\">\n<p class=\"kapitel\">Enkelt\/Anpassat L\u00e5n<\/p>\n<ul id=\"navlist\">\n<li>Belopp: 10.000-2.000.000 kr<\/li>\n<li>L\u00f6ptid: 3-24 m\u00e5n<\/li>\n<li>R\u00e4ntesats: 0,8% &#8211; 4% per m\u00e5nad<\/li>\n<\/ul>\n<\/div>\n<div class=\"feature-item col-lg-6 col-sm-6 wow slideInUp\">\n<p class=\"kapitel\">Ans\u00f6kan<\/p>\n<ul id=\"navlist\">\n<li>Ta reda p\u00e5 hur mycket ni f\u00e5r l\u00e5na p\u00e5 30 sekunder<\/li>\n<li>Digital signering med BankID<\/li>\n<li>L\u00e5net godk\u00e4nns inom 24 timmar<\/li>\n<li>Utbetalning inom 1-3 dagar<\/li>\n<\/ul>\n<\/div>\n<\/div>\n<\/div>\n<p><span style=\"color: #00529c; font-size: 16pt;\">Villkor:<\/span><\/p>\n<table>\n<tbody>\n<tr>\n<td bgcolor=\"#000\"><span style=\"color: #ffffff;\">R\u00e4nta<\/span><\/td>\n<td>M\u00e5nadsr\u00e4nta 0,8%\u20132,8%.<\/td>\n<\/tr>\n<tr>\n<td bgcolor=\"#000\"><span style=\"color: #ffffff;\">Uppl\u00e4ggningsavgift<\/span><\/td>\n<td>Ingen uppl\u00e4ggningsavgift.<\/td>\n<\/tr>\n<tr>\n<td bgcolor=\"#000\"><span style=\"color: #ffffff;\">Borgens\u00e5tagande<\/span><\/td>\n<td>L\u00e5n med personlig borgen.<\/td>\n<\/tr>\n<tr>\n<td bgcolor=\"#000\"><span style=\"color: #ffffff;\">F\u00f6rtidsinl\u00f6sen<\/span><\/td>\n<td>\u00c5terbetalning i \u00f6nskad takt, betala endast f\u00f6r de dagar ni l\u00e5nar pengar.<\/td>\n<\/tr>\n<tr>\n<td bgcolor=\"#000\"><span style=\"color: #ffffff;\">Betalningsanm\u00e4rkning<\/span><\/td>\n<td>Uppgift saknas.<\/td>\n<\/tr>\n<\/tbody>\n<\/table>\n<p><span style=\"color: #00529c; font-size: 16pt;\">Krav p\u00e5 f\u00f6retag som s\u00f6ker:<\/span><\/p>\n<table>\n<tbody>\n<tr>\n<td bgcolor=\"#000\"><span style=\"color: #ffffff;\">Oms\u00e4ttning<\/span><\/td>\n<td>Alla bolag bed\u00f6ms individuellt.<\/td>\n<\/tr>\n<tr>\n<td bgcolor=\"#000\"><span style=\"color: #ffffff;\">Historik<\/span><\/td>\n<td>Ditt f\u00f6retag har en rimlig kreditv\u00e4rdighet samt att era kunder har rimlig kreditv\u00e4rdighet.<\/td>\n<\/tr>\n<tr>\n<td bgcolor=\"#000\"><span style=\"color: #ffffff;\">\u00c4garskap<\/span><\/td>\n<td>Ans\u00f6kan kan endast uppr\u00e4ttas av VD eller annan firmatecknare.<\/td>\n<\/tr>\n<tr>\n<td bgcolor=\"#000\"><span style=\"color: #ffffff;\">F\u00f6retagsadress<\/span><\/td>\n<td>Verksamheten \u00e4r registrerad hos bolagsverket i Sverige.<\/td>\n<\/tr>\n<\/tbody>\n<\/table>\n<p><span style=\"color: #00529c; font-size: 16pt;\">F\u00f6ljande information\/dokumentation beh\u00f6vs:<\/span><\/p>\n<ul>\n<li>Du skall ha namnteckningsr\u00e4tt i f\u00f6retaget ensam eller tillsammans annan person<\/li>\n<li>Tillg\u00e5ng till BankID eller mobilt BankID alt. Digipass\/bankdosa.<\/li>\n<li>F\u00f6retagets faktureringsuppgifter samt bankkontonummer<\/li>\n<li>Namn p\u00e5 och e-postadresser till ansvariga personer och eventuella borgensm\u00e4n.<\/li>\n<\/ul>\n<hr \/>\n<h3>L\u00e5neans\u00f6kan &#8211; 6 enkla steg<\/h3>\n<p>1. Registrera f\u00f6retaget p\u00e5 Capcito.com. En gilltig E-post kr\u00e4vs f\u00f6r detta steg.<br \/>\n2. Koppla samman er bokf\u00f6ring med det nya anv\u00e4ndarkontot hos Capcito.<br \/>\n3. Inom 30 sekunder kommer du kunna se ditt l\u00e5neutrymme.<br \/>\n4. V\u00e4lj mellan att bel\u00e5na samtliga fakturor (Enkelt l\u00e5n) eller endast utvalda fakturor (Anpassat l\u00e5n).<br \/>\n5. V\u00e4lj \u00f6nskat l\u00e5nebelopp och beg\u00e4r en utbetalning. Ange f\u00f6retagets Bankgirokonto.<br \/>\n6. Signera med BankID. L\u00e5net uppr\u00e4ttas normalt inom 24 timmar.<\/p>\n<h5>Ans\u00f6k om l\u00e5neutrymme hos Capcito genom Visma SPCS<\/h5>\n<p>Koppla ihop f\u00f6retagets bokf\u00f6ring hos Visma Spcs med Capcito och f\u00e5 tillg\u00e5ng till en dynamisk checkkredit utan dolda kostnader eller bindande avtal. Betala endast r\u00e4nta f\u00f6r ditt beviljade l\u00e5neutrymme n\u00e4r du v\u00e4ljer anv\u00e4nda dig av krediten.<\/p>\n<p><img decoding=\"async\" class=\"alignnone size-full wp-image-1193\" src=\"https:\/\/firmalan.com\/sv\/wp-content\/uploads\/2019\/02\/2019capcito-visma.jpg\" alt=\"\" width=\"90%\" height=\"50%\" srcset=\"https:\/\/firmalan.com\/sv\/wp-content\/uploads\/2019\/02\/2019capcito-visma.jpg 1247w, https:\/\/firmalan.com\/sv\/wp-content\/uploads\/2019\/02\/2019capcito-visma-300x80.jpg 300w, https:\/\/firmalan.com\/sv\/wp-content\/uploads\/2019\/02\/2019capcito-visma-768x205.jpg 768w, https:\/\/firmalan.com\/sv\/wp-content\/uploads\/2019\/02\/2019capcito-visma-1024x273.jpg 1024w\" sizes=\"(max-width: 1247px) 100vw, 1247px\" \/><img decoding=\"async\" class=\"alignnone size-full wp-image-1194\" src=\"https:\/\/firmalan.com\/sv\/wp-content\/uploads\/2019\/02\/kopplabokforning.jpg\" alt=\"\" width=\"90%\" height=\"50%\" srcset=\"https:\/\/firmalan.com\/sv\/wp-content\/uploads\/2019\/02\/kopplabokforning.jpg 1425w, https:\/\/firmalan.com\/sv\/wp-content\/uploads\/2019\/02\/kopplabokforning-300x153.jpg 300w, https:\/\/firmalan.com\/sv\/wp-content\/uploads\/2019\/02\/kopplabokforning-768x391.jpg 768w, https:\/\/firmalan.com\/sv\/wp-content\/uploads\/2019\/02\/kopplabokforning-1024x521.jpg 1024w, https:\/\/firmalan.com\/sv\/wp-content\/uploads\/2019\/02\/kopplabokforning-150x75.jpg 150w\" sizes=\"(max-width: 1425px) 100vw, 1425px\" \/><br \/>\n<iframe loading=\"lazy\" src=\"https:\/\/www.youtube.com\/embed\/pb5uFVGjr4A\" width=\"90%\" height=\"50%\" frameborder=\"0\" allowfullscreen=\"allowfullscreen\"><\/iframe><\/p>\n<p><strong>Representativt l\u00e5neexempel<\/strong>: <em>L\u00e5na i 3-24 m\u00e5nader, men betala tillbaka n\u00e4r du vill utan extra kostnader. R\u00e4ntan s\u00e4tts individuellt per f\u00f6retag, mellan 0,8% &#8211; 4%. Totalkostnad p\u00e5 t.ex. 50 000 i 6 m\u00e5nader \u00e4r 2 969 kr (med 2% r\u00e4nta).<\/em><\/p>\n<p>Det \u00e4r \u00e4ven Capcito som st\u00e5r bakom finansieringstj\u00e4nsten BL (Bj\u00f6rn Lund\u00e9n) Finans f\u00f6retagsl\u00e5n. Under h\u00f6sten 2019 blev Schibsted Growth och Ventech nya del\u00e4gare i Capcito Finance. Den tredje finansieringsrundan f\u00f6r fintechbolaget resulterade i att man fick in 74 miljoner, detta kapital skall anv\u00e4ndas till fortsatt tillv\u00e4xt i Sverige samt internationell expansion.<\/p>\n<h4>\u00d6PPETTIDER KUNDTJ\u00c4NST:<\/h4>\n<table class=\"table table-striped\" border=\"0\">\n<tbody>\n<tr>\n<td valign=\"top\" width=\"150\">M\u00e5ndag \u2013 Fredagar<\/td>\n<td valign=\"top\" width=\"100\">09:00 \u2013 17:00<\/td>\n<\/tr>\n<tr>\n<td valign=\"top\" width=\"150\">Helg<\/td>\n<td valign=\"top\" width=\"100\">St\u00e4ngt<\/td>\n<\/tr>\n<\/tbody>\n<\/table>\n<blockquote><p>Telefon: 010-157 80 00<br \/>\nE-mail: <a href=\"mailto:support@capcito\">support@capcito.<\/a><\/p><\/blockquote>\n<blockquote class=\"theme\"><p>Capcito Finance AB<\/p>\n<h4>ADRESS:<\/h4>\n<p>BOX 7527<br \/>\n103 92 Stockholm<br \/>\nOrg. nr: 559001-5185<\/p><\/blockquote>\n","protected":false},"excerpt":{"rendered":"<p>Capcito \u00e4r en flexibel f\u00f6retagskredit utan dolda kostnader eller bindande avtal. \u00c5terbetala i en takt som passar era behov och betala endast r\u00e4nta f\u00f6r den del av l\u00e5neutrymmet som belastas. &#8230;<\/p>\n","protected":false},"author":1,"featured_media":653,"parent":164,"menu_order":0,"comment_status":"open","ping_status":"closed","template":"","meta":{"footnotes":""},"class_list":["post-651","page","type-page","status-publish","has-post-thumbnail","hentry"],"_links":{"self":[{"href":"https:\/\/firmalan.com\/sv\/wp-json\/wp\/v2\/pages\/651","targetHints":{"allow":["GET"]}}],"collection":[{"href":"https:\/\/firmalan.com\/sv\/wp-json\/wp\/v2\/pages"}],"about":[{"href":"https:\/\/firmalan.com\/sv\/wp-json\/wp\/v2\/types\/page"}],"author":[{"embeddable":true,"href":"https:\/\/firmalan.com\/sv\/wp-json\/wp\/v2\/users\/1"}],"replies":[{"embeddable":true,"href":"https:\/\/firmalan.com\/sv\/wp-json\/wp\/v2\/comments?post=651"}],"version-history":[{"count":21,"href":"https:\/\/firmalan.com\/sv\/wp-json\/wp\/v2\/pages\/651\/revisions"}],"predecessor-version":[{"id":2314,"href":"https:\/\/firmalan.com\/sv\/wp-json\/wp\/v2\/pages\/651\/revisions\/2314"}],"up":[{"embeddable":true,"href":"https:\/\/firmalan.com\/sv\/wp-json\/wp\/v2\/pages\/164"}],"wp:featuredmedia":[{"embeddable":true,"href":"https:\/\/firmalan.com\/sv\/wp-json\/wp\/v2\/media\/653"}],"wp:attachment":[{"href":"https:\/\/firmalan.com\/sv\/wp-json\/wp\/v2\/media?parent=651"}],"curies":[{"name":"wp","href":"https:\/\/api.w.org\/{rel}","templated":true}]}}