{"id":647,"date":"2018-07-20T06:56:00","date_gmt":"2018-07-20T04:56:00","guid":{"rendered":"https:\/\/firmalan.com\/sv\/?page_id=647"},"modified":"2020-04-04T09:35:51","modified_gmt":"2020-04-04T07:35:51","slug":"danske-bank","status":"publish","type":"page","link":"https:\/\/firmalan.com\/sv\/lana-pengar\/danske-bank\/","title":{"rendered":"Danske Bank"},"content":{"rendered":"<div class=\"section-content\">\n<div class=\"row\">\n<div class=\"feature-item col-lg-6 col-sm-6 wow slideInUp\">\n<div class=\"feature-media\"><img decoding=\"async\" src=\"https:\/\/firmalan.com\/sv\/wp-content\/uploads\/2018\/07\/danske_bank.jpg\" \/><\/div>\n<\/div>\n<div class=\"feature-item col-lg-6 col-sm-6 wow slideInUp\">\n<p>Danmarks ledande bankverksamhet \u00e4r sedan ett antal \u00e5r tillbaka i tiden \u00e4ven v\u00e4letablerad i Sverige. Med en bred paljett av olikartade finansiella tj\u00e4nster \u00e4r Danske Bank ett attraktivt alternativ f\u00f6r de flesta f\u00f6retag. Oavsett om ert f\u00f6retag s\u00f6ker traditionella banktj\u00e4nster med f\u00f6retagskonto, betalkort och l\u00f6netj\u00e4nst eller \u00e4r i behov av moderna uppl\u00e4gg med leasing eller kundfinansiering kan Danske Bank hj\u00e4lpa till.<\/p>\n<\/div>\n<\/div>\n<blockquote><p><span style=\"color: #ff0000;\">Coronatider<\/span>: Danske Bank har inte delat n\u00e5gon officiell information om m\u00f6jligheterna f\u00f6r mindre f\u00f6retag att s\u00f6ka amorteringsbefrielse p\u00e5 f\u00f6retagsl\u00e5n, men har genom olika uttalande \u00f6ppnat upp f\u00f6r m\u00f6jligheten. Vi uppmanar d\u00e4rf\u00f6r f\u00f6retagskunder hos banken att sj\u00e4lva ta kontakt med deras kundtj\u00e4nst vid behov av amorteringsbefrielse.<\/p><\/blockquote>\n<\/div>\n<div class=\"section-color\">\n<div class=\"row\">\n<div class=\"feature-item col-lg-6 col-sm-6 wow slideInUp\">\n<p class=\"kapitel\">F\u00f6retagsl\u00e5n<\/p>\n<ul id=\"navlist\">\n<li>Belopp: Ingen \u00f6vre gr\u00e4ns<\/li>\n<li>L\u00f6ptid: Normalt 3\u201310 \u00e5r<\/li>\n<li>R\u00e4ntesats: Ingen uppgift<\/li>\n<\/ul>\n<\/div>\n<div class=\"feature-item col-lg-6 col-sm-6 wow slideInUp\">\n<p class=\"kapitel\">Ans\u00f6kan<\/p>\n<ul id=\"navlist\">\n<li>Ans\u00f6kan tar n\u00e5gra minuter<\/li>\n<li>Digital signering med BankID<\/li>\n<li>Danske Bank svarar med offert skyndsamt<\/li>\n<\/ul>\n<\/div>\n<\/div>\n<\/div>\n<p><span style=\"color: #00529c; font-size: 16pt;\">Villkor:<\/span><\/p>\n<table>\n<tbody>\n<tr>\n<td bgcolor=\"#000\"><span style=\"color: #ffffff;\">R\u00e4nta<\/span><\/td>\n<td>Data saknas.<\/td>\n<\/tr>\n<tr>\n<td bgcolor=\"#000\"><span style=\"color: #ffffff;\">Uppl\u00e4ggningsavgift<\/span><\/td>\n<td>Data saknas.<\/td>\n<\/tr>\n<tr>\n<td bgcolor=\"#000\"><span style=\"color: #ffffff;\">Borgens\u00e5tagande<\/span><\/td>\n<td>Ingen information om personlig borgensf\u00f6rbindelse.<\/td>\n<\/tr>\n<tr>\n<td bgcolor=\"#000\"><span style=\"color: #ffffff;\">Betalningsanm\u00e4rkning<\/span><\/td>\n<td>Till\u00e5ts ej.<\/td>\n<\/tr>\n<\/tbody>\n<\/table>\n<p><span style=\"color: #00529c; font-size: 16pt;\">Krav p\u00e5 f\u00f6retag som s\u00f6ker:<\/span><\/p>\n<table>\n<tbody>\n<tr>\n<td bgcolor=\"#000\"><span style=\"color: #ffffff;\">Oms\u00e4ttning<\/span><\/td>\n<td>Data saknas.<\/td>\n<\/tr>\n<tr>\n<td bgcolor=\"#000\"><span style=\"color: #ffffff;\">Historik<\/span><\/td>\n<td>F\u00f6retaget har god kreditv\u00e4rdighet.<\/td>\n<\/tr>\n<tr>\n<td bgcolor=\"#000\"><span style=\"color: #ffffff;\">\u00c4garskap<\/span><\/td>\n<td>Ans\u00f6kan kan endast uppr\u00e4ttas av bolagsman med teckningsr\u00e4tt.<\/td>\n<\/tr>\n<tr>\n<td bgcolor=\"#000\"><span style=\"color: #ffffff;\">F\u00f6retagsadress<\/span><\/td>\n<td>Verksamheten \u00e4r registrerad hos bolagsverket i Sverige.<\/td>\n<\/tr>\n<\/tbody>\n<\/table>\n<p><span style=\"color: #00529c; font-size: 16pt;\">F\u00f6ljande information\/dokumentation beh\u00f6vs:<\/span><\/p>\n<ul>\n<li>Du skall ha namnteckningsr\u00e4tt i f\u00f6retaget ensam eller tillsammans annan person<\/li>\n<li>Tillg\u00e5ng till BankID eller mobilt BankID alt. Digipass\/bankdosa.<\/li>\n<li>F\u00f6retagets faktureringsuppgifter samt bankkontonummer<\/li>\n<li>Namn p\u00e5 och e-postadresser till ansvariga personer och borgensm\u00e4n.<\/li>\n<\/ul>\n<hr \/>\n<p>Det saknas mycket viktig data och information p\u00e5 danskebank.se ist\u00e4llet ombeds du att ta kontakt med banken f\u00f6r att boka ett kundm\u00f6te.<\/p>\n<p>*Uppdaterad 2020-04-04<\/p>\n<p>&nbsp;<\/p>\n<h4>\u00d6PPETTIDER KUNDTJ\u00c4NST:<\/h4>\n<table class=\"table table-striped\" border=\"0\">\n<tbody>\n<tr>\n<td valign=\"top\" width=\"150\">M\u00e5ndag \u2013 Torsdag<\/td>\n<td valign=\"top\" width=\"100\">08:00 \u2013 21:00<\/td>\n<\/tr>\n<tr>\n<td valign=\"top\" width=\"150\">Fredag<\/td>\n<td valign=\"top\" width=\"100\">08:00 \u2013 18:00<\/td>\n<\/tr>\n<tr>\n<td valign=\"top\" width=\"150\">L\u00f6rdag<\/td>\n<td valign=\"top\" width=\"100\">08:30 \u2013 18:00<\/td>\n<\/tr>\n<tr>\n<td valign=\"top\" width=\"150\">S\u00f6ndag<\/td>\n<td valign=\"top\" width=\"100\">10:00 \u2013 21:00<\/td>\n<\/tr>\n<\/tbody>\n<\/table>\n<blockquote><p>Telefon: 0752-48 49 30<\/p><\/blockquote>\n<blockquote class=\"theme\"><p>Danske Bank A\/S, Danmark, Sverige Filial,<\/p>\n<h4>ADRESS:<\/h4>\n<p>Norrmalmstorg 1<br \/>\nBox 7523<br \/>\n103 92 Stockholm<\/p>\n<p>Org. nr: 516401-9811<\/p><\/blockquote>\n","protected":false},"excerpt":{"rendered":"<p>Danmarks ledande bankverksamhet \u00e4r sedan ett antal \u00e5r tillbaka i tiden \u00e4ven v\u00e4letablerad i Sverige. Med en bred paljett av olikartade finansiella tj\u00e4nster \u00e4r Danske Bank ett attraktivt alternativ f\u00f6r &#8230;<\/p>\n","protected":false},"author":1,"featured_media":648,"parent":164,"menu_order":13,"comment_status":"open","ping_status":"closed","template":"","meta":{"footnotes":""},"class_list":["post-647","page","type-page","status-publish","has-post-thumbnail","hentry"],"_links":{"self":[{"href":"https:\/\/firmalan.com\/sv\/wp-json\/wp\/v2\/pages\/647","targetHints":{"allow":["GET"]}}],"collection":[{"href":"https:\/\/firmalan.com\/sv\/wp-json\/wp\/v2\/pages"}],"about":[{"href":"https:\/\/firmalan.com\/sv\/wp-json\/wp\/v2\/types\/page"}],"author":[{"embeddable":true,"href":"https:\/\/firmalan.com\/sv\/wp-json\/wp\/v2\/users\/1"}],"replies":[{"embeddable":true,"href":"https:\/\/firmalan.com\/sv\/wp-json\/wp\/v2\/comments?post=647"}],"version-history":[{"count":8,"href":"https:\/\/firmalan.com\/sv\/wp-json\/wp\/v2\/pages\/647\/revisions"}],"predecessor-version":[{"id":2189,"href":"https:\/\/firmalan.com\/sv\/wp-json\/wp\/v2\/pages\/647\/revisions\/2189"}],"up":[{"embeddable":true,"href":"https:\/\/firmalan.com\/sv\/wp-json\/wp\/v2\/pages\/164"}],"wp:featuredmedia":[{"embeddable":true,"href":"https:\/\/firmalan.com\/sv\/wp-json\/wp\/v2\/media\/648"}],"wp:attachment":[{"href":"https:\/\/firmalan.com\/sv\/wp-json\/wp\/v2\/media?parent=647"}],"curies":[{"name":"wp","href":"https:\/\/api.w.org\/{rel}","templated":true}]}}