{"id":631,"date":"2018-06-23T17:17:00","date_gmt":"2018-06-23T15:17:00","guid":{"rendered":"https:\/\/firmalan.com\/sv\/?page_id=631"},"modified":"2020-06-28T08:17:50","modified_gmt":"2020-06-28T06:17:50","slug":"nordea","status":"publish","type":"page","link":"https:\/\/firmalan.com\/sv\/lana-pengar\/nordea\/","title":{"rendered":"Nordea"},"content":{"rendered":"<div class=\"section-content\">\n<div class=\"row\">\n<div class=\"feature-item col-lg-6 col-sm-6 wow slideInUp\">\n<div class=\"feature-media\"><img decoding=\"async\" src=\"https:\/\/firmalan.com\/sv\/wp-content\/uploads\/2018\/06\/nordea_logo.jpg\" \/><\/div>\n<\/div>\n<div class=\"feature-item col-lg-6 col-sm-6 wow slideInUp\">\n<p>Den senaste tiden har Nordeas flytt av huvudkontor fr\u00e5n Sverige till Finland f\u00e5tt mycket uppm\u00e4rksamhet i media, men f\u00f6r dig som kund medf\u00f6r flytten inte n\u00e5gra st\u00f6rre f\u00f6r\u00e4ndringar. Nordea \u00e4r alltj\u00e4mt en ledande bank f\u00f6r f\u00f6retag, f\u00f6reningar och andra organisationer. Utbudet av f\u00f6retagstj\u00e4nster \u00e4r brett och detta g\u00e4ller inte minst finansieringsalternativen d\u00e4r Nordea erbjuder en verklig m\u00e5ngfald.<\/p>\n<\/div>\n<\/div>\n<blockquote><p><span style=\"color: #ff0000;\">Coronatider<\/span>: Nordea erbjuder Coronadrabbade f\u00f6retag m\u00f6jlighet att s\u00f6ka amorteringsbefrielse p\u00e5 hypoteksl\u00e5n i upp till maximalt sex m\u00e5nader.<\/p><\/blockquote>\n<\/div>\n<div class=\"section-color\">\n<div class=\"row\">\n<div class=\"feature-item col-lg-6 col-sm-6 wow slideInUp\">\n<p class=\"kapitel\">F\u00f6retagsl\u00e5n<\/p>\n<ul id=\"navlist\">\n<li>Belopp: Saknas maxbelopp, varje ans\u00f6kan bed\u00f6ms individuellt<\/li>\n<li>L\u00f6ptid: Uppgift saknas<\/li>\n<li>Tre olika r\u00e4nteuppl\u00e4gg; r\u00f6rlig r\u00e4nta, r\u00e4ntetak eller fast r\u00e4nta<\/li>\n<\/ul>\n<\/div>\n<div class=\"feature-item col-lg-6 col-sm-6 wow slideInUp\">\n<p class=\"kapitel\">Ans\u00f6kan<\/p>\n<ul id=\"navlist\">\n<li>Ans\u00f6kan g\u00f6rs direkt online<\/li>\n<li>Personligt m\u00f6te bokas<\/li>\n<\/ul>\n<\/div>\n<\/div>\n<\/div>\n<p><span style=\"color: #00529c; font-size: 16pt;\">Villkor:<\/span><\/p>\n<table>\n<tbody>\n<tr>\n<td bgcolor=\"#000\"><span style=\"color: #ffffff;\">R\u00e4nta<\/span><\/td>\n<td>Flera olika uppl\u00e4gg.<\/td>\n<\/tr>\n<tr>\n<td bgcolor=\"#000\"><span style=\"color: #ffffff;\">Uppl\u00e4ggningsavgift<\/span><\/td>\n<td>Uppgift saknas.<\/td>\n<\/tr>\n<tr>\n<td bgcolor=\"#000\"><span style=\"color: #ffffff;\">Borgens\u00e5tagande<\/span><\/td>\n<td>Borgen kan kr\u00e4vas, n\u00e5gon form av s\u00e4kerhet kr\u00e4vs alltid hos Nordea.<\/td>\n<\/tr>\n<tr>\n<td bgcolor=\"#000\"><span style=\"color: #ffffff;\">F\u00f6rtidsinl\u00f6sen<\/span><\/td>\n<td>Kan g\u00f6ras kontakta Nordea f\u00f6r mer information.<\/td>\n<\/tr>\n<tr>\n<td bgcolor=\"#000\"><span style=\"color: #ffffff;\">Betalningsanm\u00e4rkning<\/span><\/td>\n<td>Ans\u00f6kan med betalningsanm\u00e4rkning godk\u00e4nns ej.<\/td>\n<\/tr>\n<\/tbody>\n<\/table>\n<p><span style=\"color: #00529c; font-size: 16pt;\">Krav p\u00e5 f\u00f6retag som s\u00f6ker:<\/span><\/p>\n<table>\n<tbody>\n<tr>\n<td bgcolor=\"#000\"><span style=\"color: #ffffff;\">Oms\u00e4ttning<\/span><\/td>\n<td>Alla bolag bed\u00f6ms individuellt.<\/td>\n<\/tr>\n<tr>\n<td bgcolor=\"#000\"><span style=\"color: #ffffff;\">Historik<\/span><\/td>\n<td>F\u00f6retaget har god kreditv\u00e4rdighet.<\/td>\n<\/tr>\n<tr>\n<td bgcolor=\"#000\"><span style=\"color: #ffffff;\">\u00c4garskap<\/span><\/td>\n<td>Ans\u00f6kan kan endast uppr\u00e4ttas av bolagsman med teckningsr\u00e4tt.<\/td>\n<\/tr>\n<tr>\n<td bgcolor=\"#000\"><span style=\"color: #ffffff;\">F\u00f6retagsadress<\/span><\/td>\n<td>Verksamheten \u00e4r registrerad hos bolagsverket i Sverige.<\/td>\n<\/tr>\n<\/tbody>\n<\/table>\n<p><span style=\"color: #00529c; font-size: 16pt;\">F\u00f6ljande information\/dokumentation beh\u00f6vs:<\/span><\/p>\n<ul>\n<li>Handlingar som visar f\u00f6retagets \u00e4garstruktur<\/li>\n<li>Beskrivning av verksamheten och en budget f\u00f6r det kommande \u00e5ret.<\/li>\n<li>\u00c5rsredovisning (resultat- och balansr\u00e4kning) eller Inkomst av n\u00e4ringsverksamhet (NE) bilaga f\u00f6r det senaste \u00e5ret<\/li>\n<\/ul>\n<hr \/>\n<h5>F\u00f6retagsl\u00e5n<\/h5>\n<p>Oavsett vad just ert f\u00f6retag beh\u00f6ver pengar till kan Nordea bist\u00e5 med finansiering. L\u00e5na till investeringar, renovering, fastigheter eller annat \u00e4ndam\u00e5l. Notera att Nordea alltid kr\u00e4ver n\u00e5gon form av s\u00e4kerhet f\u00f6r l\u00e5n till f\u00f6retag, dessutom kr\u00e4vs handlingar som visar \u00e4garstrukturen, verksamhetsbeskrivning samt \u00e5rsredovisning.<\/p>\n<p>Nordea ger dig som f\u00f6retagskund fler valm\u00f6jligheter \u00e4n de flesta andra svenska banker, v\u00e4lj mellan olika f\u00f6retagsl\u00e5n med r\u00f6rlig r\u00e4nta, r\u00e4ntetak eller fast r\u00e4nta. Dessutom erbjuder Nordea tre olika valbara typer av r\u00f6rliga r\u00e4ntor: f\u00f6r n\u00e4rvarande r\u00e4nta (baseras p\u00e5 aktuellt r\u00e4ntel\u00e4ge), kort fast r\u00e4nta (l\u00e5nebindningstid 1-3 m\u00e5n) och Stiborl\u00e5n (l\u00e5nebindningstid 1-5 \u00e5r).<\/p>\n<h5>Gr\u00f6na f\u00f6retagsl\u00e5n<\/h5>\n<p>L\u00e5na klimatsmarta och bidra till ett h\u00e5llbart samh\u00e4lle. Nordea gr\u00f6na f\u00f6retagsl\u00e5n \u00e4r speciellt framtaget f\u00f6r att st\u00f6dja projekt som leder till l\u00e4gre koldioxidutsl\u00e4pp eller produktion\/anpassning till f\u00f6rnybara energik\u00e4llor. I och med tecknade av gr\u00f6na l\u00e5n f\u00f6rbinder du dig till en h\u00e5llbar investering, vilken positiv p\u00e5verkan investeringarna f\u00e5r\/har skall kunna styrkas och redovisas. Nordea gr\u00f6na f\u00f6retagsl\u00e5n kan s\u00f6kas till f\u00f6ljande \u00e4ndam\u00e5l:<\/p>\n<div class=\"numberlist\">\n<ol>\n<li>F\u00f6rnybar energi (Vindkraft, vattenkraft och solenergi)<\/li>\n<li>Energieffektivisering (Smarta n\u00e4t och energilagring)<\/li>\n<li>Gr\u00f6na byggnader (Certifierade, kommersiella &#8211; och flerfamiljsfastigheter)<\/li>\n<li>F\u00f6rhindrande av f\u00f6roreningar (Vattenrening\/hantering av avloppsvatten)<\/li>\n<li>Milj\u00f6v\u00e4nliga transporter (Kollektivtrafik\/godstransport)<\/li>\n<li>H\u00e5llbar hantering av naturresurser (H\u00e5llbart skogs och jordbruk)<\/li>\n<\/ol>\n<\/div>\n<p><img decoding=\"async\" class=\"size-full wp-image-1156\" title=\"Finansiering f\u00f6r klimatsmarta satsningar bland Svenska f\u00f6retag\" src=\"https:\/\/firmalan.com\/sv\/wp-content\/uploads\/2019\/02\/20190205grona-foretagslaan-1.jpg\" alt=\"Nordea gr\u00f6na l\u00e5n\" width=\"90%\" height=\"50%\" \/><\/p>\n<p><iframe loading=\"lazy\" src=\"https:\/\/www.youtube.com\/embed\/Tf6VtykHRuY\" width=\"90%\" height=\"50%\" frameborder=\"0\" allowfullscreen=\"allowfullscreen\"><\/iframe><\/p>\n<p>&nbsp;<\/p>\n<h5>Avbetalning<\/h5>\n<p>Att g\u00f6ra ink\u00f6p p\u00e5 avbetalning \u00e4r vanligt vid kostsamma investeringar och anv\u00e4nds exempelvis f\u00f6r att finansiera utrustning, maskiner och fordon. I detta fall \u00e4gs investeringsobjektet av f\u00f6retaget och till\u00e5ts d\u00e4rf\u00f6r \u00e4ven att g\u00f6ra momsavdrag f\u00f6r hela investeringen. I samband med att en kredit uppr\u00e4ttas med Nordea Finans skapas \u00e4ven en avbetalningsavtal.<br \/>\nF\u00f6retag betalar sedan amortering samt r\u00e4nta enligt avbetalningsavtalet.<\/p>\n<h5>Factoring och fakturak\u00f6p\/-l\u00e5n<\/h5>\n<p>F\u00e5 tillg\u00e5ng till r\u00f6rligt kapital snabbt innan betalningarna kommer in fr\u00e5n kunderna. S\u00e4lj eller bel\u00e5na fakturor, vanligtvis till ett v\u00e4rde av 60-80% av det totala fakturerade beloppet. Nordea Finans som utbetalar sedan avtalat belopp och f\u00f6retaget f\u00e5r sedan tillg\u00e5ng till likvida medel direkt p\u00e5 kontot.<\/p>\n<h5>Kontokredit<\/h5>\n<p>En flexibel kontokredit \u00e4r det optimala valet f\u00f6r f\u00f6retag d\u00e4r utgifterna tillf\u00e4llet blir st\u00f6rre \u00e4n dess int\u00e4kter. Nordea kontokredit kopplas direkt till bankkontot och en r\u00f6rlig r\u00e4nta betalas endast f\u00f6r den del av krediten som utnyttjas. En fast avgift ber\u00e4knad p\u00e5 beviljat kreditbelopp tillkommer.<\/p>\n<h5>Leasing<\/h5>\n<p>Vid speciella eller tillf\u00e4lliga behov kan det vara b\u00e4ttre att hyra in utrustning ist\u00e4llet f\u00f6r att belasta f\u00f6retagets kassa med dyra investeringar. F\u00f6rdelen med leasing \u00e4r att ni f\u00e5r tillg\u00e5ng till r\u00e4tt utrustning direkt utan stora kapitalinvesteringar, nackdelen \u00e4r att f\u00f6retaget ej st\u00e5r som \u00e4gare f\u00f6r de leasade produkterna och kostnaden \u00e4r d\u00e4rmed en l\u00f6pande ren utgift.<br \/>\nF\u00f6rskottsbetalningar sker l\u00f6pande varje m\u00e5nad eller kvartal, d\u00e4r leasingavgift samt hyra betalas i f\u00f6rskott till Nordea finans.<\/p>\n<h5>Bilfinansiering<\/h5>\n<p>F\u00f6rsta firmabilen eller dags att f\u00f6rnya fordonsflottan? Nordea hj\u00e4lper dig hitta ett uppl\u00e4gg som passar! Banken erbjuder flera olika alternativ inom bilfinansiering med l\u00e5n, avbetalning eller leasing genom Nordea Bilportal (i samarbete med NF Fleet).<\/p>\n<p>&nbsp;<\/p>\n<h4>\u00d6PPETTIDER KUNDTJ\u00c4NST:<\/h4>\n<table class=\"table table-striped\" border=\"0\">\n<tbody>\n<tr>\n<td valign=\"top\" width=\"150\">Vardag<\/td>\n<td valign=\"top\" width=\"100\">07:00 \u2013 22:00<\/td>\n<\/tr>\n<tr>\n<td valign=\"top\" width=\"150\">Helg<\/td>\n<td valign=\"top\" width=\"100\">10:00-17:00<\/td>\n<\/tr>\n<\/tbody>\n<\/table>\n<blockquote><p>Telefon: 0771-350 360<br \/>\nE-mail: <a href=\"mailto:info@nordea.com\">info@nordea.com.<\/a><\/p><\/blockquote>\n<blockquote class=\"theme\"><p>Nordea Bank AB<\/p>\n<h4>ADRESS:<\/h4>\n<p>Sm\u00e5landsgatan 17<br \/>\n105 71 Stockholm<br \/>\nOrg. nr: 516406-0120<\/p><\/blockquote>\n","protected":false},"excerpt":{"rendered":"<p>Den senaste tiden har Nordeas flytt av huvudkontor fr\u00e5n Sverige till Finland f\u00e5tt mycket uppm\u00e4rksamhet i media, men f\u00f6r dig som kund medf\u00f6r flytten inte n\u00e5gra st\u00f6rre f\u00f6r\u00e4ndringar. Nordea \u00e4r &#8230;<\/p>\n","protected":false},"author":1,"featured_media":632,"parent":164,"menu_order":39,"comment_status":"open","ping_status":"closed","template":"","meta":{"footnotes":""},"class_list":["post-631","page","type-page","status-publish","has-post-thumbnail","hentry"],"_links":{"self":[{"href":"https:\/\/firmalan.com\/sv\/wp-json\/wp\/v2\/pages\/631","targetHints":{"allow":["GET"]}}],"collection":[{"href":"https:\/\/firmalan.com\/sv\/wp-json\/wp\/v2\/pages"}],"about":[{"href":"https:\/\/firmalan.com\/sv\/wp-json\/wp\/v2\/types\/page"}],"author":[{"embeddable":true,"href":"https:\/\/firmalan.com\/sv\/wp-json\/wp\/v2\/users\/1"}],"replies":[{"embeddable":true,"href":"https:\/\/firmalan.com\/sv\/wp-json\/wp\/v2\/comments?post=631"}],"version-history":[{"count":15,"href":"https:\/\/firmalan.com\/sv\/wp-json\/wp\/v2\/pages\/631\/revisions"}],"predecessor-version":[{"id":2312,"href":"https:\/\/firmalan.com\/sv\/wp-json\/wp\/v2\/pages\/631\/revisions\/2312"}],"up":[{"embeddable":true,"href":"https:\/\/firmalan.com\/sv\/wp-json\/wp\/v2\/pages\/164"}],"wp:featuredmedia":[{"embeddable":true,"href":"https:\/\/firmalan.com\/sv\/wp-json\/wp\/v2\/media\/632"}],"wp:attachment":[{"href":"https:\/\/firmalan.com\/sv\/wp-json\/wp\/v2\/media?parent=631"}],"curies":[{"name":"wp","href":"https:\/\/api.w.org\/{rel}","templated":true}]}}