{"id":614,"date":"2018-06-23T10:53:26","date_gmt":"2018-06-23T08:53:26","guid":{"rendered":"https:\/\/firmalan.com\/sv\/?page_id=614"},"modified":"2019-11-20T18:42:17","modified_gmt":"2019-11-20T17:42:17","slug":"kredit","status":"publish","type":"page","link":"https:\/\/firmalan.com\/sv\/finansieringsformer\/kredit\/","title":{"rendered":"F\u00f6retagskredit"},"content":{"rendered":"<p>God tillg\u00e5ng till likvida medel \u00e4r viktigt f\u00f6r alla f\u00f6retag; ink\u00f6p beh\u00f6ver g\u00f6ras l\u00f6pande och leverant\u00f6rer vill normalt f\u00e5 in betalningar s\u00e5 snabbt som m\u00f6jligt. Det \u00e4r inte alltid de stora utgifterna som skapar obalanser i ekonomin, b\u00e5de mindre och st\u00f6rre f\u00f6retag brottas tidvis med bristande likviditet som beror p\u00e5 oj\u00e4mna str\u00f6mmar av in- och utgifter. En f\u00f6retagskredit ser till att det alltid finns en extra buffert som kan anv\u00e4ndas n\u00e4r kunder \u00e4r sena med betalningar eller en pl\u00f6tslig ov\u00e4ntad utgift uppst\u00e5r. Den popul\u00e4ra finansieringsform kallas ibland \u00e4ven f\u00f6r kontokredit, detta d\u00e5 den normalt kopplas direkt till bankkontot. Andra \u00e4ldre ben\u00e4mningar som avser samma sorts uppl\u00e4gg \u00e4r checkkredit eller kontraktskredit.<\/p>\n<p>F\u00f6rtj\u00e4nsten med f\u00f6retagskrediter \u00e4r att de fungerar likt ett kreditkort d\u00e4r du endast betalar f\u00f6r den del av krediten som faktiskt belastas, detta kan j\u00e4mf\u00f6ras med f\u00f6retagsl\u00e5n d\u00e4r du m\u00e5ste betala f\u00f6r hela beloppet oavsett om dessa pengar aktivt anv\u00e4nds av verksamheten eller inte. \u00c5terbetalning sker i anpassad takt utifr\u00e5n behov, d\u00e4r betalningar g\u00f6rs l\u00f6pande varje m\u00e5nad eller kvartalsvis tills dess att hela skulden avbetalad. \u00c5terbetalningen f\u00f6r kontokrediter \u00e4r generellt mycket flexibla, vissa l\u00e5ngivare har emellertid en nedre gr\u00e4ns f\u00f6r minsta till\u00e5tna \u00e5terbetalningsbelopp.<\/p>\n","protected":false},"excerpt":{"rendered":"<p>God tillg\u00e5ng till likvida medel \u00e4r viktigt f\u00f6r alla f\u00f6retag; ink\u00f6p beh\u00f6ver g\u00f6ras l\u00f6pande och leverant\u00f6rer vill normalt f\u00e5 in betalningar s\u00e5 snabbt som m\u00f6jligt. Det \u00e4r inte alltid de &#8230;<\/p>\n","protected":false},"author":1,"featured_media":0,"parent":75,"menu_order":0,"comment_status":"open","ping_status":"closed","template":"","meta":{"footnotes":""},"class_list":["post-614","page","type-page","status-publish","hentry"],"_links":{"self":[{"href":"https:\/\/firmalan.com\/sv\/wp-json\/wp\/v2\/pages\/614","targetHints":{"allow":["GET"]}}],"collection":[{"href":"https:\/\/firmalan.com\/sv\/wp-json\/wp\/v2\/pages"}],"about":[{"href":"https:\/\/firmalan.com\/sv\/wp-json\/wp\/v2\/types\/page"}],"author":[{"embeddable":true,"href":"https:\/\/firmalan.com\/sv\/wp-json\/wp\/v2\/users\/1"}],"replies":[{"embeddable":true,"href":"https:\/\/firmalan.com\/sv\/wp-json\/wp\/v2\/comments?post=614"}],"version-history":[{"count":9,"href":"https:\/\/firmalan.com\/sv\/wp-json\/wp\/v2\/pages\/614\/revisions"}],"predecessor-version":[{"id":2059,"href":"https:\/\/firmalan.com\/sv\/wp-json\/wp\/v2\/pages\/614\/revisions\/2059"}],"up":[{"embeddable":true,"href":"https:\/\/firmalan.com\/sv\/wp-json\/wp\/v2\/pages\/75"}],"wp:attachment":[{"href":"https:\/\/firmalan.com\/sv\/wp-json\/wp\/v2\/media?parent=614"}],"curies":[{"name":"wp","href":"https:\/\/api.w.org\/{rel}","templated":true}]}}