{"id":608,"date":"2017-06-17T07:58:00","date_gmt":"2017-06-17T05:58:00","guid":{"rendered":"https:\/\/firmalan.com\/sv\/?page_id=608"},"modified":"2020-06-28T09:43:18","modified_gmt":"2020-06-28T07:43:18","slug":"monetise","status":"publish","type":"page","link":"https:\/\/firmalan.com\/sv\/lana-pengar\/monetise\/","title":{"rendered":"Monetise"},"content":{"rendered":"<div class=\"section-content\">\n<div class=\"row\">\n<div class=\"feature-item col-lg-6 col-sm-6 wow slideInUp\">\n<div class=\"feature-media\"><img decoding=\"async\" src=\"https:\/\/firmalan.com\/sv\/wp-content\/uploads\/2018\/06\/mon_logo.jpg\" \/><\/div>\n<\/div>\n<div class=\"feature-item col-lg-6 col-sm-6 wow slideInUp\">\n<p>Den fr\u00e4msta m\u00e5lgruppen f\u00f6r Monetise f\u00f6retagsl\u00e5n \u00e4r svenska sm\u00e5f\u00f6retag som vill slippa papperskr\u00e5ngel och tidskr\u00e4vande m\u00f6ten. Monetise har digitaliserat hela processen, det inneb\u00e4r att allt fr\u00e5n ans\u00f6kan, kreditbed\u00f6mning, beviljande och utbetalning sker helt digitalt.<\/p>\n<p><span style=\"color: #f4f4f4;\"><strong><a class=\"btn btn-theme-primary btn-lg\" style=\"color: #f4f4f4;\" title=\"\u27a4 Monetise f\u00f6retag- l\u00e5n\" href=\"https:\/\/firmalan.com\/sv\/go\/monetise\/\" target=\"_blank\" rel=\"nofollow noopener noreferrer\">\u27a4 G\u00e5 Till Monetise F\u00f6retagsl\u00e5n <\/a><\/strong><\/span><\/p>\n<\/div>\n<\/div>\n<\/div>\n<div class=\"section-color\">\n<div class=\"row\">\n<div class=\"feature-item col-lg-6 col-sm-6 wow slideInUp\">\n<p class=\"kapitel\">F\u00f6retagsl\u00e5net<\/p>\n<ul id=\"navlist\">\n<li>Belopp: 10 000-1 000 000 kr<br \/>\n(Nystartade bolag upp till 50.000 kr)<\/li>\n<li>L\u00f6ptid: 4-12 m\u00e5n<\/li>\n<li>Fast pris.<\/a><br \/>\n*Kostnaden \u00e4r individuell och best\u00e4ms efter kreditpr\u00f6vning.<\/li>\n<\/ul>\n<\/div>\n<div class=\"feature-item col-lg-6 col-sm-6 wow slideInUp\">\n<p class=\"kapitel\">Ans\u00f6kan<\/p>\n<ul id=\"navlist\">\n<li>Ans\u00f6kan tar 3 minuter<\/li>\n<li>Digital signering med BankID<\/li>\n<li>F\u00e5 l\u00e5neoffert via e-post inom ett par timmar<\/li>\n<li>Utbetalning direkt efter godk\u00e4nnande &#8211; Pengar p\u00e5 kontot dagen efter<\/li>\n<\/ul>\n<\/div>\n<\/div>\n<\/div>\n<p><span style=\"color: #00529c; font-size: 16pt;\">Villkor:<\/span><\/p>\n<table>\n<tbody>\n<tr>\n<td bgcolor=\"#000\"><span style=\"color: #ffffff;\">R\u00e4nta<\/span><\/td>\n<td>Fasta avgifter tas ut f\u00f6r l\u00e5net.<\/td>\n<\/tr>\n<tr>\n<td bgcolor=\"#000\"><span style=\"color: #ffffff;\">Uppl\u00e4ggningsavgift<\/span><\/td>\n<td>Ingen uppl\u00e4ggningsavgift.<\/td>\n<\/tr>\n<tr>\n<td bgcolor=\"#000\"><span style=\"color: #ffffff;\">Borgens\u00e5tagande<\/span><\/td>\n<td>Kr\u00e4vs i regel inte. I vissa enskilda fall kan borgen beh\u00f6vas.<\/td>\n<\/tr>\n<tr>\n<td bgcolor=\"#000\"><span style=\"color: #ffffff;\">F\u00f6rtidsinl\u00f6sen<\/span><\/td>\n<td>Kan g\u00f6ras n\u00e4r som helst, Monetise ger d\u00e5 rabatt p\u00e5 det \u00e5terst\u00e5ende beloppet enligt avtal.<\/td>\n<\/tr>\n<tr>\n<td bgcolor=\"#000\"><span style=\"color: #ffffff;\">Betalningsanm\u00e4rkning<\/span><\/td>\n<td>Uppgift saknas.<\/td>\n<\/tr>\n<\/tbody>\n<\/table>\n<p><span style=\"color: #00529c; font-size: 16pt;\">Krav p\u00e5 f\u00f6retag som s\u00f6ker:<\/span><\/p>\n<table>\n<tbody>\n<tr>\n<td bgcolor=\"#000\"><span style=\"color: #ffffff;\">Oms\u00e4ttning<\/span><\/td>\n<td>Alla bolag bed\u00f6ms individuellt.<\/td>\n<\/tr>\n<tr>\n<td bgcolor=\"#000\"><span style=\"color: #ffffff;\">Historik<\/span><\/td>\n<td>F\u00f6retaget har god kreditv\u00e4rdighet.<\/td>\n<\/tr>\n<tr>\n<td bgcolor=\"#000\"><span style=\"color: #ffffff;\">\u00c4garskap<\/span><\/td>\n<td>Ans\u00f6kan kan endast uppr\u00e4ttas av bolagsman med teckningsr\u00e4tt.<\/td>\n<\/tr>\n<tr>\n<td bgcolor=\"#000\"><span style=\"color: #ffffff;\">F\u00f6retagsadress<\/span><\/td>\n<td>Verksamheten \u00e4r registrerad hos bolagsverket i Sverige.<\/td>\n<\/tr>\n<\/tbody>\n<\/table>\n<p><span style=\"color: #00529c; font-size: 16pt;\">F\u00f6ljande information\/dokumentation beh\u00f6vs:<\/span><\/p>\n<ul>\n<li>Du skall ha namnteckningsr\u00e4tt i f\u00f6retaget ensam eller tillsammans annan person<\/li>\n<li>Tillg\u00e5ng till BankID eller mobilt BankID alt. Digipass\/bankdosa.<\/li>\n<li>F\u00f6retagets faktureringsuppgifter samt bankkontonummer<\/li>\n<li>Namn p\u00e5 och e-postadresser till ansvariga personer och eventuell borgensm\u00e4n.<\/li>\n<\/ul>\n<hr \/>\n<p>Som mest kan f\u00f6retagare l\u00e5na 1.000.000 kr, hur stor summa som till\u00e5ts \u00e4r individuell och beslutas i samband med kreditpr\u00f6vningen. I regel beviljar Monetise l\u00e5nebelopp upp till motsvarande en m\u00e5nadsoms\u00e4ttning. Skulle du uppt\u00e4cka att f\u00f6retagsl\u00e5net \u00e4r f\u00f6r litet finns det m\u00f6jlighet att ans\u00f6ka om att ut\u00f6ka l\u00e5nebeloppet, detta kan g\u00f6ras efter tv\u00e5 m\u00e5nader. L\u00e5n till nystartade f\u00f6retag inneb\u00e4r en st\u00f6rre risk f\u00f6r l\u00e5ngivaren d\u00e4rf\u00f6r kan dessa akt\u00f6rer l\u00e5na maximalt 50.000 kr hos Monetise.<\/p>\n<p>\u00c5terbetalningen av Monetise f\u00f6retagsl\u00e5n sker l\u00f6pande genom att en mindre summa dras dagligen, detta sker automatiskt genom att avtalade dras fr\u00e5n ert konto via autogiro. F\u00f6rdelen med detta uppl\u00e4gg \u00e4r att du sj\u00e4lv slipper planera f\u00f6r h\u00f6ga m\u00e5nads- eller kvartalsfakturor.<\/p>\n<p>Monetise Capital AB bildades 2015 och \u00e4r ett aktiebolag med fokus p\u00e5 kreditgivning f\u00f6r sm\u00e5f\u00f6retag. I produktportf\u00f6ljen \u00e5terfinns ut\u00f6ver Monetise \u00e4ven Froda.<\/p>\n<p><a name=\"tabell\"><\/a> <span style=\"color: #00529c; font-size: 16pt;\">Kostnadstabell<\/span><\/p>\n<table>\n<thead>\n<tr>\n<th>Belopp<\/th>\n<th>6 m\u00e5n<\/th>\n<th>12 m\u00e5n<\/th>\n<\/tr>\n<\/thead>\n<tbody>\n<tr>\n<td bgcolor=\"#000\"><span style=\"color: #ffffff;\">30 000 kr<\/span><\/td>\n<td>32 940 kr<\/td>\n<td>34 680 kr<\/td>\n<\/tr>\n<tr>\n<td bgcolor=\"#000\"><span style=\"color: #ffffff;\">50 000 kr<\/span><\/td>\n<td>54 320 kr<\/td>\n<td>57 320 kr<\/td>\n<\/tr>\n<tr>\n<td bgcolor=\"#000\"><span style=\"color: #ffffff;\">100 000 kr<\/span><\/td>\n<td>107 860 kr<\/td>\n<td>113 800 kr<\/td>\n<\/tr>\n<tr>\n<td bgcolor=\"#000\"><span style=\"color: #ffffff;\">300 000 kr<\/span><\/td>\n<td>321 960 kr<\/td>\n<td>339 720 kr<\/td>\n<\/tr>\n<tr>\n<td bgcolor=\"#000\"><span style=\"color: #ffffff;\">500 000 kr<\/span><\/td>\n<td>536 000 kr<\/td>\n<td>565 760 kr<\/td>\n<\/tr>\n<tr>\n<td bgcolor=\"#000\"><span style=\"color: #ffffff;\">1 000 000 kr<\/span><\/td>\n<td>1 071 220 kr<\/td>\n<td>1 130 680 kr<\/td>\n<\/tr>\n<\/tbody>\n<\/table>\n<p>Observera att betalning och amortering sker l\u00f6pande varje vardag.<br \/>\n*Uppdaterad 2018-06-17<\/p>\n<p>&nbsp;<\/p>\n<h4>\u00d6PPETTIDER KUNDTJ\u00c4NST:<\/h4>\n<table class=\"table table-striped\" border=\"0\">\n<tbody>\n<tr>\n<td valign=\"top\" width=\"150\">M\u00e5ndag \u2013 Fredagar<\/td>\n<td valign=\"top\" width=\"100\">09:00 \u2013 17:00<\/td>\n<\/tr>\n<tr>\n<td valign=\"top\" width=\"150\">Helg<\/td>\n<td valign=\"top\" width=\"100\">St\u00e4ngt<\/td>\n<\/tr>\n<\/tbody>\n<\/table>\n<blockquote><p>Telefon: 010 &#8211; 330 83 00<br \/>\nE-mail: <a href=\"mailto:kundservice@monetise.se\">kundservice@monetise.se.<\/a><\/p><\/blockquote>\n<blockquote class=\"theme\"><p>Monetise Capital AB<\/p>\n<h4>ADRESS:<\/h4>\n<p>Skeppsbron 20<br \/>\nSE-111 30 Stockholm<br \/>\nOrg. nr: 556999-3388<\/p><\/blockquote>\n","protected":false},"excerpt":{"rendered":"<p>Den fr\u00e4msta m\u00e5lgruppen f\u00f6r Monetise f\u00f6retagsl\u00e5n \u00e4r svenska sm\u00e5f\u00f6retag som vill slippa papperskr\u00e5ngel och tidskr\u00e4vande m\u00f6ten. Monetise har digitaliserat hela processen, det inneb\u00e4r att allt fr\u00e5n ans\u00f6kan, kreditbed\u00f6mning, beviljande och &#8230;<\/p>\n","protected":false},"author":1,"featured_media":609,"parent":164,"menu_order":38,"comment_status":"open","ping_status":"closed","template":"","meta":{"footnotes":""},"class_list":["post-608","page","type-page","status-publish","has-post-thumbnail","hentry"],"_links":{"self":[{"href":"https:\/\/firmalan.com\/sv\/wp-json\/wp\/v2\/pages\/608","targetHints":{"allow":["GET"]}}],"collection":[{"href":"https:\/\/firmalan.com\/sv\/wp-json\/wp\/v2\/pages"}],"about":[{"href":"https:\/\/firmalan.com\/sv\/wp-json\/wp\/v2\/types\/page"}],"author":[{"embeddable":true,"href":"https:\/\/firmalan.com\/sv\/wp-json\/wp\/v2\/users\/1"}],"replies":[{"embeddable":true,"href":"https:\/\/firmalan.com\/sv\/wp-json\/wp\/v2\/comments?post=608"}],"version-history":[{"count":6,"href":"https:\/\/firmalan.com\/sv\/wp-json\/wp\/v2\/pages\/608\/revisions"}],"predecessor-version":[{"id":2318,"href":"https:\/\/firmalan.com\/sv\/wp-json\/wp\/v2\/pages\/608\/revisions\/2318"}],"up":[{"embeddable":true,"href":"https:\/\/firmalan.com\/sv\/wp-json\/wp\/v2\/pages\/164"}],"wp:featuredmedia":[{"embeddable":true,"href":"https:\/\/firmalan.com\/sv\/wp-json\/wp\/v2\/media\/609"}],"wp:attachment":[{"href":"https:\/\/firmalan.com\/sv\/wp-json\/wp\/v2\/media?parent=608"}],"curies":[{"name":"wp","href":"https:\/\/api.w.org\/{rel}","templated":true}]}}