{"id":594,"date":"2017-10-06T07:42:00","date_gmt":"2017-10-06T05:42:00","guid":{"rendered":"https:\/\/firmalan.com\/sv\/?page_id=594"},"modified":"2020-06-28T11:58:14","modified_gmt":"2020-06-28T09:58:14","slug":"marginalen-bank","status":"publish","type":"page","link":"https:\/\/firmalan.com\/sv\/lana-pengar\/marginalen-bank\/","title":{"rendered":"Marginalen Bank"},"content":{"rendered":"<div class=\"section-content\">\n<div class=\"row\">\n<div class=\"feature-item col-lg-6 col-sm-6 wow slideInUp\">\n<div class=\"feature-media\"><img decoding=\"async\" src=\"https:\/\/firmalan.com\/sv\/wp-content\/uploads\/2018\/06\/maginalen-logo.png\" \/><\/div>\n<\/div>\n<div class=\"feature-item col-lg-6 col-sm-6 wow slideInUp\">\n<p>I f\u00f6rsta hand \u00e4r Marginalen Bank k\u00e4nda f\u00f6r sina l\u00f6ne- och sparkonton med r\u00e4ntor mellan 0,6-2,25% samt det omtalade omstartsl\u00e5net som ger m\u00e4nniskor en andra ekonomisk chans i livet. Inte fullt s\u00e5 k\u00e4nt \u00e4r att Marginalen \u00e4ven \u00e4r en f\u00f6retagsbank med tj\u00e4nster inom spar, finansiering, inkasso samt redovisning och fakturering.<\/p>\n<p>Marginalen Bank finansieringsm\u00f6jligheter f\u00f6r f\u00f6retag omfattar factoring, leasing, franchise samt rena f\u00f6retagsl\u00e5n p\u00e5 upp till 5.000.000 kr.<br \/>\n<span style=\"color: #f4f4f4;\"><strong><a class=\"btn btn-theme-primary btn-lg\" style=\"color: #f4f4f4;\" title=\"\u27a4 Marginalen Bank f\u00f6retag- l\u00e5n\" href=\"https:\/\/firmalan.com\/sv\/go\/lendo\/\" target=\"_blank\" rel=\"nofollow noopener noreferrer\">\u27a4 S\u00f6k Marginalen Bank l\u00e5n via Lendo<\/a><\/strong><\/span><\/p>\n<\/div>\n<\/div>\n<\/div>\n<div class=\"section-color\">\n<div class=\"row\">\n<div class=\"feature-item col-lg-6 col-sm-6 wow slideInUp\">\n<p class=\"kapitel\">F\u00f6retagsl\u00e5n<\/p>\n<ul id=\"navlist\">\n<li>Belopp: 200 000-5 000 000 kr<\/li>\n<li>L\u00f6ptid: 24-60 m\u00e5n<\/li>\n<li>Snittr\u00e4nta 6-8% (Individuell r\u00e4ntes\u00e4ttning)<\/li>\n<\/ul>\n<\/div>\n<div class=\"feature-item col-lg-6 col-sm-6 wow slideInUp\">\n<p class=\"kapitel\">Ans\u00f6kan<\/p>\n<ul id=\"navlist\">\n<li>Ins\u00e4nd f\u00f6rfr\u00e5gan med syfte, f\u00f6retagsuppgifter samt information om \u00e4gare<\/li>\n<li>L\u00e5nebeslut inom 1-2 dagar<\/li>\n<li>2-5 bankdagar efter att vi mottagit e-signering\/skuldebrev<\/li>\n<\/ul>\n<\/div>\n<\/div>\n<\/div>\n<p><span style=\"color: #00529c; font-size: 16pt;\">Villkor:<\/span><\/p>\n<table>\n<tbody>\n<tr>\n<td bgcolor=\"#000\"><span style=\"color: #fff;\">R\u00e4nta<\/span><\/td>\n<td>Snittr\u00e4nta 6-8%, individuell r\u00e4ntes\u00e4ttning till\u00e4mpas.<\/td>\n<\/tr>\n<tr>\n<td bgcolor=\"#000\"><span style=\"color: #fff;\">Uppl\u00e4ggningsavgift<\/span><\/td>\n<td>Fasta avgifter kan tillkomma.<\/td>\n<\/tr>\n<tr>\n<td bgcolor=\"#000\"><span style=\"color: #fff;\">Borgens\u00e5tagande<\/span><\/td>\n<td>Ingen uppgift.<\/td>\n<\/tr>\n<tr>\n<td bgcolor=\"#000\"><span style=\"color: #fff;\">F\u00f6rtidsinl\u00f6sen<\/span><\/td>\n<td>Kan g\u00f6ras, du m\u00e5ste dock kontakta Marginalen Bank och f\u00e5r sedan en l\u00f6sensumma baserad p\u00e5 din slutliga inbetalning.<\/td>\n<\/tr>\n<tr>\n<td bgcolor=\"#000\"><span style=\"color: #fff;\">Betalningsanm\u00e4rkning<\/span><\/td>\n<td>Ingen borgen\u00e4r f\u00e5r ha betalningsanm\u00e4rkning.<\/td>\n<\/tr>\n<\/tbody>\n<\/table>\n<p><span style=\"color: #00529c; font-size: 16pt;\">Krav p\u00e5 f\u00f6retag som s\u00f6ker:<\/span><\/p>\n<table>\n<tbody>\n<tr>\n<td bgcolor=\"#000\"><span style=\"color: #fff;\">Oms\u00e4ttning<\/span><\/td>\n<td>Uppgift saknas.<\/td>\n<\/tr>\n<tr>\n<td bgcolor=\"#000\"><span style=\"color: #fff;\">Historik<\/span><\/td>\n<td>F\u00f6retaget har god kreditv\u00e4rdighet.<\/td>\n<\/tr>\n<tr>\n<td bgcolor=\"#000\"><span style=\"color: #fff;\">\u00c4garskap<\/span><\/td>\n<td>Alla \u00e4gare \u00e5terfinns i Sverige.<\/td>\n<\/tr>\n<tr>\n<td bgcolor=\"#000\"><span style=\"color: #fff;\">F\u00f6retagsadress<\/span><\/td>\n<td>Verksamheten \u00e4r registrerad hos bolagsverket i Sverige.<\/td>\n<\/tr>\n<\/tbody>\n<\/table>\n<p><span style=\"color: #00529c; font-size: 16pt;\">F\u00f6ljande information\/dokumentation beh\u00f6vs:<\/span><\/p>\n<ul>\n<li>Du skall ha namnteckningsr\u00e4tt i f\u00f6retaget ensam eller tillsammans annan person<\/li>\n<li>Tillg\u00e5ng till BankID eller mobilt BankID<\/li>\n<li>F\u00f6retagets faktureringsuppgifter samt bankkontonummer<\/li>\n<li>Namn p\u00e5 och e-postadresser till ansvariga personer och borgensm\u00e4n.<\/li>\n<\/ul>\n<hr \/>\n<h3>Stora F\u00f6retagsl\u00e5n<\/h3>\n<p>Marginalen f\u00f6retagsl\u00e5n v\u00e4nder sig i f\u00f6rsta hand till stabila aktiebolag med investeringsbehov, men \u00e4ven andra bolagsformer kan s\u00f6ka l\u00e5net. Ans\u00f6k om belopp upp till 5.000.000 kr d\u00e4r du som f\u00f6retagare tar fullt borgensansvar f\u00f6r hela krediten.<\/p>\n<h3>Lilla F\u00f6retagsl\u00e5net \/ Uppstartsl\u00e5net<\/h3>\n<p>I b\u00f6rjan av 2019 aktiverades ett samarbete mellan Marginalen Bank och <a href=\"https:\/\/firmalan.com\/sv\/finansiering\/eib-eif\/\">investeringsfonden (EIF)<\/a> till ett v\u00e4rde av 250 miljoner som skall l\u00e5nas ut till sm\u00e5-\/medelstora f\u00f6retag som s\u00f6ker ett begr\u00e4nsat investeringskapital. Det lilla f\u00f6retagsl\u00e5net\/uppstartsl\u00e5net inneb\u00e4r att nybildade och mindre bolag kan l\u00e5na upp till 250.000 kr med \u00e5rsr\u00e4nta fr\u00e5n 4,15% och endast ansvar f\u00f6r 20% av borgen samtidigt som EIF g\u00e5r in och garanterar resterande 80% av borgen.<\/p>\n<p><strong>Villkor<\/strong><\/p>\n<p>L\u00e5nebelopp: 100 000 \u2013 250 000 kr<br \/>\nL\u00f6ptid: 2-4 \u00e5r<br \/>\n\u00c5rsr\u00e4nta: fr\u00e5n 4,15 % (inkl fast r\u00e4nterabatt p\u00e5 minst 0,3%)<br \/>\nUppl\u00e4ggningsavgift: 1 % av utbetalt belopp<br \/>\nBorgen: 20 % av l\u00e5nebeloppet<br \/>\nKrav: F\u00f6retag f\u00e5r ha max 9 anst\u00e4llda samt en oms\u00e4ttning och balansomslutning p\u00e5 max 20 mkr.<\/p>\n<hr \/>\n<h3>(Nyhet) Kreat\u00f6rsl\u00e5net<\/h3>\n<p>Ytterligare 200 miljoner skall l\u00e5nas ut i linje med Investeringsplanen f\u00f6r Europa, den s\u00e5 kallade Junckerplanen. Kreat\u00f6rsl\u00e5net kan s\u00f6kas med belopp inom intervallet 100 000 kronor upp till 1 miljon kronor och granteras till 70% genom en EIF-garanti. Det nya f\u00f6retagsl\u00e5net hos Marginalen erbjuds till f\u00f6retag som verkar inom kulturella och kreativa n\u00e4ringar. I och med den garanti som Europeiska Investeringsfonden ger beh\u00f6ver kulturf\u00f6retagaren sj\u00e4lv endast l\u00e4mna s\u00e4kerhet\/borgen motsvarande 30% av l\u00e5nebeloppet.<\/p>\n<p><strong>Villkor<\/strong><\/p>\n<p>L\u00e5nebelopp: 100 000 \u2013 1 000 000 kr<br \/>\n\u00c5rsr\u00e4nta: fr\u00e5n 4,15%<br \/>\nL\u00e5nesvar: Inom 3 dagar<br \/>\nBorgen: 30 % av l\u00e5nebeloppet<br \/>\nKrav: F\u00f6retag f\u00e5r maximalt ha 250 anst\u00e4llda och m\u00e5ste vara verksamma inom KKN (Kulturella- och kreativa n\u00e4ringar).<\/p>\n<hr \/>\n<h3>Kontokredit<\/h3>\n<p>Likviditetsbrist kan uppst\u00e5 pl\u00f6tsligt och ov\u00e4ntat, Marginalen Kontokredit p\u00e5 10.000 kr saknar uppl\u00e4ggningsavgift och ing\u00e5r i f\u00f6retagspaketet som kostar 0-950 kr\/\u00e5r.<\/p>\n<h3>Marginalen Visa Gold<\/h3>\n<p>Ett smidigt kreditkort med upp till 100.000 kr i kreditutrymme. F\u00f6rsta \u00e5ret \u00e4r kortet avgiftsfritt d\u00e4refter betalar du 195 kr\/\u00e5r.<\/p>\n<h3>F\u00f6retagskonto<\/h3>\n<p>Hos Marginalen Bank f\u00e5r f\u00f6retag 0,40 %, r\u00f6rlig r\u00e4nta p\u00e5 kontot upp till 5 000 000 kr. I dagsl\u00e4get \u00e4r det tunns\u00e5tt med banker som ger r\u00e4nta p\u00e5 f\u00f6retagskapitalet och samtidigt omfattas av den statliga ins\u00e4ttningsgarantin, men Marginalen Bank uppfyller b\u00e5da dessa kriterier. Varje konto tilldelas ett bankgironummer vilket kan anv\u00e4ndas f\u00f6r in- och utbetalningar. Marginalen bank kan \u00e4ven erbjuda m\u00f6jligheten att koppla en kontokredit till f\u00f6retagskontot som kan anv\u00e4ndas som en extra buffert i verksamheten och kan anv\u00e4ndas n\u00e4r likviditeten \u00e4r l\u00e5g och man beh\u00f6ver pengar snabbt.<\/p>\n<p><img loading=\"lazy\" decoding=\"async\" class=\"alignnone size-medium wp-image-596\" src=\"https:\/\/firmalan.com\/sv\/wp-content\/uploads\/2018\/06\/pris_marginalen-konto-300x282.png\" alt=\"\" width=\"300\" height=\"282\" srcset=\"https:\/\/firmalan.com\/sv\/wp-content\/uploads\/2018\/06\/pris_marginalen-konto-300x282.png 300w, https:\/\/firmalan.com\/sv\/wp-content\/uploads\/2018\/06\/pris_marginalen-konto.png 599w\" sizes=\"auto, (max-width: 300px) 100vw, 300px\" \/><\/p>\n<p>\u00c4ven utlandsbaserade f\u00f6retag kan \u00f6ppna konto hos Marginalen, men s\u00e4rskild dokumentation kr\u00e4vs och dessa intyg skall vara utst\u00e4llda p\u00e5 engelska.<\/p>\n<h3>Sparkonto<\/h3>\n<p>F\u00f6retagare har \u00e4ven m\u00f6jlighet att \u00f6ppna ett dedikerat sparkonto med r\u00e4nta upp till 2.25%. Observera att dessa fastr\u00e4ntekonton har bindningstid.<\/p>\n<p><a name=\"tabell\"><\/a> <span style=\"color: #00529c; font-size: 16pt;\">Kostnadstabell<\/span><\/p>\n<table>\n<thead>\n<tr>\n<th>Belopp<\/th>\n<th>24 m\u00e5n<\/th>\n<th>36 m\u00e5n<\/th>\n<th>48 m\u00e5n<\/th>\n<th>60 m\u00e5n<\/th>\n<\/tr>\n<\/thead>\n<tbody>\n<tr>\n<td bgcolor=\"#000\"><span style=\"color: #ffffff;\">500 000 kr<\/span><\/td>\n<td>532 920 kr (22 205 kr\/m\u00e5n)<\/td>\n<td>550 656 kr (15 296 kr\/m\u00e5n)<\/td>\n<td>568 752 kr (11 849 kr\/m\u00e5n)<\/td>\n<td>587 220 kr (9787 kr\/m\u00e5n)<\/td>\n<\/tr>\n<tr>\n<td bgcolor=\"#000\"><span style=\"color: #ffffff;\">1 000 000 kr<\/span><\/td>\n<td>1 065 840 kr (44 410 kr\/m\u00e5n)<\/td>\n<td>1 101 276 kr (30 591 kr\/m\u00e5n)<\/td>\n<td>1 137 504 kr (23 698 kr\/m\u00e5n)<\/td>\n<td>1 174 440 kr (19 574 kr\/m\u00e5n)<\/td>\n<\/tr>\n<tr>\n<td bgcolor=\"#000\"><span style=\"color: #ffffff;\">2 000 000 kr<\/span><\/td>\n<td>2 664 576 kr (111 024 kr\/m\u00e5n)<\/td>\n<td>2 753 208 kr (76 478 kr\/m\u00e5n)<\/td>\n<td>2 843 664 kr (59 243 kr\/m\u00e5n)<\/td>\n<td>2 936 040 kr (48 934 kr\/m\u00e5n)<\/td>\n<\/tr>\n<tr>\n<td bgcolor=\"#000\"><span style=\"color: #ffffff;\">5 000 000 kr<\/span><\/td>\n<td>5 329 152 kr (222 048 kr\/m\u00e5n)<\/td>\n<td>5 506 380 kr (152 955 kr\/m\u00e5n)<\/td>\n<td>5 687 328 kr (118 486 kr\/m\u00e5n)<\/td>\n<td>5 872 020 kr (97 867 kr\/m\u00e5n)<\/td>\n<\/tr>\n<\/tbody>\n<\/table>\n<p>*Uppdaterad 2018-06-06<\/p>\n<p>&nbsp;<\/p>\n<h4>\u00d6PPETTIDER KUNDTJ\u00c4NST:<\/h4>\n<table class=\"table table-striped\" border=\"0\">\n<tbody>\n<tr>\n<td valign=\"top\" width=\"150\">M\u00e5ndag \u2013 Fredagar<\/td>\n<td valign=\"top\" width=\"100\">08:00 \u2013 20:00<\/td>\n<\/tr>\n<tr>\n<td valign=\"top\" width=\"150\">Helg<\/td>\n<td valign=\"top\" width=\"100\">09:00 \u2013 17:00<\/td>\n<\/tr>\n<\/tbody>\n<\/table>\n<blockquote><p>Telefon: 0771-717 710<br \/>\nE-mail: <a href=\"mailto:info@marginalen.se\">info@marginalen.se<\/a><\/p><\/blockquote>\n<blockquote class=\"theme\"><p>Marginalen Bank Bankaktiebolag<\/p>\n<h4>ADRESS:<\/h4>\n<p>Box 261 34<br \/>\n100 41 Stockholm<br \/>\nOrg. nr: 516406-0807<\/p><\/blockquote>\n","protected":false},"excerpt":{"rendered":"<p>I f\u00f6rsta hand \u00e4r Marginalen Bank k\u00e4nda f\u00f6r sina l\u00f6ne- och sparkonton med r\u00e4ntor mellan 0,6-2,25% samt det omtalade omstartsl\u00e5net som ger m\u00e4nniskor en andra ekonomisk chans i livet. Inte &#8230;<\/p>\n","protected":false},"author":1,"featured_media":595,"parent":164,"menu_order":37,"comment_status":"open","ping_status":"closed","template":"","meta":{"footnotes":""},"class_list":["post-594","page","type-page","status-publish","has-post-thumbnail","hentry"],"_links":{"self":[{"href":"https:\/\/firmalan.com\/sv\/wp-json\/wp\/v2\/pages\/594","targetHints":{"allow":["GET"]}}],"collection":[{"href":"https:\/\/firmalan.com\/sv\/wp-json\/wp\/v2\/pages"}],"about":[{"href":"https:\/\/firmalan.com\/sv\/wp-json\/wp\/v2\/types\/page"}],"author":[{"embeddable":true,"href":"https:\/\/firmalan.com\/sv\/wp-json\/wp\/v2\/users\/1"}],"replies":[{"embeddable":true,"href":"https:\/\/firmalan.com\/sv\/wp-json\/wp\/v2\/comments?post=594"}],"version-history":[{"count":11,"href":"https:\/\/firmalan.com\/sv\/wp-json\/wp\/v2\/pages\/594\/revisions"}],"predecessor-version":[{"id":2402,"href":"https:\/\/firmalan.com\/sv\/wp-json\/wp\/v2\/pages\/594\/revisions\/2402"}],"up":[{"embeddable":true,"href":"https:\/\/firmalan.com\/sv\/wp-json\/wp\/v2\/pages\/164"}],"wp:featuredmedia":[{"embeddable":true,"href":"https:\/\/firmalan.com\/sv\/wp-json\/wp\/v2\/media\/595"}],"wp:attachment":[{"href":"https:\/\/firmalan.com\/sv\/wp-json\/wp\/v2\/media?parent=594"}],"curies":[{"name":"wp","href":"https:\/\/api.w.org\/{rel}","templated":true}]}}