{"id":572,"date":"2018-05-20T17:55:25","date_gmt":"2018-05-20T15:55:25","guid":{"rendered":"https:\/\/firmalan.com\/sv\/?page_id=572"},"modified":"2019-02-01T10:29:37","modified_gmt":"2019-02-01T09:29:37","slug":"anmarkningar","status":"publish","type":"page","link":"https:\/\/firmalan.com\/sv\/lana-pengar\/anmarkningar\/","title":{"rendered":"F\u00f6retagsl\u00e5n med betalningsanm\u00e4rkning"},"content":{"rendered":"<p>Juridiska personer, enskilda privatpersoner s\u00e5 v\u00e4l som f\u00f6retag, kan f\u00e5 betalningsanm\u00e4rkningar om man inte betalar sina skulder i tid. En betalningsanm\u00e4rkning talar om att en privatperson eller ett f\u00f6retag inte \u00e4r helt tillf\u00f6rlitligt n\u00e4r det g\u00e4ller betalningar och fungerar som en varningsflagga f\u00f6r bristande betalningsf\u00f6rm\u00e5ga. F\u00f6retag som har en eller flera betalningsanm\u00e4rkningar har mycket sv\u00e5rt att f\u00e5 l\u00e5n beviljade. Men det finns ett par l\u00e5ngivare som \u00e4ven erbjuder f\u00f6retagsl\u00e5n trots en eller flera betalningsanm\u00e4rkningar, f\u00f6rutsatt att verksamhetens \u00f6vriga ekonomi \u00e4r i god ordning, notera dock att anm\u00e4rkningar i regel ses som n\u00e5got mycket negativt.<\/p>\n<p>Det \u00e4r n\u00e5got l\u00e4ttare f\u00f6r enskilda firmor d\u00e4r \u00e4garen (privatpersonen) kan l\u00e5na med anm\u00e4rkning exempelvis genom <a href=\"https:\/\/firmalan.com\/sv\/lana-pengar\/zmarta\/\">l\u00e5nef\u00f6rmedlaren Zmarta<\/a>. Villkoren \u00e4r betydligt s\u00e4mre f\u00f6r l\u00e5n med betalningsanm\u00e4rkning, r\u00e4ntan \u00e4r betydligt h\u00f6gre och vissa l\u00e5ngivare kr\u00e4ver n\u00e5gon form av s\u00e4kerhet f\u00f6r att ans\u00f6kan skall bli beviljad. Den som har betalningsanm\u00e4rkning och har sv\u00e5rt att ta upp ett vanligt blancol\u00e5n kan som en sista utv\u00e4g <a href=\"https:\/\/firmalan.com\/sv\/lana-pengar\/typ\/snabblan\/\">s\u00f6ka snabbl\u00e5n<\/a>.<\/p>\n<article id=\"post-126\" class=\"list-article clearfix post-126 page type-page status-publish has-post-thumbnail hentry\">\n<div class=\"list-article-content\">\n<div class=\"entry-excerpt\"><\/div>\n<\/div>\n<\/article>\n<article id=\"post-163\" class=\"list-article clearfix post-163 page type-page status-publish has-post-thumbnail hentry\">\n<div class=\"list-article-thumb\">\n<div class=\"extratext\">F\u00f6retagsl\u00e5n trots anm\u00e4rkning<\/div>\n<p><img loading=\"lazy\" decoding=\"async\" class=\"attachment-onepress-blog-small size-onepress-blog-small wp-post-image\" src=\"https:\/\/firmalan.com\/sv\/wp-content\/uploads\/2017\/05\/3qred.png\" alt=\"\" width=\"300\" height=\"150\" \/><\/p>\n<\/div>\n<div class=\"list-article-content\">\n<div class=\"list-article-meta\"><\/div>\n<header class=\"entry-header\">\n<h3 class=\"entry-title\"><strong>Qred F\u00f6retagsl\u00e5n AB<\/strong><\/h3>\n<\/header>\n<div class=\"entry-excerpt\">\n<table>\n<tbody>\n<tr>\n<td bgcolor=\"#000\"><span style=\"color: #fff;\">Belopp<\/span><\/td>\n<td>10.000-250.000 kr.<\/td>\n<\/tr>\n<tr>\n<td bgcolor=\"#000\"><span style=\"color: #fff;\">L\u00f6ptid<\/span><\/td>\n<td>6 m\u00e5n.<\/td>\n<\/tr>\n<tr>\n<td bgcolor=\"#000\"><span style=\"color: #fff;\">Pengar p\u00e5 kontot<\/span><\/td>\n<td>Utbetalning direkt samma dag.<\/td>\n<\/tr>\n<tr>\n<td bgcolor=\"#000\"><span style=\"color: #fff;\">R\u00e4nta<\/span><\/td>\n<td>Fasta kostnader.\u00a0<a href=\"https:\/\/firmalan.com\/sv\/qred#tabell\">Se aktuella kostnadsexempel<\/a>.<\/td>\n<\/tr>\n<tr>\n<td bgcolor=\"#000\"><span style=\"color: #fff;\">Uppl\u00e4ggningsavgift<\/span><\/td>\n<td>Se info ovan.<\/td>\n<\/tr>\n<tr>\n<td bgcolor=\"#000\"><span style=\"color: #fff;\">Borgens\u00e5tagande<\/span><\/td>\n<td>Kr\u00e4ver personlig borgensf\u00f6rbindelse.<\/td>\n<\/tr>\n<tr>\n<td bgcolor=\"#000\"><span style=\"color: #fff;\">F\u00f6rtidsinl\u00f6sen<\/span><\/td>\n<td>Kan g\u00f6ras n\u00e4r som helst och betalar d\u00e5 endast f\u00f6r de m\u00e5nader f\u00f6retagsl\u00e5net l\u00f6pt.<\/td>\n<\/tr>\n<tr>\n<td bgcolor=\"#000\"><span style=\"color: #fff;\">Betalningsanm\u00e4rkning<\/span><\/td>\n<td>En betalningsanm\u00e4rkning \u00e4r inte n\u00f6dv\u00e4ndigtvis ett hinder f\u00f6r att f\u00e5 l\u00e5n.<\/td>\n<\/tr>\n<\/tbody>\n<\/table>\n<p><a class=\"btn btn-secondary-outline btn-lg\" href=\"https:\/\/firmalan.com\/sv\/lana-pengar\/qred\/\">MER OM QRED<\/a>\u00a0<a class=\"btn btn-theme-primary btn-lg\" href=\"https:\/\/firmalan.com\/sv\/go\/qred\/\" target=\"_blank\" rel=\"nofollow noopener\">ANS\u00d6K NU<\/a><\/p>\n<\/div>\n<\/div>\n<\/article>\n<hr \/>\n<h3 id=\"de-tre-stegen-till-betalningsanmarkning\">De tre stegen till betalningsanm\u00e4rkning<\/h3>\n<p>Det \u00e4r kreditupplysningsf\u00f6retagen som registrerar anm\u00e4rkningen efter att Kronofogden eller en domstol fastst\u00e4llt skulden. En betalningsanm\u00e4rkning ligger kvar i registret i tre \u00e5r f\u00f6r privatpersoner och fem \u00e5r f\u00f6r f\u00f6retag och \u00e4r i regel inte att ta bort i f\u00f6rtid (se: kan man plocka bort en betalningsanm\u00e4rkning?).<\/p>\n<p>F\u00f6rsta steget vid obetalda skulder \u00e4r p\u00e5minnelsebrev. Vid obetalda f\u00f6rfallna fakturor \u00e4r praxis att skicka ut en eller flera p\u00e5minnelser till kunden. En p\u00e5minnelseavgift om maximalt 60 kr f\u00e5r tas ut, dock f\u00e5r endast en s\u00e5dan avgift tas ut, detta \u00e4ven om flera p\u00e5minnelser s\u00e4nds ut.<\/p>\n<p>Steg tv\u00e5 inneb\u00e4r att ett inkassokrav skickas ut och f\u00f6rseningsavgifter samt dr\u00f6jsm\u00e5lsr\u00e4nta p\u00e5f\u00f6rs den ursprungliga skulden. P\u00e5 fakturan framg\u00e5r det normalt att efter f\u00f6rfallodagen debiteras dr\u00f6jsm\u00e5lsr\u00e4nta enligt r\u00e4ntelagen. enligt lag r\u00e4tt att debitera h\u00f6gst 180 kr i inkassokostnad f\u00f6r ett skriftligt inkassokrav. Normalt sker indrivning via en inkassobyr\u00e5 men f\u00f6retag kan \u00e4ven v\u00e4lja att skicka inkassokravet sj\u00e4lva.<\/p>\n<p>Steg tre, om inkassokravet inte biter \u00e4r n\u00e4sta steg ett r\u00e4ttsligt f\u00f6rfarande genom betalningsf\u00f6rel\u00e4ggande eller st\u00e4mning vid tingsr\u00e4tten. Ans\u00f6kan om betalningsf\u00f6rel\u00e4gganden hanteras av Kronofogden som fastst\u00e4ller skulden. Aktiebolag och Handelsbolag f\u00e5r betalningsanm\u00e4rkning redan vid en ans\u00f6kan om betalningsf\u00f6rel\u00e4ggande till Kronofogden, privatpersoner och enskilda firmor \u00e5l\u00e4ggs betalningsanm\u00e4rkning om en skuld eller faktura f\u00f6rfaller och kronofogdemyndigheten eller domstol har fastst\u00e4llt skulden via betalningsf\u00f6rel\u00e4ggande.<\/p>\n<hr \/>\n<h3 id=\"kontrollera-om-person-eller-foretag-har-anmarkning\">Kontrollera om person eller f\u00f6retag har anm\u00e4rkning<\/h3>\n<p>F\u00f6r att ta reda p\u00e5 om ett f\u00f6retag har en eller flera betalningsanm\u00e4rkningar registrerade kr\u00e4vs en kreditupplysning, f\u00f6r detta \u00e4ndam\u00e5l kan du anv\u00e4nda en tj\u00e4nst som <a href=\"\/sv\/go\/ratsit\/\" target=\"_blank\" rel=\"nofollow noopener\">Ratsit<\/a> vars databas inneh\u00e5ller omkring 8 miljoner personer och 2,2 miljoner f\u00f6retag\/organisationer. Detta \u00e4r en enkel och snabb metod f\u00f6r att f\u00e5 koll p\u00e5 om f\u00f6retaget \u00e4r kreditv\u00e4rdigt, har F-skatt samt om anm\u00e4rkningar eller n\u00e5got skuldsaldo existerar.<\/p>\n<hr \/>\n<h3 id=\"kan-man-plocka-bort-en-betalningsanmarkning\">Kan man plocka bort en betalningsanm\u00e4rkning?<\/h3>\n<p>Betalningsanm\u00e4rkningar \u00e4r i grunden o\u00e5terkalleliga och ligger kvar i mellan 3-5 \u00e5r beroende p\u00e5 om \u00e4rendet med betalningsf\u00f6rel\u00e4ggandet g\u00e4ller en privatperson eller f\u00f6retag. I vissa avvikande fall, d\u00e4r en uppenbar felaktighet gjorts kan en r\u00e4ttelse g\u00f6ras och betalningsanm\u00e4rkningen plockas bort genom dementi. Att en dementi g\u00f6rs \u00e4r ovanligt, f\u00f6r att detta skall komma att bli aktuellt kr\u00e4vs generellt att betalningsanm\u00e4rkningen orsakats av felaktig hantering eller tekniska omst\u00e4ndigheter.<\/p>\n","protected":false},"excerpt":{"rendered":"<p>Juridiska personer, enskilda privatpersoner s\u00e5 v\u00e4l som f\u00f6retag, kan f\u00e5 betalningsanm\u00e4rkningar om man inte betalar sina skulder i tid. En betalningsanm\u00e4rkning talar om att en privatperson eller ett f\u00f6retag inte &#8230;<\/p>\n","protected":false},"author":1,"featured_media":0,"parent":164,"menu_order":21,"comment_status":"open","ping_status":"closed","template":"","meta":{"footnotes":""},"class_list":["post-572","page","type-page","status-publish","hentry"],"_links":{"self":[{"href":"https:\/\/firmalan.com\/sv\/wp-json\/wp\/v2\/pages\/572","targetHints":{"allow":["GET"]}}],"collection":[{"href":"https:\/\/firmalan.com\/sv\/wp-json\/wp\/v2\/pages"}],"about":[{"href":"https:\/\/firmalan.com\/sv\/wp-json\/wp\/v2\/types\/page"}],"author":[{"embeddable":true,"href":"https:\/\/firmalan.com\/sv\/wp-json\/wp\/v2\/users\/1"}],"replies":[{"embeddable":true,"href":"https:\/\/firmalan.com\/sv\/wp-json\/wp\/v2\/comments?post=572"}],"version-history":[{"count":6,"href":"https:\/\/firmalan.com\/sv\/wp-json\/wp\/v2\/pages\/572\/revisions"}],"predecessor-version":[{"id":576,"href":"https:\/\/firmalan.com\/sv\/wp-json\/wp\/v2\/pages\/572\/revisions\/576"}],"up":[{"embeddable":true,"href":"https:\/\/firmalan.com\/sv\/wp-json\/wp\/v2\/pages\/164"}],"wp:attachment":[{"href":"https:\/\/firmalan.com\/sv\/wp-json\/wp\/v2\/media?parent=572"}],"curies":[{"name":"wp","href":"https:\/\/api.w.org\/{rel}","templated":true}]}}