{"id":563,"date":"2018-05-20T09:24:00","date_gmt":"2018-05-20T07:24:00","guid":{"rendered":"https:\/\/firmalan.com\/sv\/?page_id=563"},"modified":"2020-06-28T08:15:07","modified_gmt":"2020-06-28T06:15:07","slug":"almi","status":"publish","type":"page","link":"https:\/\/firmalan.com\/sv\/lana-pengar\/almi\/","title":{"rendered":"Almi"},"content":{"rendered":"<div class=\"section-content\">\n<div class=\"row\">\n<div class=\"feature-item col-lg-6 col-sm-6 wow slideInUp\">\n<div class=\"feature-media\"><img decoding=\"async\" src=\"https:\/\/firmalan.com\/sv\/wp-content\/uploads\/2018\/05\/almi.png\" \/><br \/>\n<strong>Inneh\u00e5ll<\/strong><\/p>\n<ul>\n<li><a href=\"#om-almi\">Om Almi<\/a><\/li>\n<li><a href=\"#almi-mikrolan\">Almi mikrol\u00e5n<\/a><\/li>\n<li>Coronakrisen Almi <a href=\"#brygglan\">Bryggl\u00e5n<\/a><\/li>\n<li><a href=\"#foretagslan\">F\u00f6retagsl\u00e5n<\/a><\/li>\n<li><a href=\"#innovationslan\">Innovationsl\u00e5n<\/a><\/li>\n<li><a href=\"#exportlanet\">Exportl\u00e5net<\/a><\/li>\n<li><a href=\"#fordelar-och-nackdelar-med-almi-finansiering\">F\u00f6rdelar och nackdelar med Almi finansiering<\/a><\/li>\n<\/ul>\n<\/div>\n<\/div>\n<div class=\"feature-item col-lg-6 col-sm-6 wow slideInUp\">\n<h3 id=\"om-almi\">Om Almi<\/h3>\n<p>Oavsett inom vilken bransch du verkar, kan Almi hj\u00e4lpa till med finansiering som du ej kan finna p\u00e5 annat h\u00e5ll. Sm\u00e5 till medelstora f\u00f6retag med upp till 250 anst\u00e4llda kan ta del av Almis investerings-, r\u00e5dgivnings- och l\u00e5netj\u00e4nster.<br \/>\nN\u00e4r f\u00f6retag v\u00e4ljs ut f\u00e4ster Almi stor vikt vid tillv\u00e4xtpotential och engagemang, i f\u00f6rsta hand l\u00e5nar man ut pengar till bolag med god tillv\u00e4xt.<\/p>\n<p>Hos Almi kan du ans\u00f6ka om maximalt 80 % av det totala kapitalbehovet (undantaget Almi Mikrol\u00e5n som kan t\u00e4cka 100% av kapitalbehovet), medfinansiering kr\u00e4vs f\u00f6r belopp \u00f6ver 250.000 kr i form av egna medel eller bankl\u00e5n. I genomsnitt st\u00e5r Almi f\u00f6r omkring 30 % av det totala kapitalbehovet.<br \/>\nM\u00f6jlighet finns att f\u00e5 amorteringsanst\u00e5nd och den som vill f\u00f6rtidsinl\u00f6sa ett l\u00e5n eller g\u00f6ra extraamorteringar har r\u00e4tt att g\u00f6ra detta, men beh\u00f6ver f\u00f6rst kontakta Almis l\u00e5neadministration p\u00e5 telefonnummer 063-453 03 00.<\/p>\n<p>Almi investerare \u00e4r \u00e4ven i verksamheter, en normal f\u00f6retagsinvestering f\u00f6r Almi invest ligger p\u00e5 omkring 1-4 mkr f\u00f6r detta beg\u00e4r man en \u00e4gardel som ofta motsvarar omkring 10-25 % av bolaget. I ett senare skede n\u00e4r \u00e4garskapet \u00e4r etablerat kan Almi g\u00e5 in med ytterligare kapital, sammantaget kan det handla om investeringar p\u00e5 upp till 10-15 mkr per bolag.<br \/>\nVarje \u00e5r granskar Almi Invest omkring 900-1000 bolag n\u00e4rmare av dessa blir uppskattningsvis 6-8 % av bolagen investeringsobjekt vilket inneb\u00e4r att man investerar i ca 60-70 olika bolag per \u00e5r.<\/p>\n<p>\u00c4ven entrepren\u00f6rer med tidigare konkurser i bagaget kan f\u00e5 l\u00e5n beviljat, men Almi beaktar omst\u00e4ndigheterna kring konkursen och tar med dessa i helhetsbed\u00f6mningen.<\/p>\n<p>Almi till\u00e4mpar individuell r\u00e4ntes\u00e4ttning efter riskbed\u00f6mning. Dessutom uppger man sj\u00e4lva att r\u00e4ntorna ligger p\u00e5 en h\u00f6gre niv\u00e5 \u00e4n bankernas, detta bland annat f\u00f6r att man inte vill konkurrera med den befintliga privata marknaden. Almi F\u00f6retagspartner AB (Almi) \u00e4r ett svenskt statligt \u00e4gt bolag grundat 1994.<\/p>\n<p><strong>Krav:<\/strong><\/p>\n<ul>\n<li>Minst 20 \u00e5r gammal.<\/li>\n<li>F\u00f6retag med upp till 250 anst\u00e4llda.<\/li>\n<li>Svenskt eller nordiskt medborgarskap alt. permanent uppeh\u00e5llstillst\u00e5nd.<\/li>\n<\/ul>\n<p><strong>S\u00e4kerhet:<\/strong><br \/>\nFr\u00e4mst f\u00f6retagsinteckning och\/eller ett \u00f6verhypotek. I vissa fall personlig borgen, men d\u00e5 anpassad efter storleken efter borgensmannens betalningsf\u00f6rm\u00e5ga.<\/p>\n<\/div>\n<\/div>\n<\/div>\n<div class=\"section-color\">\n<div class=\"row\">\n<div class=\"feature-item col-lg-6 col-sm-6 wow slideInUp\">\n<h3 id=\"almi-mikrolan\">Almi Mikrol\u00e5n<\/h3>\n<p>Ett enklare l\u00e5n speciellt framtaget f\u00f6r f\u00f6retag i uppstartsfasen. Detta \u00e4r det enda Almi-l\u00e5n som t\u00e4cker hela kapitalbehovet. L\u00e5na upp till 200.000 kr i maximalt 6 \u00e5r. R\u00e4ntan s\u00e4tts individuellt och en uppl\u00e4ggningsavgift 500 kr tillkommer. L\u00e5net \u00e4r amorteringsfritt de f\u00f6rsta 12 m\u00e5naderna.<\/p>\n<p>OBS! Personlig borgen kr\u00e4vs motsvarande 10% av l\u00e5nebeloppet.<\/p>\n<p class=\"kapitel\">Almi Mikrol\u00e5n<\/p>\n<ul id=\"navlist\">\n<li>Belopp: Upp till 200.000 kr<\/li>\n<li>L\u00f6ptid: max 72 m\u00e5n<\/li>\n<li>Individuell r\u00e4nta ca 5%\u20139%<\/li>\n<li>Uppl\u00e4ggningsavgift: 500 kr<\/li>\n<\/ul>\n<\/div>\n<div class=\"feature-item col-lg-6 col-sm-6 wow slideInUp\">\n<p class=\"kapitel\">Ans\u00f6kan<\/p>\n<ul id=\"navlist\">\n<li>Ans\u00f6ka med BankID eller underteckna manuellt<\/li>\n<li>Utbetalning tar upp till 3-5 veckor<\/li>\n<\/ul>\n<\/div>\n<\/div>\n<\/div>\n<p><span style=\"color: #00529c; font-size: 16pt;\">Villkor:<\/span><\/p>\n<table>\n<tbody>\n<tr>\n<td bgcolor=\"#000\"><span style=\"color: #fff;\">R\u00e4nta<\/span><\/td>\n<td>Snittr\u00e4nta ca 5%\u20139% (Tillv\u00e4xtl\u00e5net 5,5%) *R\u00e4ntan s\u00e4tts individuellt.<\/td>\n<\/tr>\n<tr>\n<td bgcolor=\"#000\"><span style=\"color: #fff;\">Uppl\u00e4ggningsavgift<\/span><\/td>\n<td>500 kr.<\/td>\n<\/tr>\n<tr>\n<td bgcolor=\"#000\"><span style=\"color: #fff;\">Borgens\u00e5tagande<\/span><\/td>\n<td>Fr\u00e4mst f\u00f6retagsinteckning och\/eller ett \u00f6verhypotek. Mikrol\u00e5net kr\u00e4ver personlig borgen som motsvarar 10% av l\u00e5nebeloppet.<\/td>\n<\/tr>\n<tr>\n<td bgcolor=\"#000\"><span style=\"color: #fff;\">F\u00f6rtidsinl\u00f6sen<\/span><\/td>\n<td>Kan g\u00f6ras n\u00e4r som helst. \u00c4ven extraamorteringar kan g\u00f6ras.<\/td>\n<\/tr>\n<tr>\n<td bgcolor=\"#000\"><span style=\"color: #fff;\">Betalningsanm\u00e4rkning<\/span><\/td>\n<td>Almi till\u00e5ter inte l\u00e5n med betalningsanm\u00e4rkning eller skulder hos kronofogden.<\/td>\n<\/tr>\n<\/tbody>\n<\/table>\n<p><span style=\"color: #00529c; font-size: 16pt;\">Krav p\u00e5 f\u00f6retag som s\u00f6ker:<\/span><\/p>\n<table>\n<tbody>\n<tr>\n<td bgcolor=\"#000\"><span style=\"color: #fff;\">Oms\u00e4ttning<\/span><\/td>\n<td>Inget krav.<\/td>\n<\/tr>\n<tr>\n<td bgcolor=\"#000\"><span style=\"color: #fff;\">Historik<\/span><\/td>\n<td>\u00c4ven nystartade f\u00f6retag kan l\u00e5na.<\/td>\n<\/tr>\n<tr>\n<td bgcolor=\"#000\"><span style=\"color: #fff;\">\u00c4garskap<\/span><\/td>\n<td>Icke EU-medborgare ska ha permanent uppeh\u00e5llstillst\u00e5nd och EU-medborgare ska ha uppeh\u00e5llsr\u00e4tt eller vara nordisk medborgare.<\/td>\n<\/tr>\n<tr>\n<td bgcolor=\"#000\"><span style=\"color: #fff;\">F\u00f6retagsadress<\/span><\/td>\n<td>Det skall finnas en fysisk placering av f\u00f6retaget.<\/td>\n<\/tr>\n<tr>\n<td bgcolor=\"#000\"><span style=\"color: #fff;\">F\u00f6retagsbank<\/span><\/td>\n<td>Bankkonto kopplat till f\u00f6retaget kr\u00e4vs.<\/td>\n<\/tr>\n<\/tbody>\n<\/table>\n<p><span style=\"color: #00529c; font-size: 16pt;\">F\u00f6ljande information\/dokumentation beh\u00f6vs:<\/span><\/p>\n<ul>\n<li>Org.nummer<\/li>\n<li>Personnummer<\/li>\n<li>Giltig svensk legitimation<\/li>\n<li>Aff\u00e4rsplan och Projektplan bifogas<\/li>\n<\/ul>\n<hr \/>\n<h3 id=\"brygglan\">Bryggl\u00e5n<\/h3>\n<p>Mitt under p\u00e5g\u00e5ende Coronakris lanserar Almi ett skr\u00e4ddarsytt bryggl\u00e5n som skall hj\u00e4lpa sm\u00e5f\u00f6retag och Startups som drabbats av akut likviditetsbrist orsakat av pl\u00f6tsliga int\u00e4ktsbortfall. Almis bryggl\u00e5n v\u00e4nder sig till sm\u00e5 och medelstora f\u00f6retag samt nyetablerade Startups som drabbats av Coronakrisen och d\u00e4rf\u00f6r beh\u00f6ver s\u00f6ka externt finansiellt kapital.<\/p>\n<h5>Villkor f\u00f6r Almis nya Bryggl\u00e5n<\/h5>\n<p><strong>Belopp<\/strong>: Best\u00e4ms individuellt efter dialog (Startups kan l\u00e5na upp till 500 000 kr)<br \/>\n<strong>L\u00f6ptid<\/strong>: 12 m\u00e5nader.<br \/>\n<strong>R\u00e4nta<\/strong>: Som h\u00f6gst 4,95%, individuell r\u00e4ntes\u00e4ttning till\u00e4mpas.<br \/>\n<strong>Uppl\u00e4ggningsavgift<\/strong>: Ingen.<br \/>\n<strong>S\u00e4kerhet<\/strong>: F\u00f6retagsinteckningar och \u00e4garborgen (oftast motsvarande 10-20% av l\u00e5nebeloppet).<\/p>\n<ul>\n<li>Individuell kreditpr\u00f6vning och genomg\u00e5ng av vilka <a href=\"https:\/\/firmalan.com\/sv\/sakerheter\/\">s\u00e4kerheter som kan anv\u00e4ndas<\/a>.<\/li>\n<li>M\u00f6jlighet att f\u00e5 anst\u00e5nd med r\u00e4ntebetalningar och amorteringsfrihet i upp till 12 m\u00e5nader.<\/li>\n<\/ul>\n<p><span style=\"color: #f4f4f4;\"><strong><a class=\"btn btn-theme-primary btn-lg\" style=\"color: #f4f4f4;\" title=\"\u27a4 Kompar\" href=\"https:\/\/www.almi.se\/vara-tjanster\/tjanster\/lan-och-ovrig-finansiering\/brygglan\/\" target=\"_blank\" rel=\"nofollow noopener noreferrer\">\u27a4 Ans\u00f6k om bryggl\u00e5n <\/a><\/strong><\/span><\/p>\n<p>Almi erbjuder \u00e4ven r\u00e5dgivning till f\u00f6retag nedan hittar du en l\u00e4nk med kontaktuppgifter till Almis f\u00f6retagsr\u00e5dgivare:<\/p>\n<p><a href=\"https:\/\/www.almi.se\/om-almi\/kontakt\/vara-radgivare\/\">Kontaktuppgifter Almis f\u00f6retagsr\u00e5dgivare<\/a><\/p>\n<h3 id=\"foretagslan\">F\u00f6retagsl\u00e5n<\/h3>\n<p>Riktar sig till sm\u00e5 och medelstora f\u00f6retag verksamma inom alla typer av branscher. Normalt kan Almi f\u00f6retagsl\u00e5n st\u00e5 f\u00f6r omkring 30% av kapitalbehovet, banken g\u00e5r in med 30% och entrepren\u00f6ren sj\u00e4lv 30 %.<\/p>\n<p>Det finns inga formella begr\u00e4nsningar f\u00f6r Almi f\u00f6retagsl\u00e5n, det inneb\u00e4r att l\u00e5nestorleken anpassas efter behov och betalningsf\u00f6rm\u00e5ga. Likas\u00e5 varierar r\u00e4ntan baserat p\u00e5 risk, i dagsl\u00e4get ligger r\u00e4ntorna normalt inom intervallet 5% \u2013 9%.<\/p>\n<h3 id=\"innovationslan\">Innovationsl\u00e5n<\/h3>\n<p>L\u00e4gsta s\u00f6kbara l\u00e5nebelopp 50000 kr. Innovationsl\u00e5net st\u00e4ller krav p\u00e5 medfinansiering. F\u00f6r belopp upp till 300 000 kr kan den ske med budgeterad nedlagd tid i projektet d\u00e4r varje ber\u00e4knad timme \u00e4r v\u00e4rd 250 kr.<br \/>\nF\u00f6r l\u00e5nebelopp \u00f6ver 300 000 kr skall h\u00e4lften av medfinansieringen vara i form av kapital. Kom ih\u00e5g att bifoga aff\u00e4rsplan och projektplan i samband med ans\u00f6kan.<\/p>\n<h3 id=\"tillvaxtlanet\">Tillv\u00e4xtl\u00e5net<\/h3>\n<p>En mycket popul\u00e4r l\u00e5neform d\u00e4r f\u00f6rm\u00e5nligare villkor kan erbjudas tack vare garantier fr\u00e5n den Europeiska Investeringsfonden.<\/p>\n<p>&#8211; Genomsnittlig r\u00e4nteniv\u00e5 p\u00e5 ungef\u00e4r 5,5 procent.<br \/>\n&#8211; L\u00e5net kan anv\u00e4ndas till investeringar eller som r\u00f6relsekapital.<\/p>\n<h3 id=\"exportlanet\">Exportl\u00e5net<\/h3>\n<p>\u00c4r en specialiserad finansieringsform som v\u00e4nder sig till f\u00f6retag som vill verkar p\u00e5 internationella marknader och bedriver exportverksamhet. Exportl\u00e5net fungerar p\u00e5 samma s\u00e4tt som f\u00f6retagsl\u00e5net med den skillnad att de l\u00e5nade beloppet kan betalas ut i en utl\u00e4ndsk valuta.<\/p>\n<h3 id=\"fordelar-och-nackdelar-med-almi-finansiering\">F\u00f6rdelar och nackdelar med Almi finansiering<\/h3>\n<p><strong>Positivt<\/strong><\/p>\n<p>+ \u00c4ven nystartade f\u00f6retag kan l\u00e5na pengar<br \/>\n+ Fastighet kan i vissa fall anv\u00e4nds som s\u00e4kerhet f\u00f6r l\u00e5n<br \/>\n+ Konkurshistorik inte n\u00f6dv\u00e4ndigtvis ett hinder<\/p>\n<p><strong>Negativt<\/strong><\/p>\n<p>&#8211; L\u00e5ngsam utbetalning tar upp till 3-5 veckor innan utbetalningen sker<br \/>\n&#8211; Almi st\u00e5r maximalt f\u00f6r 80 % av det totala kapitalbehovet, medfinansiering \u00e4r ett krav vid st\u00f6rre belopp<\/p>\n<h3>Almi trendspaning 2019<\/h3>\n<p><iframe loading=\"lazy\" src=\"https:\/\/www.youtube.com\/embed\/2KFRHYV9RPo\" width=\"90%\" height=\"90%\" frameborder=\"0\" allowfullscreen=\"allowfullscreen\"><\/iframe><br \/>\n1 &#8211; Annonsblockare (Ad-blockers) blir allt vanligare d\u00e4rf\u00f6r g\u00e4ller det att ist\u00e4llet satsa p\u00e5 att skapa och erbjuda kvalitativ inneh\u00e5ll (content). Var personlig och transparent, tillit \u00e4r A och O.<br \/>\n2 &#8211; Social h\u00e5llbarhet &#8211; Konsumtion kan kombineras med ett h\u00f6gre syfte, \u00e5tervinn och fokusera p\u00e5 de viktiga milj\u00f6fr\u00e5gorna.<br \/>\n3 &#8211; Flytta ut din butik p\u00e5 n\u00e4tet &#8211; Trenden med fysiska butiker som flyttar ut online forts\u00e4tter, E-handel kan \u00f6ka din f\u00f6rs\u00e4ljning men det beh\u00f6ver inte betyda att den fysiska butiken f\u00f6rsvinner.<br \/>\n4 &#8211; Tillg\u00e4nglig kundservice &#8211; I takt med att allt fler aff\u00e4rer g\u00f6rs p\u00e5 webben \u00f6kar \u00e4ven kundernas krav p\u00e5 service, chatta med dina kunder och var tillg\u00e4nglig n\u00e4r behov uppst\u00e5r.<\/p>\n<h4>\u00d6PPETTIDER KUNDTJ\u00c4NST:<\/h4>\n<table class=\"table table-striped\" border=\"0\">\n<tbody>\n<tr>\n<td valign=\"top\" width=\"150\">M\u00e5ndag \u2013 Fredagar<\/td>\n<td valign=\"top\" width=\"100\">09:00-12:00 och 13:00-16:00<\/td>\n<\/tr>\n<tr>\n<td valign=\"top\" width=\"150\">Helg<\/td>\n<td valign=\"top\" width=\"100\">St\u00e4ngt<\/td>\n<\/tr>\n<\/tbody>\n<\/table>\n<blockquote><p>Telefon: 0771-55 85 00<br \/>\nE-mail: <a href=\"mailto:info.lanadm@almi.se\">info.lanadm@almi.se<\/a><\/p><\/blockquote>\n<blockquote class=\"theme\"><p>Almi F\u00f6retagspartner AB<\/p>\n<h4>ADRESS:<\/h4>\n<p>KLARABERGSVIADUKTEN 70<br \/>\n111 64 Stockholm<br \/>\nStockholms l\u00e4n<br \/>\nOrg. nr: 556481-6204<\/p><\/blockquote>\n","protected":false},"excerpt":{"rendered":"<p>Inneh\u00e5ll Om Almi Almi mikrol\u00e5n Coronakrisen Almi Bryggl\u00e5n F\u00f6retagsl\u00e5n Innovationsl\u00e5n Exportl\u00e5net F\u00f6rdelar och nackdelar med Almi finansiering Om Almi Oavsett inom vilken bransch du verkar, kan Almi hj\u00e4lpa till med &#8230;<\/p>\n","protected":false},"author":1,"featured_media":564,"parent":164,"menu_order":3,"comment_status":"open","ping_status":"closed","template":"template-fullwidth.php","meta":{"footnotes":""},"class_list":["post-563","page","type-page","status-publish","has-post-thumbnail","hentry"],"_links":{"self":[{"href":"https:\/\/firmalan.com\/sv\/wp-json\/wp\/v2\/pages\/563","targetHints":{"allow":["GET"]}}],"collection":[{"href":"https:\/\/firmalan.com\/sv\/wp-json\/wp\/v2\/pages"}],"about":[{"href":"https:\/\/firmalan.com\/sv\/wp-json\/wp\/v2\/types\/page"}],"author":[{"embeddable":true,"href":"https:\/\/firmalan.com\/sv\/wp-json\/wp\/v2\/users\/1"}],"replies":[{"embeddable":true,"href":"https:\/\/firmalan.com\/sv\/wp-json\/wp\/v2\/comments?post=563"}],"version-history":[{"count":15,"href":"https:\/\/firmalan.com\/sv\/wp-json\/wp\/v2\/pages\/563\/revisions"}],"predecessor-version":[{"id":566,"href":"https:\/\/firmalan.com\/sv\/wp-json\/wp\/v2\/pages\/563\/revisions\/566"}],"up":[{"embeddable":true,"href":"https:\/\/firmalan.com\/sv\/wp-json\/wp\/v2\/pages\/164"}],"wp:featuredmedia":[{"embeddable":true,"href":"https:\/\/firmalan.com\/sv\/wp-json\/wp\/v2\/media\/564"}],"wp:attachment":[{"href":"https:\/\/firmalan.com\/sv\/wp-json\/wp\/v2\/media?parent=563"}],"curies":[{"name":"wp","href":"https:\/\/api.w.org\/{rel}","templated":true}]}}