{"id":538,"date":"2018-11-07T14:11:00","date_gmt":"2018-11-07T13:11:00","guid":{"rendered":"https:\/\/firmalan.com\/sv\/?page_id=538"},"modified":"2020-07-22T06:16:15","modified_gmt":"2020-07-22T04:16:15","slug":"zmarta","status":"publish","type":"page","link":"https:\/\/firmalan.com\/sv\/lana-pengar\/zmarta\/","title":{"rendered":"Zmarta"},"content":{"rendered":"<div class=\"section-content\">\n<div class=\"row\">\n<div class=\"feature-item col-lg-6 col-sm-6 wow slideInUp\">\n<div class=\"feature-media\"><img decoding=\"async\" src=\"https:\/\/firmalan.com\/sv\/wp-content\/uploads\/logo\/zmarta.png\" \/><\/div>\n<\/div>\n<div class=\"feature-item col-lg-6 col-sm-6 wow slideInUp\">\n<p>Den mycket framg\u00e5ngsrika l\u00e5nef\u00f6rmedlare Zmarta har l\u00e4nge enbart erbjudit tj\u00e4nster inom privatekonomi, nu har man \u00e4ven tagit klivit in f\u00f6retagsl\u00e5nebranschen. Zmarta finns i Sverige, Norge och Finland och har totalt 200 medarbetare vid fyra olika kontor.Tj\u00e4nsten som Zmarta kan erbjuda sina f\u00f6retagskunder ger enskilda firmor s\u00e5 v\u00e4l som aktiebolag m\u00f6jlighet att l\u00e5na upp 5.000.000 kr. J\u00e4mf\u00f6r flera l\u00e5ngivare p\u00e5 samma ans\u00f6kan och endast en kreditupplysning hos UC. I dagsl\u00e4get samarbetar Zmarta med f\u00f6ljande 6 st olika f\u00f6retagsl\u00e5n: <a href=\"https:\/\/firmalan.com\/sv\/lana-pengar\/aros-kapital\/\">Aros Kapital<\/a>,<a href=\"https:\/\/firmalan.com\/sv\/lana-pengar\/balanzia\/\">Balanzia<\/a>,<a href=\"https:\/\/firmalan.com\/sv\/lana-pengar\/capitalbox\/\">Capitalbox<\/a>,<a href=\"https:\/\/firmalan.com\/sv\/lana-pengar\/froda\/\">Froda<\/a>,<a href=\"https:\/\/firmalan.com\/sv\/lana-pengar\/opr\/\">OPR-F\u00f6retagsl\u00e5n<\/a>,<a href=\"https:\/\/firmalan.com\/sv\/lana-pengar\/qred\/\">Qred<\/a>.<\/p>\n<p>R\u00e4ntesatserna varierar beroende p\u00e5 l\u00e5ngivare. Om andra ytterligare kostnader s\u00e5 som uppl\u00e4ggningsavgifter eller avi-kostnader f\u00f6rekommer skall detta tydligt st\u00e5 angivet i l\u00e5neerbjudandet. Normalt sker \u00e5terbetalning av l\u00e5net genom m\u00e5nadsvis amortering och r\u00e4ntan ligger vanligtvis inom intervallet \u00a00,8 % &#8211; 4,2 % per m\u00e5nad.<\/p>\n<p>Zmarta f\u00f6retagsl\u00e5n erbjuds till samtliga bolagsformer d\u00e4r den prim\u00e4ra m\u00e5lgruppen \u00e4r f\u00f6retag med 0-9 anst\u00e4llda inom tj\u00e4nstebranscher exempelvis restaurang eller fris\u00f6r samt byggbranschen. Detta \u00e4r ett likviditetsl\u00e5n som exempelvis kan anv\u00e4ndas till ink\u00f6p av inventarier och marknadsf\u00f6ring, att anst\u00e4lla personal eller bekosta l\u00f6pande utgifter.<\/p>\n<\/div>\n<\/div>\n<\/div>\n<div class=\"section-color\">\n<div class=\"row\">\n<div class=\"feature-item col-lg-6 col-sm-6 wow slideInUp\">\n<h4 class=\"kapitel\">Zmarta f\u00f6retagsl\u00e5n<\/h4>\n<ul id=\"navlist\">\n<li>Belopp: 20.000-5.000.000 kr<\/li>\n<li>L\u00f6ptid: 1-60 m\u00e5n<\/li>\n<li>R\u00e4nta: \u00a00,8 % &#8211; 4,2 % per m\u00e5nad.<\/li>\n<\/ul>\n<\/div>\n<div class=\"feature-item col-lg-6 col-sm-6 wow slideInUp\">\n<p class=\"kapitel\">Ans\u00f6kan<\/p>\n<ul id=\"navlist\">\n<li>Snabb ans\u00f6kan med BankID<\/li>\n<li>F\u00e5 l\u00e5nesvar inom en timme<\/li>\n<li>Godk\u00e4nnande efter individuell pr\u00f6vning<\/li>\n<\/ul>\n<\/div>\n<\/div>\n<\/div>\n<p><span style=\"color: #00529c; font-size: 16pt;\">Villkor:<\/span><\/p>\n<table>\n<tbody>\n<tr>\n<td bgcolor=\"#000\"><span style=\"color: #ffffff;\">R\u00e4nta<\/span><\/td>\n<td>M\u00e5nadsr\u00e4nta:\u00a00,8 % &#8211; 4,2 %.<\/td>\n<\/tr>\n<tr>\n<td bgcolor=\"#000\"><span style=\"color: #ffffff;\">Uppl\u00e4ggningsavgift<\/span><\/td>\n<td>Kan f\u00f6rekomma.<\/td>\n<\/tr>\n<tr>\n<td bgcolor=\"#000\"><span style=\"color: #ffffff;\">Borgens\u00e5tagande<\/span><\/td>\n<td>Ingen uppgift.<\/td>\n<\/tr>\n<tr>\n<td bgcolor=\"#000\"><span style=\"color: #ffffff;\">F\u00f6rtidsinl\u00f6sen<\/span><\/td>\n<td>Ja, men somliga l\u00e5ngivare kan ta ut en extra avgift.<\/td>\n<\/tr>\n<tr>\n<td bgcolor=\"#000\"><span style=\"color: #ffffff;\">Betalningsanm\u00e4rkning<\/span><\/td>\n<td>Uppgift saknas.<\/td>\n<\/tr>\n<\/tbody>\n<\/table>\n<p><span style=\"color: #00529c; font-size: 16pt;\">Krav p\u00e5 f\u00f6retag som s\u00f6ker:<\/span><\/p>\n<table>\n<tbody>\n<tr>\n<td bgcolor=\"#000\"><span style=\"color: #ffffff;\">Oms\u00e4ttning<\/span><\/td>\n<td>Uppgift saknas.<\/td>\n<\/tr>\n<tr>\n<td bgcolor=\"#000\"><span style=\"color: #ffffff;\">Historik<\/span><\/td>\n<td>Oftast kr\u00e4vs att f\u00f6retaget har varit registrerat och aktivt i minst 6 m\u00e5nader samt har god kreditv\u00e4rdighet.<\/td>\n<\/tr>\n<tr>\n<td bgcolor=\"#000\"><span style=\"color: #ffffff;\">\u00c4garskap<\/span><\/td>\n<td>Svenska aktiebolag, handelsbolag, kommanditbolag och enskilda firmor kan ans\u00f6ka om l\u00e5n<\/td>\n<\/tr>\n<tr>\n<td bgcolor=\"#000\"><span style=\"color: #ffffff;\">F\u00f6retagsadress<\/span><\/td>\n<td>Verksamheten m\u00e5ste vara registrerad hos bolagsverket i Sverige.<\/td>\n<\/tr>\n<\/tbody>\n<\/table>\n<p><span style=\"color: #00529c; font-size: 16pt;\">F\u00f6ljande information\/dokumentation beh\u00f6vs:<\/span><\/p>\n<ul>\n<li>Du skall ha namnteckningsr\u00e4tt i f\u00f6retaget ensam eller tillsammans annan person<\/li>\n<li>Tillg\u00e5ng till BankID eller mobilt BankID<\/li>\n<li>F\u00f6retagets faktureringsuppgifter samt bankkontonummer<\/li>\n<li>Namn p\u00e5 och e-postadresser till ansvariga personer och borgensm\u00e4n.<\/li>\n<\/ul>\n<p><span style=\"color: #f4f4f4;\"><strong><a class=\"btn btn-theme-primary btn-lg\" style=\"color: #f4f4f4;\" title=\"\u27a4 Zmarta\" href=\"https:\/\/firmalan.com\/sv\/go\/zmarta\/\" target=\"_blank\" rel=\"nofollow noopener noreferrer\">\u27a4 G\u00e5 Till Zmarta F\u00f6retagsl\u00e5n<\/a><\/strong><\/span><\/p>\n<p>&nbsp;<\/p>\n<h4>\u00d6PPETTIDER KUNDTJ\u00c4NST:<\/h4>\n<table class=\"table table-striped\" border=\"0\">\n<tbody>\n<tr>\n<td valign=\"top\" width=\"150\">M\u00e5ndag \u2013 Fredag<\/td>\n<td valign=\"top\" width=\"100\">Alltid \u00f6ppet<\/td>\n<\/tr>\n<tr>\n<td valign=\"top\" width=\"150\">Helg<\/td>\n<td valign=\"top\" width=\"100\">Alltid \u00f6ppet<\/td>\n<\/tr>\n<\/tbody>\n<\/table>\n<blockquote><p>Telefon: 0771-47 48 49<br \/>\nE-mail: <a href=\"mailto:info@zmarta.se\">info@zmarta.se<\/a><\/p><\/blockquote>\n<blockquote class=\"theme\"><p>Freedom Finance Kreditservice AB<\/p>\n<h4>ADRESS:<\/h4>\n<p>POLISGATAN 4<br \/>\n262 79 \u00c4ngelholm<br \/>\nSk\u00e5ne l\u00e4n<br \/>\nOrg. nr: 556647-0737<\/p><\/blockquote>\n","protected":false},"excerpt":{"rendered":"<p>Den mycket framg\u00e5ngsrika l\u00e5nef\u00f6rmedlare Zmarta har l\u00e4nge enbart erbjudit tj\u00e4nster inom privatekonomi, nu har man \u00e4ven tagit klivit in f\u00f6retagsl\u00e5nebranschen. Zmarta finns i Sverige, Norge och Finland och har totalt &#8230;<\/p>\n","protected":false},"author":1,"featured_media":543,"parent":164,"menu_order":53,"comment_status":"open","ping_status":"closed","template":"template-fullwidth.php","meta":{"footnotes":""},"class_list":["post-538","page","type-page","status-publish","has-post-thumbnail","hentry"],"_links":{"self":[{"href":"https:\/\/firmalan.com\/sv\/wp-json\/wp\/v2\/pages\/538","targetHints":{"allow":["GET"]}}],"collection":[{"href":"https:\/\/firmalan.com\/sv\/wp-json\/wp\/v2\/pages"}],"about":[{"href":"https:\/\/firmalan.com\/sv\/wp-json\/wp\/v2\/types\/page"}],"author":[{"embeddable":true,"href":"https:\/\/firmalan.com\/sv\/wp-json\/wp\/v2\/users\/1"}],"replies":[{"embeddable":true,"href":"https:\/\/firmalan.com\/sv\/wp-json\/wp\/v2\/comments?post=538"}],"version-history":[{"count":9,"href":"https:\/\/firmalan.com\/sv\/wp-json\/wp\/v2\/pages\/538\/revisions"}],"predecessor-version":[{"id":2395,"href":"https:\/\/firmalan.com\/sv\/wp-json\/wp\/v2\/pages\/538\/revisions\/2395"}],"up":[{"embeddable":true,"href":"https:\/\/firmalan.com\/sv\/wp-json\/wp\/v2\/pages\/164"}],"wp:featuredmedia":[{"embeddable":true,"href":"https:\/\/firmalan.com\/sv\/wp-json\/wp\/v2\/media\/543"}],"wp:attachment":[{"href":"https:\/\/firmalan.com\/sv\/wp-json\/wp\/v2\/media?parent=538"}],"curies":[{"name":"wp","href":"https:\/\/api.w.org\/{rel}","templated":true}]}}