{"id":523,"date":"2018-05-07T08:37:00","date_gmt":"2018-05-07T06:37:00","guid":{"rendered":"https:\/\/firmalan.com\/sv\/?page_id=523"},"modified":"2020-06-28T08:37:02","modified_gmt":"2020-06-28T06:37:02","slug":"aros-kapital","status":"publish","type":"page","link":"https:\/\/firmalan.com\/sv\/lana-pengar\/aros-kapital\/","title":{"rendered":"Aros Kapital"},"content":{"rendered":"<div class=\"section-content\">\n<div class=\"row\">\n<div class=\"feature-item col-lg-6 col-sm-6 wow slideInUp\">\n<div class=\"feature-media\"><img decoding=\"async\" src=\"https:\/\/firmalan.com\/sv\/wp-content\/uploads\/logo\/aros-kapital.png\" \/><\/div>\n<\/div>\n<div class=\"feature-item col-lg-6 col-sm-6 wow slideInUp\">\n<p>Aros Kapital beskriver sig sj\u00e4lva som experter p\u00e5 f\u00f6retagsfinansiering f\u00f6r sm\u00e5 och medelstora f\u00f6retag. I tj\u00e4nstportf\u00f6ljen \u00e5terfinns f\u00f6rutom f\u00f6retagsl\u00e5n \u00e4ven fakturak\u00f6p, fakturabel\u00e5ning, inkassotj\u00e4nster, sparande samt specialiserad juridisk r\u00e5dgivning f\u00f6r f\u00f6retagare.  Aros \u00e4r inte en bank utan arbetar ist\u00e4llet utifr\u00e5n ett kreditmarknadstillst\u00e5nd utf\u00e4rdat av Finansinspektionen och sparformerna \u00e4r anslutna till Riksg\u00e4ldens ins\u00e4ttningsgaranti.<\/p>\n<h5>Aros F\u00f6retagsl\u00e5n Direkt<\/h5>\n<p>Tyv\u00e4rr \u00e4r informationen p\u00e5 aroskapital.se ganska bristf\u00e4llig och kan i vissa fall uppfattas som mots\u00e4gelsefull. N\u00e4r Aros beskriver sitt f\u00f6retagsl\u00e5n, uppger man att det inte finns n\u00e5got maximalt l\u00e5nebelopp utan att varje ans\u00f6kan behandlas individuellt d\u00e4r rimlig l\u00e5nestorlek best\u00e4ms efter grundlig bed\u00f6mning. Samtidigt \u00e4r det endast m\u00f6jligt att p\u00e5 hemsidan ans\u00f6ka om Aros F\u00f6retagsl\u00e5n direkt, d\u00e4r det st\u00e5r att det g\u00e5r att l\u00e5na upp till 1.000.000 kr. F\u00f6rmodligen \u00e4r det s\u00e5 att m\u00f6jligheten finns att \u00e4ven s\u00f6ka st\u00f6rre belopp, men d\u00e5 m\u00e5ste man f\u00f6rst kontakta kundtj\u00e4nst.  F\u00f6r f\u00f6retagsl\u00e5n upp till 600.000 kr kr\u00e4vs ingen borgen eller annan s\u00e4kerhet. Besked p\u00e5 ans\u00f6kan ges normalt direkt n\u00e4r l\u00e5net beviljas. \u00c5terbetalning sker genom m\u00e5nadsvis amortering och r\u00e4ntan ligger vanligtvis inom intervallet 8%-13% i nominell \u00e5rsr\u00e4nta (0,8-1,4% per m\u00e5nad). Uppl\u00e4ggningsavgift tillkommer 995 kr f\u00f6r l\u00e5n upp till 600 000 kr, 2% av l\u00e5nebeloppet f\u00f6r l\u00e5n \u00f6ver 600 000 kr. Chanserna att f\u00e5 l\u00e5na fr\u00e5n Aros Kapital \u00f6kar om ditt f\u00f6retag har funnits i minst tv\u00e5 \u00e5r eller mer, men det \u00e4r inte ett absolut krav. <\/p>\n<p><span style=\"color: #f4f4f4;\"><strong><a class=\"btn btn-theme-primary btn-lg\" style=\"color: #f4f4f4;\" title=\"\u27a4 Aros f\u00f6retag- l\u00e5n\" href=\"https:\/\/firmalan.com\/sv\/go\/lendo\/\" target=\"_blank\" rel=\"nofollow noopener noreferrer\">\u27a4 S\u00f6k Aros f\u00f6retagsl\u00e5n via Lendo<\/a><\/strong><\/span>\n<\/div>\n<\/div>\n<\/div>\n<div class=\"section-color\">\n<div class=\"row\">\n<div class=\"feature-item col-lg-6 col-sm-6 wow slideInUp\">\n<p class=\"kapitel\">F\u00f6retagskrediten<\/p>\n<ul id=\"navlist\">\n<li>Belopp: 30 000-1.000 000 kr<\/li>\n<li>L\u00f6ptid: 12-36%<\/li>\n<li>M\u00e5nadsr\u00e4nta:0,8%-1,4%.<\/li>\n<\/ul>\n<\/div>\n<div class=\"feature-item col-lg-6 col-sm-6 wow slideInUp\">\n<p class=\"kapitel\">Ans\u00f6kan<\/p>\n<ul id=\"navlist\">\n<li>Snabb ans\u00f6kan med BankID<\/li>\n<li>F\u00e5 l\u00e5nesvar inom en timme<\/li>\n<li>Godk\u00e4nnande efter individuell pr\u00f6vning<\/li>\n<li>Utbetalning inom 24 timmar<\/li>\n<\/ul>\n<\/div>\n<\/div>\n<\/div>\n<p><span style=\"color: #00529c; font-size: 16pt;\">Villkor:<\/span><\/p>\n<table>\n<tbody>\n<tr>\n<td bgcolor=\"#000\"><span style=\"color: #ffffff;\">R\u00e4nta<\/span><\/td>\n<td>\u00c5rsr\u00e4nta:8%-13%<br \/>M\u00e5nadsr\u00e4nta:0,8%-1,4%.<\/td>\n<\/tr>\n<tr>\n<td bgcolor=\"#000\"><span style=\"color: #ffffff;\">Uppl\u00e4ggningsavgift<\/span><\/td>\n<td>995 kr f\u00f6r l\u00e5n upp till 600 000 kr, 2% av l\u00e5nebeloppet f\u00f6r l\u00e5n \u00f6ver 600 000 kr.<\/td>\n<\/tr>\n<tr>\n<td bgcolor=\"#000\"><span style=\"color: #ffffff;\">Borgens\u00e5tagande<\/span><\/td>\n<td>Inget krav p\u00e5 borgen f\u00f6r l\u00e5nebelopp upp till 600.000 kr. F\u00f6r aktiebolag kr\u00e4vs att minst en person (juridisk\/fysisk) tecknar borgensf\u00f6rbindelse.<\/td>\n<\/tr>\n<tr>\n<td bgcolor=\"#000\"><span style=\"color: #ffffff;\">F\u00f6rtidsinl\u00f6sen<\/span><\/td>\n<td>Uppgift saknas.<\/td>\n<\/tr>\n<tr>\n<td bgcolor=\"#000\"><span style=\"color: #ffffff;\">Betalningsanm\u00e4rkning<\/span><\/td>\n<td>Till\u00e5ts inte.<\/td>\n<\/tr>\n<\/tbody>\n<\/table>\n<p><span style=\"color: #00529c; font-size: 16pt;\">Krav p\u00e5 f\u00f6retag som s\u00f6ker:<\/span><\/p>\n<table>\n<tbody>\n<tr>\n<td bgcolor=\"#000\"><span style=\"color: #ffffff;\">Oms\u00e4ttning<\/span><\/td>\n<td>Uppgift saknas.<\/td>\n<\/tr>\n<tr>\n<td bgcolor=\"#000\"><span style=\"color: #ffffff;\">Historik<\/span><\/td>\n<td>F\u00f6retaget har god kreditv\u00e4rdighet. F\u00f6retaget ska ha uppr\u00e4ttat minst ett bokslut och helst funnits i minst 2 \u00e5r.<\/td>\n<\/tr>\n<tr>\n<td bgcolor=\"#000\"><span style=\"color: #ffffff;\">\u00c4garskap<\/span><\/td>\n<td>Alla svenska aktiebolag, enskilda firmor, handelsbolag och kommanditbolag kan ans\u00f6ka om l\u00e5n<\/td>\n<\/tr>\n<tr>\n<td bgcolor=\"#000\"><span style=\"color: #ffffff;\">F\u00f6retagsadress<\/span><\/td>\n<td>Verksamheten \u00e4r registrerad hos bolagsverket i Sverige.<\/td>\n<\/tr>\n<\/tbody>\n<\/table>\n<p><span style=\"color: #00529c; font-size: 16pt;\">F\u00f6ljande information\/dokumentation beh\u00f6vs:<\/span><\/p>\n<ul>\n<li>Du skall ha namnteckningsr\u00e4tt i f\u00f6retaget ensam eller tillsammans annan person<\/li>\n<li>Tillg\u00e5ng till BankID eller mobilt BankID<\/li>\n<li>F\u00f6retagets faktureringsuppgifter samt bankkontonummer<\/li>\n<li>Namn p\u00e5 och e-postadresser till ansvariga personer och borgensm\u00e4n.<\/li>\n<\/ul>\n<hr \/>\n<h2>Aros \u00f6vriga tj\u00e4nster inom f\u00f6retagsfinansiering<\/h2>\n<h5>Fakturak\u00f6p<\/h5>\n<p>Likviditetsproblem uppst\u00e5r ofta till f\u00f6ljd av obetalda kundfakturor. Aros Kapital kan hj\u00e4lpa till att snabbt frig\u00f6ra dessa fodringar s\u00e5 att ert f\u00f6retag f\u00e5r tillg\u00e5ng till kapitalet direkt utan att beh\u00f6va v\u00e4nta p\u00e5 sega betalningar. Vid fakturak\u00f6p ser Aros Kapital till att ni f\u00e5r pengar direkt och tar sedan hela kreditrisken. Hur stor del av fakturav\u00e4rdet som betalas ut beror p\u00e5 viken typ av faktura som \u00e4r utst\u00e4lld samt vilken kreditrisk som f\u00f6religger.<\/p>\n<h5>Inkasso<\/h5>\n<p>Tillf\u00e4lliga eller \u00e5terkommande problem med kunder som inte betalar trots p\u00e5minnelse. Aros inkassotj\u00e4nst ser till att driva in pengarna och hanterar det n\u00f6dv\u00e4ndiga juridiska bitarna och pappersarbetet.<\/p>\n<h5>Leasing<\/h5>\n<p>Att k\u00f6pa in utrustning \u00e4r dyrt, ibland \u00e4r det b\u00e4ttre att hyra det man beh\u00f6ver. Hos Aros kan du f\u00e5 skr\u00e4ddarsydd f\u00f6rm\u00e5nliga leasingavtal inom i stort sett alla omr\u00e5den, d\u00e4r man utg\u00e5r fr\u00e5n konceptet &#8220;hos oss kan du leasa allt som g\u00e5r att leasa&#8221;.<\/p>\n<h5>Juridisk r\u00e5dgivning<\/h5>\n<p>De juridiska aspekterna f\u00f6rbises tyv\u00e4rr lite f\u00f6r ofta n\u00e4r man talar om f\u00f6retag och ekonomi, samtidigt \u00e4r juridiskt kunnande eller bristen p\u00e5 det samma ofta en helt avg\u00f6rande faktor f\u00f6r hur v\u00e4l ett f\u00f6retag lyckas sk\u00f6ta allt fr\u00e5n den l\u00f6pande bokf\u00f6ringen till b\u00e5ngstyriga och br\u00e5kiga kundkontakter. Aros besitter juridisk kompetens som g\u00e4rna bist\u00e5r i \u00e4renden som r\u00f6r bolagsr\u00e4tt, aff\u00e4rsjuridik och tvistem\u00e5lshantering.     <\/p>\n<h5>Sparkonto f\u00f6r f\u00f6retag<\/h5>\n<p>Aros Kapital kan erbjuda sparkonton f\u00f6r s\u00e5v\u00e4l privatpersoner som f\u00f6retag. Sparkonton f\u00f6r juridiska personer har en valbar bidningstid p\u00e5 0-12 m\u00e5n, f\u00f6retagskonto som skall anv\u00e4ndas som likvidkonto med helt fria uttag saknar r\u00e4nta. I \u00f6vrigt kan Aros erbjuda en inl\u00e5ningsr\u00e4nta p\u00e5 upp till 1,05 % per \u00e5r.<\/p>\n<h5>Fortnox F\u00f6retagsl\u00e5n<\/h5>\n<p><iframe loading=\"lazy\" width=\"90%\" height=\"50%\" src=\"https:\/\/www.youtube.com\/embed\/1yMUWjb9-hM\" frameborder=\"0\" allow=\"accelerometer; autoplay; encrypted-media; gyroscope; picture-in-picture\" allowfullscreen><\/iframe><\/p>\n<p>Sedan 2016 erbjuder Fortnox dotterbolag Nox Finans genom ett samarbete F\u00f6retagsl\u00e5n fr\u00e5n Aros Kapital. L\u00e5na upp till 600 000 kr med m\u00e5nadsr\u00e4nta, Fortnox-kunder kan f\u00e5 tillg\u00e5ng till frist kapital inom 1 bankdag. <\/p>\n<p>Aros Kapital samarbetar med ett stort antal finansiella partners bland annat Finqr, Zmarta Group samt Lendo.<\/p>\n<p>&nbsp;<\/p>\n<h4>\u00d6PPETTIDER KUNDTJ\u00c4NST:<\/h4>\n<table class=\"table table-striped\" border=\"0\">\n<tbody>\n<tr>\n<td valign=\"top\" width=\"150\">M\u00e5ndag \u2013 Torsdag<\/td>\n<td valign=\"top\" width=\"100\">8:30-12:00 &#038; 13:00-16:30<\/td>\n<\/tr>\n<tr>\n<td valign=\"top\" width=\"150\">Fredag<\/td>\n<td valign=\"top\" width=\"100\">8:30-12:00 &#038; 13:00-16:00<\/td>\n<\/tr>\n<tr>\n<td valign=\"top\" width=\"150\">Helg<\/td>\n<td valign=\"top\" width=\"100\">St\u00e4ngt<\/td>\n<\/tr>\n<\/tbody>\n<\/table>\n<blockquote><p>Telefon: 031-83 36 70<br \/>\nE-mail: <a href=\"mailto:info@aroskapital.se\">info@aroskapital.se<\/a><\/p><\/blockquote>\n<blockquote class=\"theme\"><p>Aros Kapital AB<\/p>\n<h4>ADRESS:<\/h4>\n<p>Johan p\u00e5 G\u00e5rdas Gata 5A<br \/>\n412 50 G\u00f6teborg<br \/>\nOrg. nr: 556669-3130<\/p><\/blockquote>\n","protected":false},"excerpt":{"rendered":"<p>Aros Kapital beskriver sig sj\u00e4lva som experter p\u00e5 f\u00f6retagsfinansiering f\u00f6r sm\u00e5 och medelstora f\u00f6retag. I tj\u00e4nstportf\u00f6ljen \u00e5terfinns f\u00f6rutom f\u00f6retagsl\u00e5n \u00e4ven fakturak\u00f6p, fakturabel\u00e5ning, inkassotj\u00e4nster, sparande samt specialiserad juridisk r\u00e5dgivning f\u00f6r f\u00f6retagare. &#8230;<\/p>\n","protected":false},"author":1,"featured_media":525,"parent":164,"menu_order":4,"comment_status":"open","ping_status":"closed","template":"template-fullwidth.php","meta":{"footnotes":""},"class_list":["post-523","page","type-page","status-publish","has-post-thumbnail","hentry"],"_links":{"self":[{"href":"https:\/\/firmalan.com\/sv\/wp-json\/wp\/v2\/pages\/523","targetHints":{"allow":["GET"]}}],"collection":[{"href":"https:\/\/firmalan.com\/sv\/wp-json\/wp\/v2\/pages"}],"about":[{"href":"https:\/\/firmalan.com\/sv\/wp-json\/wp\/v2\/types\/page"}],"author":[{"embeddable":true,"href":"https:\/\/firmalan.com\/sv\/wp-json\/wp\/v2\/users\/1"}],"replies":[{"embeddable":true,"href":"https:\/\/firmalan.com\/sv\/wp-json\/wp\/v2\/comments?post=523"}],"version-history":[{"count":14,"href":"https:\/\/firmalan.com\/sv\/wp-json\/wp\/v2\/pages\/523\/revisions"}],"predecessor-version":[{"id":2316,"href":"https:\/\/firmalan.com\/sv\/wp-json\/wp\/v2\/pages\/523\/revisions\/2316"}],"up":[{"embeddable":true,"href":"https:\/\/firmalan.com\/sv\/wp-json\/wp\/v2\/pages\/164"}],"wp:featuredmedia":[{"embeddable":true,"href":"https:\/\/firmalan.com\/sv\/wp-json\/wp\/v2\/media\/525"}],"wp:attachment":[{"href":"https:\/\/firmalan.com\/sv\/wp-json\/wp\/v2\/media?parent=523"}],"curies":[{"name":"wp","href":"https:\/\/api.w.org\/{rel}","templated":true}]}}