{"id":514,"date":"2018-04-05T09:08:00","date_gmt":"2018-04-05T07:08:00","guid":{"rendered":"https:\/\/firmalan.com\/sv\/?page_id=514"},"modified":"2020-04-04T09:21:38","modified_gmt":"2020-04-04T07:21:38","slug":"handelsbanken","status":"publish","type":"page","link":"https:\/\/firmalan.com\/sv\/lana-pengar\/handelsbanken\/","title":{"rendered":"Handelsbanken"},"content":{"rendered":"<p>Svenska Handelsbanken \u00e4r en ledande universalbank i Norden. Kundn\u00f6jdheten bland f\u00f6retagskunder ligger \u00f6ver medlet i branschen enligt Kvalitetsindex unders\u00f6kning 2017, d\u00e4r Handelsbanken ligger p\u00e5 en kundn\u00f6jdhet p\u00e5 67,5 j\u00e4mf\u00f6rt med snittet f\u00f6r branschen som ligger p\u00e5 61,8.<\/p>\n<p>Handelsbanken tillhandah\u00e5ller en m\u00e4ngd olika finansieringsalternativ anpassade efter behoven hos f\u00f6retagen. Bankl\u00e5n l\u00e4mpar sig v\u00e4l f\u00f6r bolag som vill expandera, renovera eller f\u00f6rnya verksamheten. L\u00e5na upp till 15.000.000 kr med fastighet, maskiner eller annan egendom som s\u00e4kerhet. Handelsbanken kan \u00e4ven erbjuda finansiering via leasing eller avbetalning, dessa avtal l\u00f6per \u00f6ver 12-36 m\u00e5nader, d\u00e4r avbetalning f\u00f6ruts\u00e4tter en kontantinsats 5000-70.000 kr.<\/p>\n<blockquote><p><span style=\"color: #ff0000;\">Coronatider<\/span>: Handelsbanken ger f\u00f6retagskunder m\u00f6jlighet att tillf\u00e4lligt s\u00e4nka sparpremien i Handelsbankens pensionstj\u00e4nster f\u00f6r egenf\u00f6retagare. D\u00e4remot saknas n\u00e5gon tydlig information kring huruvida f\u00f6retagskunder kan ans\u00f6ka om amorteringsbefrielse under p\u00e5g\u00e5ende pandemi. Vi uppmanar d\u00e4rf\u00f6r Handelsbankens f\u00f6retagskunder att sj\u00e4lva ta kontakt med kundtj\u00e4nst f\u00f6r att f\u00e5 information om vilka m\u00f6jligheter det finns att tillf\u00e4lligt pausa amorteringar kopplade till f\u00f6retagsfinansiering.<\/p><\/blockquote>\n<h5>Handelsbanken F\u00f6retagsl\u00e5n<\/h5>\n<table>\n<tbody>\n<tr>\n<td bgcolor=\"#000\"><span style=\"color: #ffffff;\">Belopp<\/span><\/td>\n<td>50.000-15.000.000 kr.<\/td>\n<\/tr>\n<tr>\n<td bgcolor=\"#000\"><span style=\"color: #ffffff;\">L\u00f6ptid<\/span><\/td>\n<td>3-7 \u00e5r.<\/td>\n<\/tr>\n<tr>\n<td bgcolor=\"#000\"><span style=\"color: #ffffff;\">Pengar p\u00e5 kontot<\/span><\/td>\n<td>Uppgift saknas.<\/td>\n<\/tr>\n<tr>\n<td bgcolor=\"#000\"><span style=\"color: #ffffff;\">R\u00e4nta<\/span><\/td>\n<td>R\u00e4nta och amortering. M\u00f6jlighet att dra av moms och g\u00f6r avskrivningar p\u00e5 investeringen.<\/td>\n<\/tr>\n<tr>\n<td bgcolor=\"#000\"><span style=\"color: #ffffff;\">Uppl\u00e4ggningsavgift<\/span><\/td>\n<td>Info saknas.<\/td>\n<\/tr>\n<tr>\n<td bgcolor=\"#000\"><span style=\"color: #ffffff;\">Borgens\u00e5tagande<\/span><\/td>\n<td>Kr\u00e4ver personlig borgensf\u00f6rbindelse alt. f\u00f6retagsinteckning.<\/td>\n<\/tr>\n<tr>\n<td bgcolor=\"#000\"><span style=\"color: #ffffff;\">F\u00f6rtidsinl\u00f6sen<\/span><\/td>\n<td>Uppgift saknas.<\/td>\n<\/tr>\n<tr>\n<td bgcolor=\"#000\"><span style=\"color: #ffffff;\">Betalningsanm\u00e4rkning<\/span><\/td>\n<td>Info om betalningsanm\u00e4rkning saknas.<\/td>\n<\/tr>\n<\/tbody>\n<\/table>\n<h5>Finansieringsalternativ hos Handelsbanken<\/h5>\n<p><strong>Kontokredit<\/strong> &#8211; en r\u00f6relsekredit som kopplas direkt till ditt f\u00f6retagskonto hos Handelsbanken, m\u00f6jlighet finns att f\u00e5 krediter i olika valutor. Betala endast f\u00f6r den del av krediten som du faktiskt utnyttjar.<\/p>\n<p><strong>Fakturabel\u00e5ning<\/strong> &#8211; L\u00e5na med kundfakturor som s\u00e4kerhet, fakturorna pants\u00e4tts och du f\u00e5r sedan tillg\u00e5ng till likvida medel genom kontokredit.<\/p>\n<p><strong>Leasing\/Avbetalning<\/strong> &#8211; skaffa ny utrustning och maskiner p\u00e5 avbetalning eller hyra dem genom Handelsbanken leasing. Inf\u00f6rskaffa f\u00f6retagsbilar genom leasing utan att kapital binds eller f\u00f6retaget beh\u00f6ver st\u00e5 f\u00f6r ink\u00f6pen.<\/p>\n<p><strong>Bankl\u00e5n<\/strong> &#8211; Kr\u00e4ver n\u00e5gon form av s\u00e4kerhet i f\u00f6rsta hand genom f\u00f6retagsinteckning eller borgen, men \u00e4ven varulager, maskiner eller inventarier kan fungera som s\u00e4kerhet. Momsavdrag kan g\u00f6ras samt avskrivningar p\u00e5 investeringen.<\/p>\n<p>*Uppdaterad 2018-05-08<\/p>\n<h4>\u00d6PPETTIDER KUNDTJ\u00c4NST:<\/h4>\n<table class=\"table table-striped\" border=\"0\">\n<tbody>\n<tr>\n<td valign=\"top\" width=\"150\">M\u00e5ndag \u2013 Fredagar<\/td>\n<td valign=\"top\" width=\"100\">00:00 \u2013 24:00<\/td>\n<\/tr>\n<tr>\n<td valign=\"top\" width=\"150\">L\u00f6rdag<\/td>\n<td valign=\"top\" width=\"100\">00:00 \u2013 24:00<\/td>\n<\/tr>\n<tr>\n<td valign=\"top\" width=\"150\">S\u00f6ndag<\/td>\n<td valign=\"top\" width=\"100\">00:00 \u2013 24:00<\/td>\n<\/tr>\n<\/tbody>\n<\/table>\n<blockquote><p>Telefon: 0771\u201123 40 00<\/p><\/blockquote>\n<blockquote class=\"theme\"><p>Svenska Handelsbanken AB<\/p>\n<h4>ADRESS:<\/h4>\n<p>111 47 Stockholm<br \/>\nStockholms l\u00e4n<br \/>\nOrg. nr: 502007-7862<\/p><\/blockquote>\n","protected":false},"excerpt":{"rendered":"<p>Svenska Handelsbanken \u00e4r en ledande universalbank i Norden. Kundn\u00f6jdheten bland f\u00f6retagskunder ligger \u00f6ver medlet i branschen enligt Kvalitetsindex unders\u00f6kning 2017, d\u00e4r Handelsbanken ligger p\u00e5 en kundn\u00f6jdhet p\u00e5 67,5 j\u00e4mf\u00f6rt med &#8230;<\/p>\n","protected":false},"author":1,"featured_media":515,"parent":164,"menu_order":26,"comment_status":"open","ping_status":"closed","template":"","meta":{"footnotes":""},"class_list":["post-514","page","type-page","status-publish","has-post-thumbnail","hentry"],"_links":{"self":[{"href":"https:\/\/firmalan.com\/sv\/wp-json\/wp\/v2\/pages\/514","targetHints":{"allow":["GET"]}}],"collection":[{"href":"https:\/\/firmalan.com\/sv\/wp-json\/wp\/v2\/pages"}],"about":[{"href":"https:\/\/firmalan.com\/sv\/wp-json\/wp\/v2\/types\/page"}],"author":[{"embeddable":true,"href":"https:\/\/firmalan.com\/sv\/wp-json\/wp\/v2\/users\/1"}],"replies":[{"embeddable":true,"href":"https:\/\/firmalan.com\/sv\/wp-json\/wp\/v2\/comments?post=514"}],"version-history":[{"count":9,"href":"https:\/\/firmalan.com\/sv\/wp-json\/wp\/v2\/pages\/514\/revisions"}],"predecessor-version":[{"id":2186,"href":"https:\/\/firmalan.com\/sv\/wp-json\/wp\/v2\/pages\/514\/revisions\/2186"}],"up":[{"embeddable":true,"href":"https:\/\/firmalan.com\/sv\/wp-json\/wp\/v2\/pages\/164"}],"wp:featuredmedia":[{"embeddable":true,"href":"https:\/\/firmalan.com\/sv\/wp-json\/wp\/v2\/media\/515"}],"wp:attachment":[{"href":"https:\/\/firmalan.com\/sv\/wp-json\/wp\/v2\/media?parent=514"}],"curies":[{"name":"wp","href":"https:\/\/api.w.org\/{rel}","templated":true}]}}