{"id":511,"date":"2018-04-04T16:54:00","date_gmt":"2018-04-04T14:54:00","guid":{"rendered":"https:\/\/firmalan.com\/sv\/?page_id=511"},"modified":"2020-04-04T08:43:55","modified_gmt":"2020-04-04T06:43:55","slug":"swedbank","status":"publish","type":"page","link":"https:\/\/firmalan.com\/sv\/lana-pengar\/swedbank\/","title":{"rendered":"Swedbank"},"content":{"rendered":"<div class=\"section-content\">\n<div class=\"row\">\n<div class=\"feature-item col-lg-6 col-sm-6 wow slideInUp\">\n<div class=\"feature-media\"><img decoding=\"async\" src=\"https:\/\/firmalan.com\/sv\/wp-content\/uploads\/logo\/swedbank.png\" \/><\/div>\n<\/div>\n<div class=\"feature-item col-lg-6 col-sm-6 wow slideInUp\">\n<p>Totalt hanterar Swedbank-koncernen 625 000 f\u00f6retagskunder av varierande storlekar och med vitt skilda behov. Ut\u00f6ver vanliga banktj\u00e4nster och f\u00f6retagskonton kan Swedbank \u00e4ven erbjuda f\u00f6retagsfinansiering f\u00f6r varje tillf\u00e4lle. Dock \u00e4r man idag j\u00e4mf\u00f6rt med 90-talet betydligt mer restriktiva med att godk\u00e4nna renodlade f\u00f6retagsl\u00e5n och framf\u00f6rallt \u00e4r det sv\u00e5rt f\u00f6r nybildade f\u00f6retag att l\u00e5na pengar hos Swedbank. Merparten av utl\u00e5ningen till f\u00f6retag \u00e4r relaterad till fastighetsbolag samt f\u00f6retag som verkar inom skog och lantbruk. (st\u00e5r f\u00f6r ca 17% av utl\u00e5ningen p\u00e5 den totala marknaden)<\/p>\n<\/div>\n<\/div>\n<blockquote><p><span style=\"color: #ff0000;\">Coronatider<\/span>: Upplever ni anstr\u00e4ngd ekonomi pga. Coronakrisen med bristande likviditet som f\u00f6ljd? Swedbank ger drabbade kundf\u00f6retag m\u00f6jlighet att s\u00f6ka amorteringsbefrielse p\u00e5 l\u00e5n, avbetalning och leasing i upp till maximalt sex m\u00e5nader (ompr\u00f6vning sker automatiskt efter tre m\u00e5nader). <a href=\"https:\/\/www.swedbank.se\/sa-paverkas-du-som-bankkund-av-coronaviruset\/stod-till-dig-som-foretagare\/ansokan-amorteringsbefrielse.html\">Ans\u00f6k om amorteringsbefrielse direkt<\/a> online och f\u00e5 svar inom 10 vardagar.<\/p><\/blockquote>\n<\/div>\n<div class=\"section-color\">\n<div class=\"row\">\n<div class=\"feature-item col-lg-6 col-sm-6 wow slideInUp\">\n<p class=\"kapitel\">Investeringsl\u00e5n<\/p>\n<ul id=\"navlist\">\n<li>Belopp: 50.000 &#8211; 250.000 kr<\/li>\n<li>L\u00f6ptid: 3-5 \u00e5r (belopp \u00f6ver 100.000 kr ut\u00f6kad l\u00f6ptid till max 10 \u00e5r)<\/li>\n<li>F\u00f6r aktuella r\u00e4nta och avgifter, beg\u00e4r offert.<\/li>\n<\/ul>\n<\/div>\n<div class=\"feature-item col-lg-6 col-sm-6 wow slideInUp\">\n<p class=\"kapitel\">Ans\u00f6kan<\/p>\n<ul id=\"navlist\">\n<li>L\u00e4nk till ans\u00f6kan saknas p\u00e5 Swedbank.se trots att ans\u00f6kan om l\u00e5n mellan 50.000-250.000 kr p\u00e5st\u00e5s g\u00e5 att g\u00f6ra online.<\/li>\n<li>Investeringsl\u00e5n p\u00e5 st\u00f6rre belopp \u00e4n 250.000 kr kan s\u00f6kas via Bankkontor<\/li>\n<\/ul>\n<\/div>\n<\/div>\n<\/div>\n<p><span style=\"color: #00529c; font-size: 16pt;\">Villkor:<\/span><\/p>\n<table>\n<tbody>\n<tr>\n<td bgcolor=\"#000\"><span style=\"color: #ffffff;\">R\u00e4nta<\/span><\/td>\n<td>R\u00f6rlig\/bunden.<\/td>\n<\/tr>\n<tr>\n<td bgcolor=\"#000\"><span style=\"color: #ffffff;\">Uppl\u00e4ggningsavgift<\/span><\/td>\n<td>Uppl\u00e4ggningsavgift f\u00f6rekommer.<\/td>\n<\/tr>\n<tr>\n<td bgcolor=\"#000\"><span style=\"color: #ffffff;\">Borgens\u00e5tagande<\/span><\/td>\n<td>Ingen information om personlig borgensf\u00f6rbindelse.<\/td>\n<\/tr>\n<tr>\n<td bgcolor=\"#000\"><span style=\"color: #ffffff;\">Betalningsanm\u00e4rkning<\/span><\/td>\n<td>Uppgift saknas.<\/td>\n<\/tr>\n<\/tbody>\n<\/table>\n<p><span style=\"color: #00529c; font-size: 16pt;\">Krav p\u00e5 f\u00f6retag som s\u00f6ker:<\/span><\/p>\n<table>\n<tbody>\n<tr>\n<td bgcolor=\"#000\"><span style=\"color: #ffffff;\">Oms\u00e4ttning<\/span><\/td>\n<td>Data saknas.<\/td>\n<\/tr>\n<tr>\n<td bgcolor=\"#000\"><span style=\"color: #ffffff;\">Historik<\/span><\/td>\n<td>F\u00f6retaget har god kreditv\u00e4rdighet.<\/td>\n<\/tr>\n<tr>\n<td bgcolor=\"#000\"><span style=\"color: #ffffff;\">\u00c4garskap<\/span><\/td>\n<td>Ans\u00f6kan kan endast uppr\u00e4ttas av bolagsman med teckningsr\u00e4tt.<\/td>\n<\/tr>\n<tr>\n<td bgcolor=\"#000\"><span style=\"color: #ffffff;\">F\u00f6retagsadress<\/span><\/td>\n<td>Verksamheten \u00e4r registrerad hos bolagsverket i Sverige.<\/td>\n<\/tr>\n<\/tbody>\n<\/table>\n<p><span style=\"color: #00529c; font-size: 16pt;\">F\u00f6ljande information\/dokumentation beh\u00f6vs:<\/span><\/p>\n<ul>\n<li>Du skall ha namnteckningsr\u00e4tt i f\u00f6retaget ensam eller tillsammans annan person<\/li>\n<li>Tillg\u00e5ng till BankID eller mobilt BankID alt. Digipass\/bankdosa.<\/li>\n<li>F\u00f6retagets faktureringsuppgifter samt bankkontonummer<\/li>\n<li>Namn p\u00e5 och e-postadresser till ansvariga personer och borgensm\u00e4n.<\/li>\n<\/ul>\n<hr \/>\n<h5>Finansieringsalternativ hos Swedbank<\/h5>\n<p><strong>Avbetalning\/Maskinfinansiering<\/strong> &#8211; Swedbank erbjuder inte bill\u00e5n till f\u00f6retag, ist\u00e4llet kan det vara m\u00f6jligt att g\u00f6ra maskink\u00f6p p\u00e5 avbetalning eller leasing.<\/p>\n<p><strong>Corporate Finance<\/strong> &#8211; R\u00e5dgivningstj\u00e4nster fr\u00e5n experter och specialister. Swedbanks Investeringsbank kan \u00e4ven bist\u00e5 med projektfinansiering, rederifinansiering, r\u00e4nteriskhantering samt energikostnadsoptimering<\/p>\n<p><strong>Exportfinansiering<\/strong> &#8211; Ger utl\u00e4ndska f\u00f6retag, inom och utanf\u00f6r OECD, tillg\u00e5ng till l\u00e5ngfristig finansiering vid k\u00f6p av kapitalkr\u00e4vande varor.<\/p>\n<p><strong>Fakturabel\u00e5ning<\/strong> &#8211; <a href=\"https:\/\/firmalan.com\/sv\/factoring\/\">F\u00e5 betalt f\u00f6r obetalda fakturor<\/a> upp till 70% direkt och resterande del n\u00e4r kunden betalat.<\/p>\n<p><strong>Investeringsl\u00e5n<\/strong> &#8211; Flexibel finansiering som passar de flesta f\u00f6retagstyper och kan anv\u00e4ndas till fastighetsfinansiering, ink\u00f6p av varor, maskiner och inventarier.<\/p>\n<p><strong>Kontokredit<\/strong> &#8211; En r\u00f6relsekredit\/checkkredit fungerar som en extra buffert som kan anv\u00e4ndas f\u00f6r att tillf\u00e4lligt betala fakturor och mindre ink\u00f6p. Du betalar endast f\u00f6r den del av krediten som nyttjas.<\/p>\n<p><strong>Leasing<\/strong> &#8211; alternativa finansieringsl\u00f6sningar vid k\u00f6pa av bil- och andra maskiner.<\/p>\n<p><strong>L\u00e5nesyndikering<\/strong> &#8211; Vid stora l\u00e5nevolymer i 200 miljoner kronors storlek, kan banker p\u00e5 egen hand f\u00e5 problem att erbjuda hela l\u00e5nebelopp. Swedbank kan d\u00e5 med hj\u00e4lp av sina samarbetspartners och andra banker ist\u00e4llet gemensamt erbjuda l\u00e5net.<\/p>\n<p>*Uppdaterad 2019-11-20 (korrekturl\u00e4sning)<\/p>\n<h4>\u00d6PPETTIDER KUNDTJ\u00c4NST:<\/h4>\n<p>&nbsp;<\/p>\n<table class=\"table table-striped\" border=\"0\">\n<tbody>\n<tr>\n<td valign=\"top\" width=\"150\">M\u00e5ndag \u2013 Fredagar<\/td>\n<td valign=\"top\" width=\"100\">00:00 \u2013 24:00<\/td>\n<\/tr>\n<tr>\n<td valign=\"top\" width=\"150\">L\u00f6rdag<\/td>\n<td valign=\"top\" width=\"100\">00:00 \u2013 24:00<\/td>\n<\/tr>\n<tr>\n<td valign=\"top\" width=\"150\">S\u00f6ndag<\/td>\n<td valign=\"top\" width=\"100\">00:00 \u2013 24:00<\/td>\n<\/tr>\n<\/tbody>\n<\/table>\n<blockquote><p>Telefon: 0771-33 44 33<\/p><\/blockquote>\n<blockquote class=\"theme\"><p>Swedbank AB<\/p>\n<h4>ADRESS:<\/h4>\n<p>172 63 Sundbyberg<br \/>\nStockholms l\u00e4n<br \/>\nOrg. nr: 502017-7753<\/p><\/blockquote>\n","protected":false},"excerpt":{"rendered":"<p>Totalt hanterar Swedbank-koncernen 625 000 f\u00f6retagskunder av varierande storlekar och med vitt skilda behov. Ut\u00f6ver vanliga banktj\u00e4nster och f\u00f6retagskonton kan Swedbank \u00e4ven erbjuda f\u00f6retagsfinansiering f\u00f6r varje tillf\u00e4lle. Dock \u00e4r man &#8230;<\/p>\n","protected":false},"author":1,"featured_media":512,"parent":164,"menu_order":48,"comment_status":"open","ping_status":"closed","template":"","meta":{"footnotes":""},"class_list":["post-511","page","type-page","status-publish","has-post-thumbnail","hentry"],"_links":{"self":[{"href":"https:\/\/firmalan.com\/sv\/wp-json\/wp\/v2\/pages\/511","targetHints":{"allow":["GET"]}}],"collection":[{"href":"https:\/\/firmalan.com\/sv\/wp-json\/wp\/v2\/pages"}],"about":[{"href":"https:\/\/firmalan.com\/sv\/wp-json\/wp\/v2\/types\/page"}],"author":[{"embeddable":true,"href":"https:\/\/firmalan.com\/sv\/wp-json\/wp\/v2\/users\/1"}],"replies":[{"embeddable":true,"href":"https:\/\/firmalan.com\/sv\/wp-json\/wp\/v2\/comments?post=511"}],"version-history":[{"count":9,"href":"https:\/\/firmalan.com\/sv\/wp-json\/wp\/v2\/pages\/511\/revisions"}],"predecessor-version":[{"id":2184,"href":"https:\/\/firmalan.com\/sv\/wp-json\/wp\/v2\/pages\/511\/revisions\/2184"}],"up":[{"embeddable":true,"href":"https:\/\/firmalan.com\/sv\/wp-json\/wp\/v2\/pages\/164"}],"wp:featuredmedia":[{"embeddable":true,"href":"https:\/\/firmalan.com\/sv\/wp-json\/wp\/v2\/media\/512"}],"wp:attachment":[{"href":"https:\/\/firmalan.com\/sv\/wp-json\/wp\/v2\/media?parent=511"}],"curies":[{"name":"wp","href":"https:\/\/api.w.org\/{rel}","templated":true}]}}