{"id":504,"date":"2018-04-04T14:43:00","date_gmt":"2018-04-04T12:43:00","guid":{"rendered":"https:\/\/firmalan.com\/sv\/?page_id=504"},"modified":"2020-04-04T08:51:55","modified_gmt":"2020-04-04T06:51:55","slug":"seb","status":"publish","type":"page","link":"https:\/\/firmalan.com\/sv\/lana-pengar\/seb\/","title":{"rendered":"SEB"},"content":{"rendered":"<div class=\"section-content\">\n<div class=\"row\">\n<div class=\"feature-item col-lg-6 col-sm-6 wow slideInUp\">\n<div class=\"feature-media\"><img decoding=\"async\" src=\"https:\/\/firmalan.com\/sv\/wp-content\/uploads\/logo\/seb.png\" \/><\/div>\n<\/div>\n<div class=\"feature-item col-lg-6 col-sm-6 wow slideInUp\">\n<p>SEB \u00e4r en ledande skandinavisk bank med m\u00e5nga enskilda firmor som kunder. Bankkontot Enkla firman \u00e4r ett popul\u00e4rt alternativ som enkelt kan kombineras med l\u00e4mpligt finansieringsalternativ exempelvis Enkla firman l\u00e5n, kontokredit, betalkort med kredit eller om du \u00e4r mellan 18-35 \u00e5r Entrepren\u00f6rsl\u00e5net f\u00f6r unga. Sj\u00e4lvfallet kan SEB \u00e4ven erbjuda st\u00f6rre aktiebolag och firmor passande finansiering. Att f\u00e5 bankl\u00e5n som f\u00f6retag \u00e4r emellertid inte helt enkelt, hos SEB.se \u00e4r det m\u00f6jligt att uppr\u00e4tta en ans\u00f6kan, i n\u00e4sta steg kommer ett m\u00f6te anordnas med en r\u00e5dgivare.<\/p>\n<p>SEB samarbetar \u00e4ven med fintechbolaget Capcito som skapat ett system med automatiska kreditkontroller vilket f\u00f6renklar bed\u00f6mningsprocessen f\u00f6r barnkerna. I och med samarbetet kan nu SEB:s f\u00f6retagskunder skaffa sig en <a href=\"https:\/\/firmalan.com\/sv\/lana-pengar\/capcito\/\">dynamisk checkkredit till f\u00f6retaget<\/a>.<\/p>\n<\/div>\n<\/div>\n<blockquote><p><span style=\"color: #ff0000;\">Coronatider<\/span>: SEB har inte delgivit n\u00e5gon information om huruvida f\u00f6retagskunder kan ans\u00f6ka om amorteringsbefrielse under p\u00e5g\u00e5ende pandemi. Dock, skriver man p\u00e5 sin hemsida &#8220;M\u00e5nga banker erbjuder idag amorteringsfrihet. Kontakta g\u00e4rna oss s\u00e5 ber\u00e4ttar vi mer.&#8221;<\/p><\/blockquote>\n<\/div>\n<div class=\"section-color\">\n<div class=\"row\">\n<div class=\"feature-item col-lg-6 col-sm-6 wow slideInUp\">\n<p class=\"kapitel\">Enkla firman kontokredit<\/p>\n<ul id=\"navlist\">\n<li>Belopp: 10 000-300 000 kr\u00a0 (Extra buffert om max10 procent av din \u00e5rsinkomst p\u00e5 kontot)<\/li>\n<li>L\u00f6ptid: max 5 \u00e5r<\/li>\n<li>Kontokredit \u00e5rsr\u00e4nta 1,5 % med (ord.2 %) per \u00e5r, min 500 kr.<\/li>\n<\/ul>\n<\/div>\n<div class=\"feature-item col-lg-6 col-sm-6 wow slideInUp\">\n<p class=\"kapitel\">Ans\u00f6kan<\/p>\n<ul id=\"navlist\">\n<li>Ans\u00f6kan tar n\u00e5gra minuter<\/li>\n<li>Digital signering med BankID<\/li>\n<li>Svar in 24 timmar p\u00e5 vardagar<\/li>\n<\/ul>\n<\/div>\n<\/div>\n<\/div>\n<p><span style=\"color: #00529c; font-size: 16pt;\">Villkor:<\/span><\/p>\n<table>\n<tbody>\n<tr>\n<td bgcolor=\"#000\"><span style=\"color: #ffffff;\">R\u00e4nta<\/span><\/td>\n<td>Fasta avgifter tas ut f\u00f6r l\u00e5net.<\/td>\n<\/tr>\n<tr>\n<td bgcolor=\"#000\"><span style=\"color: #ffffff;\">Uppl\u00e4ggningsavgift<\/span><\/td>\n<td>500 kr med Enkla firman (ord. pris 800 kr).<\/td>\n<\/tr>\n<tr>\n<td bgcolor=\"#000\"><span style=\"color: #ffffff;\">Borgens\u00e5tagande<\/span><\/td>\n<td>Ingen information om personlig borgensf\u00f6rbindelse.<\/td>\n<\/tr>\n<tr>\n<td bgcolor=\"#000\"><span style=\"color: #ffffff;\">Betalningsanm\u00e4rkning<\/span><\/td>\n<td>Uppgift saknas.<\/td>\n<\/tr>\n<\/tbody>\n<\/table>\n<p><span style=\"color: #00529c; font-size: 16pt;\">Krav p\u00e5 f\u00f6retag som s\u00f6ker:<\/span><\/p>\n<table>\n<tbody>\n<tr>\n<td bgcolor=\"#000\"><span style=\"color: #ffffff;\">Oms\u00e4ttning<\/span><\/td>\n<td>Data saknas.<\/td>\n<\/tr>\n<tr>\n<td bgcolor=\"#000\"><span style=\"color: #ffffff;\">Historik<\/span><\/td>\n<td>F\u00f6retaget har god kreditv\u00e4rdighet.<\/td>\n<\/tr>\n<tr>\n<td bgcolor=\"#000\"><span style=\"color: #ffffff;\">\u00c4garskap<\/span><\/td>\n<td>Ans\u00f6kan kan endast uppr\u00e4ttas av bolagsman med teckningsr\u00e4tt.<\/td>\n<\/tr>\n<tr>\n<td bgcolor=\"#000\"><span style=\"color: #ffffff;\">F\u00f6retagsadress<\/span><\/td>\n<td>Verksamheten \u00e4r registrerad hos bolagsverket i Sverige.<\/td>\n<\/tr>\n<\/tbody>\n<\/table>\n<p><span style=\"color: #00529c; font-size: 16pt;\">F\u00f6ljande information\/dokumentation beh\u00f6vs:<\/span><\/p>\n<ul>\n<li>Du skall ha namnteckningsr\u00e4tt i f\u00f6retaget ensam eller tillsammans annan person<\/li>\n<li>Tillg\u00e5ng till BankID eller mobilt BankID alt. Digipass\/bankdosa.<\/li>\n<li>F\u00f6retagets faktureringsuppgifter samt bankkontonummer<\/li>\n<li>Namn p\u00e5 och e-postadresser till ansvariga personer och borgensm\u00e4n.<\/li>\n<\/ul>\n<hr \/>\n<p>Hos SEB finns f\u00f6ljande finansieringsformer att s\u00f6ka f\u00f6r f\u00f6retag:<br \/>\n&#8211; Bankl\u00e5n<br \/>\n&#8211; Enkla firman finansiering (f\u00f6r enskilda f\u00f6retagare) \/ kontokredit<br \/>\n&#8211; Leasing<br \/>\n&#8211; Fakturafinansiering<br \/>\n&#8211; Entrepren\u00f6rsl\u00e5net 10.000 &#8211; 25.000 kr f\u00f6r unga mellan 18-35 \u00e5r<br \/>\n&#8211; Fastighetsl\u00e5n<\/p>\n<p><a name=\"tabell\"><\/a> <span style=\"color: #00529c; font-size: 16pt;\">Kostnadstabell<\/span><\/p>\n<table>\n<thead>\n<tr>\n<th>Belopp<\/th>\n<th>Uppl\u00e4ggningsavgift<\/th>\n<th>R\u00e4nta<\/th>\n<\/tr>\n<\/thead>\n<tbody>\n<tr>\n<td bgcolor=\"#000\"><span style=\"color: #ffffff;\">10 000 kr<\/span><\/td>\n<td>500 kr (ord. pris 800 kr)<\/td>\n<td>1,5 % (ord.2 %) per \u00e5r, min 500 kr<\/td>\n<\/tr>\n<tr>\n<td bgcolor=\"#000\"><span style=\"color: #ffffff;\">50 000 kr<\/span><\/td>\n<td>500 kr (ord. pris 800 kr)<\/td>\n<td>1,5 % (ord.2 %) per \u00e5r, min 500 kr<\/td>\n<\/tr>\n<tr>\n<td bgcolor=\"#000\"><span style=\"color: #ffffff;\">100 000 kr<\/span><\/td>\n<td>500 kr (ord. pris 800 kr)<\/td>\n<td>1,5 % (ord.2 %) per \u00e5r, min 500 kr<\/td>\n<\/tr>\n<tr>\n<td bgcolor=\"#000\"><span style=\"color: #ffffff;\">300 000 kr<\/span><\/td>\n<td>500 kr (ord. pris 800 kr)<\/td>\n<td>1,5 % (ord.2 %) per \u00e5r, min 500 kr<\/td>\n<\/tr>\n<\/tbody>\n<\/table>\n<p>R\u00e4ntorna och kostnaderna ser annorlunda ut f\u00f6r bankl\u00e5n. Entrepren\u00f6rsl\u00e5net har en r\u00f6rlig r\u00e4nta om 6,50 procent med \u00e5terbetalningstid mellan 2 och 10 \u00e5r.<\/p>\n<p>*Uppdaterad 2020-04-04<\/p>\n<h4>\u00d6PPETTIDER KUNDTJ\u00c4NST:<\/h4>\n<table class=\"table table-striped\" border=\"0\">\n<tbody>\n<tr>\n<td valign=\"top\" width=\"150\">M\u00e5ndag \u2013 Fredagar<\/td>\n<td valign=\"top\" width=\"100\">08:00 \u2013 22:00<\/td>\n<\/tr>\n<tr>\n<td valign=\"top\" width=\"150\">L\u00f6rdag<\/td>\n<td valign=\"top\" width=\"100\">10:00 \u2013 18:00<\/td>\n<\/tr>\n<tr>\n<td valign=\"top\" width=\"150\">S\u00f6ndag<\/td>\n<td valign=\"top\" width=\"100\">10:00 \u2013 21:00<\/td>\n<\/tr>\n<\/tbody>\n<\/table>\n<blockquote><p>Telefon: 0771-62 53 53<br \/>\nE-mail: <a href=\"mailto:FragorOmSEB@seb.se\">FragorOmSEB@seb.se.<\/a><\/p><\/blockquote>\n<blockquote class=\"theme\"><p>Skandinaviska Enskilda Banken AB<\/p>\n<h4>ADRESS:<\/h4>\n<p>Stockholm<br \/>\nPostadress: 106 40 Stockholm<br \/>\nOrg. nr: 502032-9081<\/p><\/blockquote>\n","protected":false},"excerpt":{"rendered":"<p>SEB \u00e4r en ledande skandinavisk bank med m\u00e5nga enskilda firmor som kunder. Bankkontot Enkla firman \u00e4r ett popul\u00e4rt alternativ som enkelt kan kombineras med l\u00e4mpligt finansieringsalternativ exempelvis Enkla firman l\u00e5n, &#8230;<\/p>\n","protected":false},"author":1,"featured_media":509,"parent":164,"menu_order":46,"comment_status":"open","ping_status":"closed","template":"","meta":{"footnotes":""},"class_list":["post-504","page","type-page","status-publish","has-post-thumbnail","hentry"],"_links":{"self":[{"href":"https:\/\/firmalan.com\/sv\/wp-json\/wp\/v2\/pages\/504","targetHints":{"allow":["GET"]}}],"collection":[{"href":"https:\/\/firmalan.com\/sv\/wp-json\/wp\/v2\/pages"}],"about":[{"href":"https:\/\/firmalan.com\/sv\/wp-json\/wp\/v2\/types\/page"}],"author":[{"embeddable":true,"href":"https:\/\/firmalan.com\/sv\/wp-json\/wp\/v2\/users\/1"}],"replies":[{"embeddable":true,"href":"https:\/\/firmalan.com\/sv\/wp-json\/wp\/v2\/comments?post=504"}],"version-history":[{"count":9,"href":"https:\/\/firmalan.com\/sv\/wp-json\/wp\/v2\/pages\/504\/revisions"}],"predecessor-version":[{"id":2185,"href":"https:\/\/firmalan.com\/sv\/wp-json\/wp\/v2\/pages\/504\/revisions\/2185"}],"up":[{"embeddable":true,"href":"https:\/\/firmalan.com\/sv\/wp-json\/wp\/v2\/pages\/164"}],"wp:featuredmedia":[{"embeddable":true,"href":"https:\/\/firmalan.com\/sv\/wp-json\/wp\/v2\/media\/509"}],"wp:attachment":[{"href":"https:\/\/firmalan.com\/sv\/wp-json\/wp\/v2\/media?parent=504"}],"curies":[{"name":"wp","href":"https:\/\/api.w.org\/{rel}","templated":true}]}}