{"id":276,"date":"2018-03-11T10:03:00","date_gmt":"2018-03-11T09:03:00","guid":{"rendered":"https:\/\/firmalan.com\/sv\/?page_id=276"},"modified":"2020-04-03T06:15:00","modified_gmt":"2020-04-03T04:15:00","slug":"svea-ekonomi","status":"publish","type":"page","link":"https:\/\/firmalan.com\/sv\/lana-pengar\/svea-ekonomi\/","title":{"rendered":"Svea Ekonomi"},"content":{"rendered":"<div class=\"section-content\">\n<div class=\"row\">\n<div class=\"feature-item col-lg-6 col-sm-6 wow slideInUp\">\n<div class=\"feature-media\"><img decoding=\"async\" src=\"https:\/\/firmalan.com\/sv\/wp-content\/uploads\/2018\/03\/svea-ekonomi.png\" \/><\/div>\n<\/div>\n<div class=\"feature-item col-lg-6 col-sm-6 wow slideInUp\">\n<p>Svea Ekonomi erbjuder en bred upps\u00e4ttning av finansiella produkter f\u00f6r f\u00f6retag. Den mest popul\u00e4ra produkten \u00e4r F\u00f6retagskrediten p\u00e5 upp till 1.000.000 kr som kan s\u00f6kas med eller utan borgensf\u00f6rbindelse. Inom factoring b\u00e5de k\u00f6per och bel\u00e5nar Svea Ekonomi obetalda fakturor. M\u00f6jlighet finns \u00e4ven till att frig\u00f6ra kapital genom Svea Ekonomi leasing.<br \/>\n<span style=\"color: #f4f4f4;\"><strong><a class=\"btn btn-theme-primary btn-lg\" style=\"color: #f4f4f4;\" title=\"\u27a4 Svea Ekonomi\" href=\"https:\/\/firmalan.com\/sv\/go\/fakturino\/\" target=\"_blank\" rel=\"nofollow noopener noreferrer\">\u27a4 J\u00e4mf\u00f6r SVEA Ekonomi hos Fakturino<\/a><\/strong><\/span><\/p>\n<\/div>\n<\/div>\n<\/div>\n<div class=\"section-color\">\n<div class=\"row\">\n<div class=\"feature-item col-lg-6 col-sm-6 wow slideInUp\">\n<p class=\"kapitel\">F\u00f6retagskrediten<\/p>\n<ul id=\"navlist\">\n<li>Belopp: upp till 1 000 000 kr<\/li>\n<li>L\u00f6ptid: Flexibel<\/li>\n<li>M\u00e5nadsr\u00e4nta: 1,0% &#8211; 2,5%<br \/>\n*Kostnaden \u00e4r individuell och best\u00e4ms efter kreditpr\u00f6vning.<\/li>\n<\/ul>\n<\/div>\n<div class=\"feature-item col-lg-6 col-sm-6 wow slideInUp\">\n<p class=\"kapitel\">Ans\u00f6kan<\/p>\n<ul id=\"navlist\">\n<li>Ans\u00f6kan tar endast 1 minut!<\/li>\n<li>Digital signering med BankID och svar direkt<\/li>\n<\/ul>\n<\/div>\n<\/div>\n<\/div>\n<p><span style=\"color: #00529c; font-size: 16pt;\">Villkor:<\/span><\/p>\n<table>\n<tbody>\n<tr>\n<td bgcolor=\"#000\"><span style=\"color: #ffffff;\">R\u00e4nta<\/span><\/td>\n<td>M\u00e5nadsr\u00e4nta: 1,0% &#8211; 2,5%<\/td>\n<\/tr>\n<tr>\n<td bgcolor=\"#000\"><span style=\"color: #ffffff;\">M\u00e5nadsavgift<\/span><\/td>\n<td>195 kr.<\/td>\n<\/tr>\n<tr>\n<td bgcolor=\"#000\"><span style=\"color: #ffffff;\">Uppl\u00e4ggningsavgift<\/span><\/td>\n<td>995 kr.<\/td>\n<\/tr>\n<tr>\n<td bgcolor=\"#000\"><span style=\"color: #ffffff;\">Borgens\u00e5tagande<\/span><\/td>\n<td>Med eller utan personlig borgensf\u00f6rbindelse.<\/td>\n<\/tr>\n<tr>\n<td bgcolor=\"#000\"><span style=\"color: #ffffff;\">F\u00f6rtidsinl\u00f6sen<\/span><\/td>\n<td>Kan g\u00f6ras n\u00e4r som helst enligt avtal.<\/td>\n<\/tr>\n<tr>\n<td bgcolor=\"#000\"><span style=\"color: #ffffff;\">Betalningsanm\u00e4rkning<\/span><\/td>\n<td>Info om betalningsanm\u00e4rkning saknas.<\/td>\n<\/tr>\n<\/tbody>\n<\/table>\n<p><span style=\"color: #00529c; font-size: 16pt;\">F\u00f6ljande information\/dokumentation beh\u00f6vs:<\/span><\/p>\n<ul>\n<li>Tillg\u00e5ng till BankID eller mobilt BankID alt. Digipass\/bankdosa.<\/li>\n<li>F\u00f6retagets bankkontonummer<\/li>\n<\/ul>\n<hr \/>\n<p>Svea Ekonomi f\u00f6retagskredit \u00e4r en checkkredit\/kontokredit som v\u00e4nder sig till sm\u00e5 och stora f\u00f6retag inom alla branscher. F\u00f6r att ans\u00f6ka om Svea Ekonomi f\u00f6retagskredit kr\u00e4vs ingen s\u00e4kerhet, aff\u00e4rsplan eller budget \u00e4ven nystartade f\u00f6retag kan f\u00e5 l\u00e5n!<\/p>\n<p>Ans\u00f6kan \u00e4r enkelt, tar ca 1 minut och kr\u00e4ver BankID eller mobilt BankID samt ett f\u00f6retagskonto. Tyv\u00e4rr brister Svea Ekonomi n\u00e5got i sin information om vilka krav som st\u00e4lls p\u00e5 f\u00f6retagen f\u00f6r att f\u00e5 ett kreditbelopp beviljat.<\/p>\n<p>Svea F\u00f6retagskredit \u00e4r amorteringsfri vilket inneb\u00e4r att du har m\u00f6jlighet att endast betala r\u00e4ntekostnaden under en period utan att amortera p\u00e5 kreditskulden.<\/p>\n<p>Uppskattad \u00e5rsr\u00e4nta f\u00f6r nyttjat belopp \u00e4r fn. fr\u00e5n 5,65 procent och s\u00e4tts individuellt. Snittr\u00e4nta utan s\u00e4kerhet (Blanco)18% per \u00e5r + 195 kr\/m\u00e5nadsavgift. Snittr\u00e4nta med s\u00e4kerhet (Borgen) 9% per \u00e5r + 195 kr\/m\u00e5nadsavgift.<\/p>\n<p><iframe loading=\"lazy\" src=\"https:\/\/www.youtube.com\/embed\/elwiWdXVeKg\" width=\"566\" height=\"318\" frameborder=\"0\" allowfullscreen=\"allowfullscreen\"><\/iframe><\/p>\n<p><a name=\"tabell\"><\/a> <span style=\"color: #00529c; font-size: 16pt;\">Kostnadstabell<\/span><\/p>\n<table>\n<thead>\n<tr>\n<th>Belopp<\/th>\n<th>M\u00e5nadsr\u00e4nta<\/th>\n<th>M\u00e5nadsavgift<\/th>\n<th>Startavgift<\/th>\n<\/tr>\n<\/thead>\n<tbody>\n<tr>\n<td bgcolor=\"#000\"><span style=\"color: #ffffff;\">30 000 kr<\/span><\/td>\n<td>1.0% &#8211; 2.5%<\/td>\n<td>195 kr<\/td>\n<td>995 kr<\/td>\n<\/tr>\n<tr>\n<td bgcolor=\"#000\"><span style=\"color: #ffffff;\">50 000 kr<\/span><\/td>\n<td>1.0% &#8211; 2.5%<\/td>\n<td>195 kr<\/td>\n<td>995 kr<\/td>\n<\/tr>\n<tr>\n<td bgcolor=\"#000\"><span style=\"color: #ffffff;\">100 000 kr<\/span><\/td>\n<td>1.0% &#8211; 2.5%<\/td>\n<td>195 kr<\/td>\n<td>995 kr<\/td>\n<\/tr>\n<tr>\n<td bgcolor=\"#000\"><span style=\"color: #ffffff;\">300 000 kr<\/span><\/td>\n<td>1.0% &#8211; 2.5%<\/td>\n<td>195 kr<\/td>\n<td>995 kr<\/td>\n<\/tr>\n<\/tbody>\n<\/table>\n<p>Uppdaterad 2020-04-03<\/p>\n<p>&nbsp;<\/p>\n<h4>\u00d6PPETTIDER KUNDTJ\u00c4NST:<\/h4>\n<table class=\"table table-striped\" border=\"0\">\n<tbody>\n<tr>\n<td valign=\"top\" width=\"150\">M\u00e5ndag \u2013 Fredagar<\/td>\n<td valign=\"top\" width=\"100\">09:00 \u2013 16:00<\/td>\n<\/tr>\n<tr>\n<td valign=\"top\" width=\"150\">Helg<\/td>\n<td valign=\"top\" width=\"100\">St\u00e4ngt<\/td>\n<\/tr>\n<\/tbody>\n<\/table>\n<blockquote><p>Telefon: 08-735 29 89<br \/>\nE-mail: <a href=\"mailto:info@sveaekonomi.se\">info@sveaekonomi.se.<\/a><\/p><\/blockquote>\n<blockquote class=\"theme\"><p>Svea Ekonomi AB<\/p>\n<h4>ADRESS:<\/h4>\n<p>169 81 Solna<br \/>\nStockholm<br \/>\nOrg. nr: 556489-2924<\/p><\/blockquote>\n","protected":false},"excerpt":{"rendered":"<p>Svea Ekonomi erbjuder en bred upps\u00e4ttning av finansiella produkter f\u00f6r f\u00f6retag. Den mest popul\u00e4ra produkten \u00e4r F\u00f6retagskrediten p\u00e5 upp till 1.000.000 kr som kan s\u00f6kas med eller utan borgensf\u00f6rbindelse. Inom &#8230;<\/p>\n","protected":false},"author":1,"featured_media":278,"parent":164,"menu_order":47,"comment_status":"open","ping_status":"closed","template":"","meta":{"footnotes":""},"class_list":["post-276","page","type-page","status-publish","has-post-thumbnail","hentry"],"_links":{"self":[{"href":"https:\/\/firmalan.com\/sv\/wp-json\/wp\/v2\/pages\/276","targetHints":{"allow":["GET"]}}],"collection":[{"href":"https:\/\/firmalan.com\/sv\/wp-json\/wp\/v2\/pages"}],"about":[{"href":"https:\/\/firmalan.com\/sv\/wp-json\/wp\/v2\/types\/page"}],"author":[{"embeddable":true,"href":"https:\/\/firmalan.com\/sv\/wp-json\/wp\/v2\/users\/1"}],"replies":[{"embeddable":true,"href":"https:\/\/firmalan.com\/sv\/wp-json\/wp\/v2\/comments?post=276"}],"version-history":[{"count":10,"href":"https:\/\/firmalan.com\/sv\/wp-json\/wp\/v2\/pages\/276\/revisions"}],"predecessor-version":[{"id":2182,"href":"https:\/\/firmalan.com\/sv\/wp-json\/wp\/v2\/pages\/276\/revisions\/2182"}],"up":[{"embeddable":true,"href":"https:\/\/firmalan.com\/sv\/wp-json\/wp\/v2\/pages\/164"}],"wp:featuredmedia":[{"embeddable":true,"href":"https:\/\/firmalan.com\/sv\/wp-json\/wp\/v2\/media\/278"}],"wp:attachment":[{"href":"https:\/\/firmalan.com\/sv\/wp-json\/wp\/v2\/media?parent=276"}],"curies":[{"name":"wp","href":"https:\/\/api.w.org\/{rel}","templated":true}]}}