{"id":270,"date":"2018-03-09T12:26:08","date_gmt":"2018-03-09T12:26:08","guid":{"rendered":"https:\/\/firmalan.com\/sv\/?page_id=270"},"modified":"2020-06-27T08:48:20","modified_gmt":"2020-06-27T06:48:20","slug":"belana-faktura","status":"publish","type":"page","link":"https:\/\/firmalan.com\/sv\/factoring\/belana-faktura\/","title":{"rendered":"Fakturabel\u00e5ning"},"content":{"rendered":"<p>Fakturabel\u00e5ning \u00e4r medelv\u00e4gen mellan att sk\u00f6ta skuldindrivning sj\u00e4lv och att s\u00e4lja fakturan till ett indrivningsf\u00f6retag. Fakturabel\u00e5ning inneb\u00e4r att du f\u00e5r hj\u00e4lp med indrivningen och samtidigt f\u00e5r beh\u00e5lla 70-99% av fakturans ursprungliga v\u00e4rde, resterande belopp tar factoringbolagen ut i avgift f\u00f6r sina tj\u00e4nster. Att bel\u00e5na fakturor \u00e4r en enkel metod f\u00f6r att f\u00f6rb\u00e4ttra likviditeten och snabbt f\u00e5 tillg\u00e5ng till pengar p\u00e5 kontot.<\/p>\n<h3>Vad inneb\u00e4r det att bel\u00e5na fakturor?<\/h3>\n<p>Obetalda kundfodringar kan st\u00e4llas som s\u00e4kerhet f\u00f6r en kredit ett s\u00e5 kallat faktural\u00e5n. Varje kundfodring bed\u00f6ms individuellt eller som del av en st\u00f6rre portf\u00f6lj, hur stor andel av fakturav\u00e4rdet som g\u00e5r att bel\u00e5na beror p\u00e5 dess storlek och uppskattad kreditrisk f\u00f6r inkassobolaget. F\u00f6renklat kan man s\u00e4ga att fakturabel\u00e5ning ger f\u00f6retag m\u00f6jlighet att f\u00e5 ut ett f\u00f6rskott p\u00e5 obetalda kundfakturor.<\/p>\n<h3>S\u00e5 fungerar fakturabel\u00e5ning i praktiken<\/h3>\n<div class=\"numberlist\" style=\"background-color: #8f84d8; color: #e0e0e0;\">\n<ol>\n<li>Leverant\u00f6r som avser bel\u00e5na en eller flera kundfakturor, underr\u00e4ttar kunden om fakturabel\u00e5ningen samt upplyser om till vilket factoringf\u00f6retag betalningen skall ske.<\/li>\n<li>Kopior p\u00e5 de fakturor som skall bel\u00e5nas skickas till factoringf\u00f6retaget.<\/li>\n<li>Validering och kreditbed\u00f6mning g\u00f6rs, d\u00e4refter betalar factoringf\u00f6retaget normalt direkt ut ca 80% av fakturav\u00e4rdet.<\/li>\n<li>Om kunden betalar, beh\u00e5ller factoringf\u00f6retaget de avtalade avgifterna och betalar sedan ut resterande belopp.<\/li>\n<li>Om kunden inte betalar, trots p\u00e5minnelser och kravbrev, \u00e5terg\u00e5r kundfodran till leverant\u00f6ren.<\/li>\n<li>Factoringf\u00f6retagen kan ta ut b\u00e5de fast och l\u00f6pande kostnader, l\u00e4s d\u00e4rf\u00f6r noga igenom villkoren innan avtal sluts. J\u00e4mf\u00f6r flera olika bolag med varandra f\u00f6r att hitta de b\u00e4sta avtalet.\u00a0 F\u00f6r detta \u00e4ndam\u00e5l kan du\u00a0 ta hj\u00e4lp av <a href=\"https:\/\/firmalan.com\/sv\/lana-pengar\/fakturino\/\">Fakturino<\/a>, en finansiell j\u00e4mf\u00f6relsetj\u00e4nst f\u00f6r l\u00e5n, factoringtj\u00e4nster och f\u00f6retagsleasing.<\/li>\n<\/ol>\n<\/div>\n<p>&nbsp;<\/p>\n<h3>Vem tar kreditrisken om fakturan f\u00f6rfaller obetald?<\/h3>\n<p>Vid fakturabel\u00e5ning \u00e4ger f\u00f6retaget fortfarande fakturan (skulden) och st\u00e5r d\u00e4rf\u00f6r fortsatt f\u00f6r kreditrisken och alla bel\u00e5nade fakturor skall d\u00e4rf\u00f6r \u00e4ven bokf\u00f6ras och tas upp i balansr\u00e4kningen. D\u00e4remot kommer fakturingf\u00f6retag att ta \u00f6ver det administrativa ansvaret f\u00f6r indrivningen av skulden, bland annat genom att skicka ut p\u00e5minnelser och eventuella inkassokrav.<\/p>\n","protected":false},"excerpt":{"rendered":"<p>Fakturabel\u00e5ning \u00e4r medelv\u00e4gen mellan att sk\u00f6ta skuldindrivning sj\u00e4lv och att s\u00e4lja fakturan till ett indrivningsf\u00f6retag. Fakturabel\u00e5ning inneb\u00e4r att du f\u00e5r hj\u00e4lp med indrivningen och samtidigt f\u00e5r beh\u00e5lla 70-99% av fakturans &#8230;<\/p>\n","protected":false},"author":1,"featured_media":0,"parent":261,"menu_order":0,"comment_status":"open","ping_status":"closed","template":"","meta":{"footnotes":""},"class_list":["post-270","page","type-page","status-publish","hentry"],"_links":{"self":[{"href":"https:\/\/firmalan.com\/sv\/wp-json\/wp\/v2\/pages\/270","targetHints":{"allow":["GET"]}}],"collection":[{"href":"https:\/\/firmalan.com\/sv\/wp-json\/wp\/v2\/pages"}],"about":[{"href":"https:\/\/firmalan.com\/sv\/wp-json\/wp\/v2\/types\/page"}],"author":[{"embeddable":true,"href":"https:\/\/firmalan.com\/sv\/wp-json\/wp\/v2\/users\/1"}],"replies":[{"embeddable":true,"href":"https:\/\/firmalan.com\/sv\/wp-json\/wp\/v2\/comments?post=270"}],"version-history":[{"count":7,"href":"https:\/\/firmalan.com\/sv\/wp-json\/wp\/v2\/pages\/270\/revisions"}],"predecessor-version":[{"id":2306,"href":"https:\/\/firmalan.com\/sv\/wp-json\/wp\/v2\/pages\/270\/revisions\/2306"}],"up":[{"embeddable":true,"href":"https:\/\/firmalan.com\/sv\/wp-json\/wp\/v2\/pages\/261"}],"wp:attachment":[{"href":"https:\/\/firmalan.com\/sv\/wp-json\/wp\/v2\/media?parent=270"}],"curies":[{"name":"wp","href":"https:\/\/api.w.org\/{rel}","templated":true}]}}