{"id":268,"date":"2018-03-09T12:23:44","date_gmt":"2018-03-09T12:23:44","guid":{"rendered":"https:\/\/firmalan.com\/sv\/?page_id=268"},"modified":"2019-11-13T08:29:04","modified_gmt":"2019-11-13T07:29:04","slug":"salja-faktura","status":"publish","type":"page","link":"https:\/\/firmalan.com\/sv\/factoring\/salja-faktura\/","title":{"rendered":"Fakturaf\u00f6rs\u00e4ljning"},"content":{"rendered":"<p>Mycket enkelt inneb\u00e4r fakturaf\u00f6rs\u00e4ljning att ett f\u00f6retag eller annan juridisk person s\u00e4ljer en eller flera obetalda fakturor till ett factoring- eller inkassobolag. Genom att s\u00e4lja faktura f\u00e5r f\u00f6retag omedelbart tillg\u00e5ng till r\u00f6rligt kapital som direkt kan anv\u00e4ndas i verksamheten. Vid fakturaf\u00f6rs\u00e4ljning \u00f6vertar bank- eller finansbolaget fodringen och dess kreditrisk.<\/p>\n<p><a href=\"\/sv\/go\/fakturino-factoring\/\" rel=\"nofollow noopener noreferrer\" target=\"_blank\"><img loading=\"lazy\" decoding=\"async\" class=\"size-medium wp-image-1952 aligncenter\" src=\"https:\/\/firmalan.com\/sv\/wp-content\/uploads\/2019\/11\/fakturino-factoring-300x88.png\" alt=\"\" width=\"300\" height=\"88\" srcset=\"https:\/\/firmalan.com\/sv\/wp-content\/uploads\/2019\/11\/fakturino-factoring-300x88.png 300w, https:\/\/firmalan.com\/sv\/wp-content\/uploads\/2019\/11\/fakturino-factoring.png 614w\" sizes=\"auto, (max-width: 300px) 100vw, 300px\" \/><\/a><\/p>\n","protected":false},"excerpt":{"rendered":"<p>Mycket enkelt inneb\u00e4r fakturaf\u00f6rs\u00e4ljning att ett f\u00f6retag eller annan juridisk person s\u00e4ljer en eller flera obetalda fakturor till ett factoring- eller inkassobolag. Genom att s\u00e4lja faktura f\u00e5r f\u00f6retag omedelbart tillg\u00e5ng &#8230;<\/p>\n","protected":false},"author":1,"featured_media":0,"parent":261,"menu_order":0,"comment_status":"open","ping_status":"closed","template":"","meta":{"footnotes":""},"class_list":["post-268","page","type-page","status-publish","hentry"],"_links":{"self":[{"href":"https:\/\/firmalan.com\/sv\/wp-json\/wp\/v2\/pages\/268","targetHints":{"allow":["GET"]}}],"collection":[{"href":"https:\/\/firmalan.com\/sv\/wp-json\/wp\/v2\/pages"}],"about":[{"href":"https:\/\/firmalan.com\/sv\/wp-json\/wp\/v2\/types\/page"}],"author":[{"embeddable":true,"href":"https:\/\/firmalan.com\/sv\/wp-json\/wp\/v2\/users\/1"}],"replies":[{"embeddable":true,"href":"https:\/\/firmalan.com\/sv\/wp-json\/wp\/v2\/comments?post=268"}],"version-history":[{"count":3,"href":"https:\/\/firmalan.com\/sv\/wp-json\/wp\/v2\/pages\/268\/revisions"}],"predecessor-version":[{"id":1955,"href":"https:\/\/firmalan.com\/sv\/wp-json\/wp\/v2\/pages\/268\/revisions\/1955"}],"up":[{"embeddable":true,"href":"https:\/\/firmalan.com\/sv\/wp-json\/wp\/v2\/pages\/261"}],"wp:attachment":[{"href":"https:\/\/firmalan.com\/sv\/wp-json\/wp\/v2\/media?parent=268"}],"curies":[{"name":"wp","href":"https:\/\/api.w.org\/{rel}","templated":true}]}}