{"id":261,"date":"2018-03-09T09:24:27","date_gmt":"2018-03-09T09:24:27","guid":{"rendered":"https:\/\/firmalan.com\/sv\/?page_id=261"},"modified":"2019-11-20T18:58:30","modified_gmt":"2019-11-20T17:58:30","slug":"factoring","status":"publish","type":"page","link":"https:\/\/firmalan.com\/sv\/factoring\/","title":{"rendered":"Obetalda fakturor"},"content":{"rendered":"<p>Den vanligaste anledningen till att f\u00f6retag upplever likviditetsproblem \u00e4r att kunder inte betalar fakturorna i tid. N\u00e4r inbetalningarna inte sker i tid, f\u00e5r f\u00f6retagare ofta sv\u00e5rt att sj\u00e4lva betala de egna leverant\u00f6rsfakturorna f\u00f6re f\u00f6rfallodatum vilket skapar en ond spiral och uppenbara risker f\u00f6r extra kostnader i form av p\u00e5minnelseavgifter och dr\u00f6jsm\u00e5lsr\u00e4nta. \u00c5terkommande f\u00f6rsenade fakturabetalningar leder inte s\u00e4llan till f\u00f6rs\u00e4mrade kund- och leverant\u00f6rsrelationer, vilket p\u00e5verkar f\u00f6retaget och dess varum\u00e4rke negativt.<\/p>\n<p>F\u00f6r f\u00f6retagsledare \u00e4r det d\u00e4rf\u00f6r viktigt att se till s\u00e5 att det alltid finns tillr\u00e4cklig likviditet f\u00f6r att betala l\u00f6pande kostnader som hyra, avtal och ink\u00f6p. Planering \u00e4r a och o i detta sammanhang. F\u00f6rsenade och obetalda fakturor \u00e4r tyv\u00e4rr ingen ovanligt, m\u00e5nga sm\u00e5f\u00f6retagare har sv\u00e5rt att f\u00e5 betalt fr\u00e5n st\u00f6rre bolag i tid. F\u00f6r att undvika att hamna i en situation d\u00e4r det saknas pengar till de l\u00f6pande kostnaderna kr\u00e4vs en budget samt tillr\u00e4cklig buffert f\u00f6r att klara betalningsf\u00f6rseningar.<\/p>\n<p><a href=\"\/sv\/go\/fakturino-factoring\/\" target=\"_blank\" rel=\"nofollow noopener noreferrer\"><img loading=\"lazy\" decoding=\"async\" class=\"size-medium wp-image-1952 aligncenter\" src=\"https:\/\/firmalan.com\/sv\/wp-content\/uploads\/2019\/11\/fakturino-factoring-300x88.png\" alt=\"\" width=\"300\" height=\"88\" srcset=\"https:\/\/firmalan.com\/sv\/wp-content\/uploads\/2019\/11\/fakturino-factoring-300x88.png 300w, https:\/\/firmalan.com\/sv\/wp-content\/uploads\/2019\/11\/fakturino-factoring.png 614w\" sizes=\"auto, (max-width: 300px) 100vw, 300px\" \/><\/a><\/p>\n","protected":false},"excerpt":{"rendered":"<p>Den vanligaste anledningen till att f\u00f6retag upplever likviditetsproblem \u00e4r att kunder inte betalar fakturorna i tid. N\u00e4r inbetalningarna inte sker i tid, f\u00e5r f\u00f6retagare ofta sv\u00e5rt att sj\u00e4lva betala de &#8230;<\/p>\n","protected":false},"author":1,"featured_media":0,"parent":0,"menu_order":0,"comment_status":"open","ping_status":"closed","template":"","meta":{"footnotes":""},"class_list":["post-261","page","type-page","status-publish","hentry"],"_links":{"self":[{"href":"https:\/\/firmalan.com\/sv\/wp-json\/wp\/v2\/pages\/261","targetHints":{"allow":["GET"]}}],"collection":[{"href":"https:\/\/firmalan.com\/sv\/wp-json\/wp\/v2\/pages"}],"about":[{"href":"https:\/\/firmalan.com\/sv\/wp-json\/wp\/v2\/types\/page"}],"author":[{"embeddable":true,"href":"https:\/\/firmalan.com\/sv\/wp-json\/wp\/v2\/users\/1"}],"replies":[{"embeddable":true,"href":"https:\/\/firmalan.com\/sv\/wp-json\/wp\/v2\/comments?post=261"}],"version-history":[{"count":11,"href":"https:\/\/firmalan.com\/sv\/wp-json\/wp\/v2\/pages\/261\/revisions"}],"predecessor-version":[{"id":2392,"href":"https:\/\/firmalan.com\/sv\/wp-json\/wp\/v2\/pages\/261\/revisions\/2392"}],"wp:attachment":[{"href":"https:\/\/firmalan.com\/sv\/wp-json\/wp\/v2\/media?parent=261"}],"curies":[{"name":"wp","href":"https:\/\/api.w.org\/{rel}","templated":true}]}}